{"id":123,"date":"2026-01-14T11:51:25","date_gmt":"2026-01-14T10:51:25","guid":{"rendered":"http:\/\/drawsko.blinked.pl\/stronarowerowa.pl\/?product=kross-grist-boost-3-0-630"},"modified":"2026-01-21T14:28:46","modified_gmt":"2026-01-21T13:28:46","slug":"kross-grist-boost-3-0-630","status":"publish","type":"product","link":"https:\/\/stronarowerowa.pl\/?product=kross-grist-boost-3-0-630","title":{"rendered":"KROSS GRIST BOOST 3.0 630"},"content":{"rendered":"<h1>GRIST BOOST 3.0 630<\/h1>\n<p> {<br \/>   &#8222;title&#8221;: &#8222;KROSS GRIST BOOST 3.0 630 \u2013 Elektryczny Rower Trailowy dla Pasjonat\u00f3w Jazdy w Teremie&#8221;,<br \/>   &#8222;content_html&#8221;: &#8222;<\/p>\n<h1>KROSS GRIST BOOST 3.0 630 \u2013 Elektryczny Rower Trailowy dla Pasjonat\u00f3w Jazdy w Teremie<\/h1>\n<p>KROSS Grist Boost 3.0 to elektryczny rower trailowy, kt\u00f3ry nadaje si\u0119 doskonale dla os\u00f3b szukaj\u0105cych wyj\u0105tkowych dozna\u0144 podczas jazdy w trudnym terenie. Dzi\u0119ki wytrzyma\u0142ej konstrukcji oraz nowoczesnym rozwi\u0105zaniom technologicznym, staje si\u0119 idealnym towarzyszem w ka\u017cdej przygodzie poza szlakami. \u0141\u0105czy w sobie moc elektrycznego wspomagania z wysok\u0105 jako\u015bci\u0105 komponent\u00f3w, co sprawia, \u017ce jest to model dla wymagaj\u0105cych rowerzyst\u00f3w.<\/p>\n<h2>Si\u0142a elektrycznego wspomagania<\/h2>\n<p>KROSS Grist Boost 3.0 zosta\u0142 zaprojektowany z my\u015bl\u0105 o najbardziej wymagaj\u0105cych trasach. Centralnie zamontowany silnik Shimano dostarcza wsparcia podczas stromej jazdy, kt\u00f3remu towarzyszy bateria o pojemno\u015bci 630 Wh. Dzi\u0119ki niej pokonanie d\u0142ugich dystans\u00f3w staje si\u0119 komfortowe i nie wymaga cz\u0119stego \u0142adowania. Rower wyposa\u017cony jest tak\u017ce w wy\u015bwietlacz Shimano, kt\u00f3ry dostarcza kluczowych informacji o trybie pracy silnika oraz na\u0142adowaniu baterii, co wp\u0142ywa na wygod\u0119 korzystania z niego na trasie.<\/p>\n<h2>Wysokiej klasy osprz\u0119t<\/h2>\n<p>Osprz\u0119t stosowany w KROSS Grist Boost 3.0 to gwarancja wysokiej jako\u015bci i niezawodno\u015bci w walce z trudnym terenem. Nap\u0119d Shimano dzia\u0142aj\u0105cy w systemie 1&#215;12 oferuje du\u017c\u0105 precyzj\u0119 zmian bieg\u00f3w, co jest kluczowe w ekstremalnych warunkach. Tylna przerzutka z grupy SLX zapewnia b\u0142yskawiczn\u0105 reakcj\u0119 na zmiany prze\u0142o\u017ce\u0144, co u\u0142atwia pokonywanie trudniejszych odcink\u00f3w.<\/p>\n<p>Pe\u0142ne zawieszenie od Rock Shox to kolejny element, kt\u00f3ry wyr\u00f3\u017cnia ten model. Zastosowany damper eliminuje wstrz\u0105sy oraz wibracje, co znacz\u0105co podnosi komfort jazdy na nier\u00f3wnych nawierzchniach. Dzi\u0119ki temu rowerzysta mo\u017ce cieszy\u0107 si\u0119 stabilno\u015bci\u0105 i pewno\u015bci\u0105 prowadzenia w ka\u017cdych warunkach.<\/p>\n<h2>Technologie bez kompromis\u00f3w<\/h2>\n<p>Rama KROSS Grist Boost 3.0 wykonana jest z aluminiu 6061, kt\u00f3re cechuje si\u0119 du\u017c\u0105 wytrzyma\u0142o\u015bci\u0105 i odporno\u015bci\u0105 na uszkodzenia. Lekka konstrukcja sprawia, \u017ce rower jest jeszcze bardziej zwrotny i \u0142atwiejszy w prowadzeniu. We wn\u0119trzu ramy zastosowano system prowadzenia linek, co nie tylko wp\u0142ywa na estetyk\u0119, ale r\u00f3wnie\u017c chroni linki przed uszkodzeniami w trudnym terenie.<\/p>\n<p>Powietrzny amortyzator Rock Shox o skoku 150 mm gwarantuje doskona\u0142e t\u0142umienie wibracji, co znacznie poprawia komfort jazdy. Ko\u0142a w systemie mullet (29&#8243;\/27,5&#8243;) zapewniaj\u0105 optymaln\u0105 stabilno\u015b\u0107 i zwrotno\u015b\u0107, co jest szczeg\u00f3lnie istotne podczas pokonywania przeszk\u00f3d.<\/p>\n<h3>Innowacyjne rozwi\u0105zania<\/h3>\n<p>KROSS Grist Boost 3.0 wprowadza innowacyjne rozwi\u0105zania, takie jak wewn\u0119trzne prowadzenie linek oraz system wymiennych hak\u00f3w, kt\u00f3re zwi\u0119kszaj\u0105 trwa\u0142o\u015b\u0107 i \u0142atwo\u015b\u0107 konserwacji roweru. Hamulce tarczowe zapewniaj\u0105 wysok\u0105 moc hamowania, co jest niezb\u0119dne w trudnych warunkach. Dzi\u0119ki zastosowaniu technologii malowania proszkowego, powierzchnia roweru jest odporna na uszkodzenia mechaniczne oraz korozj\u0119.<\/p>\n<h2>Finalne my\u015bli<\/h2>\n<p>KROSS Grist Boost 3.0 to elektryczny rower trailowy, kt\u00f3ry \u0142\u0105czy zaawansowane technologie i wysokiej jako\u015bci komponenty w jeden doskona\u0142y produkt. Dzi\u0119ki solidnej konstrukcji oraz innowacyjnym rozwi\u0105zaniom, rower ten oferuje wyj\u0105tkowe do\u015bwiadczenia podczas jazdy w terenie. Idealny dla pasjonat\u00f3w, kt\u00f3rzy pragn\u0105 cieszy\u0107 si\u0119 z ka\u017cdej chwili sp\u0119dzonej na szlaku, niezale\u017cnie od warunk\u00f3w atmosferycznych.<\/p>\n<p>&#8222;<br \/> }<br \/>Zobacz na stronie: <a href=\"https:\/\/kross.pl\/grist-boost-3-0-630-brazowy-czarny-polysk\" rel=\"nofollow\">https:\/\/kross.pl\/grist-boost-3-0-630-brazowy-czarny-polysk<\/a><\/p>\n","protected":false},"excerpt":{"rendered":"<p>GRIST BOOST 3.0 630 { &#8222;title&#8221;: &#8222;KROSS GRIST BOOST 3.0 630 \u2013 Elektryczny Rower Trailowy dla Pasjonat\u00f3w Jazdy w Teremie&#8221;, &#8222;content_html&#8221;: &#8222; KROSS GRIST BOOST 3.0 630 \u2013 Elektryczny Rower Trailowy dla Pasjonat\u00f3w Jazdy w Teremie KROSS Grist Boost 3.0 to elektryczny rower trailowy, kt\u00f3ry nadaje si\u0119 doskonale dla os\u00f3b szukaj\u0105cych wyj\u0105tkowych dozna\u0144 podczas jazdy<\/p>\n","protected":false},"featured_media":122,"comment_status":"open","ping_status":"closed","template":"","meta":[],"product_brand":[16],"product_cat":[25,42,17],"product_tag":[],"class_list":{"0":"post-123","1":"product","2":"type-product","3":"status-publish","4":"has-post-thumbnail","6":"product_brand-kross","7":"product_cat-gorskie-full","8":"product_cat-rowery","9":"product_cat-rowery-elektryczne","11":"first","12":"instock","13":"sale","14":"shipping-taxable","15":"purchasable","16":"product-type-simple"},"yoast_head":"<!-- This site is optimized with the Yoast SEO plugin v26.8 - https:\/\/yoast.com\/product\/yoast-seo-wordpress\/ -->\n<title>KROSS GRIST BOOST 3.0 630 - Strona rowerowa - ulubiona strona ka\u017cdego rowerzysty<\/title>\n<meta name=\"robots\" content=\"index, follow, max-snippet:-1, max-image-preview:large, max-video-preview:-1\" \/>\n<link rel=\"canonical\" href=\"https:\/\/stronarowerowa.pl\/?product=kross-grist-boost-3-0-630\" \/>\n<meta property=\"og:locale\" content=\"pl_PL\" \/>\n<meta property=\"og:type\" content=\"article\" \/>\n<meta property=\"og:title\" content=\"KROSS GRIST BOOST 3.0 630 - Strona rowerowa - ulubiona strona ka\u017cdego rowerzysty\" \/>\n<meta property=\"og:description\" content=\"GRIST BOOST 3.0 630 { &#8222;title&#8221;: &#8222;KROSS GRIST BOOST 3.0 630 \u2013 Elektryczny Rower Trailowy dla Pasjonat\u00f3w Jazdy w Teremie&#8221;, &#8222;content_html&#8221;: &#8222; KROSS GRIST BOOST 3.0 630 \u2013 Elektryczny Rower Trailowy dla Pasjonat\u00f3w Jazdy w Teremie KROSS Grist Boost 3.0 to elektryczny rower trailowy, kt\u00f3ry nadaje si\u0119 doskonale dla os\u00f3b szukaj\u0105cych wyj\u0105tkowych dozna\u0144 podczas jazdy\" \/>\n<meta property=\"og:url\" content=\"https:\/\/stronarowerowa.pl\/?product=kross-grist-boost-3-0-630\" \/>\n<meta property=\"og:site_name\" content=\"Strona rowerowa - ulubiona strona ka\u017cdego rowerzysty\" \/>\n<meta property=\"article:modified_time\" content=\"2026-01-21T13:28:46+00:00\" \/>\n<meta property=\"og:image\" content=\"https:\/\/stronarowerowa.pl\/wp-content\/uploads\/2026\/01\/grist-boost-30-630.jpg\" \/>\n\t<meta property=\"og:image:width\" content=\"950\" \/>\n\t<meta property=\"og:image:height\" content=\"720\" \/>\n\t<meta property=\"og:image:type\" content=\"image\/jpeg\" \/>\n<meta name=\"twitter:card\" content=\"summary_large_image\" \/>\n<meta name=\"twitter:label1\" content=\"Szacowany czas czytania\" \/>\n\t<meta name=\"twitter:data1\" content=\"3 minuty\" \/>\n<script type=\"application\/ld+json\" class=\"yoast-schema-graph\">{\"@context\":\"https:\/\/schema.org\",\"@graph\":[{\"@type\":\"WebPage\",\"@id\":\"https:\/\/stronarowerowa.pl\/?product=kross-grist-boost-3-0-630\",\"url\":\"https:\/\/stronarowerowa.pl\/?product=kross-grist-boost-3-0-630\",\"name\":\"KROSS GRIST BOOST 3.0 630 - Strona rowerowa - ulubiona strona ka\u017cdego rowerzysty\",\"isPartOf\":{\"@id\":\"https:\/\/stronarowerowa.pl\/#website\"},\"primaryImageOfPage\":{\"@id\":\"https:\/\/stronarowerowa.pl\/?product=kross-grist-boost-3-0-630#primaryimage\"},\"image\":{\"@id\":\"https:\/\/stronarowerowa.pl\/?product=kross-grist-boost-3-0-630#primaryimage\"},\"thumbnailUrl\":\"https:\/\/stronarowerowa.pl\/wp-content\/uploads\/2026\/01\/grist-boost-30-630.jpg\",\"datePublished\":\"2026-01-14T10:51:25+00:00\",\"dateModified\":\"2026-01-21T13:28:46+00:00\",\"breadcrumb\":{\"@id\":\"https:\/\/stronarowerowa.pl\/?product=kross-grist-boost-3-0-630#breadcrumb\"},\"inLanguage\":\"pl-PL\",\"potentialAction\":[{\"@type\":\"ReadAction\",\"target\":[\"https:\/\/stronarowerowa.pl\/?product=kross-grist-boost-3-0-630\"]}]},{\"@type\":\"ImageObject\",\"inLanguage\":\"pl-PL\",\"@id\":\"https:\/\/stronarowerowa.pl\/?product=kross-grist-boost-3-0-630#primaryimage\",\"url\":\"https:\/\/stronarowerowa.pl\/wp-content\/uploads\/2026\/01\/grist-boost-30-630.jpg\",\"contentUrl\":\"https:\/\/stronarowerowa.pl\/wp-content\/uploads\/2026\/01\/grist-boost-30-630.jpg\",\"width\":950,\"height\":720},{\"@type\":\"BreadcrumbList\",\"@id\":\"https:\/\/stronarowerowa.pl\/?product=kross-grist-boost-3-0-630#breadcrumb\",\"itemListElement\":[{\"@type\":\"ListItem\",\"position\":1,\"name\":\"Strona g\u0142\u00f3wna\",\"item\":\"https:\/\/stronarowerowa.pl\/\"},{\"@type\":\"ListItem\",\"position\":2,\"name\":\"KROSS GRIST BOOST 3.0 630\"}]},{\"@type\":\"WebSite\",\"@id\":\"https:\/\/stronarowerowa.pl\/#website\",\"url\":\"https:\/\/stronarowerowa.pl\/\",\"name\":\"Strona rowerowa - ulubiona strona ka\u017cdego rowerzysty\",\"description\":\"\",\"potentialAction\":[{\"@type\":\"SearchAction\",\"target\":{\"@type\":\"EntryPoint\",\"urlTemplate\":\"https:\/\/stronarowerowa.pl\/?s={search_term_string}\"},\"query-input\":{\"@type\":\"PropertyValueSpecification\",\"valueRequired\":true,\"valueName\":\"search_term_string\"}}],\"inLanguage\":\"pl-PL\"}]}<\/script>\n<!-- \/ Yoast SEO plugin. -->","yoast_head_json":{"title":"KROSS GRIST BOOST 3.0 630 - Strona rowerowa - ulubiona strona ka\u017cdego rowerzysty","robots":{"index":"index","follow":"follow","max-snippet":"max-snippet:-1","max-image-preview":"max-image-preview:large","max-video-preview":"max-video-preview:-1"},"canonical":"https:\/\/stronarowerowa.pl\/?product=kross-grist-boost-3-0-630","og_locale":"pl_PL","og_type":"article","og_title":"KROSS GRIST BOOST 3.0 630 - Strona rowerowa - ulubiona strona ka\u017cdego rowerzysty","og_description":"GRIST BOOST 3.0 630 { &#8222;title&#8221;: &#8222;KROSS GRIST BOOST 3.0 630 \u2013 Elektryczny Rower Trailowy dla Pasjonat\u00f3w Jazdy w Teremie&#8221;, &#8222;content_html&#8221;: &#8222; KROSS GRIST BOOST 3.0 630 \u2013 Elektryczny Rower Trailowy dla Pasjonat\u00f3w Jazdy w Teremie KROSS Grist Boost 3.0 to elektryczny rower trailowy, kt\u00f3ry nadaje si\u0119 doskonale dla os\u00f3b szukaj\u0105cych wyj\u0105tkowych dozna\u0144 podczas jazdy","og_url":"https:\/\/stronarowerowa.pl\/?product=kross-grist-boost-3-0-630","og_site_name":"Strona rowerowa - ulubiona strona ka\u017cdego rowerzysty","article_modified_time":"2026-01-21T13:28:46+00:00","og_image":[{"width":950,"height":720,"url":"https:\/\/stronarowerowa.pl\/wp-content\/uploads\/2026\/01\/grist-boost-30-630.jpg","type":"image\/jpeg"}],"twitter_card":"summary_large_image","twitter_misc":{"Szacowany czas czytania":"3 minuty"},"schema":{"@context":"https:\/\/schema.org","@graph":[{"@type":"WebPage","@id":"https:\/\/stronarowerowa.pl\/?product=kross-grist-boost-3-0-630","url":"https:\/\/stronarowerowa.pl\/?product=kross-grist-boost-3-0-630","name":"KROSS GRIST BOOST 3.0 630 - Strona rowerowa - ulubiona strona ka\u017cdego rowerzysty","isPartOf":{"@id":"https:\/\/stronarowerowa.pl\/#website"},"primaryImageOfPage":{"@id":"https:\/\/stronarowerowa.pl\/?product=kross-grist-boost-3-0-630#primaryimage"},"image":{"@id":"https:\/\/stronarowerowa.pl\/?product=kross-grist-boost-3-0-630#primaryimage"},"thumbnailUrl":"https:\/\/stronarowerowa.pl\/wp-content\/uploads\/2026\/01\/grist-boost-30-630.jpg","datePublished":"2026-01-14T10:51:25+00:00","dateModified":"2026-01-21T13:28:46+00:00","breadcrumb":{"@id":"https:\/\/stronarowerowa.pl\/?product=kross-grist-boost-3-0-630#breadcrumb"},"inLanguage":"pl-PL","potentialAction":[{"@type":"ReadAction","target":["https:\/\/stronarowerowa.pl\/?product=kross-grist-boost-3-0-630"]}]},{"@type":"ImageObject","inLanguage":"pl-PL","@id":"https:\/\/stronarowerowa.pl\/?product=kross-grist-boost-3-0-630#primaryimage","url":"https:\/\/stronarowerowa.pl\/wp-content\/uploads\/2026\/01\/grist-boost-30-630.jpg","contentUrl":"https:\/\/stronarowerowa.pl\/wp-content\/uploads\/2026\/01\/grist-boost-30-630.jpg","width":950,"height":720},{"@type":"BreadcrumbList","@id":"https:\/\/stronarowerowa.pl\/?product=kross-grist-boost-3-0-630#breadcrumb","itemListElement":[{"@type":"ListItem","position":1,"name":"Strona g\u0142\u00f3wna","item":"https:\/\/stronarowerowa.pl\/"},{"@type":"ListItem","position":2,"name":"KROSS GRIST BOOST 3.0 630"}]},{"@type":"WebSite","@id":"https:\/\/stronarowerowa.pl\/#website","url":"https:\/\/stronarowerowa.pl\/","name":"Strona rowerowa - ulubiona strona ka\u017cdego rowerzysty","description":"","potentialAction":[{"@type":"SearchAction","target":{"@type":"EntryPoint","urlTemplate":"https:\/\/stronarowerowa.pl\/?s={search_term_string}"},"query-input":{"@type":"PropertyValueSpecification","valueRequired":true,"valueName":"search_term_string"}}],"inLanguage":"pl-PL"}]}},"_links":{"self":[{"href":"https:\/\/stronarowerowa.pl\/index.php?rest_route=\/wp\/v2\/product\/123","targetHints":{"allow":["GET"]}}],"collection":[{"href":"https:\/\/stronarowerowa.pl\/index.php?rest_route=\/wp\/v2\/product"}],"about":[{"href":"https:\/\/stronarowerowa.pl\/index.php?rest_route=\/wp\/v2\/types\/product"}],"replies":[{"embeddable":true,"href":"https:\/\/stronarowerowa.pl\/index.php?rest_route=%2Fwp%2Fv2%2Fcomments&post=123"}],"wp:featuredmedia":[{"embeddable":true,"href":"https:\/\/stronarowerowa.pl\/index.php?rest_route=\/wp\/v2\/media\/122"}],"wp:attachment":[{"href":"https:\/\/stronarowerowa.pl\/index.php?rest_route=%2Fwp%2Fv2%2Fmedia&parent=123"}],"wp:term":[{"taxonomy":"product_brand","embeddable":true,"href":"https:\/\/stronarowerowa.pl\/index.php?rest_route=%2Fwp%2Fv2%2Fproduct_brand&post=123"},{"taxonomy":"product_cat","embeddable":true,"href":"https:\/\/stronarowerowa.pl\/index.php?rest_route=%2Fwp%2Fv2%2Fproduct_cat&post=123"},{"taxonomy":"product_tag","embeddable":true,"href":"https:\/\/stronarowerowa.pl\/index.php?rest_route=%2Fwp%2Fv2%2Fproduct_tag&post=123"}],"curies":[{"name":"wp","href":"https:\/\/api.w.org\/{rel}","templated":true}]}}