{"id":128,"date":"2026-01-14T11:51:40","date_gmt":"2026-01-14T10:51:40","guid":{"rendered":"http:\/\/drawsko.blinked.pl\/stronarowerowa.pl\/?product=kross-trans-hybrid-prestige-630-4"},"modified":"2026-01-21T14:28:41","modified_gmt":"2026-01-21T13:28:41","slug":"kross-trans-hybrid-prestige-630-4","status":"publish","type":"product","link":"https:\/\/stronarowerowa.pl\/?product=kross-trans-hybrid-prestige-630-4","title":{"rendered":"KROSS TRANS HYBRID PRESTIGE 630"},"content":{"rendered":"<h1>TRANS HYBRID PRESTIGE 630 \u2013 Wszechstronny Rower Trekkingowy<\/h1>\n<p>Rower trekkingowy KROSS Trans Hybrid Prestige 630 to doskona\u0142y wyb\u00f3r dla ka\u017cdego, kto pragnie odkrywa\u0107 nowe trasy oraz wygodnie doje\u017cd\u017ca\u0107 codziennie do pracy lub szko\u0142y. Ergonomiczna konstrukcja, nowoczesne technologiczne rozwi\u0105zania oraz niezawodne komponenty sprawiaj\u0105, \u017ce ten model to synonim komfortu i funkcjonalno\u015bci.<\/p>\n<h2>Komfortowa i stabilna konstrukcja<\/h2>\n<p>KROSS Trans Hybrid Prestige 630 wyr\u00f3\u017cnia si\u0119 solidn\u0105 ram\u0105 wykonan\u0105 z aluminium 6061, co zapewnia zar\u00f3wno lekko\u015b\u0107, jak i wytrzyma\u0142o\u015b\u0107. Dzi\u0119ki zastosowanej technice wyg\u0142adzania spaw\u00f3w rama nie tylko prezentuje si\u0119 estetycznie, ale r\u00f3wnie\u017c nie traci na sztywno\u015bci. Wewn\u0105trz prowadzenie linek umo\u017cliwia zachowanie porz\u0105dku i ochron\u0119 przed uszkodzeniami mechanicznymi, co jest istotne trenuj\u0105cych rowerzyst\u00f3w.<\/p>\n<p>Geometria ramy zosta\u0142a zaprojektowana z my\u015bl\u0105 o maksymalnym komforcie podczas d\u0142ugotrwa\u0142ej jazdy. Rower \u015bwietnie sprawdza si\u0119 zar\u00f3wno na utwardzonych drogach, jak i w trudniejszym terenie. Z tego powodu KROSS Trans Hybrid Prestige 630 to idealny wyb\u00f3r dla os\u00f3b szukaj\u0105cych uniwersalnego jedno\u015bladu do r\u00f3\u017cnych zastosowa\u0144.<\/p>\n<h2>Wydajny system wspomagania elektrycznego<\/h2>\n<p>Rower wyposa\u017cony jest w centralny nap\u0119d elektryczny Shimano, kt\u00f3ry zapewnia doskona\u0142e wsparcie podczas jazdy. Bateria o pojemno\u015bci 630 Wh niweluje obawy zwi\u0105zane z d\u0142ugimi trasami \u2013 bez problemu pokonasz wiele kilometr\u00f3w bez konieczno\u015bci \u0142adowania. Dodatkowo, zamontowany wy\u015bwietlacz Shimano dostarcza najwa\u017cniejszych informacji, takich jak pr\u0119dko\u015b\u0107 jazdy, tryb pracy silnika oraz stopie\u0144 na\u0142adowania baterii.<\/p>\n<h2>Osprz\u0119t dopasowany do zr\u00f3\u017cnicowanych warunk\u00f3w<\/h2>\n<p>KROSS Trans Hybrid Prestige 630 wyposa\u017cony jest w niezawodny nap\u0119d Shimano sk\u0142adaj\u0105cy si\u0119 z 11 prze\u0142o\u017ce\u0144, co pozwala na p\u0142ynne i wygodne dostosowanie jazdy do indywidualnych potrzeb. Tylna elektroniczna przerzutka z grupy Deore XT zapewnia przyjemno\u015b\u0107 z jazdy oraz doskona\u0142\u0105 responsywno\u015b\u0107 w ka\u017cdych warunkach. Hamulce tarczowe Shimano gwarantuj\u0105 natomiast doskona\u0142\u0105 si\u0142\u0119 hamowania oraz precyzyjn\u0105 modulacj\u0119, co jest szczeg\u00f3lnie istotne w trudnych warunkach pogodowych.<\/p>\n<h2>Praktyczno\u015b\u0107 na co dzie\u0144<\/h2>\n<p>Praktyczno\u015b\u0107 KROSS Trans Hybrid Prestige 630 dok\u0142ada si\u0119 do jego wszechstronno\u015bci. Rower zosta\u0142 wyposa\u017cony w zintegrowane o\u015bwietlenie, co zapewnia bezpiecze\u0144stwo podczas jazdy po zmroku. Komfortowe siode\u0142ko sprawia, \u017ce nawet d\u0142ugotrwa\u0142e trasy nie b\u0119d\u0105 problemem. Ponadto, solidny tylny baga\u017cnik umo\u017cliwia przewo\u017cenie niezb\u0119dnych akcesori\u00f3w, kt\u00f3re s\u0105 wa\u017cne podczas codziennych dojazd\u00f3w czy weekendowych wypraw.<\/p>\n<h2>Technologie wspieraj\u0105ce u\u017cytkownika<\/h2>\n<p>KROSS Trans Hybrid Prestige 630 wykorzystuje r\u00f3wnie\u017c kilka innowacyjnych technologii, kt\u00f3re podnosz\u0105 komfort oraz trwa\u0142o\u015b\u0107 roweru. System Inner Cable Routing zabezpiecza linki przed zabrudzeniem, a zastosowanie malowania proszkowego nadaje ramie wysok\u0105 odporno\u015b\u0107 na uszkodzenia mechaniczne. Dodatkowo, mo\u017cliwo\u015b\u0107 szybkiej wymiany hak\u00f3w w systemie RHS pozwala unikn\u0105\u0107 kosztownych napraw w razie ewentualnych uszkodze\u0144.<\/p>\n<h2>Twoja idealna maszyna do odkrywania<\/h2>\n<p>KROSS Trans Hybrid Prestige 630 to wszechstronny rower trekkingowy, kt\u00f3ry \u0142\u0105czy w sobie komfort, funkcjonalno\u015b\u0107 oraz nowoczesne rozwi\u0105zania technologiczne. Dzi\u0119ki elektrycznemu wspomaganiu, solidnej konstrukcji oraz doskona\u0142emu osprz\u0119towi, staje si\u0119 idealnym wyborem dla ka\u017cdego, kto pragnie dostosowa\u0107 swoje podr\u00f3\u017ce do indywidualnych potrzeb. Niezale\u017cnie od tego, czy planujesz d\u0142ug\u0105 wypraw\u0119, czy codzienne dojazdy \u2013 ten model b\u0119dzie niezawodnym towarzyszem na drogach ka\u017cdej d\u0142ugo\u015bci.<\/p>\n<p>Zobacz na stronie: <a href=\"https:\/\/kross.pl\/trans-hybrid-prestige-630-uni-fioletowy-polysk-1\" rel=\"nofollow\">https:\/\/kross.pl\/trans-hybrid-prestige-630-uni-fioletowy-polysk-1<\/a><\/p>\n","protected":false},"excerpt":{"rendered":"<p>TRANS HYBRID PRESTIGE 630 \u2013 Wszechstronny Rower Trekkingowy Rower trekkingowy KROSS Trans Hybrid Prestige 630 to doskona\u0142y wyb\u00f3r dla ka\u017cdego, kto pragnie odkrywa\u0107 nowe trasy oraz wygodnie doje\u017cd\u017ca\u0107 codziennie do pracy lub szko\u0142y. Ergonomiczna konstrukcja, nowoczesne technologiczne rozwi\u0105zania oraz niezawodne komponenty sprawiaj\u0105, \u017ce ten model to synonim komfortu i funkcjonalno\u015bci. Komfortowa i stabilna konstrukcja KROSS<\/p>\n","protected":false},"featured_media":40,"comment_status":"open","ping_status":"closed","template":"","meta":[],"product_brand":[16],"product_cat":[42,17,23],"product_tag":[],"class_list":{"0":"post-128","1":"product","2":"type-product","3":"status-publish","4":"has-post-thumbnail","6":"product_brand-kross","7":"product_cat-rowery","8":"product_cat-rowery-elektryczne","9":"product_cat-trekking","11":"first","12":"instock","13":"sale","14":"shipping-taxable","15":"purchasable","16":"product-type-simple"},"yoast_head":"<!-- This site is optimized with the Yoast SEO plugin v26.8 - https:\/\/yoast.com\/product\/yoast-seo-wordpress\/ -->\n<title>KROSS TRANS HYBRID PRESTIGE 630 - Strona rowerowa - ulubiona strona ka\u017cdego rowerzysty<\/title>\n<meta name=\"robots\" content=\"index, follow, max-snippet:-1, max-image-preview:large, max-video-preview:-1\" \/>\n<link rel=\"canonical\" href=\"https:\/\/stronarowerowa.pl\/?product=kross-trans-hybrid-prestige-630-4\" \/>\n<meta property=\"og:locale\" content=\"pl_PL\" \/>\n<meta property=\"og:type\" content=\"article\" \/>\n<meta property=\"og:title\" content=\"KROSS TRANS HYBRID PRESTIGE 630 - Strona rowerowa - ulubiona strona ka\u017cdego rowerzysty\" \/>\n<meta property=\"og:description\" content=\"TRANS HYBRID PRESTIGE 630 \u2013 Wszechstronny Rower Trekkingowy Rower trekkingowy KROSS Trans Hybrid Prestige 630 to doskona\u0142y wyb\u00f3r dla ka\u017cdego, kto pragnie odkrywa\u0107 nowe trasy oraz wygodnie doje\u017cd\u017ca\u0107 codziennie do pracy lub szko\u0142y. Ergonomiczna konstrukcja, nowoczesne technologiczne rozwi\u0105zania oraz niezawodne komponenty sprawiaj\u0105, \u017ce ten model to synonim komfortu i funkcjonalno\u015bci. Komfortowa i stabilna konstrukcja KROSS\" \/>\n<meta property=\"og:url\" content=\"https:\/\/stronarowerowa.pl\/?product=kross-trans-hybrid-prestige-630-4\" \/>\n<meta property=\"og:site_name\" content=\"Strona rowerowa - ulubiona strona ka\u017cdego rowerzysty\" \/>\n<meta property=\"article:modified_time\" content=\"2026-01-21T13:28:41+00:00\" \/>\n<meta property=\"og:image\" content=\"https:\/\/stronarowerowa.pl\/wp-content\/uploads\/2026\/01\/trans-hybrid-prestige-630.jpg\" \/>\n\t<meta property=\"og:image:width\" content=\"950\" \/>\n\t<meta property=\"og:image:height\" content=\"720\" \/>\n\t<meta property=\"og:image:type\" content=\"image\/jpeg\" \/>\n<meta name=\"twitter:card\" content=\"summary_large_image\" \/>\n<meta name=\"twitter:label1\" content=\"Szacowany czas czytania\" \/>\n\t<meta name=\"twitter:data1\" content=\"3 minuty\" \/>\n<script type=\"application\/ld+json\" class=\"yoast-schema-graph\">{\"@context\":\"https:\/\/schema.org\",\"@graph\":[{\"@type\":\"WebPage\",\"@id\":\"https:\/\/stronarowerowa.pl\/?product=kross-trans-hybrid-prestige-630-4\",\"url\":\"https:\/\/stronarowerowa.pl\/?product=kross-trans-hybrid-prestige-630-4\",\"name\":\"KROSS TRANS HYBRID PRESTIGE 630 - Strona rowerowa - ulubiona strona ka\u017cdego rowerzysty\",\"isPartOf\":{\"@id\":\"https:\/\/stronarowerowa.pl\/#website\"},\"primaryImageOfPage\":{\"@id\":\"https:\/\/stronarowerowa.pl\/?product=kross-trans-hybrid-prestige-630-4#primaryimage\"},\"image\":{\"@id\":\"https:\/\/stronarowerowa.pl\/?product=kross-trans-hybrid-prestige-630-4#primaryimage\"},\"thumbnailUrl\":\"https:\/\/stronarowerowa.pl\/wp-content\/uploads\/2026\/01\/trans-hybrid-prestige-630.jpg\",\"datePublished\":\"2026-01-14T10:51:40+00:00\",\"dateModified\":\"2026-01-21T13:28:41+00:00\",\"breadcrumb\":{\"@id\":\"https:\/\/stronarowerowa.pl\/?product=kross-trans-hybrid-prestige-630-4#breadcrumb\"},\"inLanguage\":\"pl-PL\",\"potentialAction\":[{\"@type\":\"ReadAction\",\"target\":[\"https:\/\/stronarowerowa.pl\/?product=kross-trans-hybrid-prestige-630-4\"]}]},{\"@type\":\"ImageObject\",\"inLanguage\":\"pl-PL\",\"@id\":\"https:\/\/stronarowerowa.pl\/?product=kross-trans-hybrid-prestige-630-4#primaryimage\",\"url\":\"https:\/\/stronarowerowa.pl\/wp-content\/uploads\/2026\/01\/trans-hybrid-prestige-630.jpg\",\"contentUrl\":\"https:\/\/stronarowerowa.pl\/wp-content\/uploads\/2026\/01\/trans-hybrid-prestige-630.jpg\",\"width\":950,\"height\":720},{\"@type\":\"BreadcrumbList\",\"@id\":\"https:\/\/stronarowerowa.pl\/?product=kross-trans-hybrid-prestige-630-4#breadcrumb\",\"itemListElement\":[{\"@type\":\"ListItem\",\"position\":1,\"name\":\"Strona g\u0142\u00f3wna\",\"item\":\"https:\/\/stronarowerowa.pl\/\"},{\"@type\":\"ListItem\",\"position\":2,\"name\":\"KROSS TRANS HYBRID PRESTIGE 630\"}]},{\"@type\":\"WebSite\",\"@id\":\"https:\/\/stronarowerowa.pl\/#website\",\"url\":\"https:\/\/stronarowerowa.pl\/\",\"name\":\"Strona rowerowa - ulubiona strona ka\u017cdego rowerzysty\",\"description\":\"\",\"potentialAction\":[{\"@type\":\"SearchAction\",\"target\":{\"@type\":\"EntryPoint\",\"urlTemplate\":\"https:\/\/stronarowerowa.pl\/?s={search_term_string}\"},\"query-input\":{\"@type\":\"PropertyValueSpecification\",\"valueRequired\":true,\"valueName\":\"search_term_string\"}}],\"inLanguage\":\"pl-PL\"}]}<\/script>\n<!-- \/ Yoast SEO plugin. -->","yoast_head_json":{"title":"KROSS TRANS HYBRID PRESTIGE 630 - Strona rowerowa - ulubiona strona ka\u017cdego rowerzysty","robots":{"index":"index","follow":"follow","max-snippet":"max-snippet:-1","max-image-preview":"max-image-preview:large","max-video-preview":"max-video-preview:-1"},"canonical":"https:\/\/stronarowerowa.pl\/?product=kross-trans-hybrid-prestige-630-4","og_locale":"pl_PL","og_type":"article","og_title":"KROSS TRANS HYBRID PRESTIGE 630 - Strona rowerowa - ulubiona strona ka\u017cdego rowerzysty","og_description":"TRANS HYBRID PRESTIGE 630 \u2013 Wszechstronny Rower Trekkingowy Rower trekkingowy KROSS Trans Hybrid Prestige 630 to doskona\u0142y wyb\u00f3r dla ka\u017cdego, kto pragnie odkrywa\u0107 nowe trasy oraz wygodnie doje\u017cd\u017ca\u0107 codziennie do pracy lub szko\u0142y. Ergonomiczna konstrukcja, nowoczesne technologiczne rozwi\u0105zania oraz niezawodne komponenty sprawiaj\u0105, \u017ce ten model to synonim komfortu i funkcjonalno\u015bci. Komfortowa i stabilna konstrukcja KROSS","og_url":"https:\/\/stronarowerowa.pl\/?product=kross-trans-hybrid-prestige-630-4","og_site_name":"Strona rowerowa - ulubiona strona ka\u017cdego rowerzysty","article_modified_time":"2026-01-21T13:28:41+00:00","og_image":[{"width":950,"height":720,"url":"https:\/\/stronarowerowa.pl\/wp-content\/uploads\/2026\/01\/trans-hybrid-prestige-630.jpg","type":"image\/jpeg"}],"twitter_card":"summary_large_image","twitter_misc":{"Szacowany czas czytania":"3 minuty"},"schema":{"@context":"https:\/\/schema.org","@graph":[{"@type":"WebPage","@id":"https:\/\/stronarowerowa.pl\/?product=kross-trans-hybrid-prestige-630-4","url":"https:\/\/stronarowerowa.pl\/?product=kross-trans-hybrid-prestige-630-4","name":"KROSS TRANS HYBRID PRESTIGE 630 - Strona rowerowa - ulubiona strona ka\u017cdego rowerzysty","isPartOf":{"@id":"https:\/\/stronarowerowa.pl\/#website"},"primaryImageOfPage":{"@id":"https:\/\/stronarowerowa.pl\/?product=kross-trans-hybrid-prestige-630-4#primaryimage"},"image":{"@id":"https:\/\/stronarowerowa.pl\/?product=kross-trans-hybrid-prestige-630-4#primaryimage"},"thumbnailUrl":"https:\/\/stronarowerowa.pl\/wp-content\/uploads\/2026\/01\/trans-hybrid-prestige-630.jpg","datePublished":"2026-01-14T10:51:40+00:00","dateModified":"2026-01-21T13:28:41+00:00","breadcrumb":{"@id":"https:\/\/stronarowerowa.pl\/?product=kross-trans-hybrid-prestige-630-4#breadcrumb"},"inLanguage":"pl-PL","potentialAction":[{"@type":"ReadAction","target":["https:\/\/stronarowerowa.pl\/?product=kross-trans-hybrid-prestige-630-4"]}]},{"@type":"ImageObject","inLanguage":"pl-PL","@id":"https:\/\/stronarowerowa.pl\/?product=kross-trans-hybrid-prestige-630-4#primaryimage","url":"https:\/\/stronarowerowa.pl\/wp-content\/uploads\/2026\/01\/trans-hybrid-prestige-630.jpg","contentUrl":"https:\/\/stronarowerowa.pl\/wp-content\/uploads\/2026\/01\/trans-hybrid-prestige-630.jpg","width":950,"height":720},{"@type":"BreadcrumbList","@id":"https:\/\/stronarowerowa.pl\/?product=kross-trans-hybrid-prestige-630-4#breadcrumb","itemListElement":[{"@type":"ListItem","position":1,"name":"Strona g\u0142\u00f3wna","item":"https:\/\/stronarowerowa.pl\/"},{"@type":"ListItem","position":2,"name":"KROSS TRANS HYBRID PRESTIGE 630"}]},{"@type":"WebSite","@id":"https:\/\/stronarowerowa.pl\/#website","url":"https:\/\/stronarowerowa.pl\/","name":"Strona rowerowa - ulubiona strona ka\u017cdego rowerzysty","description":"","potentialAction":[{"@type":"SearchAction","target":{"@type":"EntryPoint","urlTemplate":"https:\/\/stronarowerowa.pl\/?s={search_term_string}"},"query-input":{"@type":"PropertyValueSpecification","valueRequired":true,"valueName":"search_term_string"}}],"inLanguage":"pl-PL"}]}},"_links":{"self":[{"href":"https:\/\/stronarowerowa.pl\/index.php?rest_route=\/wp\/v2\/product\/128","targetHints":{"allow":["GET"]}}],"collection":[{"href":"https:\/\/stronarowerowa.pl\/index.php?rest_route=\/wp\/v2\/product"}],"about":[{"href":"https:\/\/stronarowerowa.pl\/index.php?rest_route=\/wp\/v2\/types\/product"}],"replies":[{"embeddable":true,"href":"https:\/\/stronarowerowa.pl\/index.php?rest_route=%2Fwp%2Fv2%2Fcomments&post=128"}],"wp:featuredmedia":[{"embeddable":true,"href":"https:\/\/stronarowerowa.pl\/index.php?rest_route=\/wp\/v2\/media\/40"}],"wp:attachment":[{"href":"https:\/\/stronarowerowa.pl\/index.php?rest_route=%2Fwp%2Fv2%2Fmedia&parent=128"}],"wp:term":[{"taxonomy":"product_brand","embeddable":true,"href":"https:\/\/stronarowerowa.pl\/index.php?rest_route=%2Fwp%2Fv2%2Fproduct_brand&post=128"},{"taxonomy":"product_cat","embeddable":true,"href":"https:\/\/stronarowerowa.pl\/index.php?rest_route=%2Fwp%2Fv2%2Fproduct_cat&post=128"},{"taxonomy":"product_tag","embeddable":true,"href":"https:\/\/stronarowerowa.pl\/index.php?rest_route=%2Fwp%2Fv2%2Fproduct_tag&post=128"}],"curies":[{"name":"wp","href":"https:\/\/api.w.org\/{rel}","templated":true}]}}