{"id":18,"date":"2026-01-14T11:47:19","date_gmt":"2026-01-14T10:47:19","guid":{"rendered":"http:\/\/drawsko.blinked.pl\/stronarowerowa.pl\/?product=kross-hexagon-boost-4-0-730"},"modified":"2026-01-21T14:30:39","modified_gmt":"2026-01-21T13:30:39","slug":"kross-hexagon-boost-4-0-730","status":"publish","type":"product","link":"https:\/\/stronarowerowa.pl\/?product=kross-hexagon-boost-4-0-730","title":{"rendered":"KROSS HEXAGON BOOST 4.0 730"},"content":{"rendered":"<h2>Si\u0142a Elektrycznego Wspomagania<\/h2>\n<p>KROSS Hexagon Boost 4.0 jest wyposa\u017cony w centralnie zamontowany nap\u0119d elektryczny Bafang, kt\u00f3ry znacz\u0105co zwi\u0119ksza komfort jazdy, zw\u0142aszcza w trudniejszych warunkach terenowych. Jego wydajna bateria o pojemno\u015bci 756 Wh zapewnia d\u0142ugi zasi\u0119g, a dzi\u0119ki temu pokonanie wielu kilometr\u00f3w staje si\u0119 \u0142atwiejsze i przyjemniejsze. U\u017cytkownik ma pe\u0142ny wgl\u0105d w wszystkie istotne informacje dzi\u0119ki wy\u015bwietlaczowi Bafang, kt\u00f3ry dostarcza danych o trybie pracy silnika oraz stopniu na\u0142adowania baterii.<\/p>\n<h2>Osprz\u0119t Przygotowany na Ka\u017cde Warunki<\/h2>\n<p>Wyb\u00f3r osprz\u0119tu w modelu KROSS Hexagon Boost 4.0 stawia go w kategorii rower\u00f3w uniwersalnych. Zastosowanie nap\u0119du Microshift z 9 prze\u0142o\u017ceniami zapewnia niezawodno\u015b\u0107 oraz ekonomi\u0119 w utrzymaniu. Tylna przerzutka z grupy Advent jest trwa\u0142a i umo\u017cliwia p\u0142ynn\u0105 zmian\u0119 bieg\u00f3w<\/p>\n","protected":false},"excerpt":{"rendered":"<p>Si\u0142a Elektrycznego Wspomagania KROSS Hexagon Boost 4.0 jest wyposa\u017cony w centralnie zamontowany nap\u0119d elektryczny Bafang, kt\u00f3ry znacz\u0105co zwi\u0119ksza komfort jazdy, zw\u0142aszcza w trudniejszych warunkach terenowych. Jego wydajna bateria o pojemno\u015bci 756 Wh zapewnia d\u0142ugi zasi\u0119g, a dzi\u0119ki temu pokonanie wielu kilometr\u00f3w staje si\u0119 \u0142atwiejsze i przyjemniejsze. U\u017cytkownik ma pe\u0142ny wgl\u0105d w wszystkie istotne informacje dzi\u0119ki<\/p>\n","protected":false},"featured_media":17,"comment_status":"open","ping_status":"closed","template":"","meta":[],"product_brand":[16],"product_cat":[19,42,17],"product_tag":[],"class_list":{"0":"post-18","1":"product","2":"type-product","3":"status-publish","4":"has-post-thumbnail","6":"product_brand-kross","7":"product_cat-gorskie","8":"product_cat-rowery","9":"product_cat-rowery-elektryczne","11":"first","12":"instock","13":"shipping-taxable","14":"product-type-simple"},"yoast_head":"<!-- This site is optimized with the Yoast SEO plugin v26.8 - https:\/\/yoast.com\/product\/yoast-seo-wordpress\/ -->\n<title>KROSS HEXAGON BOOST 4.0 730 - Strona rowerowa - ulubiona strona ka\u017cdego rowerzysty<\/title>\n<meta name=\"robots\" content=\"index, follow, max-snippet:-1, max-image-preview:large, max-video-preview:-1\" \/>\n<link rel=\"canonical\" href=\"https:\/\/stronarowerowa.pl\/?product=kross-hexagon-boost-4-0-730\" \/>\n<meta property=\"og:locale\" content=\"pl_PL\" \/>\n<meta property=\"og:type\" content=\"article\" \/>\n<meta property=\"og:title\" content=\"KROSS HEXAGON BOOST 4.0 730 - Strona rowerowa - ulubiona strona ka\u017cdego rowerzysty\" \/>\n<meta property=\"og:description\" content=\"Si\u0142a Elektrycznego Wspomagania KROSS Hexagon Boost 4.0 jest wyposa\u017cony w centralnie zamontowany nap\u0119d elektryczny Bafang, kt\u00f3ry znacz\u0105co zwi\u0119ksza komfort jazdy, zw\u0142aszcza w trudniejszych warunkach terenowych. Jego wydajna bateria o pojemno\u015bci 756 Wh zapewnia d\u0142ugi zasi\u0119g, a dzi\u0119ki temu pokonanie wielu kilometr\u00f3w staje si\u0119 \u0142atwiejsze i przyjemniejsze. U\u017cytkownik ma pe\u0142ny wgl\u0105d w wszystkie istotne informacje dzi\u0119ki\" \/>\n<meta property=\"og:url\" content=\"https:\/\/stronarowerowa.pl\/?product=kross-hexagon-boost-4-0-730\" \/>\n<meta property=\"og:site_name\" content=\"Strona rowerowa - ulubiona strona ka\u017cdego rowerzysty\" \/>\n<meta property=\"article:modified_time\" content=\"2026-01-21T13:30:39+00:00\" \/>\n<meta property=\"og:image\" content=\"https:\/\/stronarowerowa.pl\/wp-content\/uploads\/2026\/01\/hexagon-boost-40-730.jpg\" \/>\n\t<meta property=\"og:image:width\" content=\"950\" \/>\n\t<meta property=\"og:image:height\" content=\"720\" \/>\n\t<meta property=\"og:image:type\" content=\"image\/jpeg\" \/>\n<meta name=\"twitter:card\" content=\"summary_large_image\" \/>\n<meta name=\"twitter:label1\" content=\"Szacowany czas czytania\" \/>\n\t<meta name=\"twitter:data1\" content=\"1 minuta\" \/>\n<script type=\"application\/ld+json\" class=\"yoast-schema-graph\">{\"@context\":\"https:\/\/schema.org\",\"@graph\":[{\"@type\":\"WebPage\",\"@id\":\"https:\/\/stronarowerowa.pl\/?product=kross-hexagon-boost-4-0-730\",\"url\":\"https:\/\/stronarowerowa.pl\/?product=kross-hexagon-boost-4-0-730\",\"name\":\"KROSS HEXAGON BOOST 4.0 730 - Strona rowerowa - ulubiona strona ka\u017cdego rowerzysty\",\"isPartOf\":{\"@id\":\"https:\/\/stronarowerowa.pl\/#website\"},\"primaryImageOfPage\":{\"@id\":\"https:\/\/stronarowerowa.pl\/?product=kross-hexagon-boost-4-0-730#primaryimage\"},\"image\":{\"@id\":\"https:\/\/stronarowerowa.pl\/?product=kross-hexagon-boost-4-0-730#primaryimage\"},\"thumbnailUrl\":\"https:\/\/stronarowerowa.pl\/wp-content\/uploads\/2026\/01\/hexagon-boost-40-730.jpg\",\"datePublished\":\"2026-01-14T10:47:19+00:00\",\"dateModified\":\"2026-01-21T13:30:39+00:00\",\"breadcrumb\":{\"@id\":\"https:\/\/stronarowerowa.pl\/?product=kross-hexagon-boost-4-0-730#breadcrumb\"},\"inLanguage\":\"pl-PL\",\"potentialAction\":[{\"@type\":\"ReadAction\",\"target\":[\"https:\/\/stronarowerowa.pl\/?product=kross-hexagon-boost-4-0-730\"]}]},{\"@type\":\"ImageObject\",\"inLanguage\":\"pl-PL\",\"@id\":\"https:\/\/stronarowerowa.pl\/?product=kross-hexagon-boost-4-0-730#primaryimage\",\"url\":\"https:\/\/stronarowerowa.pl\/wp-content\/uploads\/2026\/01\/hexagon-boost-40-730.jpg\",\"contentUrl\":\"https:\/\/stronarowerowa.pl\/wp-content\/uploads\/2026\/01\/hexagon-boost-40-730.jpg\",\"width\":950,\"height\":720},{\"@type\":\"BreadcrumbList\",\"@id\":\"https:\/\/stronarowerowa.pl\/?product=kross-hexagon-boost-4-0-730#breadcrumb\",\"itemListElement\":[{\"@type\":\"ListItem\",\"position\":1,\"name\":\"Strona g\u0142\u00f3wna\",\"item\":\"https:\/\/stronarowerowa.pl\/\"},{\"@type\":\"ListItem\",\"position\":2,\"name\":\"KROSS HEXAGON BOOST 4.0 730\"}]},{\"@type\":\"WebSite\",\"@id\":\"https:\/\/stronarowerowa.pl\/#website\",\"url\":\"https:\/\/stronarowerowa.pl\/\",\"name\":\"Strona rowerowa - ulubiona strona ka\u017cdego rowerzysty\",\"description\":\"\",\"potentialAction\":[{\"@type\":\"SearchAction\",\"target\":{\"@type\":\"EntryPoint\",\"urlTemplate\":\"https:\/\/stronarowerowa.pl\/?s={search_term_string}\"},\"query-input\":{\"@type\":\"PropertyValueSpecification\",\"valueRequired\":true,\"valueName\":\"search_term_string\"}}],\"inLanguage\":\"pl-PL\"}]}<\/script>\n<!-- \/ Yoast SEO plugin. -->","yoast_head_json":{"title":"KROSS HEXAGON BOOST 4.0 730 - Strona rowerowa - ulubiona strona ka\u017cdego rowerzysty","robots":{"index":"index","follow":"follow","max-snippet":"max-snippet:-1","max-image-preview":"max-image-preview:large","max-video-preview":"max-video-preview:-1"},"canonical":"https:\/\/stronarowerowa.pl\/?product=kross-hexagon-boost-4-0-730","og_locale":"pl_PL","og_type":"article","og_title":"KROSS HEXAGON BOOST 4.0 730 - Strona rowerowa - ulubiona strona ka\u017cdego rowerzysty","og_description":"Si\u0142a Elektrycznego Wspomagania KROSS Hexagon Boost 4.0 jest wyposa\u017cony w centralnie zamontowany nap\u0119d elektryczny Bafang, kt\u00f3ry znacz\u0105co zwi\u0119ksza komfort jazdy, zw\u0142aszcza w trudniejszych warunkach terenowych. Jego wydajna bateria o pojemno\u015bci 756 Wh zapewnia d\u0142ugi zasi\u0119g, a dzi\u0119ki temu pokonanie wielu kilometr\u00f3w staje si\u0119 \u0142atwiejsze i przyjemniejsze. U\u017cytkownik ma pe\u0142ny wgl\u0105d w wszystkie istotne informacje dzi\u0119ki","og_url":"https:\/\/stronarowerowa.pl\/?product=kross-hexagon-boost-4-0-730","og_site_name":"Strona rowerowa - ulubiona strona ka\u017cdego rowerzysty","article_modified_time":"2026-01-21T13:30:39+00:00","og_image":[{"width":950,"height":720,"url":"https:\/\/stronarowerowa.pl\/wp-content\/uploads\/2026\/01\/hexagon-boost-40-730.jpg","type":"image\/jpeg"}],"twitter_card":"summary_large_image","twitter_misc":{"Szacowany czas czytania":"1 minuta"},"schema":{"@context":"https:\/\/schema.org","@graph":[{"@type":"WebPage","@id":"https:\/\/stronarowerowa.pl\/?product=kross-hexagon-boost-4-0-730","url":"https:\/\/stronarowerowa.pl\/?product=kross-hexagon-boost-4-0-730","name":"KROSS HEXAGON BOOST 4.0 730 - Strona rowerowa - ulubiona strona ka\u017cdego rowerzysty","isPartOf":{"@id":"https:\/\/stronarowerowa.pl\/#website"},"primaryImageOfPage":{"@id":"https:\/\/stronarowerowa.pl\/?product=kross-hexagon-boost-4-0-730#primaryimage"},"image":{"@id":"https:\/\/stronarowerowa.pl\/?product=kross-hexagon-boost-4-0-730#primaryimage"},"thumbnailUrl":"https:\/\/stronarowerowa.pl\/wp-content\/uploads\/2026\/01\/hexagon-boost-40-730.jpg","datePublished":"2026-01-14T10:47:19+00:00","dateModified":"2026-01-21T13:30:39+00:00","breadcrumb":{"@id":"https:\/\/stronarowerowa.pl\/?product=kross-hexagon-boost-4-0-730#breadcrumb"},"inLanguage":"pl-PL","potentialAction":[{"@type":"ReadAction","target":["https:\/\/stronarowerowa.pl\/?product=kross-hexagon-boost-4-0-730"]}]},{"@type":"ImageObject","inLanguage":"pl-PL","@id":"https:\/\/stronarowerowa.pl\/?product=kross-hexagon-boost-4-0-730#primaryimage","url":"https:\/\/stronarowerowa.pl\/wp-content\/uploads\/2026\/01\/hexagon-boost-40-730.jpg","contentUrl":"https:\/\/stronarowerowa.pl\/wp-content\/uploads\/2026\/01\/hexagon-boost-40-730.jpg","width":950,"height":720},{"@type":"BreadcrumbList","@id":"https:\/\/stronarowerowa.pl\/?product=kross-hexagon-boost-4-0-730#breadcrumb","itemListElement":[{"@type":"ListItem","position":1,"name":"Strona g\u0142\u00f3wna","item":"https:\/\/stronarowerowa.pl\/"},{"@type":"ListItem","position":2,"name":"KROSS HEXAGON BOOST 4.0 730"}]},{"@type":"WebSite","@id":"https:\/\/stronarowerowa.pl\/#website","url":"https:\/\/stronarowerowa.pl\/","name":"Strona rowerowa - ulubiona strona ka\u017cdego rowerzysty","description":"","potentialAction":[{"@type":"SearchAction","target":{"@type":"EntryPoint","urlTemplate":"https:\/\/stronarowerowa.pl\/?s={search_term_string}"},"query-input":{"@type":"PropertyValueSpecification","valueRequired":true,"valueName":"search_term_string"}}],"inLanguage":"pl-PL"}]}},"_links":{"self":[{"href":"https:\/\/stronarowerowa.pl\/index.php?rest_route=\/wp\/v2\/product\/18","targetHints":{"allow":["GET"]}}],"collection":[{"href":"https:\/\/stronarowerowa.pl\/index.php?rest_route=\/wp\/v2\/product"}],"about":[{"href":"https:\/\/stronarowerowa.pl\/index.php?rest_route=\/wp\/v2\/types\/product"}],"replies":[{"embeddable":true,"href":"https:\/\/stronarowerowa.pl\/index.php?rest_route=%2Fwp%2Fv2%2Fcomments&post=18"}],"wp:featuredmedia":[{"embeddable":true,"href":"https:\/\/stronarowerowa.pl\/index.php?rest_route=\/wp\/v2\/media\/17"}],"wp:attachment":[{"href":"https:\/\/stronarowerowa.pl\/index.php?rest_route=%2Fwp%2Fv2%2Fmedia&parent=18"}],"wp:term":[{"taxonomy":"product_brand","embeddable":true,"href":"https:\/\/stronarowerowa.pl\/index.php?rest_route=%2Fwp%2Fv2%2Fproduct_brand&post=18"},{"taxonomy":"product_cat","embeddable":true,"href":"https:\/\/stronarowerowa.pl\/index.php?rest_route=%2Fwp%2Fv2%2Fproduct_cat&post=18"},{"taxonomy":"product_tag","embeddable":true,"href":"https:\/\/stronarowerowa.pl\/index.php?rest_route=%2Fwp%2Fv2%2Fproduct_tag&post=18"}],"curies":[{"name":"wp","href":"https:\/\/api.w.org\/{rel}","templated":true}]}}