{"id":181,"date":"2026-01-21T13:12:00","date_gmt":"2026-01-21T12:12:00","guid":{"rendered":"http:\/\/drawsko.blinked.pl\/stronarowerowa.pl\/?product=rower-kross-hexagon-2-0"},"modified":"2026-01-21T14:27:50","modified_gmt":"2026-01-21T13:27:50","slug":"rower-kross-hexagon-2-0","status":"publish","type":"product","link":"https:\/\/stronarowerowa.pl\/?product=rower-kross-hexagon-2-0","title":{"rendered":"Rower KROSS HEXAGON 2.0"},"content":{"rendered":"<h1>KROSS HEXAGON 2.0 \u2013 Idealny Rower MTB na Ka\u017cd\u0105 Tras\u0119<\/h1>\n<p>KROSS Hexagon 2.0 to rower zaprojektowany z my\u015bl\u0105 o mi\u0142o\u015bnikach jazdy w zr\u00f3\u017cnicowanym terenie. Jego aluminiowa rama jest nie tylko lekka, ale r\u00f3wnie\u017c wytrzyma\u0142a, co czyni go idealnym towarzyszem zar\u00f3wno na g\u00f3rskich szlakach, jak i w miejskich warunkach. Dzi\u0119ki zastosowaniu najlepszych technologii rower ten zapewnia komfort i bezpiecze\u0144stwo na ka\u017cdym etapie podr\u00f3\u017cy.<\/p>\n<h2>Wydajny Nap\u0119d i Mechaniczne Hamulce Tarczowe<\/h2>\n<p>Rower KROSS Hexagon 2.0 wyposa\u017cony jest w sprawdzony nap\u0119d Shimano w systemie 3&#215;7, co umo\u017cliwia p\u0142ynn\u0105 i precyzyjn\u0105 zmian\u0119 bieg\u00f3w. Du\u017ca liczba prze\u0142o\u017ce\u0144 (21) pozwala dostosowa\u0107 si\u0142\u0119 napotykaj\u0105cym przeszkodom, co znacz\u0105co u\u0142atwia jazd\u0119 zar\u00f3wno pod g\u00f3r\u0119, jak i na zjazdach. Mechaniczne hamulce tarczowe zapewniaj\u0105 znakomit\u0105 kontrol\u0119 i si\u0142\u0119 hamowania, co przek\u0142ada si\u0119 na wi\u0119ksze bezpiecze\u0144stwo w trudnych warunkach. Dzi\u0119ki swojej konstrukcji, hamulce te s\u0105 odporne na r\u00f3\u017cne czynniki atmosferyczne oraz \u0142atwe do serwisowania.<\/p>\n<h2>Zaawansowane Technologie Wp\u0142ywaj\u0105ce na Wydajno\u015b\u0107<\/h2>\n<p>KROSS Hexagon 2.0 zosta\u0142 stworzony z lekkiego i wytrzyma\u0142ego stopu aluminium 6061, kt\u00f3ry charakteryzuje si\u0119 wysok\u0105 odporno\u015bci\u0105 na uszkodzenia. Rama roweru malowana proszkowo, gwarantuje nie tylko estetyczny wygl\u0105d, ale tak\u017ce d\u0142ugotrwa\u0142o\u015b\u0107 ich pow\u0142ok. Dzi\u0119ki wewn\u0119trznemu prowadzeniu linek, unikamy mechanicznych uszkodze\u0144, co d\u0142u\u017cej utrzymuje rower w idealnym stanie. Jego nowoczesne rozwi\u0105zania techniczne nie tylko podnosz\u0105 komfort jazdy, ale tak\u017ce sprawiaj\u0105, \u017ce KROSS Hexagon 2.0 prezentuje si\u0119 niezwykle elegancko.<\/p>\n<h3>Amortyzowany Widelec dla Maksymalnej Przyjemno\u015bci z Jazdy<\/h3>\n<p>Amortyzowany widelec z skokiem 100 mm to kolejne udogodnienie, jakie oferuje KROSS Hexagon 2.0. Pozwala on na efektywne t\u0142umienie wibracji zwi\u0105zanych z jazd\u0105 po nier\u00f3wnej nawierzchni, co znacznie poprawia komfort podr\u00f3\u017cy. Rower poradzi sobie z wszelkimi przeszkodami terenowymi, gwarantuj\u0105c pe\u0142ne bezpiecze\u0144stwo i przyjemno\u015b\u0107 z jazdy.<\/p>\n<h2>Nowoczesne Rozwi\u0105zania dla Bezpiecznej Eksploatacji<\/h2>\n<p>Konstrukcja ramy zosta\u0142a wzbogacona o system wymiennych hak\u00f3w \u2013 RHS System, co pozwala na szybk\u0105 i \u0142atw\u0105 wymian\u0119 uszkodzonych element\u00f3w. Umieszczone gwinty na hakach lub specjalnych nakr\u0119tkach wp\u0142ywaj\u0105 na minimalizacj\u0119 ryzyka uszkodzenia ramy. W zastosowanej technologii Post Mount, eliminated unnecessary adapters improve braking precision, heat dissipation, and durability. The combination of all these solutions gives KROSS Hexagon 2.0 a powerful performance and makes it an excellent choice for both beginner and experienced cyclists.<\/p>\n<h3>Podsumowanie<\/h3>\n<p>KROSS Hexagon 2.0 to idealny rower g\u00f3rski dla ka\u017cdego, kto szuka po\u0142\u0105czenia wydajno\u015bci, trwa\u0142o\u015bci i nowoczesnych technologii. Dzi\u0119ki zaawansowanym rozwi\u0105zaniom, jestowym hamulcom tarczowym i lekkiej ramie, zapewnia komfort i bezpiecze\u0144stwo na ka\u017cdej trasie. Bez wzgl\u0119du na to, czy jeste\u015b zapalonym rowerzyst\u0105, czy dopiero zaczynasz swoj\u0105 przygod\u0119 z jazd\u0105 w terenie, KROSS Hexagon 2.0 z pewno\u015bci\u0105 spe\u0142ni Twoje oczekiwania.<br \/><strong>Specyfikacja:<\/strong><a href=\"https:\/\/kross.pl\/hexagon-2-0-czerwony-szary-polysk-2\" rel=\"nofollow\">https:\/\/kross.pl\/hexagon-2-0-czerwony-szary-polysk-2<\/a><\/p>\n","protected":false},"excerpt":{"rendered":"<p>KROSS HEXAGON 2.0 \u2013 Idealny Rower MTB na Ka\u017cd\u0105 Tras\u0119 KROSS Hexagon 2.0 to rower zaprojektowany z my\u015bl\u0105 o mi\u0142o\u015bnikach jazdy w zr\u00f3\u017cnicowanym terenie. Jego aluminiowa rama jest nie tylko lekka, ale r\u00f3wnie\u017c wytrzyma\u0142a, co czyni go idealnym towarzyszem zar\u00f3wno na g\u00f3rskich szlakach, jak i w miejskich warunkach. Dzi\u0119ki zastosowaniu najlepszych technologii rower ten zapewnia<\/p>\n","protected":false},"featured_media":180,"comment_status":"open","ping_status":"closed","template":"","meta":[],"product_brand":[16],"product_cat":[27,31,42],"product_tag":[],"class_list":{"0":"post-181","1":"product","2":"type-product","3":"status-publish","4":"has-post-thumbnail","6":"product_brand-kross","7":"product_cat-gorskie-2","8":"product_cat-mtb","9":"product_cat-rowery","11":"first","12":"instock","13":"shipping-taxable","14":"product-type-simple"},"yoast_head":"<!-- This site is optimized with the Yoast SEO plugin v26.8 - https:\/\/yoast.com\/product\/yoast-seo-wordpress\/ -->\n<title>Rower KROSS HEXAGON 2.0 - Strona rowerowa - ulubiona strona ka\u017cdego rowerzysty<\/title>\n<meta name=\"robots\" content=\"index, follow, max-snippet:-1, max-image-preview:large, max-video-preview:-1\" \/>\n<link rel=\"canonical\" href=\"https:\/\/stronarowerowa.pl\/?product=rower-kross-hexagon-2-0\" \/>\n<meta property=\"og:locale\" content=\"pl_PL\" \/>\n<meta property=\"og:type\" content=\"article\" \/>\n<meta property=\"og:title\" content=\"Rower KROSS HEXAGON 2.0 - Strona rowerowa - ulubiona strona ka\u017cdego rowerzysty\" \/>\n<meta property=\"og:description\" content=\"KROSS HEXAGON 2.0 \u2013 Idealny Rower MTB na Ka\u017cd\u0105 Tras\u0119 KROSS Hexagon 2.0 to rower zaprojektowany z my\u015bl\u0105 o mi\u0142o\u015bnikach jazdy w zr\u00f3\u017cnicowanym terenie. Jego aluminiowa rama jest nie tylko lekka, ale r\u00f3wnie\u017c wytrzyma\u0142a, co czyni go idealnym towarzyszem zar\u00f3wno na g\u00f3rskich szlakach, jak i w miejskich warunkach. Dzi\u0119ki zastosowaniu najlepszych technologii rower ten zapewnia\" \/>\n<meta property=\"og:url\" content=\"https:\/\/stronarowerowa.pl\/?product=rower-kross-hexagon-2-0\" \/>\n<meta property=\"og:site_name\" content=\"Strona rowerowa - ulubiona strona ka\u017cdego rowerzysty\" \/>\n<meta property=\"article:modified_time\" content=\"2026-01-21T13:27:50+00:00\" \/>\n<meta property=\"og:image\" content=\"https:\/\/stronarowerowa.pl\/wp-content\/uploads\/2026\/01\/hexagon-20.jpg\" \/>\n\t<meta property=\"og:image:width\" content=\"950\" \/>\n\t<meta property=\"og:image:height\" content=\"720\" \/>\n\t<meta property=\"og:image:type\" content=\"image\/jpeg\" \/>\n<meta name=\"twitter:card\" content=\"summary_large_image\" \/>\n<meta name=\"twitter:label1\" content=\"Szacowany czas czytania\" \/>\n\t<meta name=\"twitter:data1\" content=\"2 minuty\" \/>\n<script type=\"application\/ld+json\" class=\"yoast-schema-graph\">{\"@context\":\"https:\/\/schema.org\",\"@graph\":[{\"@type\":\"WebPage\",\"@id\":\"https:\/\/stronarowerowa.pl\/?product=rower-kross-hexagon-2-0\",\"url\":\"https:\/\/stronarowerowa.pl\/?product=rower-kross-hexagon-2-0\",\"name\":\"Rower KROSS HEXAGON 2.0 - Strona rowerowa - ulubiona strona ka\u017cdego rowerzysty\",\"isPartOf\":{\"@id\":\"https:\/\/stronarowerowa.pl\/#website\"},\"primaryImageOfPage\":{\"@id\":\"https:\/\/stronarowerowa.pl\/?product=rower-kross-hexagon-2-0#primaryimage\"},\"image\":{\"@id\":\"https:\/\/stronarowerowa.pl\/?product=rower-kross-hexagon-2-0#primaryimage\"},\"thumbnailUrl\":\"https:\/\/stronarowerowa.pl\/wp-content\/uploads\/2026\/01\/hexagon-20.jpg\",\"datePublished\":\"2026-01-21T12:12:00+00:00\",\"dateModified\":\"2026-01-21T13:27:50+00:00\",\"breadcrumb\":{\"@id\":\"https:\/\/stronarowerowa.pl\/?product=rower-kross-hexagon-2-0#breadcrumb\"},\"inLanguage\":\"pl-PL\",\"potentialAction\":[{\"@type\":\"ReadAction\",\"target\":[\"https:\/\/stronarowerowa.pl\/?product=rower-kross-hexagon-2-0\"]}]},{\"@type\":\"ImageObject\",\"inLanguage\":\"pl-PL\",\"@id\":\"https:\/\/stronarowerowa.pl\/?product=rower-kross-hexagon-2-0#primaryimage\",\"url\":\"https:\/\/stronarowerowa.pl\/wp-content\/uploads\/2026\/01\/hexagon-20.jpg\",\"contentUrl\":\"https:\/\/stronarowerowa.pl\/wp-content\/uploads\/2026\/01\/hexagon-20.jpg\",\"width\":950,\"height\":720},{\"@type\":\"BreadcrumbList\",\"@id\":\"https:\/\/stronarowerowa.pl\/?product=rower-kross-hexagon-2-0#breadcrumb\",\"itemListElement\":[{\"@type\":\"ListItem\",\"position\":1,\"name\":\"Strona g\u0142\u00f3wna\",\"item\":\"https:\/\/stronarowerowa.pl\/\"},{\"@type\":\"ListItem\",\"position\":2,\"name\":\"Rower KROSS HEXAGON 2.0\"}]},{\"@type\":\"WebSite\",\"@id\":\"https:\/\/stronarowerowa.pl\/#website\",\"url\":\"https:\/\/stronarowerowa.pl\/\",\"name\":\"Strona rowerowa - ulubiona strona ka\u017cdego rowerzysty\",\"description\":\"\",\"potentialAction\":[{\"@type\":\"SearchAction\",\"target\":{\"@type\":\"EntryPoint\",\"urlTemplate\":\"https:\/\/stronarowerowa.pl\/?s={search_term_string}\"},\"query-input\":{\"@type\":\"PropertyValueSpecification\",\"valueRequired\":true,\"valueName\":\"search_term_string\"}}],\"inLanguage\":\"pl-PL\"}]}<\/script>\n<!-- \/ Yoast SEO plugin. -->","yoast_head_json":{"title":"Rower KROSS HEXAGON 2.0 - Strona rowerowa - ulubiona strona ka\u017cdego rowerzysty","robots":{"index":"index","follow":"follow","max-snippet":"max-snippet:-1","max-image-preview":"max-image-preview:large","max-video-preview":"max-video-preview:-1"},"canonical":"https:\/\/stronarowerowa.pl\/?product=rower-kross-hexagon-2-0","og_locale":"pl_PL","og_type":"article","og_title":"Rower KROSS HEXAGON 2.0 - Strona rowerowa - ulubiona strona ka\u017cdego rowerzysty","og_description":"KROSS HEXAGON 2.0 \u2013 Idealny Rower MTB na Ka\u017cd\u0105 Tras\u0119 KROSS Hexagon 2.0 to rower zaprojektowany z my\u015bl\u0105 o mi\u0142o\u015bnikach jazdy w zr\u00f3\u017cnicowanym terenie. Jego aluminiowa rama jest nie tylko lekka, ale r\u00f3wnie\u017c wytrzyma\u0142a, co czyni go idealnym towarzyszem zar\u00f3wno na g\u00f3rskich szlakach, jak i w miejskich warunkach. Dzi\u0119ki zastosowaniu najlepszych technologii rower ten zapewnia","og_url":"https:\/\/stronarowerowa.pl\/?product=rower-kross-hexagon-2-0","og_site_name":"Strona rowerowa - ulubiona strona ka\u017cdego rowerzysty","article_modified_time":"2026-01-21T13:27:50+00:00","og_image":[{"width":950,"height":720,"url":"https:\/\/stronarowerowa.pl\/wp-content\/uploads\/2026\/01\/hexagon-20.jpg","type":"image\/jpeg"}],"twitter_card":"summary_large_image","twitter_misc":{"Szacowany czas czytania":"2 minuty"},"schema":{"@context":"https:\/\/schema.org","@graph":[{"@type":"WebPage","@id":"https:\/\/stronarowerowa.pl\/?product=rower-kross-hexagon-2-0","url":"https:\/\/stronarowerowa.pl\/?product=rower-kross-hexagon-2-0","name":"Rower KROSS HEXAGON 2.0 - Strona rowerowa - ulubiona strona ka\u017cdego rowerzysty","isPartOf":{"@id":"https:\/\/stronarowerowa.pl\/#website"},"primaryImageOfPage":{"@id":"https:\/\/stronarowerowa.pl\/?product=rower-kross-hexagon-2-0#primaryimage"},"image":{"@id":"https:\/\/stronarowerowa.pl\/?product=rower-kross-hexagon-2-0#primaryimage"},"thumbnailUrl":"https:\/\/stronarowerowa.pl\/wp-content\/uploads\/2026\/01\/hexagon-20.jpg","datePublished":"2026-01-21T12:12:00+00:00","dateModified":"2026-01-21T13:27:50+00:00","breadcrumb":{"@id":"https:\/\/stronarowerowa.pl\/?product=rower-kross-hexagon-2-0#breadcrumb"},"inLanguage":"pl-PL","potentialAction":[{"@type":"ReadAction","target":["https:\/\/stronarowerowa.pl\/?product=rower-kross-hexagon-2-0"]}]},{"@type":"ImageObject","inLanguage":"pl-PL","@id":"https:\/\/stronarowerowa.pl\/?product=rower-kross-hexagon-2-0#primaryimage","url":"https:\/\/stronarowerowa.pl\/wp-content\/uploads\/2026\/01\/hexagon-20.jpg","contentUrl":"https:\/\/stronarowerowa.pl\/wp-content\/uploads\/2026\/01\/hexagon-20.jpg","width":950,"height":720},{"@type":"BreadcrumbList","@id":"https:\/\/stronarowerowa.pl\/?product=rower-kross-hexagon-2-0#breadcrumb","itemListElement":[{"@type":"ListItem","position":1,"name":"Strona g\u0142\u00f3wna","item":"https:\/\/stronarowerowa.pl\/"},{"@type":"ListItem","position":2,"name":"Rower KROSS HEXAGON 2.0"}]},{"@type":"WebSite","@id":"https:\/\/stronarowerowa.pl\/#website","url":"https:\/\/stronarowerowa.pl\/","name":"Strona rowerowa - ulubiona strona ka\u017cdego rowerzysty","description":"","potentialAction":[{"@type":"SearchAction","target":{"@type":"EntryPoint","urlTemplate":"https:\/\/stronarowerowa.pl\/?s={search_term_string}"},"query-input":{"@type":"PropertyValueSpecification","valueRequired":true,"valueName":"search_term_string"}}],"inLanguage":"pl-PL"}]}},"_links":{"self":[{"href":"https:\/\/stronarowerowa.pl\/index.php?rest_route=\/wp\/v2\/product\/181","targetHints":{"allow":["GET"]}}],"collection":[{"href":"https:\/\/stronarowerowa.pl\/index.php?rest_route=\/wp\/v2\/product"}],"about":[{"href":"https:\/\/stronarowerowa.pl\/index.php?rest_route=\/wp\/v2\/types\/product"}],"replies":[{"embeddable":true,"href":"https:\/\/stronarowerowa.pl\/index.php?rest_route=%2Fwp%2Fv2%2Fcomments&post=181"}],"wp:featuredmedia":[{"embeddable":true,"href":"https:\/\/stronarowerowa.pl\/index.php?rest_route=\/wp\/v2\/media\/180"}],"wp:attachment":[{"href":"https:\/\/stronarowerowa.pl\/index.php?rest_route=%2Fwp%2Fv2%2Fmedia&parent=181"}],"wp:term":[{"taxonomy":"product_brand","embeddable":true,"href":"https:\/\/stronarowerowa.pl\/index.php?rest_route=%2Fwp%2Fv2%2Fproduct_brand&post=181"},{"taxonomy":"product_cat","embeddable":true,"href":"https:\/\/stronarowerowa.pl\/index.php?rest_route=%2Fwp%2Fv2%2Fproduct_cat&post=181"},{"taxonomy":"product_tag","embeddable":true,"href":"https:\/\/stronarowerowa.pl\/index.php?rest_route=%2Fwp%2Fv2%2Fproduct_tag&post=181"}],"curies":[{"name":"wp","href":"https:\/\/api.w.org\/{rel}","templated":true}]}}