{"id":183,"date":"2026-01-21T13:12:11","date_gmt":"2026-01-21T12:12:11","guid":{"rendered":"http:\/\/drawsko.blinked.pl\/stronarowerowa.pl\/?product=rower-kross-evado-4-0"},"modified":"2026-01-21T14:27:48","modified_gmt":"2026-01-21T13:27:48","slug":"rower-kross-evado-4-0","status":"publish","type":"product","link":"https:\/\/stronarowerowa.pl\/?product=rower-kross-evado-4-0","title":{"rendered":"Rower KROSS EVADO 4.0"},"content":{"rendered":"<h1>KROSS EVADO 4.0 \u2013 idealny rower crossowy dla aktywnych<\/h1>\n<p>KROSS Evado 4.0 to niezwykle wszechstronny rower crossowy, kt\u00f3ry \u0142\u0105czy w sobie cechy roweru miejskiego oraz modeli przeznaczonych do jazdy w trudnym terenie. Stworzony z my\u015bl\u0105 o osobach pragn\u0105cych czerpa\u0107 rado\u015b\u0107 z dynamicznej jazdy, \u015bwietnie sprawdza si\u0119 zar\u00f3wno na miejskich szlakach, jak i le\u015bnych \u015bcie\u017ckach. Dzi\u0119ki nowoczesnej technologii i solidnej konstrukcji, Evado 4.0 daje poczucie bezpiecze\u0144stwa i komfortu w ka\u017cdych warunkach.<\/p>\n<h2>Innowacyjna konstrukcja ramy<\/h2>\n<p>Rama KROSS Evado 4.0 zosta\u0142a wykonana z wytrzyma\u0142ego stopu aluminium 6061, kt\u00f3ry zapewnia nie tylko sztywno\u015b\u0107 konstrukcji, ale tak\u017ce nisk\u0105 wag\u0119. Przemy\u015blana konstrukcja sprawia, \u017ce rower jest odporny na uszkodzenia, a malowanie proszkowe dodatkowo zwi\u0119ksza jego odporno\u015b\u0107 na mechaniczne zarysowania. Estetyczne wewn\u0119trzne prowadzenie linek pozwoli\u0142o na uzyskanie czystego i nowoczesnego wygl\u0105du roweru, co szczeg\u00f3lnie doceni\u0105 miejscy rowerzy\u015bci.<\/p>\n<h2>Wydajny nap\u0119d i hydrauliczne hamulce<\/h2>\n<p>KROSS Evado 4.0 wyposa\u017cony jest w wysokiej jako\u015bci nap\u0119d Shimano w systemie 2&#215;8, oferuj\u0105cy 16 prze\u0142o\u017ce\u0144. Dzi\u0119ki temu u\u017cytkownik mo\u017ce z \u0142atwo\u015bci\u0105 dostosowa\u0107 bieg do r\u00f3\u017cnorodnych warunk\u00f3w terenowych, co znacz\u0105co wp\u0142ywa na komfort jazdy. Tylna przerzutka z grupy Acera gwarantuje p\u0142ynne, szybkie i niezawodne zmiany prze\u0142o\u017ce\u0144. Dzi\u0119ki hydraulicznym hamulcom tarczowym Shimano, rowerzy\u015bci mog\u0105 cieszy\u0107 si\u0119 zupe\u0142nie nowym wymiarem bezpiecze\u0144stwa i kontroli w ka\u017cdych warunkach. Hamulce te charakteryzuj\u0105 si\u0119 du\u017c\u0105 si\u0142\u0105 hamowania oraz precyzyjn\u0105 modulacj\u0105, co jest nieocenione w trudnych warunkach atmosferycznych.<\/p>\n<h3>Atrakcje amortyzacji<\/h3>\n<p>W rowerze KROSS Evado 4.0 zamontowany zosta\u0142 amortyzowany widelec SR Suntour o skoku 63 mm. Umo\u017cliwia on komfortow\u0105 jazd\u0119 po nier\u00f3wno\u015bciach takich jak kraw\u0119\u017cniki, kostka brukowa czy le\u015bne \u015bcie\u017cki. Dzi\u0119ki odpowiedniemu skokowi amora, ka\u017cdy u\u017cytkownik poczuje si\u0119 pewnie, pokonuj\u0105c trudno\u015bci terenowe, takie jak kamienie czy korzenie. To rozwi\u0105zanie sprawia, \u017ce Evado 4.0 idealnie nadaje si\u0119 zar\u00f3wno do kr\u00f3tkich codziennych dojazd\u00f3w, jak i d\u0142u\u017cszych, rekreacyjnych wypraw.<\/p>\n<h2>Technologie poprawiaj\u0105ce komfort jazdy<\/h2>\n<p>Rama KROSS Evado 4.0 zosta\u0142a zaprojektowana z uwzgl\u0119dnieniem nowoczesnych technologii. System wewn\u0119trznego prowadzenia linek to nie tylko estetyka, ale tak\u017ce ochrona przed zabrudzeniem, co wyd\u0142u\u017ca \u017cywotno\u015b\u0107 element\u00f3w roweru. Precyzyjne po\u0142\u0105czenia stosowane w rowerze, takie jak Post Mount, eliminuj\u0105 zb\u0119dne przej\u015bci\u00f3wki, co zwi\u0119ksza sztywno\u015b\u0107 konstrukcji oraz poprawia odprowadzanie ciep\u0142a z hamulc\u00f3w, co przek\u0142ada si\u0119 na d\u0142u\u017csz\u0105 \u017cywotno\u015b\u0107 i wydajno\u015b\u0107 hamowania.<\/p>\n<h3>Trwa\u0142o\u015b\u0107 i estetyka<\/h3>\n<p>Dzi\u0119ki technologii malowania proszkowego, KROSS Evado 4.0 zyskuje wyj\u0105tkowo g\u0142adk\u0105 i odporn\u0105 na mechaniczne uszkodzenia powierzchni\u0119. To nie tylko podnosi estetyk\u0119, ale r\u00f3wnie\u017c dba\u0142o\u015b\u0107 o detale, co sprawia, \u017ce rower pozostaje w doskona\u0142ym stanie przez wiele sezon\u00f3w. W ramach zastosowano tak\u017ce system wymiennych hak\u00f3w, co w przypadku uszkodze\u0144 pozwala na ich \u0142atw\u0105 wymian\u0119 bez konieczno\u015bci wymiany ca\u0142ej ramy, ograniczaj\u0105c w ten spos\u00f3b koszt naprawy.<\/p>\n<h2>Zako\u0144czenie<\/h2>\n<p>KROSS Evado 4.0 to idealne rozwi\u0105zanie dla aktywnych os\u00f3b, kt\u00f3re ceni\u0105 sobie zar\u00f3wno intensywn\u0105 jazd\u0119, jak i komfort w codziennym u\u017cytkowaniu. Wytrzyma\u0142a konstrukcja, nowoczesny osprz\u0119t oraz innowacyjne technologie sprawiaj\u0105, \u017ce jest to jeden z najlepszych rower\u00f3w crossowych w swojej klasie. Bez wzgl\u0119du na to, czy planujesz weekendowy wypad do lasu, czy codzienne dojazdy do pracy, KROSS Evado 4.0 sprosta Twoim oczekiwaniom. To znakomity wyb\u00f3r dla ka\u017cdego mi\u0142o\u015bnika dw\u00f3ch k\u00f3\u0142ek.<\/p>\n<p><strong>Specyfikacja:<\/strong><a href=\"https:\/\/kross.pl\/evado-4-0-damski-szary-rozowy-polysk-2\" rel=\"nofollow\">https:\/\/kross.pl\/evado-4-0-damski-szary-rozowy-polysk-2<\/a><\/p>\n","protected":false},"excerpt":{"rendered":"<p>KROSS EVADO 4.0 \u2013 idealny rower crossowy dla aktywnych KROSS Evado 4.0 to niezwykle wszechstronny rower crossowy, kt\u00f3ry \u0142\u0105czy w sobie cechy roweru miejskiego oraz modeli przeznaczonych do jazdy w trudnym terenie. Stworzony z my\u015bl\u0105 o osobach pragn\u0105cych czerpa\u0107 rado\u015b\u0107 z dynamicznej jazdy, \u015bwietnie sprawdza si\u0119 zar\u00f3wno na miejskich szlakach, jak i le\u015bnych \u015bcie\u017ckach. Dzi\u0119ki<\/p>\n","protected":false},"featured_media":182,"comment_status":"open","ping_status":"closed","template":"","meta":[],"product_brand":[16],"product_cat":[37,42],"product_tag":[],"class_list":{"0":"post-183","1":"product","2":"type-product","3":"status-publish","4":"has-post-thumbnail","6":"product_brand-kross","7":"product_cat-crossowe","8":"product_cat-rowery","10":"first","11":"instock","12":"shipping-taxable","13":"product-type-simple"},"yoast_head":"<!-- This site is optimized with the Yoast SEO plugin v26.8 - https:\/\/yoast.com\/product\/yoast-seo-wordpress\/ -->\n<title>Rower KROSS EVADO 4.0 - Strona rowerowa - ulubiona strona ka\u017cdego rowerzysty<\/title>\n<meta name=\"robots\" content=\"index, follow, max-snippet:-1, max-image-preview:large, max-video-preview:-1\" \/>\n<link rel=\"canonical\" href=\"https:\/\/stronarowerowa.pl\/?product=rower-kross-evado-4-0\" \/>\n<meta property=\"og:locale\" content=\"pl_PL\" \/>\n<meta property=\"og:type\" content=\"article\" \/>\n<meta property=\"og:title\" content=\"Rower KROSS EVADO 4.0 - Strona rowerowa - ulubiona strona ka\u017cdego rowerzysty\" \/>\n<meta property=\"og:description\" content=\"KROSS EVADO 4.0 \u2013 idealny rower crossowy dla aktywnych KROSS Evado 4.0 to niezwykle wszechstronny rower crossowy, kt\u00f3ry \u0142\u0105czy w sobie cechy roweru miejskiego oraz modeli przeznaczonych do jazdy w trudnym terenie. Stworzony z my\u015bl\u0105 o osobach pragn\u0105cych czerpa\u0107 rado\u015b\u0107 z dynamicznej jazdy, \u015bwietnie sprawdza si\u0119 zar\u00f3wno na miejskich szlakach, jak i le\u015bnych \u015bcie\u017ckach. Dzi\u0119ki\" \/>\n<meta property=\"og:url\" content=\"https:\/\/stronarowerowa.pl\/?product=rower-kross-evado-4-0\" \/>\n<meta property=\"og:site_name\" content=\"Strona rowerowa - ulubiona strona ka\u017cdego rowerzysty\" \/>\n<meta property=\"article:modified_time\" content=\"2026-01-21T13:27:48+00:00\" \/>\n<meta property=\"og:image\" content=\"https:\/\/stronarowerowa.pl\/wp-content\/uploads\/2026\/01\/evado-40.jpg\" \/>\n\t<meta property=\"og:image:width\" content=\"950\" \/>\n\t<meta property=\"og:image:height\" content=\"720\" \/>\n\t<meta property=\"og:image:type\" content=\"image\/jpeg\" \/>\n<meta name=\"twitter:card\" content=\"summary_large_image\" \/>\n<meta name=\"twitter:label1\" content=\"Szacowany czas czytania\" \/>\n\t<meta name=\"twitter:data1\" content=\"3 minuty\" \/>\n<script type=\"application\/ld+json\" class=\"yoast-schema-graph\">{\"@context\":\"https:\/\/schema.org\",\"@graph\":[{\"@type\":\"WebPage\",\"@id\":\"https:\/\/stronarowerowa.pl\/?product=rower-kross-evado-4-0\",\"url\":\"https:\/\/stronarowerowa.pl\/?product=rower-kross-evado-4-0\",\"name\":\"Rower KROSS EVADO 4.0 - Strona rowerowa - ulubiona strona ka\u017cdego rowerzysty\",\"isPartOf\":{\"@id\":\"https:\/\/stronarowerowa.pl\/#website\"},\"primaryImageOfPage\":{\"@id\":\"https:\/\/stronarowerowa.pl\/?product=rower-kross-evado-4-0#primaryimage\"},\"image\":{\"@id\":\"https:\/\/stronarowerowa.pl\/?product=rower-kross-evado-4-0#primaryimage\"},\"thumbnailUrl\":\"https:\/\/stronarowerowa.pl\/wp-content\/uploads\/2026\/01\/evado-40.jpg\",\"datePublished\":\"2026-01-21T12:12:11+00:00\",\"dateModified\":\"2026-01-21T13:27:48+00:00\",\"breadcrumb\":{\"@id\":\"https:\/\/stronarowerowa.pl\/?product=rower-kross-evado-4-0#breadcrumb\"},\"inLanguage\":\"pl-PL\",\"potentialAction\":[{\"@type\":\"ReadAction\",\"target\":[\"https:\/\/stronarowerowa.pl\/?product=rower-kross-evado-4-0\"]}]},{\"@type\":\"ImageObject\",\"inLanguage\":\"pl-PL\",\"@id\":\"https:\/\/stronarowerowa.pl\/?product=rower-kross-evado-4-0#primaryimage\",\"url\":\"https:\/\/stronarowerowa.pl\/wp-content\/uploads\/2026\/01\/evado-40.jpg\",\"contentUrl\":\"https:\/\/stronarowerowa.pl\/wp-content\/uploads\/2026\/01\/evado-40.jpg\",\"width\":950,\"height\":720},{\"@type\":\"BreadcrumbList\",\"@id\":\"https:\/\/stronarowerowa.pl\/?product=rower-kross-evado-4-0#breadcrumb\",\"itemListElement\":[{\"@type\":\"ListItem\",\"position\":1,\"name\":\"Strona g\u0142\u00f3wna\",\"item\":\"https:\/\/stronarowerowa.pl\/\"},{\"@type\":\"ListItem\",\"position\":2,\"name\":\"Rower KROSS EVADO 4.0\"}]},{\"@type\":\"WebSite\",\"@id\":\"https:\/\/stronarowerowa.pl\/#website\",\"url\":\"https:\/\/stronarowerowa.pl\/\",\"name\":\"Strona rowerowa - ulubiona strona ka\u017cdego rowerzysty\",\"description\":\"\",\"potentialAction\":[{\"@type\":\"SearchAction\",\"target\":{\"@type\":\"EntryPoint\",\"urlTemplate\":\"https:\/\/stronarowerowa.pl\/?s={search_term_string}\"},\"query-input\":{\"@type\":\"PropertyValueSpecification\",\"valueRequired\":true,\"valueName\":\"search_term_string\"}}],\"inLanguage\":\"pl-PL\"}]}<\/script>\n<!-- \/ Yoast SEO plugin. -->","yoast_head_json":{"title":"Rower KROSS EVADO 4.0 - Strona rowerowa - ulubiona strona ka\u017cdego rowerzysty","robots":{"index":"index","follow":"follow","max-snippet":"max-snippet:-1","max-image-preview":"max-image-preview:large","max-video-preview":"max-video-preview:-1"},"canonical":"https:\/\/stronarowerowa.pl\/?product=rower-kross-evado-4-0","og_locale":"pl_PL","og_type":"article","og_title":"Rower KROSS EVADO 4.0 - Strona rowerowa - ulubiona strona ka\u017cdego rowerzysty","og_description":"KROSS EVADO 4.0 \u2013 idealny rower crossowy dla aktywnych KROSS Evado 4.0 to niezwykle wszechstronny rower crossowy, kt\u00f3ry \u0142\u0105czy w sobie cechy roweru miejskiego oraz modeli przeznaczonych do jazdy w trudnym terenie. Stworzony z my\u015bl\u0105 o osobach pragn\u0105cych czerpa\u0107 rado\u015b\u0107 z dynamicznej jazdy, \u015bwietnie sprawdza si\u0119 zar\u00f3wno na miejskich szlakach, jak i le\u015bnych \u015bcie\u017ckach. Dzi\u0119ki","og_url":"https:\/\/stronarowerowa.pl\/?product=rower-kross-evado-4-0","og_site_name":"Strona rowerowa - ulubiona strona ka\u017cdego rowerzysty","article_modified_time":"2026-01-21T13:27:48+00:00","og_image":[{"width":950,"height":720,"url":"https:\/\/stronarowerowa.pl\/wp-content\/uploads\/2026\/01\/evado-40.jpg","type":"image\/jpeg"}],"twitter_card":"summary_large_image","twitter_misc":{"Szacowany czas czytania":"3 minuty"},"schema":{"@context":"https:\/\/schema.org","@graph":[{"@type":"WebPage","@id":"https:\/\/stronarowerowa.pl\/?product=rower-kross-evado-4-0","url":"https:\/\/stronarowerowa.pl\/?product=rower-kross-evado-4-0","name":"Rower KROSS EVADO 4.0 - Strona rowerowa - ulubiona strona ka\u017cdego rowerzysty","isPartOf":{"@id":"https:\/\/stronarowerowa.pl\/#website"},"primaryImageOfPage":{"@id":"https:\/\/stronarowerowa.pl\/?product=rower-kross-evado-4-0#primaryimage"},"image":{"@id":"https:\/\/stronarowerowa.pl\/?product=rower-kross-evado-4-0#primaryimage"},"thumbnailUrl":"https:\/\/stronarowerowa.pl\/wp-content\/uploads\/2026\/01\/evado-40.jpg","datePublished":"2026-01-21T12:12:11+00:00","dateModified":"2026-01-21T13:27:48+00:00","breadcrumb":{"@id":"https:\/\/stronarowerowa.pl\/?product=rower-kross-evado-4-0#breadcrumb"},"inLanguage":"pl-PL","potentialAction":[{"@type":"ReadAction","target":["https:\/\/stronarowerowa.pl\/?product=rower-kross-evado-4-0"]}]},{"@type":"ImageObject","inLanguage":"pl-PL","@id":"https:\/\/stronarowerowa.pl\/?product=rower-kross-evado-4-0#primaryimage","url":"https:\/\/stronarowerowa.pl\/wp-content\/uploads\/2026\/01\/evado-40.jpg","contentUrl":"https:\/\/stronarowerowa.pl\/wp-content\/uploads\/2026\/01\/evado-40.jpg","width":950,"height":720},{"@type":"BreadcrumbList","@id":"https:\/\/stronarowerowa.pl\/?product=rower-kross-evado-4-0#breadcrumb","itemListElement":[{"@type":"ListItem","position":1,"name":"Strona g\u0142\u00f3wna","item":"https:\/\/stronarowerowa.pl\/"},{"@type":"ListItem","position":2,"name":"Rower KROSS EVADO 4.0"}]},{"@type":"WebSite","@id":"https:\/\/stronarowerowa.pl\/#website","url":"https:\/\/stronarowerowa.pl\/","name":"Strona rowerowa - ulubiona strona ka\u017cdego rowerzysty","description":"","potentialAction":[{"@type":"SearchAction","target":{"@type":"EntryPoint","urlTemplate":"https:\/\/stronarowerowa.pl\/?s={search_term_string}"},"query-input":{"@type":"PropertyValueSpecification","valueRequired":true,"valueName":"search_term_string"}}],"inLanguage":"pl-PL"}]}},"_links":{"self":[{"href":"https:\/\/stronarowerowa.pl\/index.php?rest_route=\/wp\/v2\/product\/183","targetHints":{"allow":["GET"]}}],"collection":[{"href":"https:\/\/stronarowerowa.pl\/index.php?rest_route=\/wp\/v2\/product"}],"about":[{"href":"https:\/\/stronarowerowa.pl\/index.php?rest_route=\/wp\/v2\/types\/product"}],"replies":[{"embeddable":true,"href":"https:\/\/stronarowerowa.pl\/index.php?rest_route=%2Fwp%2Fv2%2Fcomments&post=183"}],"wp:featuredmedia":[{"embeddable":true,"href":"https:\/\/stronarowerowa.pl\/index.php?rest_route=\/wp\/v2\/media\/182"}],"wp:attachment":[{"href":"https:\/\/stronarowerowa.pl\/index.php?rest_route=%2Fwp%2Fv2%2Fmedia&parent=183"}],"wp:term":[{"taxonomy":"product_brand","embeddable":true,"href":"https:\/\/stronarowerowa.pl\/index.php?rest_route=%2Fwp%2Fv2%2Fproduct_brand&post=183"},{"taxonomy":"product_cat","embeddable":true,"href":"https:\/\/stronarowerowa.pl\/index.php?rest_route=%2Fwp%2Fv2%2Fproduct_cat&post=183"},{"taxonomy":"product_tag","embeddable":true,"href":"https:\/\/stronarowerowa.pl\/index.php?rest_route=%2Fwp%2Fv2%2Fproduct_tag&post=183"}],"curies":[{"name":"wp","href":"https:\/\/api.w.org\/{rel}","templated":true}]}}