{"id":211,"date":"2026-01-21T13:14:39","date_gmt":"2026-01-21T12:14:39","guid":{"rendered":"http:\/\/drawsko.blinked.pl\/stronarowerowa.pl\/?product=rower-kross-lea-5-0"},"modified":"2026-01-21T14:27:04","modified_gmt":"2026-01-21T13:27:04","slug":"rower-kross-lea-5-0","status":"publish","type":"product","link":"https:\/\/stronarowerowa.pl\/?product=rower-kross-lea-5-0","title":{"rendered":"Rower KROSS LEA 5.0"},"content":{"rendered":"<h1>KROSS LEA 5.0 \u2013 Rowery g\u00f3rskie dla aktywnych kobiet<\/h1>\n<p>KROSS LEA 5.0 to doskona\u0142y rower g\u00f3rski, zaprojektowany z my\u015bl\u0105 o kobietach, kt\u00f3re poszukuj\u0105 idealnego \u015brodka transportu na co dzie\u0144 oraz podczas weekendowych wypad\u00f3w w teren. Po\u0142\u0105czenie nowoczesnych technologii z trwa\u0142ymi materia\u0142ami sprawia, \u017ce jest to model, kt\u00f3ry sprosta wymaganiom zar\u00f3wno miejskim, jak i terenowym.<\/p>\n<h2>Dopasowanie do potrzeb u\u017cytkowniczek<\/h2>\n<p>Rower KROSS LEA 5.0 zosta\u0142 stworzony z my\u015bl\u0105 o aktywnych kobietach, dla kt\u00f3rych komfort jazdy jest priorytetem. Dzi\u0119ki aluminiowej ramie, kt\u00f3ra \u0142\u0105czy lekko\u015b\u0107 z wytrzyma\u0142o\u015bci\u0105, u\u017cytkowniczki mog\u0105 cieszy\u0107 si\u0119 swobod\u0105 jazdy w ka\u017cdych warunkach. Amortyzowany widelec SR Suntour zapewnia doskona\u0142e t\u0142umienie wibracji i komfort u\u017cytkowania, nawet na trudnych szlakach.<\/p>\n<h3>Wysoka jako\u015b\u0107 wykonania<\/h3>\n<p>KROSS LEA 5.0 to rower, kt\u00f3ry przyci\u0105ga uwag\u0119 nie tylko swoimi parametrami technicznymi, ale tak\u017ce estetyk\u0105 wykonania. Rama wykonana z aluminium 6061 jest nie tylko lekka, ale i odporniejsza na uszkodzenia. Opr\u00f3cz tego, malowanie proszkowe zwi\u0119ksza trwa\u0142o\u015b\u0107 koloru oraz odporno\u015b\u0107 lakieru na zarysowania, co sprawia, \u017ce rower prezentuje si\u0119 doskonale przez wiele sezon\u00f3w.<\/p>\n<h2>Zaawansowane systemy przerzutek i hamulc\u00f3w<\/h2>\n<p>Jednym z kluczowych atut\u00f3w KROSS LEA 5.0 jest nap\u0119d Shimano Cues w systemie 2&#215;9. Dzi\u0119ki temu u\u017cytkowniczki zyskuj\u0105 p\u0142ynno\u015b\u0107 i precyzj\u0119 w zmianie bieg\u00f3w. Tylna przerzutka, wykonana z wysokiej jako\u015bci materia\u0142\u00f3w, gwarantuje niezawodno\u015b\u0107 zar\u00f3wno na g\u0142adkich nawierzchniach, jak i w trudnym, g\u00f3rzystym terenie. Sprawdzony nap\u0119d to rozwi\u0105zanie, kt\u00f3re zapewnia d\u0142ugotrwa\u0142\u0105 eksploatacj\u0119 i wygod\u0119.<\/p>\n<h3>Efektywne hamowanie w ka\u017cdych warunkach<\/h3>\n<p>KROSS LEA 5.0 wyposa\u017cony jest w hydrauliczne hamulce tarczowe Shimano, kt\u00f3re podnosz\u0105 bezpiecze\u0144stwo jazdy. Zapewniaj\u0105 one wi\u0119ksz\u0105 si\u0142\u0119 hamowania w por\u00f3wnaniu do tradycyjnych hamulc\u00f3w v-brake, a tak\u017ce precyzyjniejsz\u0105 modulacj\u0119 si\u0142y. Dzi\u0119ki temu rowerzystki mog\u0105 czu\u0107 si\u0119 pewnie, niezale\u017cnie od panuj\u0105cych warunk\u00f3w pogodowych.<\/p>\n<h2>Innowacyjne technologie rowerowe<\/h2>\n<p>In\u017cynierzy KROSS postawili na nowoczesno\u015b\u0107, wdra\u017caj\u0105c innowacyjne rozwi\u0105zania, kt\u00f3re poprawiaj\u0105 funkcjonowanie roweru. Wewn\u0119trzne prowadzenie linek to doskona\u0142y spos\u00f3b na estetyczne wyko\u0144czenie oraz zwi\u0119kszenie \u017cywotno\u015bci linek, chroni\u0105c je przed zanieczyszczeniami i uszkodzeniem. Dzi\u0119ki temu rower zachowuje sportowy charakter, a u\u017cytkowniczki mog\u0105 cieszy\u0107 si\u0119 nieprzerwan\u0105 rado\u015bci\u0105 z jazdy.<\/p>\n<h3>Systemy poprawiaj\u0105ce efektywno\u015b\u0107<\/h3>\n<p>KROSS LEA 5.0 wzbogacony jest o system Post Mount, kt\u00f3ry zapewnia lepsz\u0105 sztywno\u015b\u0107 po\u0142\u0105cze\u0144 mi\u0119dzy ram\u0105 a hamulcami. Umo\u017cliwia to lepsze odprowadzanie ciep\u0142a, co wyd\u0142u\u017ca \u017cywotno\u015b\u0107 hamulc\u00f3w. Dodatkowo, hak wymienny RHS System pozwala na \u0142atw\u0105 wymian\u0119 w przypadku uszkodzenia, co jest wa\u017cnym atutem dla os\u00f3b ceni\u0105cych sobie dba\u0142o\u015b\u0107 o detale.<\/p>\n<h2>Wielofunkcyjno\u015b\u0107 i codzienna u\u017cyteczno\u015b\u0107<\/h2>\n<p>KROSS LEA 5.0 to rower, kt\u00f3ry doskonale sprawdzi si\u0119 zar\u00f3wno podczas codziennych dojazd\u00f3w do pracy, jak i na weekendowych wycieczkach w teren. Jego uniwersalno\u015b\u0107, trwa\u0142o\u015b\u0107 i technologia, kt\u00f3ra wspiera u\u017cytkowniczki w ka\u017cdej sytuacji, czyni\u0105 go idealnym wyborem dla aktywnych kobiet. Dzi\u0119ki po\u0142\u0105czeniu w\u0142a\u015bciwo\u015bci terenowych z komfortem jazdy po mie\u015bcie, KROSS LEA 5.0 staje si\u0119 kluczowym elementem dla ka\u017cdej rowerowej pasjonatki.<\/p>\n<h2>Dlaczego warto wybra\u0107 KROSS LEA 5.0?<\/h2>\n<p>Wybieraj\u0105c KROSS LEA 5.0, u\u017cytkowniczki inwestuj\u0105 w wysokiej jako\u015bci rower, kt\u00f3ry \u0142\u0105czy w sobie nowoczesne technologie, estetyk\u0119 i funkcjonalno\u015b\u0107. Zosta\u0142 zaprojektowany najlepiej w my\u015bl potrzeb kobiet, co czyni go idealnym towarzyszem na ka\u017cd\u0105 okazj\u0119. Niezale\u017cnie od tego, czy planujesz spacery po parkach, czy bardziej wymagaj\u0105ce trasy, KROSS LEA 5.0 sprosta Twoim oczekiwaniom.<\/p>\n<p><strong>Specyfikacja:<\/strong><a href=\"https:\/\/kross.pl\/lea-5-0-perlowy-rozowy-polysk-2\" rel=\"nofollow\">https:\/\/kross.pl\/lea-5-0-perlowy-rozowy-polysk-2<\/a><\/p>\n","protected":false},"excerpt":{"rendered":"<p>KROSS LEA 5.0 \u2013 Rowery g\u00f3rskie dla aktywnych kobiet KROSS LEA 5.0 to doskona\u0142y rower g\u00f3rski, zaprojektowany z my\u015bl\u0105 o kobietach, kt\u00f3re poszukuj\u0105 idealnego \u015brodka transportu na co dzie\u0144 oraz podczas weekendowych wypad\u00f3w w teren. Po\u0142\u0105czenie nowoczesnych technologii z trwa\u0142ymi materia\u0142ami sprawia, \u017ce jest to model, kt\u00f3ry sprosta wymaganiom zar\u00f3wno miejskim, jak i terenowym. Dopasowanie<\/p>\n","protected":false},"featured_media":210,"comment_status":"open","ping_status":"closed","template":"","meta":[],"product_brand":[16],"product_cat":[28,42],"product_tag":[],"class_list":{"0":"post-211","1":"product","2":"type-product","3":"status-publish","4":"has-post-thumbnail","6":"product_brand-kross","7":"product_cat-mtb-damskie","8":"product_cat-rowery","10":"first","11":"instock","12":"shipping-taxable","13":"product-type-simple"},"yoast_head":"<!-- This site is optimized with the Yoast SEO plugin v26.8 - https:\/\/yoast.com\/product\/yoast-seo-wordpress\/ -->\n<title>Rower KROSS LEA 5.0 - Strona rowerowa - ulubiona strona ka\u017cdego rowerzysty<\/title>\n<meta name=\"robots\" content=\"index, follow, max-snippet:-1, max-image-preview:large, max-video-preview:-1\" \/>\n<link rel=\"canonical\" href=\"https:\/\/stronarowerowa.pl\/?product=rower-kross-lea-5-0\" \/>\n<meta property=\"og:locale\" content=\"pl_PL\" \/>\n<meta property=\"og:type\" content=\"article\" \/>\n<meta property=\"og:title\" content=\"Rower KROSS LEA 5.0 - Strona rowerowa - ulubiona strona ka\u017cdego rowerzysty\" \/>\n<meta property=\"og:description\" content=\"KROSS LEA 5.0 \u2013 Rowery g\u00f3rskie dla aktywnych kobiet KROSS LEA 5.0 to doskona\u0142y rower g\u00f3rski, zaprojektowany z my\u015bl\u0105 o kobietach, kt\u00f3re poszukuj\u0105 idealnego \u015brodka transportu na co dzie\u0144 oraz podczas weekendowych wypad\u00f3w w teren. Po\u0142\u0105czenie nowoczesnych technologii z trwa\u0142ymi materia\u0142ami sprawia, \u017ce jest to model, kt\u00f3ry sprosta wymaganiom zar\u00f3wno miejskim, jak i terenowym. Dopasowanie\" \/>\n<meta property=\"og:url\" content=\"https:\/\/stronarowerowa.pl\/?product=rower-kross-lea-5-0\" \/>\n<meta property=\"og:site_name\" content=\"Strona rowerowa - ulubiona strona ka\u017cdego rowerzysty\" \/>\n<meta property=\"article:modified_time\" content=\"2026-01-21T13:27:04+00:00\" \/>\n<meta property=\"og:image\" content=\"https:\/\/stronarowerowa.pl\/wp-content\/uploads\/2026\/01\/lea-50.jpg\" \/>\n\t<meta property=\"og:image:width\" content=\"950\" \/>\n\t<meta property=\"og:image:height\" content=\"720\" \/>\n\t<meta property=\"og:image:type\" content=\"image\/jpeg\" \/>\n<meta name=\"twitter:card\" content=\"summary_large_image\" \/>\n<meta name=\"twitter:label1\" content=\"Szacowany czas czytania\" \/>\n\t<meta name=\"twitter:data1\" content=\"3 minuty\" \/>\n<script type=\"application\/ld+json\" class=\"yoast-schema-graph\">{\"@context\":\"https:\/\/schema.org\",\"@graph\":[{\"@type\":\"WebPage\",\"@id\":\"https:\/\/stronarowerowa.pl\/?product=rower-kross-lea-5-0\",\"url\":\"https:\/\/stronarowerowa.pl\/?product=rower-kross-lea-5-0\",\"name\":\"Rower KROSS LEA 5.0 - Strona rowerowa - ulubiona strona ka\u017cdego rowerzysty\",\"isPartOf\":{\"@id\":\"https:\/\/stronarowerowa.pl\/#website\"},\"primaryImageOfPage\":{\"@id\":\"https:\/\/stronarowerowa.pl\/?product=rower-kross-lea-5-0#primaryimage\"},\"image\":{\"@id\":\"https:\/\/stronarowerowa.pl\/?product=rower-kross-lea-5-0#primaryimage\"},\"thumbnailUrl\":\"https:\/\/stronarowerowa.pl\/wp-content\/uploads\/2026\/01\/lea-50.jpg\",\"datePublished\":\"2026-01-21T12:14:39+00:00\",\"dateModified\":\"2026-01-21T13:27:04+00:00\",\"breadcrumb\":{\"@id\":\"https:\/\/stronarowerowa.pl\/?product=rower-kross-lea-5-0#breadcrumb\"},\"inLanguage\":\"pl-PL\",\"potentialAction\":[{\"@type\":\"ReadAction\",\"target\":[\"https:\/\/stronarowerowa.pl\/?product=rower-kross-lea-5-0\"]}]},{\"@type\":\"ImageObject\",\"inLanguage\":\"pl-PL\",\"@id\":\"https:\/\/stronarowerowa.pl\/?product=rower-kross-lea-5-0#primaryimage\",\"url\":\"https:\/\/stronarowerowa.pl\/wp-content\/uploads\/2026\/01\/lea-50.jpg\",\"contentUrl\":\"https:\/\/stronarowerowa.pl\/wp-content\/uploads\/2026\/01\/lea-50.jpg\",\"width\":950,\"height\":720},{\"@type\":\"BreadcrumbList\",\"@id\":\"https:\/\/stronarowerowa.pl\/?product=rower-kross-lea-5-0#breadcrumb\",\"itemListElement\":[{\"@type\":\"ListItem\",\"position\":1,\"name\":\"Strona g\u0142\u00f3wna\",\"item\":\"https:\/\/stronarowerowa.pl\/\"},{\"@type\":\"ListItem\",\"position\":2,\"name\":\"Rower KROSS LEA 5.0\"}]},{\"@type\":\"WebSite\",\"@id\":\"https:\/\/stronarowerowa.pl\/#website\",\"url\":\"https:\/\/stronarowerowa.pl\/\",\"name\":\"Strona rowerowa - ulubiona strona ka\u017cdego rowerzysty\",\"description\":\"\",\"potentialAction\":[{\"@type\":\"SearchAction\",\"target\":{\"@type\":\"EntryPoint\",\"urlTemplate\":\"https:\/\/stronarowerowa.pl\/?s={search_term_string}\"},\"query-input\":{\"@type\":\"PropertyValueSpecification\",\"valueRequired\":true,\"valueName\":\"search_term_string\"}}],\"inLanguage\":\"pl-PL\"}]}<\/script>\n<!-- \/ Yoast SEO plugin. -->","yoast_head_json":{"title":"Rower KROSS LEA 5.0 - Strona rowerowa - ulubiona strona ka\u017cdego rowerzysty","robots":{"index":"index","follow":"follow","max-snippet":"max-snippet:-1","max-image-preview":"max-image-preview:large","max-video-preview":"max-video-preview:-1"},"canonical":"https:\/\/stronarowerowa.pl\/?product=rower-kross-lea-5-0","og_locale":"pl_PL","og_type":"article","og_title":"Rower KROSS LEA 5.0 - Strona rowerowa - ulubiona strona ka\u017cdego rowerzysty","og_description":"KROSS LEA 5.0 \u2013 Rowery g\u00f3rskie dla aktywnych kobiet KROSS LEA 5.0 to doskona\u0142y rower g\u00f3rski, zaprojektowany z my\u015bl\u0105 o kobietach, kt\u00f3re poszukuj\u0105 idealnego \u015brodka transportu na co dzie\u0144 oraz podczas weekendowych wypad\u00f3w w teren. Po\u0142\u0105czenie nowoczesnych technologii z trwa\u0142ymi materia\u0142ami sprawia, \u017ce jest to model, kt\u00f3ry sprosta wymaganiom zar\u00f3wno miejskim, jak i terenowym. Dopasowanie","og_url":"https:\/\/stronarowerowa.pl\/?product=rower-kross-lea-5-0","og_site_name":"Strona rowerowa - ulubiona strona ka\u017cdego rowerzysty","article_modified_time":"2026-01-21T13:27:04+00:00","og_image":[{"width":950,"height":720,"url":"https:\/\/stronarowerowa.pl\/wp-content\/uploads\/2026\/01\/lea-50.jpg","type":"image\/jpeg"}],"twitter_card":"summary_large_image","twitter_misc":{"Szacowany czas czytania":"3 minuty"},"schema":{"@context":"https:\/\/schema.org","@graph":[{"@type":"WebPage","@id":"https:\/\/stronarowerowa.pl\/?product=rower-kross-lea-5-0","url":"https:\/\/stronarowerowa.pl\/?product=rower-kross-lea-5-0","name":"Rower KROSS LEA 5.0 - Strona rowerowa - ulubiona strona ka\u017cdego rowerzysty","isPartOf":{"@id":"https:\/\/stronarowerowa.pl\/#website"},"primaryImageOfPage":{"@id":"https:\/\/stronarowerowa.pl\/?product=rower-kross-lea-5-0#primaryimage"},"image":{"@id":"https:\/\/stronarowerowa.pl\/?product=rower-kross-lea-5-0#primaryimage"},"thumbnailUrl":"https:\/\/stronarowerowa.pl\/wp-content\/uploads\/2026\/01\/lea-50.jpg","datePublished":"2026-01-21T12:14:39+00:00","dateModified":"2026-01-21T13:27:04+00:00","breadcrumb":{"@id":"https:\/\/stronarowerowa.pl\/?product=rower-kross-lea-5-0#breadcrumb"},"inLanguage":"pl-PL","potentialAction":[{"@type":"ReadAction","target":["https:\/\/stronarowerowa.pl\/?product=rower-kross-lea-5-0"]}]},{"@type":"ImageObject","inLanguage":"pl-PL","@id":"https:\/\/stronarowerowa.pl\/?product=rower-kross-lea-5-0#primaryimage","url":"https:\/\/stronarowerowa.pl\/wp-content\/uploads\/2026\/01\/lea-50.jpg","contentUrl":"https:\/\/stronarowerowa.pl\/wp-content\/uploads\/2026\/01\/lea-50.jpg","width":950,"height":720},{"@type":"BreadcrumbList","@id":"https:\/\/stronarowerowa.pl\/?product=rower-kross-lea-5-0#breadcrumb","itemListElement":[{"@type":"ListItem","position":1,"name":"Strona g\u0142\u00f3wna","item":"https:\/\/stronarowerowa.pl\/"},{"@type":"ListItem","position":2,"name":"Rower KROSS LEA 5.0"}]},{"@type":"WebSite","@id":"https:\/\/stronarowerowa.pl\/#website","url":"https:\/\/stronarowerowa.pl\/","name":"Strona rowerowa - ulubiona strona ka\u017cdego rowerzysty","description":"","potentialAction":[{"@type":"SearchAction","target":{"@type":"EntryPoint","urlTemplate":"https:\/\/stronarowerowa.pl\/?s={search_term_string}"},"query-input":{"@type":"PropertyValueSpecification","valueRequired":true,"valueName":"search_term_string"}}],"inLanguage":"pl-PL"}]}},"_links":{"self":[{"href":"https:\/\/stronarowerowa.pl\/index.php?rest_route=\/wp\/v2\/product\/211","targetHints":{"allow":["GET"]}}],"collection":[{"href":"https:\/\/stronarowerowa.pl\/index.php?rest_route=\/wp\/v2\/product"}],"about":[{"href":"https:\/\/stronarowerowa.pl\/index.php?rest_route=\/wp\/v2\/types\/product"}],"replies":[{"embeddable":true,"href":"https:\/\/stronarowerowa.pl\/index.php?rest_route=%2Fwp%2Fv2%2Fcomments&post=211"}],"wp:featuredmedia":[{"embeddable":true,"href":"https:\/\/stronarowerowa.pl\/index.php?rest_route=\/wp\/v2\/media\/210"}],"wp:attachment":[{"href":"https:\/\/stronarowerowa.pl\/index.php?rest_route=%2Fwp%2Fv2%2Fmedia&parent=211"}],"wp:term":[{"taxonomy":"product_brand","embeddable":true,"href":"https:\/\/stronarowerowa.pl\/index.php?rest_route=%2Fwp%2Fv2%2Fproduct_brand&post=211"},{"taxonomy":"product_cat","embeddable":true,"href":"https:\/\/stronarowerowa.pl\/index.php?rest_route=%2Fwp%2Fv2%2Fproduct_cat&post=211"},{"taxonomy":"product_tag","embeddable":true,"href":"https:\/\/stronarowerowa.pl\/index.php?rest_route=%2Fwp%2Fv2%2Fproduct_tag&post=211"}],"curies":[{"name":"wp","href":"https:\/\/api.w.org\/{rel}","templated":true}]}}