{"id":213,"date":"2026-01-21T13:14:49","date_gmt":"2026-01-21T12:14:49","guid":{"rendered":"http:\/\/drawsko.blinked.pl\/stronarowerowa.pl\/?product=rower-kross-lea-1-0"},"modified":"2026-01-21T14:23:40","modified_gmt":"2026-01-21T13:23:40","slug":"rower-kross-lea-1-0","status":"publish","type":"product","link":"https:\/\/stronarowerowa.pl\/?product=rower-kross-lea-1-0","title":{"rendered":"Rower KROSS LEA 1.0"},"content":{"rendered":"<h1>KROSS LEA 1.0 &#8211; Rower MTB dla Aktywnych Kobiet<\/h1>\n<h2>Wytrzyma\u0142a konstrukcja i komfortowa jazda<\/h2>\n<p>KROSS Lea 1.0 to rower g\u00f3rski typu MTB, kt\u00f3ry wyr\u00f3\u017cnia si\u0119 lekk\u0105 i stabiln\u0105 ram\u0105 wykonan\u0105 z aluminium 6061. Materia\u0142 ten nie tylko gwarantuje wytrzyma\u0142o\u015b\u0107 i odporno\u015b\u0107 na uszkodzenia, ale r\u00f3wnie\u017c zapewnia odpowiedni\u0105 sztywno\u015b\u0107, co jest niezwykle istotne podczas pokonywania trudnych tras. Dzi\u0119ki zastosowaniu pow\u0142oki proszkowej, rama jest dodatkowo chroniona przed wp\u0142ywem niekorzystnych warunk\u00f3w atmosferycznych oraz mechanicznych uszkodze\u0144.<\/p>\n<p>Rower wyposa\u017cony jest w amortyzowany widelec z skokiem 80 mm, co znacznie zwi\u0119ksza komfort jazdy, szczeg\u00f3lnie na nier\u00f3wnych szlakach. Dzi\u0119ki temu rozwi\u0105zaniu, wszelkie wstrz\u0105sy s\u0105 efektywnie t\u0142umione, a podr\u00f3\u017c staje si\u0119 znacznie bardziej przyjemna.<\/p>\n<h2>System nap\u0119dowy i hamulcowy<\/h2>\n<p>KROSS Lea 1.0 oferuje sprawdzony nap\u0119d Shimano w systemie 3&#215;7, co zapewnia \u0142atw\u0105 i precyzyjn\u0105 zmian\u0119 bieg\u00f3w. Dostosowanie si\u0119 do r\u00f3\u017cnych warunk\u00f3w terenowych staje si\u0119 \u0142atwiejsze dzi\u0119ki 21 prze\u0142o\u017ceniom, kt\u00f3re pozwalaj\u0105 cieszy\u0107 si\u0119 zar\u00f3wno jazd\u0105 w p\u0142askim terenie, jak i na stoku. Tylna przerzutka z grupy Tourney to trwa\u0142e rozwi\u0105zanie, kt\u00f3re zapewnia niezawodn\u0105 zmian\u0119 bieg\u00f3w, co ma kluczowe znaczenie podczas jazdy w trudniejszych warunkach.<\/p>\n<p>Kontrola pr\u0119dko\u015bci jest r\u00f3wnie istotna, co komfort jazdy. Dlatego KROSS Lea 1.0 zosta\u0142 wyposa\u017cony w efektywne hamulce v-brake. Ich konstrukcja gwarantuje wysok\u0105 si\u0142\u0119 hamowania, niezale\u017cnie od panuj\u0105cych warunk\u00f3w atmosferycznych. Dodatkowo, ich prostota w eksploatacji oraz niska waga sprawiaj\u0105, \u017ce s\u0105 one idealnym rozwi\u0105zaniem dla mi\u0142o\u015bniczek rowerowych przyg\u00f3d.<\/p>\n<h2>Innowacyjne technologie i dodatkowe funkcje<\/h2>\n<p>Rower KROSS Lea 1.0 to nie tylko solidna konstrukcja, ale tak\u017ce innowacyjne technologie, kt\u00f3re wspieraj\u0105 u\u017cytkownika w ka\u017cdej podr\u00f3\u017cy rowerowej. Dzi\u0119ki zastosowaniu systemu wymiennych hak\u00f3w RHS, w przypadku uszkodzenia, ich naprawa nie sprawia problem\u00f3w. To inteligentne rozwi\u0105zanie minimalizuje ryzyko uszkodze\u0144 ramy, co jest istotne podczas intensywnego u\u017cytkowania na trudnych szlakach.<\/p>\n<p>Dzi\u0119ki odpowiedniemu rozmieszczeniu gwint\u00f3w, ryzyko uszkodzenia ramy jest ograniczone. Ka\u017cdy element zosta\u0142 przemy\u015blany, aby zapewni\u0107 najlepiej mo\u017cliwe do\u015bwiadczenia z jazdy oraz dba\u0142o\u015b\u0107 o ka\u017cdy detal. To sprawia, \u017ce KROSS Lea 1.0 to rower, kt\u00f3ry z pewno\u015bci\u0105 spe\u0142ni oczekiwania nawet najbardziej wymagaj\u0105cych u\u017cytkowniczek.<\/p>\n<h2>Dla kogo jest KROSS Lea 1.0?<\/h2>\n<p>KROSS Lea 1.0 to rower stworzony z my\u015bl\u0105 o aktywnych kobietach, kt\u00f3re ceni\u0105 sobie wygod\u0119, kontrol\u0119 oraz wszechstronno\u015b\u0107. Idealnie sprawdza si\u0119 nie tylko w codziennym u\u017cytkowaniu, ale r\u00f3wnie\u017c podczas weekendowych wycieczek do lasu. Niezale\u017cnie od tego, czy jeste\u015b do\u015bwiadczon\u0105 rowerzystk\u0105, czy dopiero zaczynasz swoj\u0105 przygod\u0119 z jazd\u0105 terenow\u0105, ten model z pewno\u015bci\u0105 spe\u0142ni Twoje oczekiwania.<\/p>\n<p>Jego lekko\u015b\u0107, nowoczesny design oraz funkcjonalno\u015b\u0107 czyni\u0105 z KROSS Lea 1.0 nie tylko narz\u0119dzie do transportu, ale tak\u017ce niezawodnego towarzysza w podr\u00f3\u017cach pe\u0142nych przyg\u00f3d. Niezale\u017cnie od wybranej trasy, ten rower dostarczy Ci niezapomnianych wra\u017ce\u0144 i komfortowej jazdy.<\/p>\n<h2>Dlaczego warto wybra\u0107 KROSS Lea 1.0?<\/h2>\n<p>Wybieraj\u0105c KROSS Lea 1.0, inwestujesz w wysokiej jako\u015bci rower, kt\u00f3ry \u0142\u0105czy w sobie sportowy charakter z funkcjonalno\u015bci\u0105 na co dzie\u0144. Wytrzyma\u0142a konstrukcja, nowoczesne technologie oraz komfort jazdy to kluczowe cechy tego modelu. Rower ten spe\u0142nia oczekiwania zar\u00f3wno na miejskich drogach, jak i w trudnym terenie, co czyni go wszechstronnym wyborem dla ka\u017cdej pasjonatki jazdy na dw\u00f3ch k\u00f3\u0142kach.<\/p>\n<p><strong>Specyfikacja:<\/strong><a href=\"https:\/\/kross.pl\/lea-1-0-rozowy-szary-matowy-2\" rel=\"nofollow\">https:\/\/kross.pl\/lea-1-0-rozowy-szary-matowy-2<\/a><\/p>\n","protected":false},"excerpt":{"rendered":"<p>KROSS LEA 1.0 &#8211; Rower MTB dla Aktywnych Kobiet Wytrzyma\u0142a konstrukcja i komfortowa jazda KROSS Lea 1.0 to rower g\u00f3rski typu MTB, kt\u00f3ry wyr\u00f3\u017cnia si\u0119 lekk\u0105 i stabiln\u0105 ram\u0105 wykonan\u0105 z aluminium 6061. Materia\u0142 ten nie tylko gwarantuje wytrzyma\u0142o\u015b\u0107 i odporno\u015b\u0107 na uszkodzenia, ale r\u00f3wnie\u017c zapewnia odpowiedni\u0105 sztywno\u015b\u0107, co jest niezwykle istotne podczas pokonywania trudnych<\/p>\n","protected":false},"featured_media":212,"comment_status":"open","ping_status":"closed","template":"","meta":[],"product_brand":[16],"product_cat":[28,42],"product_tag":[],"class_list":{"0":"post-213","1":"product","2":"type-product","3":"status-publish","4":"has-post-thumbnail","6":"product_brand-kross","7":"product_cat-mtb-damskie","8":"product_cat-rowery","10":"first","11":"instock","12":"shipping-taxable","13":"product-type-simple"},"yoast_head":"<!-- This site is optimized with the Yoast SEO plugin v26.8 - https:\/\/yoast.com\/product\/yoast-seo-wordpress\/ -->\n<title>Rower KROSS LEA 1.0 - Strona rowerowa - ulubiona strona ka\u017cdego rowerzysty<\/title>\n<meta name=\"robots\" content=\"index, follow, max-snippet:-1, max-image-preview:large, max-video-preview:-1\" \/>\n<link rel=\"canonical\" href=\"https:\/\/stronarowerowa.pl\/?product=rower-kross-lea-1-0\" \/>\n<meta property=\"og:locale\" content=\"pl_PL\" \/>\n<meta property=\"og:type\" content=\"article\" \/>\n<meta property=\"og:title\" content=\"Rower KROSS LEA 1.0 - Strona rowerowa - ulubiona strona ka\u017cdego rowerzysty\" \/>\n<meta property=\"og:description\" content=\"KROSS LEA 1.0 &#8211; Rower MTB dla Aktywnych Kobiet Wytrzyma\u0142a konstrukcja i komfortowa jazda KROSS Lea 1.0 to rower g\u00f3rski typu MTB, kt\u00f3ry wyr\u00f3\u017cnia si\u0119 lekk\u0105 i stabiln\u0105 ram\u0105 wykonan\u0105 z aluminium 6061. Materia\u0142 ten nie tylko gwarantuje wytrzyma\u0142o\u015b\u0107 i odporno\u015b\u0107 na uszkodzenia, ale r\u00f3wnie\u017c zapewnia odpowiedni\u0105 sztywno\u015b\u0107, co jest niezwykle istotne podczas pokonywania trudnych\" \/>\n<meta property=\"og:url\" content=\"https:\/\/stronarowerowa.pl\/?product=rower-kross-lea-1-0\" \/>\n<meta property=\"og:site_name\" content=\"Strona rowerowa - ulubiona strona ka\u017cdego rowerzysty\" \/>\n<meta property=\"article:modified_time\" content=\"2026-01-21T13:23:40+00:00\" \/>\n<meta property=\"og:image\" content=\"https:\/\/stronarowerowa.pl\/wp-content\/uploads\/2026\/01\/lea-10.jpg\" \/>\n\t<meta property=\"og:image:width\" content=\"950\" \/>\n\t<meta property=\"og:image:height\" content=\"720\" \/>\n\t<meta property=\"og:image:type\" content=\"image\/jpeg\" \/>\n<meta name=\"twitter:card\" content=\"summary_large_image\" \/>\n<meta name=\"twitter:label1\" content=\"Szacowany czas czytania\" \/>\n\t<meta name=\"twitter:data1\" content=\"3 minuty\" \/>\n<script type=\"application\/ld+json\" class=\"yoast-schema-graph\">{\"@context\":\"https:\/\/schema.org\",\"@graph\":[{\"@type\":\"WebPage\",\"@id\":\"https:\/\/stronarowerowa.pl\/?product=rower-kross-lea-1-0\",\"url\":\"https:\/\/stronarowerowa.pl\/?product=rower-kross-lea-1-0\",\"name\":\"Rower KROSS LEA 1.0 - Strona rowerowa - ulubiona strona ka\u017cdego rowerzysty\",\"isPartOf\":{\"@id\":\"https:\/\/stronarowerowa.pl\/#website\"},\"primaryImageOfPage\":{\"@id\":\"https:\/\/stronarowerowa.pl\/?product=rower-kross-lea-1-0#primaryimage\"},\"image\":{\"@id\":\"https:\/\/stronarowerowa.pl\/?product=rower-kross-lea-1-0#primaryimage\"},\"thumbnailUrl\":\"https:\/\/stronarowerowa.pl\/wp-content\/uploads\/2026\/01\/lea-10.jpg\",\"datePublished\":\"2026-01-21T12:14:49+00:00\",\"dateModified\":\"2026-01-21T13:23:40+00:00\",\"breadcrumb\":{\"@id\":\"https:\/\/stronarowerowa.pl\/?product=rower-kross-lea-1-0#breadcrumb\"},\"inLanguage\":\"pl-PL\",\"potentialAction\":[{\"@type\":\"ReadAction\",\"target\":[\"https:\/\/stronarowerowa.pl\/?product=rower-kross-lea-1-0\"]}]},{\"@type\":\"ImageObject\",\"inLanguage\":\"pl-PL\",\"@id\":\"https:\/\/stronarowerowa.pl\/?product=rower-kross-lea-1-0#primaryimage\",\"url\":\"https:\/\/stronarowerowa.pl\/wp-content\/uploads\/2026\/01\/lea-10.jpg\",\"contentUrl\":\"https:\/\/stronarowerowa.pl\/wp-content\/uploads\/2026\/01\/lea-10.jpg\",\"width\":950,\"height\":720},{\"@type\":\"BreadcrumbList\",\"@id\":\"https:\/\/stronarowerowa.pl\/?product=rower-kross-lea-1-0#breadcrumb\",\"itemListElement\":[{\"@type\":\"ListItem\",\"position\":1,\"name\":\"Strona g\u0142\u00f3wna\",\"item\":\"https:\/\/stronarowerowa.pl\/\"},{\"@type\":\"ListItem\",\"position\":2,\"name\":\"Rower KROSS LEA 1.0\"}]},{\"@type\":\"WebSite\",\"@id\":\"https:\/\/stronarowerowa.pl\/#website\",\"url\":\"https:\/\/stronarowerowa.pl\/\",\"name\":\"Strona rowerowa - ulubiona strona ka\u017cdego rowerzysty\",\"description\":\"\",\"potentialAction\":[{\"@type\":\"SearchAction\",\"target\":{\"@type\":\"EntryPoint\",\"urlTemplate\":\"https:\/\/stronarowerowa.pl\/?s={search_term_string}\"},\"query-input\":{\"@type\":\"PropertyValueSpecification\",\"valueRequired\":true,\"valueName\":\"search_term_string\"}}],\"inLanguage\":\"pl-PL\"}]}<\/script>\n<!-- \/ Yoast SEO plugin. -->","yoast_head_json":{"title":"Rower KROSS LEA 1.0 - Strona rowerowa - ulubiona strona ka\u017cdego rowerzysty","robots":{"index":"index","follow":"follow","max-snippet":"max-snippet:-1","max-image-preview":"max-image-preview:large","max-video-preview":"max-video-preview:-1"},"canonical":"https:\/\/stronarowerowa.pl\/?product=rower-kross-lea-1-0","og_locale":"pl_PL","og_type":"article","og_title":"Rower KROSS LEA 1.0 - Strona rowerowa - ulubiona strona ka\u017cdego rowerzysty","og_description":"KROSS LEA 1.0 &#8211; Rower MTB dla Aktywnych Kobiet Wytrzyma\u0142a konstrukcja i komfortowa jazda KROSS Lea 1.0 to rower g\u00f3rski typu MTB, kt\u00f3ry wyr\u00f3\u017cnia si\u0119 lekk\u0105 i stabiln\u0105 ram\u0105 wykonan\u0105 z aluminium 6061. Materia\u0142 ten nie tylko gwarantuje wytrzyma\u0142o\u015b\u0107 i odporno\u015b\u0107 na uszkodzenia, ale r\u00f3wnie\u017c zapewnia odpowiedni\u0105 sztywno\u015b\u0107, co jest niezwykle istotne podczas pokonywania trudnych","og_url":"https:\/\/stronarowerowa.pl\/?product=rower-kross-lea-1-0","og_site_name":"Strona rowerowa - ulubiona strona ka\u017cdego rowerzysty","article_modified_time":"2026-01-21T13:23:40+00:00","og_image":[{"width":950,"height":720,"url":"https:\/\/stronarowerowa.pl\/wp-content\/uploads\/2026\/01\/lea-10.jpg","type":"image\/jpeg"}],"twitter_card":"summary_large_image","twitter_misc":{"Szacowany czas czytania":"3 minuty"},"schema":{"@context":"https:\/\/schema.org","@graph":[{"@type":"WebPage","@id":"https:\/\/stronarowerowa.pl\/?product=rower-kross-lea-1-0","url":"https:\/\/stronarowerowa.pl\/?product=rower-kross-lea-1-0","name":"Rower KROSS LEA 1.0 - Strona rowerowa - ulubiona strona ka\u017cdego rowerzysty","isPartOf":{"@id":"https:\/\/stronarowerowa.pl\/#website"},"primaryImageOfPage":{"@id":"https:\/\/stronarowerowa.pl\/?product=rower-kross-lea-1-0#primaryimage"},"image":{"@id":"https:\/\/stronarowerowa.pl\/?product=rower-kross-lea-1-0#primaryimage"},"thumbnailUrl":"https:\/\/stronarowerowa.pl\/wp-content\/uploads\/2026\/01\/lea-10.jpg","datePublished":"2026-01-21T12:14:49+00:00","dateModified":"2026-01-21T13:23:40+00:00","breadcrumb":{"@id":"https:\/\/stronarowerowa.pl\/?product=rower-kross-lea-1-0#breadcrumb"},"inLanguage":"pl-PL","potentialAction":[{"@type":"ReadAction","target":["https:\/\/stronarowerowa.pl\/?product=rower-kross-lea-1-0"]}]},{"@type":"ImageObject","inLanguage":"pl-PL","@id":"https:\/\/stronarowerowa.pl\/?product=rower-kross-lea-1-0#primaryimage","url":"https:\/\/stronarowerowa.pl\/wp-content\/uploads\/2026\/01\/lea-10.jpg","contentUrl":"https:\/\/stronarowerowa.pl\/wp-content\/uploads\/2026\/01\/lea-10.jpg","width":950,"height":720},{"@type":"BreadcrumbList","@id":"https:\/\/stronarowerowa.pl\/?product=rower-kross-lea-1-0#breadcrumb","itemListElement":[{"@type":"ListItem","position":1,"name":"Strona g\u0142\u00f3wna","item":"https:\/\/stronarowerowa.pl\/"},{"@type":"ListItem","position":2,"name":"Rower KROSS LEA 1.0"}]},{"@type":"WebSite","@id":"https:\/\/stronarowerowa.pl\/#website","url":"https:\/\/stronarowerowa.pl\/","name":"Strona rowerowa - ulubiona strona ka\u017cdego rowerzysty","description":"","potentialAction":[{"@type":"SearchAction","target":{"@type":"EntryPoint","urlTemplate":"https:\/\/stronarowerowa.pl\/?s={search_term_string}"},"query-input":{"@type":"PropertyValueSpecification","valueRequired":true,"valueName":"search_term_string"}}],"inLanguage":"pl-PL"}]}},"_links":{"self":[{"href":"https:\/\/stronarowerowa.pl\/index.php?rest_route=\/wp\/v2\/product\/213","targetHints":{"allow":["GET"]}}],"collection":[{"href":"https:\/\/stronarowerowa.pl\/index.php?rest_route=\/wp\/v2\/product"}],"about":[{"href":"https:\/\/stronarowerowa.pl\/index.php?rest_route=\/wp\/v2\/types\/product"}],"replies":[{"embeddable":true,"href":"https:\/\/stronarowerowa.pl\/index.php?rest_route=%2Fwp%2Fv2%2Fcomments&post=213"}],"wp:featuredmedia":[{"embeddable":true,"href":"https:\/\/stronarowerowa.pl\/index.php?rest_route=\/wp\/v2\/media\/212"}],"wp:attachment":[{"href":"https:\/\/stronarowerowa.pl\/index.php?rest_route=%2Fwp%2Fv2%2Fmedia&parent=213"}],"wp:term":[{"taxonomy":"product_brand","embeddable":true,"href":"https:\/\/stronarowerowa.pl\/index.php?rest_route=%2Fwp%2Fv2%2Fproduct_brand&post=213"},{"taxonomy":"product_cat","embeddable":true,"href":"https:\/\/stronarowerowa.pl\/index.php?rest_route=%2Fwp%2Fv2%2Fproduct_cat&post=213"},{"taxonomy":"product_tag","embeddable":true,"href":"https:\/\/stronarowerowa.pl\/index.php?rest_route=%2Fwp%2Fv2%2Fproduct_tag&post=213"}],"curies":[{"name":"wp","href":"https:\/\/api.w.org\/{rel}","templated":true}]}}