{"id":229,"date":"2026-01-21T13:16:15","date_gmt":"2026-01-21T12:16:15","guid":{"rendered":"http:\/\/drawsko.blinked.pl\/stronarowerowa.pl\/?product=rower-kross-level-jr-2-0"},"modified":"2026-01-21T14:23:19","modified_gmt":"2026-01-21T13:23:19","slug":"rower-kross-level-jr-2-0","status":"publish","type":"product","link":"https:\/\/stronarowerowa.pl\/?product=rower-kross-level-jr-2-0","title":{"rendered":"Rower KROSS LEVEL JR 2.0"},"content":{"rendered":"<h2>Wszechstronno\u015b\u0107 w ka\u017cdej sytuacji<\/h2>\n<p>KROSS LEVEL JR 2.0 to rekreacyjny rower g\u00f3rski, kt\u00f3ry \u0142\u0105czy w sobie funkcjonalno\u015b\u0107 i nowoczesne rozwi\u0105zania techniczne. Dzi\u0119ki aluminiowej ramie, rower jest wystarczaj\u0105co lekki, aby dzieci mog\u0142y samodzielnie z niego korzysta\u0107, a zarazem wystarczaj\u0105co wytrzyma\u0142y, aby sprosta\u0107 wszelkim wymaganiom. Niezale\u017cnie od tego, czy jakie\u015b dziecko jedzie na rowerze do szko\u0142y, czy rusza na weekendow\u0105 przygod\u0119 w terenie, LEVEL JR 2.0 sprosta tym wyzwaniom z \u0142atwo\u015bci\u0105.<\/p>\n<h2>Osprz\u0119t i hamulce<\/h2>\n<p>Rower KROSS LEVEL JR 2.0 wyposa\u017cony jest w nap\u0119d 1&#215;8, co zapewnia dzieciom proste i intuicyjne zmienianie bieg\u00f3w. Tylna przerzutka od renomowanej marki Shimano gwarantuje p\u0142ynne przej\u015bcia mi\u0119dzy prze\u0142o\u017ceniami, co jest szczeg\u00f3lnie istotne w trudnych warunkach terenowych oraz podczas zjazd\u00f3w. Dodatkowo, hamulce tarczowe Shimano znacz\u0105co poprawiaj\u0105 bezpiecze\u0144stwo u\u017cytkowania. Umo\u017cliwiaj\u0105 one efektywne hamowanie w ka\u017cdych warunkach, niezale\u017cnie od pogody, co jest kluczowe podczas jazdy w deszczu lub na b\u0142otnistych nawierzchniach.<\/p>\n<h3>Bezpiecze\u0144stwo i kontrola<\/h3>\n<p>Nowoczesne rozwi\u0105zania zastosowane w KROSS LEVEL JR 2.0 zapewniaj\u0105 dzieciom pe\u0142ne zaufanie podczas jazdy. Hydrauliczne hamulce tarczowe oferuj\u0105 lepsz\u0105 modulacj\u0119 si\u0142y hamowania w por\u00f3wnaniu do tradycyjnych hamulc\u00f3w v-brake, co zwi\u0119ksza kontrol\u0119 nad rowerem. Dzi\u0119ki temu mali cykli\u015bci mog\u0105 bezpiecznie i pewnie pokonywa\u0107 r\u00f3\u017cnorodne przeszkody, co czyni jazd\u0119 na tym rowerze jeszcze bardziej komfortow\u0105.<\/p>\n<h2>Komfort u\u017cytkowania<\/h2>\n<p>Rama roweru KROSS LEVEL JR 2.0 wykonana jest z wysokiej jako\u015bci aluminium 6061, co zapewnia sztywno\u015b\u0107 oraz odporno\u015b\u0107 na uszkodzenia. Pow\u0142oka malarska proszkowa sprawia, \u017ce lakier jest odporny na zarysowania oraz r\u00f3\u017cnorodne uszkodzenia mechaniczne. Zastosowanie wewn\u0119trznego prowadzenia linek sprawia, \u017ce estetyka roweru pozostaje na wysokim poziomie, a tak\u017ce minimalizuje ryzyko ich zerwania w czasie jazdy. Sztywny widelec dodatkowo pozytywnie wp\u0142ywa na stabilno\u015b\u0107 roweru przy du\u017cych pr\u0119dko\u015bciach.<\/p>\n<h3>Technologie w s\u0142u\u017cbie ma\u0142ych rowerzyst\u00f3w<\/h3>\n<p>KROSS LEVEL JR 2.0 wyposa\u017cony jest w szereg nowoczesnych rozwi\u0105za\u0144, kt\u00f3re nie tylko poprawiaj\u0105 funkcjonalno\u015b\u0107 roweru, ale r\u00f3wnie\u017c zwi\u0119kszaj\u0105 komfort jazdy. Niekt\u00f3re z tych technologii, takie jak RHS System, pozwalaj\u0105 na szybk\u0105 wymian\u0119 uszkodzonych hak\u00f3w bez konieczno\u015bci wizyty w serwisie. To sprawia, \u017ce rower jest znacznie bardziej praktyczny i bezpieczny dla dzieci. System wewn\u0119trznego prowadzenia linek, zastosowany w konstrukcji, przeciwdzia\u0142a uszkodzeniom i zapewnia d\u0142u\u017csz\u0105 \u017cywotno\u015b\u0107 element\u00f3w osprz\u0119tu.<\/p>\n<h2>Wytrzyma\u0142o\u015b\u0107 i styl<\/h2>\n<p>KROSS LEVEL JR 2.0 to po\u0142\u0105czenie nowoczesnego wygl\u0105du oraz wysokiej wytrzyma\u0142o\u015bci. Dzi\u0119ki unikalnemu malowaniu proszkowemu, rower zachowuje \u015bwie\u017cy wygl\u0105d przez d\u0142ugi czas. Estetyczny design, zw\u0142aszcza przy zastosowaniu r\u00f3\u017cnych kolor\u00f3w i detali, sprawia, \u017ce dzieci ch\u0119tnie si\u0119gaj\u0105 po ten model. Rower ten to nie tylko funkcjonalno\u015b\u0107 i technologia &#8211; to tak\u017ce styl i charakter, kt\u00f3re przyci\u0105gaj\u0105 m\u0142odych cyklist\u00f3w.<\/p>\n<h2>Podj\u0119cie decyzji<\/h2>\n<p>KROSS LEVEL JR 2.0 to doskona\u0142y wyb\u00f3r dla m\u0142odych cyklist\u00f3w, kt\u00f3rzy szukaj\u0105 nie tylko roweru do codziennych dojazd\u00f3w, ale tak\u017ce pojazdu do weekendowych przyg\u00f3d. Wysoka jako\u015b\u0107 wykonania, nowoczesne technologie oraz bezpiecze\u0144stwo to cechy, kt\u00f3re sprawiaj\u0105, \u017ce ten model z pewno\u015bci\u0105 spe\u0142ni oczekiwania rodzic\u00f3w oraz dzieci. Dzi\u0119ki KROSS LEVEL JR 2.0 ka\u017cdy ma\u0142y rowerzysta mo\u017ce poczu\u0107 si\u0119 jak prawdziwy mistrz kolarstwa.<\/p>\n<p><strong>Specyfikacja:<\/strong><a href=\"https:\/\/kross.pl\/level-jr-2-0-czarny-zolty-polysk\" rel=\"nofollow\">https:\/\/kross.pl\/level-jr-2-0-czarny-zolty-polysk<\/a><\/p>\n","protected":false},"excerpt":{"rendered":"<p>Wszechstronno\u015b\u0107 w ka\u017cdej sytuacji KROSS LEVEL JR 2.0 to rekreacyjny rower g\u00f3rski, kt\u00f3ry \u0142\u0105czy w sobie funkcjonalno\u015b\u0107 i nowoczesne rozwi\u0105zania techniczne. Dzi\u0119ki aluminiowej ramie, rower jest wystarczaj\u0105co lekki, aby dzieci mog\u0142y samodzielnie z niego korzysta\u0107, a zarazem wystarczaj\u0105co wytrzyma\u0142y, aby sprosta\u0107 wszelkim wymaganiom. Niezale\u017cnie od tego, czy jakie\u015b dziecko jedzie na rowerze do szko\u0142y, czy<\/p>\n","protected":false},"featured_media":228,"comment_status":"open","ping_status":"closed","template":"","meta":[],"product_brand":[16],"product_cat":[43,42],"product_tag":[],"class_list":{"0":"post-229","1":"product","2":"type-product","3":"status-publish","4":"has-post-thumbnail","6":"product_brand-kross","7":"product_cat-mlodziezowe","8":"product_cat-rowery","10":"first","11":"instock","12":"shipping-taxable","13":"product-type-simple"},"yoast_head":"<!-- This site is optimized with the Yoast SEO plugin v26.8 - https:\/\/yoast.com\/product\/yoast-seo-wordpress\/ -->\n<title>Rower KROSS LEVEL JR 2.0 - Strona rowerowa - ulubiona strona ka\u017cdego rowerzysty<\/title>\n<meta name=\"robots\" content=\"index, follow, max-snippet:-1, max-image-preview:large, max-video-preview:-1\" \/>\n<link rel=\"canonical\" href=\"https:\/\/stronarowerowa.pl\/?product=rower-kross-level-jr-2-0\" \/>\n<meta property=\"og:locale\" content=\"pl_PL\" \/>\n<meta property=\"og:type\" content=\"article\" \/>\n<meta property=\"og:title\" content=\"Rower KROSS LEVEL JR 2.0 - Strona rowerowa - ulubiona strona ka\u017cdego rowerzysty\" \/>\n<meta property=\"og:description\" content=\"Wszechstronno\u015b\u0107 w ka\u017cdej sytuacji KROSS LEVEL JR 2.0 to rekreacyjny rower g\u00f3rski, kt\u00f3ry \u0142\u0105czy w sobie funkcjonalno\u015b\u0107 i nowoczesne rozwi\u0105zania techniczne. Dzi\u0119ki aluminiowej ramie, rower jest wystarczaj\u0105co lekki, aby dzieci mog\u0142y samodzielnie z niego korzysta\u0107, a zarazem wystarczaj\u0105co wytrzyma\u0142y, aby sprosta\u0107 wszelkim wymaganiom. Niezale\u017cnie od tego, czy jakie\u015b dziecko jedzie na rowerze do szko\u0142y, czy\" \/>\n<meta property=\"og:url\" content=\"https:\/\/stronarowerowa.pl\/?product=rower-kross-level-jr-2-0\" \/>\n<meta property=\"og:site_name\" content=\"Strona rowerowa - ulubiona strona ka\u017cdego rowerzysty\" \/>\n<meta property=\"article:modified_time\" content=\"2026-01-21T13:23:19+00:00\" \/>\n<meta property=\"og:image\" content=\"https:\/\/stronarowerowa.pl\/wp-content\/uploads\/2026\/01\/level-jr-20.jpg\" \/>\n\t<meta property=\"og:image:width\" content=\"950\" \/>\n\t<meta property=\"og:image:height\" content=\"720\" \/>\n\t<meta property=\"og:image:type\" content=\"image\/jpeg\" \/>\n<meta name=\"twitter:card\" content=\"summary_large_image\" \/>\n<meta name=\"twitter:label1\" content=\"Szacowany czas czytania\" \/>\n\t<meta name=\"twitter:data1\" content=\"3 minuty\" \/>\n<script type=\"application\/ld+json\" class=\"yoast-schema-graph\">{\"@context\":\"https:\/\/schema.org\",\"@graph\":[{\"@type\":\"WebPage\",\"@id\":\"https:\/\/stronarowerowa.pl\/?product=rower-kross-level-jr-2-0\",\"url\":\"https:\/\/stronarowerowa.pl\/?product=rower-kross-level-jr-2-0\",\"name\":\"Rower KROSS LEVEL JR 2.0 - Strona rowerowa - ulubiona strona ka\u017cdego rowerzysty\",\"isPartOf\":{\"@id\":\"https:\/\/stronarowerowa.pl\/#website\"},\"primaryImageOfPage\":{\"@id\":\"https:\/\/stronarowerowa.pl\/?product=rower-kross-level-jr-2-0#primaryimage\"},\"image\":{\"@id\":\"https:\/\/stronarowerowa.pl\/?product=rower-kross-level-jr-2-0#primaryimage\"},\"thumbnailUrl\":\"https:\/\/stronarowerowa.pl\/wp-content\/uploads\/2026\/01\/level-jr-20.jpg\",\"datePublished\":\"2026-01-21T12:16:15+00:00\",\"dateModified\":\"2026-01-21T13:23:19+00:00\",\"breadcrumb\":{\"@id\":\"https:\/\/stronarowerowa.pl\/?product=rower-kross-level-jr-2-0#breadcrumb\"},\"inLanguage\":\"pl-PL\",\"potentialAction\":[{\"@type\":\"ReadAction\",\"target\":[\"https:\/\/stronarowerowa.pl\/?product=rower-kross-level-jr-2-0\"]}]},{\"@type\":\"ImageObject\",\"inLanguage\":\"pl-PL\",\"@id\":\"https:\/\/stronarowerowa.pl\/?product=rower-kross-level-jr-2-0#primaryimage\",\"url\":\"https:\/\/stronarowerowa.pl\/wp-content\/uploads\/2026\/01\/level-jr-20.jpg\",\"contentUrl\":\"https:\/\/stronarowerowa.pl\/wp-content\/uploads\/2026\/01\/level-jr-20.jpg\",\"width\":950,\"height\":720},{\"@type\":\"BreadcrumbList\",\"@id\":\"https:\/\/stronarowerowa.pl\/?product=rower-kross-level-jr-2-0#breadcrumb\",\"itemListElement\":[{\"@type\":\"ListItem\",\"position\":1,\"name\":\"Strona g\u0142\u00f3wna\",\"item\":\"https:\/\/stronarowerowa.pl\/\"},{\"@type\":\"ListItem\",\"position\":2,\"name\":\"Rower KROSS LEVEL JR 2.0\"}]},{\"@type\":\"WebSite\",\"@id\":\"https:\/\/stronarowerowa.pl\/#website\",\"url\":\"https:\/\/stronarowerowa.pl\/\",\"name\":\"Strona rowerowa - ulubiona strona ka\u017cdego rowerzysty\",\"description\":\"\",\"potentialAction\":[{\"@type\":\"SearchAction\",\"target\":{\"@type\":\"EntryPoint\",\"urlTemplate\":\"https:\/\/stronarowerowa.pl\/?s={search_term_string}\"},\"query-input\":{\"@type\":\"PropertyValueSpecification\",\"valueRequired\":true,\"valueName\":\"search_term_string\"}}],\"inLanguage\":\"pl-PL\"}]}<\/script>\n<!-- \/ Yoast SEO plugin. -->","yoast_head_json":{"title":"Rower KROSS LEVEL JR 2.0 - Strona rowerowa - ulubiona strona ka\u017cdego rowerzysty","robots":{"index":"index","follow":"follow","max-snippet":"max-snippet:-1","max-image-preview":"max-image-preview:large","max-video-preview":"max-video-preview:-1"},"canonical":"https:\/\/stronarowerowa.pl\/?product=rower-kross-level-jr-2-0","og_locale":"pl_PL","og_type":"article","og_title":"Rower KROSS LEVEL JR 2.0 - Strona rowerowa - ulubiona strona ka\u017cdego rowerzysty","og_description":"Wszechstronno\u015b\u0107 w ka\u017cdej sytuacji KROSS LEVEL JR 2.0 to rekreacyjny rower g\u00f3rski, kt\u00f3ry \u0142\u0105czy w sobie funkcjonalno\u015b\u0107 i nowoczesne rozwi\u0105zania techniczne. Dzi\u0119ki aluminiowej ramie, rower jest wystarczaj\u0105co lekki, aby dzieci mog\u0142y samodzielnie z niego korzysta\u0107, a zarazem wystarczaj\u0105co wytrzyma\u0142y, aby sprosta\u0107 wszelkim wymaganiom. Niezale\u017cnie od tego, czy jakie\u015b dziecko jedzie na rowerze do szko\u0142y, czy","og_url":"https:\/\/stronarowerowa.pl\/?product=rower-kross-level-jr-2-0","og_site_name":"Strona rowerowa - ulubiona strona ka\u017cdego rowerzysty","article_modified_time":"2026-01-21T13:23:19+00:00","og_image":[{"width":950,"height":720,"url":"https:\/\/stronarowerowa.pl\/wp-content\/uploads\/2026\/01\/level-jr-20.jpg","type":"image\/jpeg"}],"twitter_card":"summary_large_image","twitter_misc":{"Szacowany czas czytania":"3 minuty"},"schema":{"@context":"https:\/\/schema.org","@graph":[{"@type":"WebPage","@id":"https:\/\/stronarowerowa.pl\/?product=rower-kross-level-jr-2-0","url":"https:\/\/stronarowerowa.pl\/?product=rower-kross-level-jr-2-0","name":"Rower KROSS LEVEL JR 2.0 - Strona rowerowa - ulubiona strona ka\u017cdego rowerzysty","isPartOf":{"@id":"https:\/\/stronarowerowa.pl\/#website"},"primaryImageOfPage":{"@id":"https:\/\/stronarowerowa.pl\/?product=rower-kross-level-jr-2-0#primaryimage"},"image":{"@id":"https:\/\/stronarowerowa.pl\/?product=rower-kross-level-jr-2-0#primaryimage"},"thumbnailUrl":"https:\/\/stronarowerowa.pl\/wp-content\/uploads\/2026\/01\/level-jr-20.jpg","datePublished":"2026-01-21T12:16:15+00:00","dateModified":"2026-01-21T13:23:19+00:00","breadcrumb":{"@id":"https:\/\/stronarowerowa.pl\/?product=rower-kross-level-jr-2-0#breadcrumb"},"inLanguage":"pl-PL","potentialAction":[{"@type":"ReadAction","target":["https:\/\/stronarowerowa.pl\/?product=rower-kross-level-jr-2-0"]}]},{"@type":"ImageObject","inLanguage":"pl-PL","@id":"https:\/\/stronarowerowa.pl\/?product=rower-kross-level-jr-2-0#primaryimage","url":"https:\/\/stronarowerowa.pl\/wp-content\/uploads\/2026\/01\/level-jr-20.jpg","contentUrl":"https:\/\/stronarowerowa.pl\/wp-content\/uploads\/2026\/01\/level-jr-20.jpg","width":950,"height":720},{"@type":"BreadcrumbList","@id":"https:\/\/stronarowerowa.pl\/?product=rower-kross-level-jr-2-0#breadcrumb","itemListElement":[{"@type":"ListItem","position":1,"name":"Strona g\u0142\u00f3wna","item":"https:\/\/stronarowerowa.pl\/"},{"@type":"ListItem","position":2,"name":"Rower KROSS LEVEL JR 2.0"}]},{"@type":"WebSite","@id":"https:\/\/stronarowerowa.pl\/#website","url":"https:\/\/stronarowerowa.pl\/","name":"Strona rowerowa - ulubiona strona ka\u017cdego rowerzysty","description":"","potentialAction":[{"@type":"SearchAction","target":{"@type":"EntryPoint","urlTemplate":"https:\/\/stronarowerowa.pl\/?s={search_term_string}"},"query-input":{"@type":"PropertyValueSpecification","valueRequired":true,"valueName":"search_term_string"}}],"inLanguage":"pl-PL"}]}},"_links":{"self":[{"href":"https:\/\/stronarowerowa.pl\/index.php?rest_route=\/wp\/v2\/product\/229","targetHints":{"allow":["GET"]}}],"collection":[{"href":"https:\/\/stronarowerowa.pl\/index.php?rest_route=\/wp\/v2\/product"}],"about":[{"href":"https:\/\/stronarowerowa.pl\/index.php?rest_route=\/wp\/v2\/types\/product"}],"replies":[{"embeddable":true,"href":"https:\/\/stronarowerowa.pl\/index.php?rest_route=%2Fwp%2Fv2%2Fcomments&post=229"}],"wp:featuredmedia":[{"embeddable":true,"href":"https:\/\/stronarowerowa.pl\/index.php?rest_route=\/wp\/v2\/media\/228"}],"wp:attachment":[{"href":"https:\/\/stronarowerowa.pl\/index.php?rest_route=%2Fwp%2Fv2%2Fmedia&parent=229"}],"wp:term":[{"taxonomy":"product_brand","embeddable":true,"href":"https:\/\/stronarowerowa.pl\/index.php?rest_route=%2Fwp%2Fv2%2Fproduct_brand&post=229"},{"taxonomy":"product_cat","embeddable":true,"href":"https:\/\/stronarowerowa.pl\/index.php?rest_route=%2Fwp%2Fv2%2Fproduct_cat&post=229"},{"taxonomy":"product_tag","embeddable":true,"href":"https:\/\/stronarowerowa.pl\/index.php?rest_route=%2Fwp%2Fv2%2Fproduct_tag&post=229"}],"curies":[{"name":"wp","href":"https:\/\/api.w.org\/{rel}","templated":true}]}}