{"id":252,"date":"2026-01-21T13:18:10","date_gmt":"2026-01-21T12:18:10","guid":{"rendered":"http:\/\/drawsko.blinked.pl\/stronarowerowa.pl\/?product=rower-kross-esker-4-0-grx"},"modified":"2026-01-21T14:22:45","modified_gmt":"2026-01-21T13:22:45","slug":"rower-kross-esker-4-0-grx","status":"publish","type":"product","link":"https:\/\/stronarowerowa.pl\/?product=rower-kross-esker-4-0-grx","title":{"rendered":"Rower KROSS ESKER 4.0 GRX"},"content":{"rendered":"<h1>ESKER 4.0 GRX \u2013 Idealny rower gravelowy dla entuzjast\u00f3w bikepackingu<\/h1>\n<p>KROSS Esker 4.0 to wyj\u0105tkowy rower gravelowy, kt\u00f3ry \u0142\u0105czy w sobie komfort, funkcjonalno\u015b\u0107 oraz solidno\u015b\u0107. Przeznaczony dla entuzjast\u00f3w bikepackingu, doskonale sprawdzi si\u0119 zar\u00f3wno na asfaltowych drogach, jak i na trudniejszych nawierzchniach terenowych. Dzi\u0119ki u\u017cytym materia\u0142om oraz nowoczesnym rozwi\u0105zaniom technologicznym, rower ten zapewnia niezawodno\u015b\u0107 na d\u0142ugich wyprawach.<\/p>\n<h2>Wysokiej klasy osprz\u0119t i komfort jazdy<\/h2>\n<p>Rower KROSS Esker 4.0 wyposa\u017cony jest w wysokiej jako\u015bci osprz\u0119t marki Shimano, co sprawia, \u017ce jest to doskona\u0142y wyb\u00f3r dla ka\u017cdego rowerzysty. Nap\u0119d Shimano GRX w systemie 2&#215;10 gwarantuje p\u0142ynne i komfortowe prze\u0142o\u017cenia, zapewniaj\u0105c jednocze\u015bnie pe\u0142n\u0105 kontrol\u0119 na ka\u017cdym szlaku. Kaseta w zakresie 11-34 zadba o to, aby jazda po p\u0142askich odcinkach by\u0142a szybka, natomiast strome wzniesienia nie stanowi\u0105 problemu.<\/p>\n<p>Hamulce tarczowe hydrauliczne Shimano zapewniaj\u0105 \u015bwietn\u0105 modulacj\u0119 si\u0142y hamowania, co przek\u0142ada si\u0119 na wi\u0119ksze bezpiecze\u0144stwo w trudnych warunkach. Ich wydajno\u015b\u0107 jest znacznie wy\u017csza ni\u017c w przypadku klasycznych hamulc\u00f3w v-brake, co pozwala na pewne zatrzymywanie si\u0119 nawet w deszczowych warunkach.<\/p>\n<h3>Budowa i materia\u0142y ramy<\/h3>\n<p>Stalowa rama KROSS Esker 4.0 to klucz do komfortowej jazdy. Materia\u0142 ten, znany z doskona\u0142ych w\u0142a\u015bciwo\u015bci poch\u0142aniania wibracji, nie tylko jednocze\u015bnie jest odporny na uszkodzenia, ale tak\u017ce pozwala na zamontowanie licznych otwor\u00f3w na akcesoria. Ponadto mala proszkowo, co wp\u0142ywa pozytywnie na trwa\u0142o\u015b\u0107 oraz odporno\u015b\u0107 na mechaniczne uszkodzenia.<\/p>\n<p>Rama jest po\u0142\u0105czona z wide\u0142kami z karbonu, co dodatkowo poprawia komfort jazdy, odpowiadaj\u0105c za t\u0142umienie drga\u0144 oraz minimalizuj\u0105c wag\u0119 roweru. W zestawie znajduj\u0105 si\u0119 opony WTB o szeroko\u015bci 42 mm, kt\u00f3re gwarantuj\u0105 doskona\u0142\u0105 przyczepno\u015b\u0107 i stabilno\u015b\u0107, nawet na najbardziej wymagaj\u0105cych trasach.<\/p>\n<h2>Nowoczesne technologie i zastosowania<\/h2>\n<p>KROSS Esker 4.0 to nie tylko tradycyjny rower gravelowy, ale tak\u017ce przyk\u0142ad nowoczesnych rozwi\u0105za\u0144 technologicznych. System wymiennych hak\u00f3w RHS pozwala na szybkie i \u0142atwe naprawy w razie uszkodze\u0144, co znacz\u0105co podnosi bezpiecze\u0144stwo u\u017cytkowania.<\/p>\n<p>Dzi\u0119ki nowemu standardowi mocowania hamulc\u00f3w Flat Mount, rower osi\u0105ga wy\u017csz\u0105 sztywno\u015b\u0107 oraz lepsz\u0105 aerodynamik\u0119. Te korzystne cechy umo\u017cliwiaj\u0105 osi\u0105ganie lepszych wynik\u00f3w na trasie, zwi\u0119kszaj\u0105c jednocze\u015bnie wygod\u0119 jazdy. Pow\u0142oka malarska za pomoc\u0105 farby proszkowej zwi\u0119ksza odporno\u015b\u0107 na wszelkie uszkodzenia mechaniczne, co dodatkowo wyd\u0142u\u017ca \u017cywotno\u015b\u0107 ca\u0142ej konstrukcji.<\/p>\n<h3>Komfort podr\u00f3\u017cowania i przyjemno\u015b\u0107 z jazdy<\/h3>\n<p>Rower KROSS Esker 4.0 by\u0142 zaprojektowany z my\u015bl\u0105 o d\u0142ugodystansowych podr\u00f3\u017cach. Opr\u00f3cz doskona\u0142ych w\u0142a\u015bciwo\u015bci jezdnych, zwr\u00f3cono uwag\u0119 na komfort siedzenia. Siod\u0142o dedykowane dla rower\u00f3w szutrowych oraz owijka Fizik gwarantuj\u0105 przyjemno\u015b\u0107 z jazdy, nawet podczas d\u0142ugich tras.<\/p>\n<p>Rower ten to idealne rozwi\u0105zanie dla os\u00f3b, kt\u00f3re pragn\u0105 eksplorowa\u0107 nowe tereny, ceni\u0105c sobie wygod\u0119 oraz funkcjonalno\u015b\u0107. Odkryj pi\u0119kno jazdy na gravelu z KROSS Esker 4.0 \u2013 niezawodnym towarzyszem w ka\u017cdej sytuacji.<\/p>\n<h2>Wra\u017cenia z jazdy<\/h2>\n<p>Bez wzgl\u0119du na wyb\u00f3r trasy, KROSS Esker 4.0 dostarcza niezapomnianych wra\u017ce\u0144. Dzi\u0119ki swojej wszechstronno\u015bci, sprawdza si\u0119 zar\u00f3wno na d\u0142ugich, asfaltowych odcinkach, jak i na kr\u0119tych, szutrowych \u015bcie\u017ckach. Rower ten to synonim przygody i odkrywania, otwieraj\u0105c drzwi do \u015bwiata nowych do\u015bwiadcze\u0144.<\/p>\n<p><strong>Specyfikacja:<\/strong><a href=\"https:\/\/kross.pl\/esker-4-0-grx-zielony-czarny-polysk-1\" rel=\"nofollow\">https:\/\/kross.pl\/esker-4-0-grx-zielony-czarny-polysk-1<\/a><\/p>\n","protected":false},"excerpt":{"rendered":"<p>ESKER 4.0 GRX \u2013 Idealny rower gravelowy dla entuzjast\u00f3w bikepackingu KROSS Esker 4.0 to wyj\u0105tkowy rower gravelowy, kt\u00f3ry \u0142\u0105czy w sobie komfort, funkcjonalno\u015b\u0107 oraz solidno\u015b\u0107. Przeznaczony dla entuzjast\u00f3w bikepackingu, doskonale sprawdzi si\u0119 zar\u00f3wno na asfaltowych drogach, jak i na trudniejszych nawierzchniach terenowych. Dzi\u0119ki u\u017cytym materia\u0142om oraz nowoczesnym rozwi\u0105zaniom technologicznym, rower ten zapewnia niezawodno\u015b\u0107 na d\u0142ugich<\/p>\n","protected":false},"featured_media":251,"comment_status":"open","ping_status":"closed","template":"","meta":[],"product_brand":[16],"product_cat":[35,42],"product_tag":[],"class_list":{"0":"post-252","1":"product","2":"type-product","3":"status-publish","4":"has-post-thumbnail","6":"product_brand-kross","7":"product_cat-gravel","8":"product_cat-rowery","10":"first","11":"instock","12":"shipping-taxable","13":"purchasable","14":"product-type-simple"},"yoast_head":"<!-- This site is optimized with the Yoast SEO plugin v26.8 - https:\/\/yoast.com\/product\/yoast-seo-wordpress\/ -->\n<title>Rower KROSS ESKER 4.0 GRX - Strona rowerowa - ulubiona strona ka\u017cdego rowerzysty<\/title>\n<meta name=\"robots\" content=\"index, follow, max-snippet:-1, max-image-preview:large, max-video-preview:-1\" \/>\n<link rel=\"canonical\" href=\"https:\/\/stronarowerowa.pl\/?product=rower-kross-esker-4-0-grx\" \/>\n<meta property=\"og:locale\" content=\"pl_PL\" \/>\n<meta property=\"og:type\" content=\"article\" \/>\n<meta property=\"og:title\" content=\"Rower KROSS ESKER 4.0 GRX - Strona rowerowa - ulubiona strona ka\u017cdego rowerzysty\" \/>\n<meta property=\"og:description\" content=\"ESKER 4.0 GRX \u2013 Idealny rower gravelowy dla entuzjast\u00f3w bikepackingu KROSS Esker 4.0 to wyj\u0105tkowy rower gravelowy, kt\u00f3ry \u0142\u0105czy w sobie komfort, funkcjonalno\u015b\u0107 oraz solidno\u015b\u0107. Przeznaczony dla entuzjast\u00f3w bikepackingu, doskonale sprawdzi si\u0119 zar\u00f3wno na asfaltowych drogach, jak i na trudniejszych nawierzchniach terenowych. Dzi\u0119ki u\u017cytym materia\u0142om oraz nowoczesnym rozwi\u0105zaniom technologicznym, rower ten zapewnia niezawodno\u015b\u0107 na d\u0142ugich\" \/>\n<meta property=\"og:url\" content=\"https:\/\/stronarowerowa.pl\/?product=rower-kross-esker-4-0-grx\" \/>\n<meta property=\"og:site_name\" content=\"Strona rowerowa - ulubiona strona ka\u017cdego rowerzysty\" \/>\n<meta property=\"article:modified_time\" content=\"2026-01-21T13:22:45+00:00\" \/>\n<meta property=\"og:image\" content=\"https:\/\/stronarowerowa.pl\/wp-content\/uploads\/2026\/01\/esker-40-grx.jpg\" \/>\n\t<meta property=\"og:image:width\" content=\"950\" \/>\n\t<meta property=\"og:image:height\" content=\"720\" \/>\n\t<meta property=\"og:image:type\" content=\"image\/jpeg\" \/>\n<meta name=\"twitter:card\" content=\"summary_large_image\" \/>\n<meta name=\"twitter:label1\" content=\"Szacowany czas czytania\" \/>\n\t<meta name=\"twitter:data1\" content=\"3 minuty\" \/>\n<script type=\"application\/ld+json\" class=\"yoast-schema-graph\">{\"@context\":\"https:\/\/schema.org\",\"@graph\":[{\"@type\":\"WebPage\",\"@id\":\"https:\/\/stronarowerowa.pl\/?product=rower-kross-esker-4-0-grx\",\"url\":\"https:\/\/stronarowerowa.pl\/?product=rower-kross-esker-4-0-grx\",\"name\":\"Rower KROSS ESKER 4.0 GRX - Strona rowerowa - ulubiona strona ka\u017cdego rowerzysty\",\"isPartOf\":{\"@id\":\"https:\/\/stronarowerowa.pl\/#website\"},\"primaryImageOfPage\":{\"@id\":\"https:\/\/stronarowerowa.pl\/?product=rower-kross-esker-4-0-grx#primaryimage\"},\"image\":{\"@id\":\"https:\/\/stronarowerowa.pl\/?product=rower-kross-esker-4-0-grx#primaryimage\"},\"thumbnailUrl\":\"https:\/\/stronarowerowa.pl\/wp-content\/uploads\/2026\/01\/esker-40-grx.jpg\",\"datePublished\":\"2026-01-21T12:18:10+00:00\",\"dateModified\":\"2026-01-21T13:22:45+00:00\",\"breadcrumb\":{\"@id\":\"https:\/\/stronarowerowa.pl\/?product=rower-kross-esker-4-0-grx#breadcrumb\"},\"inLanguage\":\"pl-PL\",\"potentialAction\":[{\"@type\":\"ReadAction\",\"target\":[\"https:\/\/stronarowerowa.pl\/?product=rower-kross-esker-4-0-grx\"]}]},{\"@type\":\"ImageObject\",\"inLanguage\":\"pl-PL\",\"@id\":\"https:\/\/stronarowerowa.pl\/?product=rower-kross-esker-4-0-grx#primaryimage\",\"url\":\"https:\/\/stronarowerowa.pl\/wp-content\/uploads\/2026\/01\/esker-40-grx.jpg\",\"contentUrl\":\"https:\/\/stronarowerowa.pl\/wp-content\/uploads\/2026\/01\/esker-40-grx.jpg\",\"width\":950,\"height\":720},{\"@type\":\"BreadcrumbList\",\"@id\":\"https:\/\/stronarowerowa.pl\/?product=rower-kross-esker-4-0-grx#breadcrumb\",\"itemListElement\":[{\"@type\":\"ListItem\",\"position\":1,\"name\":\"Strona g\u0142\u00f3wna\",\"item\":\"https:\/\/stronarowerowa.pl\/\"},{\"@type\":\"ListItem\",\"position\":2,\"name\":\"Rower KROSS ESKER 4.0 GRX\"}]},{\"@type\":\"WebSite\",\"@id\":\"https:\/\/stronarowerowa.pl\/#website\",\"url\":\"https:\/\/stronarowerowa.pl\/\",\"name\":\"Strona rowerowa - ulubiona strona ka\u017cdego rowerzysty\",\"description\":\"\",\"potentialAction\":[{\"@type\":\"SearchAction\",\"target\":{\"@type\":\"EntryPoint\",\"urlTemplate\":\"https:\/\/stronarowerowa.pl\/?s={search_term_string}\"},\"query-input\":{\"@type\":\"PropertyValueSpecification\",\"valueRequired\":true,\"valueName\":\"search_term_string\"}}],\"inLanguage\":\"pl-PL\"}]}<\/script>\n<!-- \/ Yoast SEO plugin. -->","yoast_head_json":{"title":"Rower KROSS ESKER 4.0 GRX - Strona rowerowa - ulubiona strona ka\u017cdego rowerzysty","robots":{"index":"index","follow":"follow","max-snippet":"max-snippet:-1","max-image-preview":"max-image-preview:large","max-video-preview":"max-video-preview:-1"},"canonical":"https:\/\/stronarowerowa.pl\/?product=rower-kross-esker-4-0-grx","og_locale":"pl_PL","og_type":"article","og_title":"Rower KROSS ESKER 4.0 GRX - Strona rowerowa - ulubiona strona ka\u017cdego rowerzysty","og_description":"ESKER 4.0 GRX \u2013 Idealny rower gravelowy dla entuzjast\u00f3w bikepackingu KROSS Esker 4.0 to wyj\u0105tkowy rower gravelowy, kt\u00f3ry \u0142\u0105czy w sobie komfort, funkcjonalno\u015b\u0107 oraz solidno\u015b\u0107. Przeznaczony dla entuzjast\u00f3w bikepackingu, doskonale sprawdzi si\u0119 zar\u00f3wno na asfaltowych drogach, jak i na trudniejszych nawierzchniach terenowych. Dzi\u0119ki u\u017cytym materia\u0142om oraz nowoczesnym rozwi\u0105zaniom technologicznym, rower ten zapewnia niezawodno\u015b\u0107 na d\u0142ugich","og_url":"https:\/\/stronarowerowa.pl\/?product=rower-kross-esker-4-0-grx","og_site_name":"Strona rowerowa - ulubiona strona ka\u017cdego rowerzysty","article_modified_time":"2026-01-21T13:22:45+00:00","og_image":[{"width":950,"height":720,"url":"https:\/\/stronarowerowa.pl\/wp-content\/uploads\/2026\/01\/esker-40-grx.jpg","type":"image\/jpeg"}],"twitter_card":"summary_large_image","twitter_misc":{"Szacowany czas czytania":"3 minuty"},"schema":{"@context":"https:\/\/schema.org","@graph":[{"@type":"WebPage","@id":"https:\/\/stronarowerowa.pl\/?product=rower-kross-esker-4-0-grx","url":"https:\/\/stronarowerowa.pl\/?product=rower-kross-esker-4-0-grx","name":"Rower KROSS ESKER 4.0 GRX - Strona rowerowa - ulubiona strona ka\u017cdego rowerzysty","isPartOf":{"@id":"https:\/\/stronarowerowa.pl\/#website"},"primaryImageOfPage":{"@id":"https:\/\/stronarowerowa.pl\/?product=rower-kross-esker-4-0-grx#primaryimage"},"image":{"@id":"https:\/\/stronarowerowa.pl\/?product=rower-kross-esker-4-0-grx#primaryimage"},"thumbnailUrl":"https:\/\/stronarowerowa.pl\/wp-content\/uploads\/2026\/01\/esker-40-grx.jpg","datePublished":"2026-01-21T12:18:10+00:00","dateModified":"2026-01-21T13:22:45+00:00","breadcrumb":{"@id":"https:\/\/stronarowerowa.pl\/?product=rower-kross-esker-4-0-grx#breadcrumb"},"inLanguage":"pl-PL","potentialAction":[{"@type":"ReadAction","target":["https:\/\/stronarowerowa.pl\/?product=rower-kross-esker-4-0-grx"]}]},{"@type":"ImageObject","inLanguage":"pl-PL","@id":"https:\/\/stronarowerowa.pl\/?product=rower-kross-esker-4-0-grx#primaryimage","url":"https:\/\/stronarowerowa.pl\/wp-content\/uploads\/2026\/01\/esker-40-grx.jpg","contentUrl":"https:\/\/stronarowerowa.pl\/wp-content\/uploads\/2026\/01\/esker-40-grx.jpg","width":950,"height":720},{"@type":"BreadcrumbList","@id":"https:\/\/stronarowerowa.pl\/?product=rower-kross-esker-4-0-grx#breadcrumb","itemListElement":[{"@type":"ListItem","position":1,"name":"Strona g\u0142\u00f3wna","item":"https:\/\/stronarowerowa.pl\/"},{"@type":"ListItem","position":2,"name":"Rower KROSS ESKER 4.0 GRX"}]},{"@type":"WebSite","@id":"https:\/\/stronarowerowa.pl\/#website","url":"https:\/\/stronarowerowa.pl\/","name":"Strona rowerowa - ulubiona strona ka\u017cdego rowerzysty","description":"","potentialAction":[{"@type":"SearchAction","target":{"@type":"EntryPoint","urlTemplate":"https:\/\/stronarowerowa.pl\/?s={search_term_string}"},"query-input":{"@type":"PropertyValueSpecification","valueRequired":true,"valueName":"search_term_string"}}],"inLanguage":"pl-PL"}]}},"_links":{"self":[{"href":"https:\/\/stronarowerowa.pl\/index.php?rest_route=\/wp\/v2\/product\/252","targetHints":{"allow":["GET"]}}],"collection":[{"href":"https:\/\/stronarowerowa.pl\/index.php?rest_route=\/wp\/v2\/product"}],"about":[{"href":"https:\/\/stronarowerowa.pl\/index.php?rest_route=\/wp\/v2\/types\/product"}],"replies":[{"embeddable":true,"href":"https:\/\/stronarowerowa.pl\/index.php?rest_route=%2Fwp%2Fv2%2Fcomments&post=252"}],"wp:featuredmedia":[{"embeddable":true,"href":"https:\/\/stronarowerowa.pl\/index.php?rest_route=\/wp\/v2\/media\/251"}],"wp:attachment":[{"href":"https:\/\/stronarowerowa.pl\/index.php?rest_route=%2Fwp%2Fv2%2Fmedia&parent=252"}],"wp:term":[{"taxonomy":"product_brand","embeddable":true,"href":"https:\/\/stronarowerowa.pl\/index.php?rest_route=%2Fwp%2Fv2%2Fproduct_brand&post=252"},{"taxonomy":"product_cat","embeddable":true,"href":"https:\/\/stronarowerowa.pl\/index.php?rest_route=%2Fwp%2Fv2%2Fproduct_cat&post=252"},{"taxonomy":"product_tag","embeddable":true,"href":"https:\/\/stronarowerowa.pl\/index.php?rest_route=%2Fwp%2Fv2%2Fproduct_tag&post=252"}],"curies":[{"name":"wp","href":"https:\/\/api.w.org\/{rel}","templated":true}]}}