{"id":258,"date":"2026-01-21T13:18:41","date_gmt":"2026-01-21T12:18:41","guid":{"rendered":"http:\/\/drawsko.blinked.pl\/stronarowerowa.pl\/?product=rower-kross-esker-6-0-rival"},"modified":"2026-01-21T14:22:37","modified_gmt":"2026-01-21T13:22:37","slug":"rower-kross-esker-6-0-rival","status":"publish","type":"product","link":"https:\/\/stronarowerowa.pl\/?product=rower-kross-esker-6-0-rival","title":{"rendered":"Rower KROSS ESKER 6.0 RIVAL"},"content":{"rendered":"<h1>ESKER 6.0 RIVAL \u2013 Wszechstronny rower gravelowy do ka\u017cdej przygody<\/h1>\n<h2>Nowoczesna konstrukcja \u0142\u0105cz\u0105ca komfort i wytrzyma\u0142o\u015b\u0107<\/h2>\n<p>KROSS Esker 6.0 to rower gravelowy, kt\u00f3ry zosta\u0142 zaprojektowany z my\u015bl\u0105 o osobach pragn\u0105cych odkrywa\u0107 nowe trasy. Wykonana z aluminium ram\u0119 6061 cechuje doskona\u0142a sztywno\u015b\u0107 oraz odporno\u015b\u0107 na uszkodzenia, co czyni t\u0119 konstrukcj\u0119 niezwykle niezawodn\u0105. Opr\u00f3cz wytrzyma\u0142o\u015bci, ramy te wyr\u00f3\u017cniaj\u0105 si\u0119 stosunkowo nisk\u0105 wag\u0105, co z pewno\u015bci\u0105 przyczyni si\u0119 do przyjemno\u015bci z jazdy. Dzi\u0119ki malowaniu proszkowemu, rower zyska\u0142 dodatkow\u0105 odporno\u015b\u0107 na mechaniczne uszkodzenia, a jednocze\u015bnie prezentuje si\u0119 estetycznie.<\/p>\n<h2>Wydajny nap\u0119d i hydrauliczne hamulce<\/h2>\n<p>Dzi\u0119ki zastosowaniu nap\u0119du SRAM Rival w systemie 1&#215;11, Esker 6.0 oferuje niezr\u00f3wnan\u0105 komfort jazdy w r\u00f3\u017cnych warunkach. Kaseta oferuj\u0105ca zakres 11-42 zaspokaja potrzeby zar\u00f3wno na szybkich, p\u0142askich odcinkach, jak i na stromy wzniesieniach. W po\u0142\u0105czeniu z hydraulicznymi hamulcami tarczowymi, kt\u00f3re zapewniaj\u0105 wi\u0119ksz\u0105 si\u0142\u0119 hamowania w por\u00f3wnaniu do tradycyjnych hamulc\u00f3w v-brake, rowerzysta zyskuje pe\u0142n\u0105 kontrol\u0119 w ka\u017cdych warunkach atmosferycznych.<\/p>\n<h2>Wyposa\u017cenie zapewniaj\u0105ce komfort jazdy<\/h2>\n<p>Opony WTB o szeroko\u015bci 42 mm to kolejny atut Eskera 6.0, kt\u00f3re gwarantuj\u0105 doskona\u0142\u0105 przyczepno\u015b\u0107 zar\u00f3wno na asfalcie, jak i w trudniejszym terenie. R\u00f3wnie\u017c siod\u0142o WTB zosta\u0142o starannie zaprojektowane, aby dostarczy\u0107 optymalny komfort podczas d\u0142ugich jazd. Owijka Fizik zapewnia dodatkowe wsparcie d\u0142oni, co ma znaczenie zw\u0142aszcza na d\u0142u\u017cszych trasach.<\/p>\n<h2>Innowacyjne technologie dla lepszych wra\u017ce\u0144 z jazdy<\/h2>\n<p>W modelu Esker 6.0 zastosowano wiele nowoczesnych rozwi\u0105za\u0144, takich jak Flat Mount, kt\u00f3ry zwi\u0119ksza sztywno\u015b\u0107 oraz obni\u017ca mas\u0119 roweru. Wewn\u0119trzne prowadzenie linek nie tylko poprawia estetyk\u0119, ale r\u00f3wnie\u017c zwi\u0119ksza ich \u017cywotno\u015b\u0107, chroni\u0105c przed niekorzystnymi warunkami atmosferycznymi. System wymiennych hak\u00f3w RHS zapewnia maksymaln\u0105 ochron\u0119 ramy, a sto\u017ckowa g\u0142\u00f3wka ramy T-Head Tube dodatkowo zwi\u0119ksza jej wytrzyma\u0142o\u015b\u0107 i stabilno\u015b\u0107 w prowadzeniu.<\/p>\n<h3>Ekologiczne podej\u015bcie do jazdy<\/h3>\n<p>Dob\u00f3r materia\u0142\u00f3w i technologii w produkcie KROSS Esker 6.0 jest zgodny z ide\u0105 zr\u00f3wnowa\u017conego rozwoju. Aluminium wykorzystane w konstrukcji jest nie tylko lekkie, ale tak\u017ce w pe\u0142ni podlega recyklingowi, co sprawia, \u017ce rower jest przyjazny dla \u015brodowiska. Inwestycja w tego typu produkt to krok w stron\u0119 ekoturystyki i wytrwa\u0142o\u015bci w odkrywaniu natury bez konieczno\u015bci rezygnowania z komfortu.<\/p>\n<h2>Zako\u0144czenie z pasj\u0105 do jazdy<\/h2>\n<p>KROSS Esker 6.0 to rower, kt\u00f3ry spe\u0142ni oczekiwania ka\u017cdego mi\u0142o\u015bnika dw\u00f3ch k\u00f3\u0142ek. Jego wszechstronno\u015b\u0107, komfort oraz zastosowane nowoczesne technologie sprawiaj\u0105, \u017ce sprawdzi si\u0119 zar\u00f3wno w codziennej je\u017adzie po mie\u015bcie, jak i podczas d\u0142ugich wypraw w teren. Z Eskerem ka\u017cda podr\u00f3\u017c staje si\u0119 przygod\u0105, kt\u00f3ra zach\u0119ca do eksploracji nieznanych szlak\u00f3w. Poznaj now\u0105 jako\u015b\u0107 jazdy i daj si\u0119 porwa\u0107 przygodzie z KROSS Esker 6.0!<\/p>\n<p><strong>Specyfikacja:<\/strong><a href=\"https:\/\/kross.pl\/esker-6-0-rival-granatowy-szary-polysk\" rel=\"nofollow\">https:\/\/kross.pl\/esker-6-0-rival-granatowy-szary-polysk<\/a><\/p>\n","protected":false},"excerpt":{"rendered":"<p>ESKER 6.0 RIVAL \u2013 Wszechstronny rower gravelowy do ka\u017cdej przygody Nowoczesna konstrukcja \u0142\u0105cz\u0105ca komfort i wytrzyma\u0142o\u015b\u0107 KROSS Esker 6.0 to rower gravelowy, kt\u00f3ry zosta\u0142 zaprojektowany z my\u015bl\u0105 o osobach pragn\u0105cych odkrywa\u0107 nowe trasy. Wykonana z aluminium ram\u0119 6061 cechuje doskona\u0142a sztywno\u015b\u0107 oraz odporno\u015b\u0107 na uszkodzenia, co czyni t\u0119 konstrukcj\u0119 niezwykle niezawodn\u0105. Opr\u00f3cz wytrzyma\u0142o\u015bci, ramy te<\/p>\n","protected":false},"featured_media":257,"comment_status":"open","ping_status":"closed","template":"","meta":[],"product_brand":[16],"product_cat":[35,42],"product_tag":[],"class_list":{"0":"post-258","1":"product","2":"type-product","3":"status-publish","4":"has-post-thumbnail","6":"product_brand-kross","7":"product_cat-gravel","8":"product_cat-rowery","10":"first","11":"instock","12":"sale","13":"shipping-taxable","14":"purchasable","15":"product-type-simple"},"yoast_head":"<!-- This site is optimized with the Yoast SEO plugin v26.8 - https:\/\/yoast.com\/product\/yoast-seo-wordpress\/ -->\n<title>Rower KROSS ESKER 6.0 RIVAL - Strona rowerowa - ulubiona strona ka\u017cdego rowerzysty<\/title>\n<meta name=\"robots\" content=\"index, follow, max-snippet:-1, max-image-preview:large, max-video-preview:-1\" \/>\n<link rel=\"canonical\" href=\"https:\/\/stronarowerowa.pl\/?product=rower-kross-esker-6-0-rival\" \/>\n<meta property=\"og:locale\" content=\"pl_PL\" \/>\n<meta property=\"og:type\" content=\"article\" \/>\n<meta property=\"og:title\" content=\"Rower KROSS ESKER 6.0 RIVAL - Strona rowerowa - ulubiona strona ka\u017cdego rowerzysty\" \/>\n<meta property=\"og:description\" content=\"ESKER 6.0 RIVAL \u2013 Wszechstronny rower gravelowy do ka\u017cdej przygody Nowoczesna konstrukcja \u0142\u0105cz\u0105ca komfort i wytrzyma\u0142o\u015b\u0107 KROSS Esker 6.0 to rower gravelowy, kt\u00f3ry zosta\u0142 zaprojektowany z my\u015bl\u0105 o osobach pragn\u0105cych odkrywa\u0107 nowe trasy. Wykonana z aluminium ram\u0119 6061 cechuje doskona\u0142a sztywno\u015b\u0107 oraz odporno\u015b\u0107 na uszkodzenia, co czyni t\u0119 konstrukcj\u0119 niezwykle niezawodn\u0105. Opr\u00f3cz wytrzyma\u0142o\u015bci, ramy te\" \/>\n<meta property=\"og:url\" content=\"https:\/\/stronarowerowa.pl\/?product=rower-kross-esker-6-0-rival\" \/>\n<meta property=\"og:site_name\" content=\"Strona rowerowa - ulubiona strona ka\u017cdego rowerzysty\" \/>\n<meta property=\"article:modified_time\" content=\"2026-01-21T13:22:37+00:00\" \/>\n<meta property=\"og:image\" content=\"https:\/\/stronarowerowa.pl\/wp-content\/uploads\/2026\/01\/esker-60-rival.jpg\" \/>\n\t<meta property=\"og:image:width\" content=\"950\" \/>\n\t<meta property=\"og:image:height\" content=\"720\" \/>\n\t<meta property=\"og:image:type\" content=\"image\/jpeg\" \/>\n<meta name=\"twitter:card\" content=\"summary_large_image\" \/>\n<meta name=\"twitter:label1\" content=\"Szacowany czas czytania\" \/>\n\t<meta name=\"twitter:data1\" content=\"2 minuty\" \/>\n<script type=\"application\/ld+json\" class=\"yoast-schema-graph\">{\"@context\":\"https:\/\/schema.org\",\"@graph\":[{\"@type\":\"WebPage\",\"@id\":\"https:\/\/stronarowerowa.pl\/?product=rower-kross-esker-6-0-rival\",\"url\":\"https:\/\/stronarowerowa.pl\/?product=rower-kross-esker-6-0-rival\",\"name\":\"Rower KROSS ESKER 6.0 RIVAL - Strona rowerowa - ulubiona strona ka\u017cdego rowerzysty\",\"isPartOf\":{\"@id\":\"https:\/\/stronarowerowa.pl\/#website\"},\"primaryImageOfPage\":{\"@id\":\"https:\/\/stronarowerowa.pl\/?product=rower-kross-esker-6-0-rival#primaryimage\"},\"image\":{\"@id\":\"https:\/\/stronarowerowa.pl\/?product=rower-kross-esker-6-0-rival#primaryimage\"},\"thumbnailUrl\":\"https:\/\/stronarowerowa.pl\/wp-content\/uploads\/2026\/01\/esker-60-rival.jpg\",\"datePublished\":\"2026-01-21T12:18:41+00:00\",\"dateModified\":\"2026-01-21T13:22:37+00:00\",\"breadcrumb\":{\"@id\":\"https:\/\/stronarowerowa.pl\/?product=rower-kross-esker-6-0-rival#breadcrumb\"},\"inLanguage\":\"pl-PL\",\"potentialAction\":[{\"@type\":\"ReadAction\",\"target\":[\"https:\/\/stronarowerowa.pl\/?product=rower-kross-esker-6-0-rival\"]}]},{\"@type\":\"ImageObject\",\"inLanguage\":\"pl-PL\",\"@id\":\"https:\/\/stronarowerowa.pl\/?product=rower-kross-esker-6-0-rival#primaryimage\",\"url\":\"https:\/\/stronarowerowa.pl\/wp-content\/uploads\/2026\/01\/esker-60-rival.jpg\",\"contentUrl\":\"https:\/\/stronarowerowa.pl\/wp-content\/uploads\/2026\/01\/esker-60-rival.jpg\",\"width\":950,\"height\":720},{\"@type\":\"BreadcrumbList\",\"@id\":\"https:\/\/stronarowerowa.pl\/?product=rower-kross-esker-6-0-rival#breadcrumb\",\"itemListElement\":[{\"@type\":\"ListItem\",\"position\":1,\"name\":\"Strona g\u0142\u00f3wna\",\"item\":\"https:\/\/stronarowerowa.pl\/\"},{\"@type\":\"ListItem\",\"position\":2,\"name\":\"Rower KROSS ESKER 6.0 RIVAL\"}]},{\"@type\":\"WebSite\",\"@id\":\"https:\/\/stronarowerowa.pl\/#website\",\"url\":\"https:\/\/stronarowerowa.pl\/\",\"name\":\"Strona rowerowa - ulubiona strona ka\u017cdego rowerzysty\",\"description\":\"\",\"potentialAction\":[{\"@type\":\"SearchAction\",\"target\":{\"@type\":\"EntryPoint\",\"urlTemplate\":\"https:\/\/stronarowerowa.pl\/?s={search_term_string}\"},\"query-input\":{\"@type\":\"PropertyValueSpecification\",\"valueRequired\":true,\"valueName\":\"search_term_string\"}}],\"inLanguage\":\"pl-PL\"}]}<\/script>\n<!-- \/ Yoast SEO plugin. -->","yoast_head_json":{"title":"Rower KROSS ESKER 6.0 RIVAL - Strona rowerowa - ulubiona strona ka\u017cdego rowerzysty","robots":{"index":"index","follow":"follow","max-snippet":"max-snippet:-1","max-image-preview":"max-image-preview:large","max-video-preview":"max-video-preview:-1"},"canonical":"https:\/\/stronarowerowa.pl\/?product=rower-kross-esker-6-0-rival","og_locale":"pl_PL","og_type":"article","og_title":"Rower KROSS ESKER 6.0 RIVAL - Strona rowerowa - ulubiona strona ka\u017cdego rowerzysty","og_description":"ESKER 6.0 RIVAL \u2013 Wszechstronny rower gravelowy do ka\u017cdej przygody Nowoczesna konstrukcja \u0142\u0105cz\u0105ca komfort i wytrzyma\u0142o\u015b\u0107 KROSS Esker 6.0 to rower gravelowy, kt\u00f3ry zosta\u0142 zaprojektowany z my\u015bl\u0105 o osobach pragn\u0105cych odkrywa\u0107 nowe trasy. Wykonana z aluminium ram\u0119 6061 cechuje doskona\u0142a sztywno\u015b\u0107 oraz odporno\u015b\u0107 na uszkodzenia, co czyni t\u0119 konstrukcj\u0119 niezwykle niezawodn\u0105. Opr\u00f3cz wytrzyma\u0142o\u015bci, ramy te","og_url":"https:\/\/stronarowerowa.pl\/?product=rower-kross-esker-6-0-rival","og_site_name":"Strona rowerowa - ulubiona strona ka\u017cdego rowerzysty","article_modified_time":"2026-01-21T13:22:37+00:00","og_image":[{"width":950,"height":720,"url":"https:\/\/stronarowerowa.pl\/wp-content\/uploads\/2026\/01\/esker-60-rival.jpg","type":"image\/jpeg"}],"twitter_card":"summary_large_image","twitter_misc":{"Szacowany czas czytania":"2 minuty"},"schema":{"@context":"https:\/\/schema.org","@graph":[{"@type":"WebPage","@id":"https:\/\/stronarowerowa.pl\/?product=rower-kross-esker-6-0-rival","url":"https:\/\/stronarowerowa.pl\/?product=rower-kross-esker-6-0-rival","name":"Rower KROSS ESKER 6.0 RIVAL - Strona rowerowa - ulubiona strona ka\u017cdego rowerzysty","isPartOf":{"@id":"https:\/\/stronarowerowa.pl\/#website"},"primaryImageOfPage":{"@id":"https:\/\/stronarowerowa.pl\/?product=rower-kross-esker-6-0-rival#primaryimage"},"image":{"@id":"https:\/\/stronarowerowa.pl\/?product=rower-kross-esker-6-0-rival#primaryimage"},"thumbnailUrl":"https:\/\/stronarowerowa.pl\/wp-content\/uploads\/2026\/01\/esker-60-rival.jpg","datePublished":"2026-01-21T12:18:41+00:00","dateModified":"2026-01-21T13:22:37+00:00","breadcrumb":{"@id":"https:\/\/stronarowerowa.pl\/?product=rower-kross-esker-6-0-rival#breadcrumb"},"inLanguage":"pl-PL","potentialAction":[{"@type":"ReadAction","target":["https:\/\/stronarowerowa.pl\/?product=rower-kross-esker-6-0-rival"]}]},{"@type":"ImageObject","inLanguage":"pl-PL","@id":"https:\/\/stronarowerowa.pl\/?product=rower-kross-esker-6-0-rival#primaryimage","url":"https:\/\/stronarowerowa.pl\/wp-content\/uploads\/2026\/01\/esker-60-rival.jpg","contentUrl":"https:\/\/stronarowerowa.pl\/wp-content\/uploads\/2026\/01\/esker-60-rival.jpg","width":950,"height":720},{"@type":"BreadcrumbList","@id":"https:\/\/stronarowerowa.pl\/?product=rower-kross-esker-6-0-rival#breadcrumb","itemListElement":[{"@type":"ListItem","position":1,"name":"Strona g\u0142\u00f3wna","item":"https:\/\/stronarowerowa.pl\/"},{"@type":"ListItem","position":2,"name":"Rower KROSS ESKER 6.0 RIVAL"}]},{"@type":"WebSite","@id":"https:\/\/stronarowerowa.pl\/#website","url":"https:\/\/stronarowerowa.pl\/","name":"Strona rowerowa - ulubiona strona ka\u017cdego rowerzysty","description":"","potentialAction":[{"@type":"SearchAction","target":{"@type":"EntryPoint","urlTemplate":"https:\/\/stronarowerowa.pl\/?s={search_term_string}"},"query-input":{"@type":"PropertyValueSpecification","valueRequired":true,"valueName":"search_term_string"}}],"inLanguage":"pl-PL"}]}},"_links":{"self":[{"href":"https:\/\/stronarowerowa.pl\/index.php?rest_route=\/wp\/v2\/product\/258","targetHints":{"allow":["GET"]}}],"collection":[{"href":"https:\/\/stronarowerowa.pl\/index.php?rest_route=\/wp\/v2\/product"}],"about":[{"href":"https:\/\/stronarowerowa.pl\/index.php?rest_route=\/wp\/v2\/types\/product"}],"replies":[{"embeddable":true,"href":"https:\/\/stronarowerowa.pl\/index.php?rest_route=%2Fwp%2Fv2%2Fcomments&post=258"}],"wp:featuredmedia":[{"embeddable":true,"href":"https:\/\/stronarowerowa.pl\/index.php?rest_route=\/wp\/v2\/media\/257"}],"wp:attachment":[{"href":"https:\/\/stronarowerowa.pl\/index.php?rest_route=%2Fwp%2Fv2%2Fmedia&parent=258"}],"wp:term":[{"taxonomy":"product_brand","embeddable":true,"href":"https:\/\/stronarowerowa.pl\/index.php?rest_route=%2Fwp%2Fv2%2Fproduct_brand&post=258"},{"taxonomy":"product_cat","embeddable":true,"href":"https:\/\/stronarowerowa.pl\/index.php?rest_route=%2Fwp%2Fv2%2Fproduct_cat&post=258"},{"taxonomy":"product_tag","embeddable":true,"href":"https:\/\/stronarowerowa.pl\/index.php?rest_route=%2Fwp%2Fv2%2Fproduct_tag&post=258"}],"curies":[{"name":"wp","href":"https:\/\/api.w.org\/{rel}","templated":true}]}}