{"id":280,"date":"2026-01-21T13:20:42","date_gmt":"2026-01-21T12:20:42","guid":{"rendered":"http:\/\/drawsko.blinked.pl\/stronarowerowa.pl\/?product=rower-kross-mini-3-0"},"modified":"2026-01-21T14:22:02","modified_gmt":"2026-01-21T13:22:02","slug":"rower-kross-mini-3-0","status":"publish","type":"product","link":"https:\/\/stronarowerowa.pl\/?product=rower-kross-mini-3-0","title":{"rendered":"Rower KROSS MINI 3.0"},"content":{"rendered":"<h1>MINI 3.0 &#8211; Rower dla najm\u0142odszych z idealnym po\u0142\u0105czeniem stylu i bezpiecze\u0144stwa<\/h1>\n<p>KROSS Mini 3.0 to rower stworzony przede wszystkim z my\u015bl\u0105 o najm\u0142odszych mi\u0142o\u015bnikach jazdy na dw\u00f3ch k\u00f3\u0142kach. \u0141\u0105czy w sobie atrakcyjny wygl\u0105d, funkcjonalno\u015b\u0107 oraz wysoki poziom bezpiecze\u0144stwa. Dzi\u0119ki lekkim komponentom i intuicyjnej obs\u0142udze, nauka jazdy staje si\u0119 prawdziw\u0105 przyjemno\u015bci\u0105, pozwalaj\u0105c dzieciom na bezstresowe odkrywanie \u015bwiata na rowerze.<\/p>\n<h2>Atrakcyjny wygl\u0105d oraz konstrukcja<\/h2>\n<p>Rower KROSS Mini 3.0 zosta\u0142 zaprojektowany tak, aby przyci\u0105ga\u0107 wzrok. Jego nowoczesne i kolorowe wzornictwo sprawia, \u017ce ka\u017cde dziecko z rado\u015bci\u0105 si\u0119ga po ten pojazd. Jednak nie tylko estetyka ma znaczenie \u2014 rower charakteryzuje si\u0119 r\u00f3wnie\u017c wyj\u0105tkow\u0105 trwa\u0142o\u015bci\u0105. Rama stworzona ze stali gwarantuje sztywno\u015b\u0107 i odporno\u015b\u0107 na uszkodzenia, co jest niezwykle istotne w przypadku rower\u00f3w dla dzieci, kt\u00f3re cz\u0119sto s\u0105 nara\u017cone na r\u00f3\u017cnorodne wstrz\u0105sy i upadki.<\/p>\n<h2>Bezpiecze\u0144stwo na pierwszym miejscu<\/h2>\n<p>KROSS Mini 3.0 dba o bezpiecze\u0144stwo najm\u0142odszych u\u017cytkownik\u00f3w. Rower wyposa\u017cony jest w os\u0142on\u0119, kt\u00f3ra skutecznie chroni \u0142a\u0144cuch i korb\u0119, minimalizuj\u0105c ryzyko przypadkowych uraz\u00f3w. Dodatkowo, w zestawie znajduj\u0105 si\u0119 zdejmowane boczne k\u00f3\u0142ka, kt\u00f3re u\u0142atwiaj\u0105 nauk\u0119 jazdy, pozwalaj\u0105c dzieciom na stopniowe opanowanie r\u00f3wnowagi. To doskona\u0142e rozwi\u0105zanie dla rodzic\u00f3w, kt\u00f3rzy pragn\u0105, aby ich dzieci rozwija\u0142y si\u0119 w bezpieczny spos\u00f3b.<\/p>\n<h2>Wygodna i funkcjonalna konstrukcja<\/h2>\n<p>Niski przekrok ramy KROSS Mini 3.0 zosta\u0142 zaprojektowany z my\u015bl\u0105 o najm\u0142odszych, co sprawia, \u017ce dzieci mog\u0105 \u0142atwo wsiada\u0107 i zsiada\u0107 z roweru. To istotny element, kt\u00f3ry zdecydowanie podnosi komfort u\u017cytkowania. Dodatkowo, hamulec V-brake to kolejny z element\u00f3w, kt\u00f3ry zwi\u0119ksza bezpiecze\u0144stwo jazdy. Dzieci mog\u0105 szybko i pewnie zatrzyma\u0107 si\u0119 w ka\u017cdej sytuacji, co jest niezwykle wa\u017cne podczas nauki jazdy.<\/p>\n<h2>Pow\u0142oka PROTECT &#8211; trwa\u0142o\u015b\u0107 w ka\u017cdym calu<\/h2>\n<p>Rower KROSS Mini 3.0 wyr\u00f3\u017cnia si\u0119 pow\u0142ok\u0105 wykonan\u0105 w technologii Powder Coated, polegaj\u0105c\u0105 na spiekaniu farby proszkowej. Dzi\u0119ki temu, powierzchnia lakieru jest g\u0142adka i wyj\u0105tkowo odporna na mechaniczne uszkodzenia. To doskona\u0142e rozwi\u0105zanie, kt\u00f3re zapewnia d\u0142ugotrwa\u0142o\u015b\u0107 i estetyczny wygl\u0105d roweru przez d\u0142ugi czas, co z pewno\u015bci\u0105 doceni\u0105 rodzice dbaj\u0105cy o moderacj\u0119 koszt\u00f3w zwi\u0105zanych z zakupem nowego pojazdu dla swojego dziecka.<\/p>\n<h2>Idealny wyb\u00f3r dla przysz\u0142ych cyklist\u00f3w<\/h2>\n<p>KROSS Mini 3.0 to znakomity wyb\u00f3r dla dzieci, kt\u00f3re zaczynaj\u0105 swoj\u0105 przygod\u0119 z jazd\u0105 na rowerze. Dzi\u0119ki przemy\u015blanej konstrukcji, atrakcyjnemu designowi oraz najwa\u017cniejszym funkcjom bezpiecze\u0144stwa, ten model sprawdzi si\u0119 zar\u00f3wno na codziennej trasie do szko\u0142y, jak i podczas weekendowych przeja\u017cd\u017cek z rodzin\u0105. Z pewno\u015bci\u0105 rower ten stanie si\u0119 ulubionym \u015brodkiem transportu ka\u017cdego m\u0142odego rowerzysty.<\/p>\n<h2>Dlaczego warto postawi\u0107 na KROSS Mini 3.0?<\/h2>\n<p>Decyduj\u0105c si\u0119 na zakup KROSS Mini 3.0, stawiamy na jako\u015b\u0107 i bezpiecze\u0144stwo. To rower, kt\u00f3ry nie tylko pi\u0119knie wygl\u0105da, ale tak\u017ce zapewnia dodatkowe wsparcie na etapie nauki jazdy. Zdejmowane boczne k\u00f3\u0142ka, os\u0142ona \u0142a\u0144cucha oraz solidna konstrukcja sprawiaj\u0105, \u017ce rodzice mog\u0105 czu\u0107 si\u0119 spokojni, a dzieci mog\u0105 cieszy\u0107 si\u0119 swobod\u0105, jak\u0105 daje jazda na rowerze. To idealny wyb\u00f3r dla ka\u017cdego ma\u0142ego odkrywcy.<\/p>\n<p><strong>Specyfikacja:<\/strong><a href=\"https:\/\/kross.pl\/mini-3-0-seledynowy-koralowy-polysk\" rel=\"nofollow\">https:\/\/kross.pl\/mini-3-0-seledynowy-koralowy-polysk<\/a><\/p>\n","protected":false},"excerpt":{"rendered":"<p>MINI 3.0 &#8211; Rower dla najm\u0142odszych z idealnym po\u0142\u0105czeniem stylu i bezpiecze\u0144stwa KROSS Mini 3.0 to rower stworzony przede wszystkim z my\u015bl\u0105 o najm\u0142odszych mi\u0142o\u015bnikach jazdy na dw\u00f3ch k\u00f3\u0142kach. \u0141\u0105czy w sobie atrakcyjny wygl\u0105d, funkcjonalno\u015b\u0107 oraz wysoki poziom bezpiecze\u0144stwa. Dzi\u0119ki lekkim komponentom i intuicyjnej obs\u0142udze, nauka jazdy staje si\u0119 prawdziw\u0105 przyjemno\u015bci\u0105, pozwalaj\u0105c dzieciom na bezstresowe<\/p>\n","protected":false},"featured_media":279,"comment_status":"open","ping_status":"closed","template":"","meta":[],"product_brand":[16],"product_cat":[43,42],"product_tag":[],"class_list":{"0":"post-280","1":"product","2":"type-product","3":"status-publish","4":"has-post-thumbnail","6":"product_brand-kross","7":"product_cat-mlodziezowe","8":"product_cat-rowery","10":"first","11":"instock","12":"shipping-taxable","13":"product-type-simple"},"yoast_head":"<!-- This site is optimized with the Yoast SEO plugin v26.8 - https:\/\/yoast.com\/product\/yoast-seo-wordpress\/ -->\n<title>Rower KROSS MINI 3.0 - Strona rowerowa - ulubiona strona ka\u017cdego rowerzysty<\/title>\n<meta name=\"robots\" content=\"index, follow, max-snippet:-1, max-image-preview:large, max-video-preview:-1\" \/>\n<link rel=\"canonical\" href=\"https:\/\/stronarowerowa.pl\/?product=rower-kross-mini-3-0\" \/>\n<meta property=\"og:locale\" content=\"pl_PL\" \/>\n<meta property=\"og:type\" content=\"article\" \/>\n<meta property=\"og:title\" content=\"Rower KROSS MINI 3.0 - Strona rowerowa - ulubiona strona ka\u017cdego rowerzysty\" \/>\n<meta property=\"og:description\" content=\"MINI 3.0 &#8211; Rower dla najm\u0142odszych z idealnym po\u0142\u0105czeniem stylu i bezpiecze\u0144stwa KROSS Mini 3.0 to rower stworzony przede wszystkim z my\u015bl\u0105 o najm\u0142odszych mi\u0142o\u015bnikach jazdy na dw\u00f3ch k\u00f3\u0142kach. \u0141\u0105czy w sobie atrakcyjny wygl\u0105d, funkcjonalno\u015b\u0107 oraz wysoki poziom bezpiecze\u0144stwa. Dzi\u0119ki lekkim komponentom i intuicyjnej obs\u0142udze, nauka jazdy staje si\u0119 prawdziw\u0105 przyjemno\u015bci\u0105, pozwalaj\u0105c dzieciom na bezstresowe\" \/>\n<meta property=\"og:url\" content=\"https:\/\/stronarowerowa.pl\/?product=rower-kross-mini-3-0\" \/>\n<meta property=\"og:site_name\" content=\"Strona rowerowa - ulubiona strona ka\u017cdego rowerzysty\" \/>\n<meta property=\"article:modified_time\" content=\"2026-01-21T13:22:02+00:00\" \/>\n<meta property=\"og:image\" content=\"https:\/\/stronarowerowa.pl\/wp-content\/uploads\/2026\/01\/mini-30.png\" \/>\n\t<meta property=\"og:image:width\" content=\"950\" \/>\n\t<meta property=\"og:image:height\" content=\"720\" \/>\n\t<meta property=\"og:image:type\" content=\"image\/png\" \/>\n<meta name=\"twitter:card\" content=\"summary_large_image\" \/>\n<meta name=\"twitter:label1\" content=\"Szacowany czas czytania\" \/>\n\t<meta name=\"twitter:data1\" content=\"3 minuty\" \/>\n<script type=\"application\/ld+json\" class=\"yoast-schema-graph\">{\"@context\":\"https:\/\/schema.org\",\"@graph\":[{\"@type\":\"WebPage\",\"@id\":\"https:\/\/stronarowerowa.pl\/?product=rower-kross-mini-3-0\",\"url\":\"https:\/\/stronarowerowa.pl\/?product=rower-kross-mini-3-0\",\"name\":\"Rower KROSS MINI 3.0 - Strona rowerowa - ulubiona strona ka\u017cdego rowerzysty\",\"isPartOf\":{\"@id\":\"https:\/\/stronarowerowa.pl\/#website\"},\"primaryImageOfPage\":{\"@id\":\"https:\/\/stronarowerowa.pl\/?product=rower-kross-mini-3-0#primaryimage\"},\"image\":{\"@id\":\"https:\/\/stronarowerowa.pl\/?product=rower-kross-mini-3-0#primaryimage\"},\"thumbnailUrl\":\"https:\/\/stronarowerowa.pl\/wp-content\/uploads\/2026\/01\/mini-30.png\",\"datePublished\":\"2026-01-21T12:20:42+00:00\",\"dateModified\":\"2026-01-21T13:22:02+00:00\",\"breadcrumb\":{\"@id\":\"https:\/\/stronarowerowa.pl\/?product=rower-kross-mini-3-0#breadcrumb\"},\"inLanguage\":\"pl-PL\",\"potentialAction\":[{\"@type\":\"ReadAction\",\"target\":[\"https:\/\/stronarowerowa.pl\/?product=rower-kross-mini-3-0\"]}]},{\"@type\":\"ImageObject\",\"inLanguage\":\"pl-PL\",\"@id\":\"https:\/\/stronarowerowa.pl\/?product=rower-kross-mini-3-0#primaryimage\",\"url\":\"https:\/\/stronarowerowa.pl\/wp-content\/uploads\/2026\/01\/mini-30.png\",\"contentUrl\":\"https:\/\/stronarowerowa.pl\/wp-content\/uploads\/2026\/01\/mini-30.png\",\"width\":950,\"height\":720},{\"@type\":\"BreadcrumbList\",\"@id\":\"https:\/\/stronarowerowa.pl\/?product=rower-kross-mini-3-0#breadcrumb\",\"itemListElement\":[{\"@type\":\"ListItem\",\"position\":1,\"name\":\"Strona g\u0142\u00f3wna\",\"item\":\"https:\/\/stronarowerowa.pl\/\"},{\"@type\":\"ListItem\",\"position\":2,\"name\":\"Rower KROSS MINI 3.0\"}]},{\"@type\":\"WebSite\",\"@id\":\"https:\/\/stronarowerowa.pl\/#website\",\"url\":\"https:\/\/stronarowerowa.pl\/\",\"name\":\"Strona rowerowa - ulubiona strona ka\u017cdego rowerzysty\",\"description\":\"\",\"potentialAction\":[{\"@type\":\"SearchAction\",\"target\":{\"@type\":\"EntryPoint\",\"urlTemplate\":\"https:\/\/stronarowerowa.pl\/?s={search_term_string}\"},\"query-input\":{\"@type\":\"PropertyValueSpecification\",\"valueRequired\":true,\"valueName\":\"search_term_string\"}}],\"inLanguage\":\"pl-PL\"}]}<\/script>\n<!-- \/ Yoast SEO plugin. -->","yoast_head_json":{"title":"Rower KROSS MINI 3.0 - Strona rowerowa - ulubiona strona ka\u017cdego rowerzysty","robots":{"index":"index","follow":"follow","max-snippet":"max-snippet:-1","max-image-preview":"max-image-preview:large","max-video-preview":"max-video-preview:-1"},"canonical":"https:\/\/stronarowerowa.pl\/?product=rower-kross-mini-3-0","og_locale":"pl_PL","og_type":"article","og_title":"Rower KROSS MINI 3.0 - Strona rowerowa - ulubiona strona ka\u017cdego rowerzysty","og_description":"MINI 3.0 &#8211; Rower dla najm\u0142odszych z idealnym po\u0142\u0105czeniem stylu i bezpiecze\u0144stwa KROSS Mini 3.0 to rower stworzony przede wszystkim z my\u015bl\u0105 o najm\u0142odszych mi\u0142o\u015bnikach jazdy na dw\u00f3ch k\u00f3\u0142kach. \u0141\u0105czy w sobie atrakcyjny wygl\u0105d, funkcjonalno\u015b\u0107 oraz wysoki poziom bezpiecze\u0144stwa. Dzi\u0119ki lekkim komponentom i intuicyjnej obs\u0142udze, nauka jazdy staje si\u0119 prawdziw\u0105 przyjemno\u015bci\u0105, pozwalaj\u0105c dzieciom na bezstresowe","og_url":"https:\/\/stronarowerowa.pl\/?product=rower-kross-mini-3-0","og_site_name":"Strona rowerowa - ulubiona strona ka\u017cdego rowerzysty","article_modified_time":"2026-01-21T13:22:02+00:00","og_image":[{"width":950,"height":720,"url":"https:\/\/stronarowerowa.pl\/wp-content\/uploads\/2026\/01\/mini-30.png","type":"image\/png"}],"twitter_card":"summary_large_image","twitter_misc":{"Szacowany czas czytania":"3 minuty"},"schema":{"@context":"https:\/\/schema.org","@graph":[{"@type":"WebPage","@id":"https:\/\/stronarowerowa.pl\/?product=rower-kross-mini-3-0","url":"https:\/\/stronarowerowa.pl\/?product=rower-kross-mini-3-0","name":"Rower KROSS MINI 3.0 - Strona rowerowa - ulubiona strona ka\u017cdego rowerzysty","isPartOf":{"@id":"https:\/\/stronarowerowa.pl\/#website"},"primaryImageOfPage":{"@id":"https:\/\/stronarowerowa.pl\/?product=rower-kross-mini-3-0#primaryimage"},"image":{"@id":"https:\/\/stronarowerowa.pl\/?product=rower-kross-mini-3-0#primaryimage"},"thumbnailUrl":"https:\/\/stronarowerowa.pl\/wp-content\/uploads\/2026\/01\/mini-30.png","datePublished":"2026-01-21T12:20:42+00:00","dateModified":"2026-01-21T13:22:02+00:00","breadcrumb":{"@id":"https:\/\/stronarowerowa.pl\/?product=rower-kross-mini-3-0#breadcrumb"},"inLanguage":"pl-PL","potentialAction":[{"@type":"ReadAction","target":["https:\/\/stronarowerowa.pl\/?product=rower-kross-mini-3-0"]}]},{"@type":"ImageObject","inLanguage":"pl-PL","@id":"https:\/\/stronarowerowa.pl\/?product=rower-kross-mini-3-0#primaryimage","url":"https:\/\/stronarowerowa.pl\/wp-content\/uploads\/2026\/01\/mini-30.png","contentUrl":"https:\/\/stronarowerowa.pl\/wp-content\/uploads\/2026\/01\/mini-30.png","width":950,"height":720},{"@type":"BreadcrumbList","@id":"https:\/\/stronarowerowa.pl\/?product=rower-kross-mini-3-0#breadcrumb","itemListElement":[{"@type":"ListItem","position":1,"name":"Strona g\u0142\u00f3wna","item":"https:\/\/stronarowerowa.pl\/"},{"@type":"ListItem","position":2,"name":"Rower KROSS MINI 3.0"}]},{"@type":"WebSite","@id":"https:\/\/stronarowerowa.pl\/#website","url":"https:\/\/stronarowerowa.pl\/","name":"Strona rowerowa - ulubiona strona ka\u017cdego rowerzysty","description":"","potentialAction":[{"@type":"SearchAction","target":{"@type":"EntryPoint","urlTemplate":"https:\/\/stronarowerowa.pl\/?s={search_term_string}"},"query-input":{"@type":"PropertyValueSpecification","valueRequired":true,"valueName":"search_term_string"}}],"inLanguage":"pl-PL"}]}},"_links":{"self":[{"href":"https:\/\/stronarowerowa.pl\/index.php?rest_route=\/wp\/v2\/product\/280","targetHints":{"allow":["GET"]}}],"collection":[{"href":"https:\/\/stronarowerowa.pl\/index.php?rest_route=\/wp\/v2\/product"}],"about":[{"href":"https:\/\/stronarowerowa.pl\/index.php?rest_route=\/wp\/v2\/types\/product"}],"replies":[{"embeddable":true,"href":"https:\/\/stronarowerowa.pl\/index.php?rest_route=%2Fwp%2Fv2%2Fcomments&post=280"}],"wp:featuredmedia":[{"embeddable":true,"href":"https:\/\/stronarowerowa.pl\/index.php?rest_route=\/wp\/v2\/media\/279"}],"wp:attachment":[{"href":"https:\/\/stronarowerowa.pl\/index.php?rest_route=%2Fwp%2Fv2%2Fmedia&parent=280"}],"wp:term":[{"taxonomy":"product_brand","embeddable":true,"href":"https:\/\/stronarowerowa.pl\/index.php?rest_route=%2Fwp%2Fv2%2Fproduct_brand&post=280"},{"taxonomy":"product_cat","embeddable":true,"href":"https:\/\/stronarowerowa.pl\/index.php?rest_route=%2Fwp%2Fv2%2Fproduct_cat&post=280"},{"taxonomy":"product_tag","embeddable":true,"href":"https:\/\/stronarowerowa.pl\/index.php?rest_route=%2Fwp%2Fv2%2Fproduct_tag&post=280"}],"curies":[{"name":"wp","href":"https:\/\/api.w.org\/{rel}","templated":true}]}}