{"id":30,"date":"2026-01-14T11:47:41","date_gmt":"2026-01-14T10:47:41","guid":{"rendered":"http:\/\/drawsko.blinked.pl\/stronarowerowa.pl\/?product=kross-evado-hybrid-1-0-522"},"modified":"2026-01-21T14:30:25","modified_gmt":"2026-01-21T13:30:25","slug":"kross-evado-hybrid-1-0-522","status":"publish","type":"product","link":"https:\/\/stronarowerowa.pl\/?product=kross-evado-hybrid-1-0-522","title":{"rendered":"KROSS EVADO HYBRID 1.0 522"},"content":{"rendered":"<h1>KROSS EVADO HYBRID 1.0 522 \u2013 innowacyjny rower elektryczny dla entuzjast\u00f3w jazdy<\/h1>\n<p>KROSS Evado Hybrid 1.0 to niezwykle wszechstronny rower elektryczny, stworzony z my\u015bl\u0105 o mi\u0142o\u015bnikach dynamicznej jazdy po r\u00f3\u017cnorodnych trasach. Z niezwyk\u0142ym po\u0142\u0105czeniem komfortu i funkcjonalno\u015bci, ten model jest idealnym wyborem zar\u00f3wno do jazdy w terenie, jak i w miejskich warunkach. Wydajny nap\u0119d elektryczny oraz solidna konstrukcja sprawiaj\u0105, \u017ce ka\u017cdy kilometr na KROSS Evado Hybrid 1.0 staje si\u0119 czyst\u0105 przyjemno\u015bci\u0105.<\/p>\n<h2>Komfortowa konstrukcja i wszechstronno\u015b\u0107<\/h2>\n<p>KROSS Evado Hybrid 1.0 wyr\u00f3\u017cnia si\u0119 ergonomiczn\u0105 ram\u0105, kt\u00f3ra zapewnia komfortow\u0105, relaksuj\u0105c\u0105 pozycj\u0119 za kierownic\u0105. Dzi\u0119ki temu rowerzysta nie tylko cieszy si\u0119 jazd\u0105, ale tak\u017ce minimalizuje zm\u0119czenie podczas d\u0142u\u017cszych tras. Rama wykonana z aluminium 6061 jest lekka, a jednocze\u015bnie niezwykle sztywna i odporna na uszkodzenia. Malowanie proszkowe gwarantuje trwa\u0142o\u015b\u0107 lakieru oraz jego odporno\u015b\u0107 na mechaniczne uszkodzenia.<\/p>\n<h3>Efektywno\u015b\u0107 elektrycznego wspomagania<\/h3>\n<p>Serce KROSS Evado Hybrid 1.0 stanowi uk\u0142ad nap\u0119dowy Bafang, kt\u00f3ry jest umieszczony w tylnej pia\u015bcie. Dzi\u0119ki baterii o pojemno\u015bci 522 Wh, u\u017cytkownicy maj\u0105 zapewnion\u0105 d\u0142ugotrwa\u0142\u0105 jazd\u0119 bez obaw o \u0142adowanie. Wy\u015bwietlacz Bafang dostarcza niezb\u0119dnych informacji, pozwalaj\u0105c na monitorowanie trybu pracy silnika oraz stanu na\u0142adowania baterii. Wysoka jako\u015b\u0107 wykonania kompozycji, jak i zastosowane technologie, zapewniaj\u0105 lepsze osi\u0105gi i efektywno\u015b\u0107 podczas jazdy w ka\u017cdych warunkach.<\/p>\n<h2>P\u0142ynno\u015b\u0107 i kontrola na trasie<\/h2>\n<p>Osprz\u0119t KROSS Evado Hybrid 1.0 zosta\u0142 zaprojektowany z my\u015bl\u0105 o komfortowej je\u017adzie zar\u00f3wno w terenie, jak i w mie\u015bcie. Nap\u0119d Shimano z 27 prze\u0142o\u017ceniami gwarantuje wszechstronno\u015b\u0107, a tylna przerzutka z grupy Acera zapewnia p\u0142ynne i pewne zmiany bieg\u00f3w. Dzi\u0119ki hydraulicznym hamulcom tarczowym u\u017cytkownik mo\u017ce cieszy\u0107 si\u0119 skutecznym hamowaniem niezale\u017cnie od warunk\u00f3w atmosferycznych. Hamulce te zapewniaj\u0105 du\u017co lepsz\u0105 modulacj\u0119 si\u0142y hamowania, co jest istotne podczas jazdy po trudniejszych trasach.<\/p>\n<h3>Amortyzacja i komfort jazdy<\/h3>\n<p>Amortyzowany widelec SR Suntour z skokiem 63 mm to kolejny atut KROSS Evado Hybrid 1.0. Dzi\u0119ki niemu rowerzysta z \u0142atwo\u015bci\u0105 pokonuje wszelkie przeszkody, zar\u00f3wno w mie\u015bcie, jak i na szlakach le\u015bnych. Blokada widelca umo\u017cliwia dostosowanie sztywnienia do warunk\u00f3w jazdy, co zwi\u0119ksza komfort na p\u0142askich odcinkach trasy. W rowerze zastosowano r\u00f3wnie\u017c system wewn\u0119trznego prowadzenia linek, co nie tylko podnosi estetyk\u0119, ale tak\u017ce chroni elementy przed uszkodzeniami.<\/p>\n<h2>Nowoczesne technologie i innowacyjne rozwi\u0105zania<\/h2>\n<p>KROSS Evado Hybrid 1.0 to nie tylko doskona\u0142e osi\u0105gi, ale r\u00f3wnie\u017c nowoczesne technologie, kt\u00f3re zwi\u0119kszaj\u0105 bezpiecze\u0144stwo i komfort u\u017cytkowania. System wymiennych hak\u00f3w RHS, zastosowany w ramie, sprawia \u017ce w przypadku uszkodzenia \u0142atwo je wymieni\u0107, co wyd\u0142u\u017ca \u017cywotno\u015b\u0107 roweru. Dodatkowo, malowanie proszkowe zapewnia doskona\u0142\u0105 ochron\u0119 przed uszkodzeniami. Warto r\u00f3wnie\u017c wspomnie\u0107 o wysokiej efektywno\u015bci hamulc\u00f3w tarczowych, kt\u00f3re s\u0105 bardziej trwa\u0142e i skuteczne ni\u017c tradycyjne hamulce szcz\u0119kowe.<\/p>\n<h2>Finalne my\u015bli na temat KROSS Evado Hybrid 1.0 522<\/h2>\n<p>KROSS Evado Hybrid 1.0 522 to idealny rower dla os\u00f3b, kt\u00f3re ceni\u0105 sobie komfort, jako\u015b\u0107 oraz nowoczesne rozwi\u0105zania. Jego wszechstronno\u015b\u0107 sprawia, \u017ce sprawdzi si\u0119 w wielu sytuacjach \u2013 zar\u00f3wno podczas codziennych dojazd\u00f3w do pracy, jak i weekendowych wypraw na szlak. Dzi\u0119ki wysokiej wydajno\u015bci i innowacyjnym technologiom, KROSS Evado Hybrid 1.0 stanie si\u0119 niezawodnym towarzyszem ka\u017cdej podr\u00f3\u017cy, umo\u017cliwiaj\u0105c cieszenie si\u0119 jazd\u0105 w ka\u017cdym terenie.<\/p>\n<p>Zobacz na stronie: <a href=\"https:\/\/kross.pl\/evado-hybrid-1-0-522-czarny-szary-matowy\" rel=\"nofollow\">https:\/\/kross.pl\/evado-hybrid-1-0-522-czarny-szary-matowy<\/a><\/p>\n","protected":false},"excerpt":{"rendered":"<p>KROSS EVADO HYBRID 1.0 522 \u2013 innowacyjny rower elektryczny dla entuzjast\u00f3w jazdy KROSS Evado Hybrid 1.0 to niezwykle wszechstronny rower elektryczny, stworzony z my\u015bl\u0105 o mi\u0142o\u015bnikach dynamicznej jazdy po r\u00f3\u017cnorodnych trasach. Z niezwyk\u0142ym po\u0142\u0105czeniem komfortu i funkcjonalno\u015bci, ten model jest idealnym wyborem zar\u00f3wno do jazdy w terenie, jak i w miejskich warunkach. Wydajny nap\u0119d elektryczny<\/p>\n","protected":false},"featured_media":29,"comment_status":"open","ping_status":"closed","template":"","meta":[],"product_brand":[16],"product_cat":[21,42,17],"product_tag":[],"class_list":{"0":"post-30","1":"product","2":"type-product","3":"status-publish","4":"has-post-thumbnail","6":"product_brand-kross","7":"product_cat-cross","8":"product_cat-rowery","9":"product_cat-rowery-elektryczne","11":"first","12":"instock","13":"sale","14":"shipping-taxable","15":"purchasable","16":"product-type-simple"},"yoast_head":"<!-- This site is optimized with the Yoast SEO plugin v26.8 - https:\/\/yoast.com\/product\/yoast-seo-wordpress\/ -->\n<title>KROSS EVADO HYBRID 1.0 522 - Strona rowerowa - ulubiona strona ka\u017cdego rowerzysty<\/title>\n<meta name=\"robots\" content=\"index, follow, max-snippet:-1, max-image-preview:large, max-video-preview:-1\" \/>\n<link rel=\"canonical\" href=\"https:\/\/stronarowerowa.pl\/?product=kross-evado-hybrid-1-0-522\" \/>\n<meta property=\"og:locale\" content=\"pl_PL\" \/>\n<meta property=\"og:type\" content=\"article\" \/>\n<meta property=\"og:title\" content=\"KROSS EVADO HYBRID 1.0 522 - Strona rowerowa - ulubiona strona ka\u017cdego rowerzysty\" \/>\n<meta property=\"og:description\" content=\"KROSS EVADO HYBRID 1.0 522 \u2013 innowacyjny rower elektryczny dla entuzjast\u00f3w jazdy KROSS Evado Hybrid 1.0 to niezwykle wszechstronny rower elektryczny, stworzony z my\u015bl\u0105 o mi\u0142o\u015bnikach dynamicznej jazdy po r\u00f3\u017cnorodnych trasach. Z niezwyk\u0142ym po\u0142\u0105czeniem komfortu i funkcjonalno\u015bci, ten model jest idealnym wyborem zar\u00f3wno do jazdy w terenie, jak i w miejskich warunkach. Wydajny nap\u0119d elektryczny\" \/>\n<meta property=\"og:url\" content=\"https:\/\/stronarowerowa.pl\/?product=kross-evado-hybrid-1-0-522\" \/>\n<meta property=\"og:site_name\" content=\"Strona rowerowa - ulubiona strona ka\u017cdego rowerzysty\" \/>\n<meta property=\"article:modified_time\" content=\"2026-01-21T13:30:25+00:00\" \/>\n<meta property=\"og:image\" content=\"https:\/\/stronarowerowa.pl\/wp-content\/uploads\/2026\/01\/evado-hybrid-10-522.jpg\" \/>\n\t<meta property=\"og:image:width\" content=\"950\" \/>\n\t<meta property=\"og:image:height\" content=\"720\" \/>\n\t<meta property=\"og:image:type\" content=\"image\/jpeg\" \/>\n<meta name=\"twitter:card\" content=\"summary_large_image\" \/>\n<meta name=\"twitter:label1\" content=\"Szacowany czas czytania\" \/>\n\t<meta name=\"twitter:data1\" content=\"3 minuty\" \/>\n<script type=\"application\/ld+json\" class=\"yoast-schema-graph\">{\"@context\":\"https:\/\/schema.org\",\"@graph\":[{\"@type\":\"WebPage\",\"@id\":\"https:\/\/stronarowerowa.pl\/?product=kross-evado-hybrid-1-0-522\",\"url\":\"https:\/\/stronarowerowa.pl\/?product=kross-evado-hybrid-1-0-522\",\"name\":\"KROSS EVADO HYBRID 1.0 522 - Strona rowerowa - ulubiona strona ka\u017cdego rowerzysty\",\"isPartOf\":{\"@id\":\"https:\/\/stronarowerowa.pl\/#website\"},\"primaryImageOfPage\":{\"@id\":\"https:\/\/stronarowerowa.pl\/?product=kross-evado-hybrid-1-0-522#primaryimage\"},\"image\":{\"@id\":\"https:\/\/stronarowerowa.pl\/?product=kross-evado-hybrid-1-0-522#primaryimage\"},\"thumbnailUrl\":\"https:\/\/stronarowerowa.pl\/wp-content\/uploads\/2026\/01\/evado-hybrid-10-522.jpg\",\"datePublished\":\"2026-01-14T10:47:41+00:00\",\"dateModified\":\"2026-01-21T13:30:25+00:00\",\"breadcrumb\":{\"@id\":\"https:\/\/stronarowerowa.pl\/?product=kross-evado-hybrid-1-0-522#breadcrumb\"},\"inLanguage\":\"pl-PL\",\"potentialAction\":[{\"@type\":\"ReadAction\",\"target\":[\"https:\/\/stronarowerowa.pl\/?product=kross-evado-hybrid-1-0-522\"]}]},{\"@type\":\"ImageObject\",\"inLanguage\":\"pl-PL\",\"@id\":\"https:\/\/stronarowerowa.pl\/?product=kross-evado-hybrid-1-0-522#primaryimage\",\"url\":\"https:\/\/stronarowerowa.pl\/wp-content\/uploads\/2026\/01\/evado-hybrid-10-522.jpg\",\"contentUrl\":\"https:\/\/stronarowerowa.pl\/wp-content\/uploads\/2026\/01\/evado-hybrid-10-522.jpg\",\"width\":950,\"height\":720},{\"@type\":\"BreadcrumbList\",\"@id\":\"https:\/\/stronarowerowa.pl\/?product=kross-evado-hybrid-1-0-522#breadcrumb\",\"itemListElement\":[{\"@type\":\"ListItem\",\"position\":1,\"name\":\"Strona g\u0142\u00f3wna\",\"item\":\"https:\/\/stronarowerowa.pl\/\"},{\"@type\":\"ListItem\",\"position\":2,\"name\":\"KROSS EVADO HYBRID 1.0 522\"}]},{\"@type\":\"WebSite\",\"@id\":\"https:\/\/stronarowerowa.pl\/#website\",\"url\":\"https:\/\/stronarowerowa.pl\/\",\"name\":\"Strona rowerowa - ulubiona strona ka\u017cdego rowerzysty\",\"description\":\"\",\"potentialAction\":[{\"@type\":\"SearchAction\",\"target\":{\"@type\":\"EntryPoint\",\"urlTemplate\":\"https:\/\/stronarowerowa.pl\/?s={search_term_string}\"},\"query-input\":{\"@type\":\"PropertyValueSpecification\",\"valueRequired\":true,\"valueName\":\"search_term_string\"}}],\"inLanguage\":\"pl-PL\"}]}<\/script>\n<!-- \/ Yoast SEO plugin. -->","yoast_head_json":{"title":"KROSS EVADO HYBRID 1.0 522 - Strona rowerowa - ulubiona strona ka\u017cdego rowerzysty","robots":{"index":"index","follow":"follow","max-snippet":"max-snippet:-1","max-image-preview":"max-image-preview:large","max-video-preview":"max-video-preview:-1"},"canonical":"https:\/\/stronarowerowa.pl\/?product=kross-evado-hybrid-1-0-522","og_locale":"pl_PL","og_type":"article","og_title":"KROSS EVADO HYBRID 1.0 522 - Strona rowerowa - ulubiona strona ka\u017cdego rowerzysty","og_description":"KROSS EVADO HYBRID 1.0 522 \u2013 innowacyjny rower elektryczny dla entuzjast\u00f3w jazdy KROSS Evado Hybrid 1.0 to niezwykle wszechstronny rower elektryczny, stworzony z my\u015bl\u0105 o mi\u0142o\u015bnikach dynamicznej jazdy po r\u00f3\u017cnorodnych trasach. Z niezwyk\u0142ym po\u0142\u0105czeniem komfortu i funkcjonalno\u015bci, ten model jest idealnym wyborem zar\u00f3wno do jazdy w terenie, jak i w miejskich warunkach. Wydajny nap\u0119d elektryczny","og_url":"https:\/\/stronarowerowa.pl\/?product=kross-evado-hybrid-1-0-522","og_site_name":"Strona rowerowa - ulubiona strona ka\u017cdego rowerzysty","article_modified_time":"2026-01-21T13:30:25+00:00","og_image":[{"width":950,"height":720,"url":"https:\/\/stronarowerowa.pl\/wp-content\/uploads\/2026\/01\/evado-hybrid-10-522.jpg","type":"image\/jpeg"}],"twitter_card":"summary_large_image","twitter_misc":{"Szacowany czas czytania":"3 minuty"},"schema":{"@context":"https:\/\/schema.org","@graph":[{"@type":"WebPage","@id":"https:\/\/stronarowerowa.pl\/?product=kross-evado-hybrid-1-0-522","url":"https:\/\/stronarowerowa.pl\/?product=kross-evado-hybrid-1-0-522","name":"KROSS EVADO HYBRID 1.0 522 - Strona rowerowa - ulubiona strona ka\u017cdego rowerzysty","isPartOf":{"@id":"https:\/\/stronarowerowa.pl\/#website"},"primaryImageOfPage":{"@id":"https:\/\/stronarowerowa.pl\/?product=kross-evado-hybrid-1-0-522#primaryimage"},"image":{"@id":"https:\/\/stronarowerowa.pl\/?product=kross-evado-hybrid-1-0-522#primaryimage"},"thumbnailUrl":"https:\/\/stronarowerowa.pl\/wp-content\/uploads\/2026\/01\/evado-hybrid-10-522.jpg","datePublished":"2026-01-14T10:47:41+00:00","dateModified":"2026-01-21T13:30:25+00:00","breadcrumb":{"@id":"https:\/\/stronarowerowa.pl\/?product=kross-evado-hybrid-1-0-522#breadcrumb"},"inLanguage":"pl-PL","potentialAction":[{"@type":"ReadAction","target":["https:\/\/stronarowerowa.pl\/?product=kross-evado-hybrid-1-0-522"]}]},{"@type":"ImageObject","inLanguage":"pl-PL","@id":"https:\/\/stronarowerowa.pl\/?product=kross-evado-hybrid-1-0-522#primaryimage","url":"https:\/\/stronarowerowa.pl\/wp-content\/uploads\/2026\/01\/evado-hybrid-10-522.jpg","contentUrl":"https:\/\/stronarowerowa.pl\/wp-content\/uploads\/2026\/01\/evado-hybrid-10-522.jpg","width":950,"height":720},{"@type":"BreadcrumbList","@id":"https:\/\/stronarowerowa.pl\/?product=kross-evado-hybrid-1-0-522#breadcrumb","itemListElement":[{"@type":"ListItem","position":1,"name":"Strona g\u0142\u00f3wna","item":"https:\/\/stronarowerowa.pl\/"},{"@type":"ListItem","position":2,"name":"KROSS EVADO HYBRID 1.0 522"}]},{"@type":"WebSite","@id":"https:\/\/stronarowerowa.pl\/#website","url":"https:\/\/stronarowerowa.pl\/","name":"Strona rowerowa - ulubiona strona ka\u017cdego rowerzysty","description":"","potentialAction":[{"@type":"SearchAction","target":{"@type":"EntryPoint","urlTemplate":"https:\/\/stronarowerowa.pl\/?s={search_term_string}"},"query-input":{"@type":"PropertyValueSpecification","valueRequired":true,"valueName":"search_term_string"}}],"inLanguage":"pl-PL"}]}},"_links":{"self":[{"href":"https:\/\/stronarowerowa.pl\/index.php?rest_route=\/wp\/v2\/product\/30","targetHints":{"allow":["GET"]}}],"collection":[{"href":"https:\/\/stronarowerowa.pl\/index.php?rest_route=\/wp\/v2\/product"}],"about":[{"href":"https:\/\/stronarowerowa.pl\/index.php?rest_route=\/wp\/v2\/types\/product"}],"replies":[{"embeddable":true,"href":"https:\/\/stronarowerowa.pl\/index.php?rest_route=%2Fwp%2Fv2%2Fcomments&post=30"}],"wp:featuredmedia":[{"embeddable":true,"href":"https:\/\/stronarowerowa.pl\/index.php?rest_route=\/wp\/v2\/media\/29"}],"wp:attachment":[{"href":"https:\/\/stronarowerowa.pl\/index.php?rest_route=%2Fwp%2Fv2%2Fmedia&parent=30"}],"wp:term":[{"taxonomy":"product_brand","embeddable":true,"href":"https:\/\/stronarowerowa.pl\/index.php?rest_route=%2Fwp%2Fv2%2Fproduct_brand&post=30"},{"taxonomy":"product_cat","embeddable":true,"href":"https:\/\/stronarowerowa.pl\/index.php?rest_route=%2Fwp%2Fv2%2Fproduct_cat&post=30"},{"taxonomy":"product_tag","embeddable":true,"href":"https:\/\/stronarowerowa.pl\/index.php?rest_route=%2Fwp%2Fv2%2Fproduct_tag&post=30"}],"curies":[{"name":"wp","href":"https:\/\/api.w.org\/{rel}","templated":true}]}}