{"id":328,"date":"2026-01-21T13:25:03","date_gmt":"2026-01-21T12:25:03","guid":{"rendered":"http:\/\/drawsko.blinked.pl\/stronarowerowa.pl\/?product=rower-kross-lea-mini-2-0"},"modified":"2026-01-21T14:20:53","modified_gmt":"2026-01-21T13:20:53","slug":"rower-kross-lea-mini-2-0","status":"publish","type":"product","link":"https:\/\/stronarowerowa.pl\/?product=rower-kross-lea-mini-2-0","title":{"rendered":"Rower KROSS LEA MINI 2.0"},"content":{"rendered":"<h1>KROSS LEA MINI 2.0 \u2013 idealny rower dzieci\u0119cy na ka\u017cd\u0105 przygod\u0119<\/h1>\n<h2>Osprz\u0119t dostosowany do potrzeb dziecka<\/h2>\n<p>Rower KROSS Lea Mini 2.0 wyposa\u017cony jest w innowacyjny nap\u0119d w systemie 1&#215;6, kt\u00f3ry pozwala na \u0142atwe pokonywanie r\u00f3\u017cnych rodzaj\u00f3w terenu. Dzi\u0119ki temu, zar\u00f3wno podjazdy, jak i szybka jazda po p\u0142askich odcinkach, staj\u0105 si\u0119 proste i przyjemne. Tylna przerzutka od renomowanej marki Shimano zapewnia nie tylko trwa\u0142o\u015b\u0107, ale tak\u017ce p\u0142ynn\u0105 zmian\u0119 prze\u0142o\u017ce\u0144, co z pewno\u015bci\u0105 doceni ka\u017cdy m\u0142ody rowerzysta.<\/p>\n<h2>Bezpiecze\u0144stwo na pierwszym miejscu<\/h2>\n<p>W KROSS Lea Mini 2.0 bezpiecze\u0144stwo jazdy stoi na wysokim poziomie, dzi\u0119ki zastosowaniu hamulc\u00f3w v-brake. Ich konstrukcja umo\u017cliwia skuteczne hamowanie w r\u00f3\u017cnych warunkach atmosferycznych, co jest niezwykle istotne dla m\u0142odych rowerzyst\u00f3w. Hamulce te s\u0105 l\u017cejsze oraz prostsze w obs\u0142udze ni\u017c ich odpowiedniki tarczowe, a jednocze\u015bnie oferuj\u0105 wysok\u0105 si\u0142\u0119 hamowania, co zapewnia spok\u00f3j rodzicom i komfort dzieciom.<\/p>\n<h2>Technologie zapewniaj\u0105ce komfort u\u017cytkowania<\/h2>\n<p>Konstrukcja KROSS Lea Mini 2.0 opiera si\u0119 na aluminiowej ramie wykonanej ze stopu 6061, co czyni j\u0105 nie tylko lekk\u0105, ale i niezwykle odporn\u0105 na uszkodzenia. Dzi\u0119ki zastosowaniu amortyzowanego widelca, rower znacz\u0105co redukuje wibracje oraz wstrz\u0105sy podczas jazdy, co zwi\u0119ksza komfort podr\u00f3\u017cowania. To idealne rozwi\u0105zanie dla dzieci, kt\u00f3re dopiero poznaj\u0105 rado\u015b\u0107 z jazdy na rowerze.<\/p>\n<h2>\u0141atwo\u015b\u0107 wsiadania i zsiadania<\/h2>\n<p>Obni\u017cony przekrok ramy KROSS Lea Mini 2.0 z pewno\u015bci\u0105 u\u0142atwia dzieciom wsiadanie oraz zsiadanie z roweru. Takie rozwi\u0105zanie jest istotne, szczeg\u00f3lnie u m\u0142odszych rowerzyst\u00f3w, kt\u00f3rzy mog\u0105 mie\u0107 trudno\u015bci z klasycznymi konstrukcjami. Dzi\u0119ki temu rodzice nie musz\u0105 si\u0119 martwi\u0107 o ich komfort, a dzieci mog\u0105 samodzielnie korzysta\u0107 z roweru.<\/p>\n<h2>Wyj\u0105tkowa przyczepno\u015b\u0107 i trwa\u0142o\u015b\u0107<\/h2>\n<p>Rower KROSS Lea Mini 2.0 wyposa\u017cony jest w opony o szeroko\u015bci 1,95 cala, co gwarantuje doskona\u0142\u0105 przyczepno\u015b\u0107 na r\u00f3\u017cnych nawierzchniach. Niezale\u017cnie od tego, czy wybierzecie si\u0119 na le\u015bne \u015bcie\u017cki, czy asfaltowe drogi, te opony s\u0105 w stanie sprosta\u0107 ka\u017cdemu wyzwaniu. Dodatkowo, technologia Powder Coated zapewnia, \u017ce powierzchnia roweru jest odporniejsza na uszkodzenia mechaniczne, co wyd\u0142u\u017ca jego trwa\u0142o\u015b\u0107 i estetyk\u0119 na lata.<\/p>\n<h2>Rower, kt\u00f3ry inspiruje do aktywno\u015bci<\/h2>\n<p>KROSS Lea Mini 2.0 to wi\u0119cej ni\u017c tylko rower \u2013 to zaproszenie do aktywno\u015bci na \u015bwie\u017cym powietrzu. Idealny dla dzieci pragn\u0105cych sp\u0119dza\u0107 czas na eksploracji, ten model wspiera rodzinn\u0105 aktywno\u015b\u0107 i zach\u0119ca do wsp\u00f3lnych wycieczek. Z KROSS Lea Mini 2.0 ka\u017cde dziecko nabierze pewno\u015bci siebie na rowerze, a jazda stanie si\u0119 prawdziw\u0105 przyjemno\u015bci\u0105.<\/p>\n<p><strong>Specyfikacja:<\/strong><a href=\"https:\/\/kross.pl\/lea-mini-2-0-seledynowy-limonkowy-polysk\" rel=\"nofollow\">https:\/\/kross.pl\/lea-mini-2-0-seledynowy-limonkowy-polysk<\/a><\/p>\n","protected":false},"excerpt":{"rendered":"<p>KROSS LEA MINI 2.0 \u2013 idealny rower dzieci\u0119cy na ka\u017cd\u0105 przygod\u0119 Osprz\u0119t dostosowany do potrzeb dziecka Rower KROSS Lea Mini 2.0 wyposa\u017cony jest w innowacyjny nap\u0119d w systemie 1&#215;6, kt\u00f3ry pozwala na \u0142atwe pokonywanie r\u00f3\u017cnych rodzaj\u00f3w terenu. Dzi\u0119ki temu, zar\u00f3wno podjazdy, jak i szybka jazda po p\u0142askich odcinkach, staj\u0105 si\u0119 proste i przyjemne. Tylna przerzutka<\/p>\n","protected":false},"featured_media":327,"comment_status":"open","ping_status":"closed","template":"","meta":[],"product_brand":[16],"product_cat":[43,42],"product_tag":[],"class_list":{"0":"post-328","1":"product","2":"type-product","3":"status-publish","4":"has-post-thumbnail","6":"product_brand-kross","7":"product_cat-mlodziezowe","8":"product_cat-rowery","10":"first","11":"instock","12":"shipping-taxable","13":"product-type-simple"},"yoast_head":"<!-- This site is optimized with the Yoast SEO plugin v26.8 - https:\/\/yoast.com\/product\/yoast-seo-wordpress\/ -->\n<title>Rower KROSS LEA MINI 2.0 - Strona rowerowa - ulubiona strona ka\u017cdego rowerzysty<\/title>\n<meta name=\"robots\" content=\"index, follow, max-snippet:-1, max-image-preview:large, max-video-preview:-1\" \/>\n<link rel=\"canonical\" href=\"https:\/\/stronarowerowa.pl\/?product=rower-kross-lea-mini-2-0\" \/>\n<meta property=\"og:locale\" content=\"pl_PL\" \/>\n<meta property=\"og:type\" content=\"article\" \/>\n<meta property=\"og:title\" content=\"Rower KROSS LEA MINI 2.0 - Strona rowerowa - ulubiona strona ka\u017cdego rowerzysty\" \/>\n<meta property=\"og:description\" content=\"KROSS LEA MINI 2.0 \u2013 idealny rower dzieci\u0119cy na ka\u017cd\u0105 przygod\u0119 Osprz\u0119t dostosowany do potrzeb dziecka Rower KROSS Lea Mini 2.0 wyposa\u017cony jest w innowacyjny nap\u0119d w systemie 1&#215;6, kt\u00f3ry pozwala na \u0142atwe pokonywanie r\u00f3\u017cnych rodzaj\u00f3w terenu. Dzi\u0119ki temu, zar\u00f3wno podjazdy, jak i szybka jazda po p\u0142askich odcinkach, staj\u0105 si\u0119 proste i przyjemne. Tylna przerzutka\" \/>\n<meta property=\"og:url\" content=\"https:\/\/stronarowerowa.pl\/?product=rower-kross-lea-mini-2-0\" \/>\n<meta property=\"og:site_name\" content=\"Strona rowerowa - ulubiona strona ka\u017cdego rowerzysty\" \/>\n<meta property=\"article:modified_time\" content=\"2026-01-21T13:20:53+00:00\" \/>\n<meta property=\"og:image\" content=\"https:\/\/stronarowerowa.pl\/wp-content\/uploads\/2026\/01\/lea-mini-20.jpg\" \/>\n\t<meta property=\"og:image:width\" content=\"950\" \/>\n\t<meta property=\"og:image:height\" content=\"720\" \/>\n\t<meta property=\"og:image:type\" content=\"image\/jpeg\" \/>\n<meta name=\"twitter:card\" content=\"summary_large_image\" \/>\n<meta name=\"twitter:label1\" content=\"Szacowany czas czytania\" \/>\n\t<meta name=\"twitter:data1\" content=\"2 minuty\" \/>\n<script type=\"application\/ld+json\" class=\"yoast-schema-graph\">{\"@context\":\"https:\/\/schema.org\",\"@graph\":[{\"@type\":\"WebPage\",\"@id\":\"https:\/\/stronarowerowa.pl\/?product=rower-kross-lea-mini-2-0\",\"url\":\"https:\/\/stronarowerowa.pl\/?product=rower-kross-lea-mini-2-0\",\"name\":\"Rower KROSS LEA MINI 2.0 - Strona rowerowa - ulubiona strona ka\u017cdego rowerzysty\",\"isPartOf\":{\"@id\":\"https:\/\/stronarowerowa.pl\/#website\"},\"primaryImageOfPage\":{\"@id\":\"https:\/\/stronarowerowa.pl\/?product=rower-kross-lea-mini-2-0#primaryimage\"},\"image\":{\"@id\":\"https:\/\/stronarowerowa.pl\/?product=rower-kross-lea-mini-2-0#primaryimage\"},\"thumbnailUrl\":\"https:\/\/stronarowerowa.pl\/wp-content\/uploads\/2026\/01\/lea-mini-20.jpg\",\"datePublished\":\"2026-01-21T12:25:03+00:00\",\"dateModified\":\"2026-01-21T13:20:53+00:00\",\"breadcrumb\":{\"@id\":\"https:\/\/stronarowerowa.pl\/?product=rower-kross-lea-mini-2-0#breadcrumb\"},\"inLanguage\":\"pl-PL\",\"potentialAction\":[{\"@type\":\"ReadAction\",\"target\":[\"https:\/\/stronarowerowa.pl\/?product=rower-kross-lea-mini-2-0\"]}]},{\"@type\":\"ImageObject\",\"inLanguage\":\"pl-PL\",\"@id\":\"https:\/\/stronarowerowa.pl\/?product=rower-kross-lea-mini-2-0#primaryimage\",\"url\":\"https:\/\/stronarowerowa.pl\/wp-content\/uploads\/2026\/01\/lea-mini-20.jpg\",\"contentUrl\":\"https:\/\/stronarowerowa.pl\/wp-content\/uploads\/2026\/01\/lea-mini-20.jpg\",\"width\":950,\"height\":720},{\"@type\":\"BreadcrumbList\",\"@id\":\"https:\/\/stronarowerowa.pl\/?product=rower-kross-lea-mini-2-0#breadcrumb\",\"itemListElement\":[{\"@type\":\"ListItem\",\"position\":1,\"name\":\"Strona g\u0142\u00f3wna\",\"item\":\"https:\/\/stronarowerowa.pl\/\"},{\"@type\":\"ListItem\",\"position\":2,\"name\":\"Rower KROSS LEA MINI 2.0\"}]},{\"@type\":\"WebSite\",\"@id\":\"https:\/\/stronarowerowa.pl\/#website\",\"url\":\"https:\/\/stronarowerowa.pl\/\",\"name\":\"Strona rowerowa - ulubiona strona ka\u017cdego rowerzysty\",\"description\":\"\",\"potentialAction\":[{\"@type\":\"SearchAction\",\"target\":{\"@type\":\"EntryPoint\",\"urlTemplate\":\"https:\/\/stronarowerowa.pl\/?s={search_term_string}\"},\"query-input\":{\"@type\":\"PropertyValueSpecification\",\"valueRequired\":true,\"valueName\":\"search_term_string\"}}],\"inLanguage\":\"pl-PL\"}]}<\/script>\n<!-- \/ Yoast SEO plugin. -->","yoast_head_json":{"title":"Rower KROSS LEA MINI 2.0 - Strona rowerowa - ulubiona strona ka\u017cdego rowerzysty","robots":{"index":"index","follow":"follow","max-snippet":"max-snippet:-1","max-image-preview":"max-image-preview:large","max-video-preview":"max-video-preview:-1"},"canonical":"https:\/\/stronarowerowa.pl\/?product=rower-kross-lea-mini-2-0","og_locale":"pl_PL","og_type":"article","og_title":"Rower KROSS LEA MINI 2.0 - Strona rowerowa - ulubiona strona ka\u017cdego rowerzysty","og_description":"KROSS LEA MINI 2.0 \u2013 idealny rower dzieci\u0119cy na ka\u017cd\u0105 przygod\u0119 Osprz\u0119t dostosowany do potrzeb dziecka Rower KROSS Lea Mini 2.0 wyposa\u017cony jest w innowacyjny nap\u0119d w systemie 1&#215;6, kt\u00f3ry pozwala na \u0142atwe pokonywanie r\u00f3\u017cnych rodzaj\u00f3w terenu. Dzi\u0119ki temu, zar\u00f3wno podjazdy, jak i szybka jazda po p\u0142askich odcinkach, staj\u0105 si\u0119 proste i przyjemne. Tylna przerzutka","og_url":"https:\/\/stronarowerowa.pl\/?product=rower-kross-lea-mini-2-0","og_site_name":"Strona rowerowa - ulubiona strona ka\u017cdego rowerzysty","article_modified_time":"2026-01-21T13:20:53+00:00","og_image":[{"width":950,"height":720,"url":"https:\/\/stronarowerowa.pl\/wp-content\/uploads\/2026\/01\/lea-mini-20.jpg","type":"image\/jpeg"}],"twitter_card":"summary_large_image","twitter_misc":{"Szacowany czas czytania":"2 minuty"},"schema":{"@context":"https:\/\/schema.org","@graph":[{"@type":"WebPage","@id":"https:\/\/stronarowerowa.pl\/?product=rower-kross-lea-mini-2-0","url":"https:\/\/stronarowerowa.pl\/?product=rower-kross-lea-mini-2-0","name":"Rower KROSS LEA MINI 2.0 - Strona rowerowa - ulubiona strona ka\u017cdego rowerzysty","isPartOf":{"@id":"https:\/\/stronarowerowa.pl\/#website"},"primaryImageOfPage":{"@id":"https:\/\/stronarowerowa.pl\/?product=rower-kross-lea-mini-2-0#primaryimage"},"image":{"@id":"https:\/\/stronarowerowa.pl\/?product=rower-kross-lea-mini-2-0#primaryimage"},"thumbnailUrl":"https:\/\/stronarowerowa.pl\/wp-content\/uploads\/2026\/01\/lea-mini-20.jpg","datePublished":"2026-01-21T12:25:03+00:00","dateModified":"2026-01-21T13:20:53+00:00","breadcrumb":{"@id":"https:\/\/stronarowerowa.pl\/?product=rower-kross-lea-mini-2-0#breadcrumb"},"inLanguage":"pl-PL","potentialAction":[{"@type":"ReadAction","target":["https:\/\/stronarowerowa.pl\/?product=rower-kross-lea-mini-2-0"]}]},{"@type":"ImageObject","inLanguage":"pl-PL","@id":"https:\/\/stronarowerowa.pl\/?product=rower-kross-lea-mini-2-0#primaryimage","url":"https:\/\/stronarowerowa.pl\/wp-content\/uploads\/2026\/01\/lea-mini-20.jpg","contentUrl":"https:\/\/stronarowerowa.pl\/wp-content\/uploads\/2026\/01\/lea-mini-20.jpg","width":950,"height":720},{"@type":"BreadcrumbList","@id":"https:\/\/stronarowerowa.pl\/?product=rower-kross-lea-mini-2-0#breadcrumb","itemListElement":[{"@type":"ListItem","position":1,"name":"Strona g\u0142\u00f3wna","item":"https:\/\/stronarowerowa.pl\/"},{"@type":"ListItem","position":2,"name":"Rower KROSS LEA MINI 2.0"}]},{"@type":"WebSite","@id":"https:\/\/stronarowerowa.pl\/#website","url":"https:\/\/stronarowerowa.pl\/","name":"Strona rowerowa - ulubiona strona ka\u017cdego rowerzysty","description":"","potentialAction":[{"@type":"SearchAction","target":{"@type":"EntryPoint","urlTemplate":"https:\/\/stronarowerowa.pl\/?s={search_term_string}"},"query-input":{"@type":"PropertyValueSpecification","valueRequired":true,"valueName":"search_term_string"}}],"inLanguage":"pl-PL"}]}},"_links":{"self":[{"href":"https:\/\/stronarowerowa.pl\/index.php?rest_route=\/wp\/v2\/product\/328","targetHints":{"allow":["GET"]}}],"collection":[{"href":"https:\/\/stronarowerowa.pl\/index.php?rest_route=\/wp\/v2\/product"}],"about":[{"href":"https:\/\/stronarowerowa.pl\/index.php?rest_route=\/wp\/v2\/types\/product"}],"replies":[{"embeddable":true,"href":"https:\/\/stronarowerowa.pl\/index.php?rest_route=%2Fwp%2Fv2%2Fcomments&post=328"}],"wp:featuredmedia":[{"embeddable":true,"href":"https:\/\/stronarowerowa.pl\/index.php?rest_route=\/wp\/v2\/media\/327"}],"wp:attachment":[{"href":"https:\/\/stronarowerowa.pl\/index.php?rest_route=%2Fwp%2Fv2%2Fmedia&parent=328"}],"wp:term":[{"taxonomy":"product_brand","embeddable":true,"href":"https:\/\/stronarowerowa.pl\/index.php?rest_route=%2Fwp%2Fv2%2Fproduct_brand&post=328"},{"taxonomy":"product_cat","embeddable":true,"href":"https:\/\/stronarowerowa.pl\/index.php?rest_route=%2Fwp%2Fv2%2Fproduct_cat&post=328"},{"taxonomy":"product_tag","embeddable":true,"href":"https:\/\/stronarowerowa.pl\/index.php?rest_route=%2Fwp%2Fv2%2Fproduct_tag&post=328"}],"curies":[{"name":"wp","href":"https:\/\/api.w.org\/{rel}","templated":true}]}}