{"id":334,"date":"2026-01-21T13:25:46","date_gmt":"2026-01-21T12:25:46","guid":{"rendered":"http:\/\/drawsko.blinked.pl\/stronarowerowa.pl\/?product=rower-kross-lea-jr-1-0"},"modified":"2026-01-21T14:20:43","modified_gmt":"2026-01-21T13:20:43","slug":"rower-kross-lea-jr-1-0","status":"publish","type":"product","link":"https:\/\/stronarowerowa.pl\/?product=rower-kross-lea-jr-1-0","title":{"rendered":"Rower KROSS LEA JR 1.0"},"content":{"rendered":"<h1>LEA JR 1.0 \u2013 Rekreacyjny rower g\u00f3rski dla dzieci<\/h1>\n<p>KROSS LEA JR 1.0 to doskona\u0142y rower g\u00f3rski, stworzony z my\u015bl\u0105 o m\u0142odych mi\u0142o\u015bnikach dw\u00f3ch k\u00f3\u0142ek. Inspirowany doros\u0142ymi modelami firmy KROSS, ten rower \u0142\u0105czy w sobie nowoczesne rozwi\u0105zania techniczne i dostosowan\u0105 do dzieci\u0119cego wzrostu ram\u0119. Idealnie sprawdzi si\u0119 zar\u00f3wno na co dzie\u0144 \u2013 podczas dojazd\u00f3w do szko\u0142y, jak i podczas rodzinnych wypad\u00f3w na \u015bwie\u017cym powietrzu.<\/p>\n<h2>Osprz\u0119t przystosowany do ka\u017cdego terenu<\/h2>\n<p>Rower KROSS LEA JR 1.0 wyposa\u017cony zosta\u0142 w nap\u0119d 1&#215;8, co zapewnia skuteczne pokonywanie podjazd\u00f3w oraz p\u0142ynn\u0105 jazd\u0119 po prostych odcinkach. Dzi\u0119ki zastosowaniu tylnej przerzutki od Shimano, u\u017cytkownik mo\u017ce liczy\u0107 na trwa\u0142o\u015b\u0107 oraz sprawno\u015b\u0107 dzia\u0142ania mechanizmu, co jest szczeg\u00f3lnie istotne w przypadku intensywnego u\u017cytkowania.<\/p>\n<p>Hamulce typu v-brake oferuj\u0105 pewne i przewidywalne hamowanie w r\u00f3\u017cnych warunkach atmosferycznych. W przeciwie\u0144stwie do hamulc\u00f3w tarczowych, s\u0105 l\u017cejsze, prostsze w eksploatacji oraz bardziej ekonomiczne. Mimo to, ich skuteczno\u015b\u0107 w zatrzymywaniu roweru nie pozostawia nic do \u017cyczenia, co czyni je idealnym rozwi\u0105zaniem dla m\u0142odych rowerzyst\u00f3w.<\/p>\n<h2>Wygoda i komfort u\u017cytkowania<\/h2>\n<p>Konstrukcja ramy KROSS LEA JR 1.0 wykonana jest z wysokiej jako\u015bci aluminium 6061, co przek\u0142ada si\u0119 na jej sztywno\u015b\u0107 oraz odporno\u015b\u0107 na ewentualne uszkodzenia. Materia\u0142 ten wyr\u00f3\u017cnia si\u0119 nisk\u0105 wag\u0105, dzi\u0119ki czemu m\u0142odzi rowerzy\u015bci mog\u0105 swobodnie manewrowa\u0107 swoim pojazdem. Dodatkowo, proces malowania proszkowego zapewnia nie tylko estetyczny wygl\u0105d, ale r\u00f3wnie\u017c chroni przed uszkodzeniami mechanicznymi.<\/p>\n<p>Jednym z kluczowych rozwi\u0105za\u0144 stosowanych w tym modelu jest wewn\u0119trzne prowadzenie linek, kt\u00f3re wp\u0142ywa na schludny wygl\u0105d roweru. Takie rozwi\u0105zanie zapewnia r\u00f3wnie\u017c wi\u0119ksze bezpiecze\u0144stwo, chroni\u0105c linki przed zerwaniem podczas jazdy w trudnych warunkach terenowych. Stabilno\u015b\u0107 i kontrola to kolejne atuty, kt\u00f3re zapewnia sztywny widelec, przyczyniaj\u0105cy si\u0119 do niskiej wagi ca\u0142ej konstrukcji.<\/p>\n<h3>Nowoczesne technologie w KROSS LEA JR 1.0<\/h3>\n<p>W rowerze KROSS LEA JR 1.0 zastosowano innowacyjne technologie, kt\u00f3re maj\u0105 na celu zwi\u0119kszenie funkcjonalno\u015bci i trwa\u0142o\u015bci pojazdu. System RHS, czyli wymienne haki, to rozwi\u0105zanie, kt\u00f3re pozwala na szybk\u0105 wymian\u0119 uszkodzonych element\u00f3w, co przek\u0142ada si\u0119 na d\u0142u\u017cszy czas u\u017cytkowania roweru. Gwinty umieszczone na hakach lub specjalnych nakr\u0119tkach pomagaj\u0105 zminimalizowa\u0107 ryzyko uszkodzenia ramy.<\/p>\n<p>Malowanie proszkowe, kt\u00f3re jest stosowane w produkcji roweru, nie tylko nadaje mu elegancki wygl\u0105d ale r\u00f3wnie\u017c tworzy g\u0142adk\u0105 i odporn\u0105 na uszkodzenia powierzchni\u0119. Dzi\u0119ki zaawansowanej obr\u00f3bce termicznej, lakier jest znacznie mniej podatny na zarysowania czy inne mechaniczne uszkodzenia.<\/p>\n<h2>Bezpiecze\u0144stwo i wygoda na drodze<\/h2>\n<p>Bezpiecze\u0144stwo m\u0142odych rowerzyst\u00f3w jest priorytetem, dlatego KROSS LEA JR 1.0 zosta\u0142 zaprojektowany z my\u015bl\u0105 o maksymalnej ochronie. Wprowadzenie wewn\u0119trznego prowadzenia linek nie tylko zwi\u0119ksza estetyk\u0119, ale r\u00f3wnie\u017c wyd\u0142u\u017ca \u017cywotno\u015b\u0107 element\u00f3w, oszcz\u0119dzaj\u0105c przy tym cenne gramy. Dzi\u0119ki takim rozwi\u0105zaniom, u\u017cytkownicy mog\u0105 w pe\u0142ni cieszy\u0107 si\u0119 jazd\u0105, nie martwi\u0105c si\u0119 o potencjalne awarie.<\/p>\n<p>Rekreacyjny charakter KROSS LEA JR 1.0 sprawia, \u017ce jest to idealny wyb\u00f3r dla dzieci, kt\u00f3re dopiero wkraczaj\u0105 w \u015bwiat rowerowych przyg\u00f3d. Zr\u00f3\u017cnicowane tereny, na kt\u00f3rych rower mo\u017ce by\u0107 wykorzystywany, oferuj\u0105 wiele mo\u017cliwo\u015bci eksploracji i zabawy, a nowoczesne technologie sprawiaj\u0105, \u017ce jazda na tym modelu to czysta przyjemno\u015b\u0107.<\/p>\n<h3>Ostatnia my\u015bl o KROSS LEA JR 1.0<\/h3>\n<p>Rower KROSS LEA JR 1.0 to nie tylko sprz\u0119t transportowy, ale przede wszystkim narz\u0119dzie do rozwijania pasji i aktywnego sp\u0119dzania czasu. Dzi\u0119ki solidnej konstrukcji, nowoczesnym rozwi\u0105zaniom oraz estetycznemu wykonaniu, KROSS LEA JR 1.0 z pewno\u015bci\u0105 spe\u0142ni oczekiwania nie tylko dzieci, ale r\u00f3wnie\u017c ich rodzic\u00f3w, dbaj\u0105cych o bezpiecze\u0144stwo i komfort ma\u0142ego rowerzysty.<\/p>\n<p><strong>Specyfikacja:<\/strong><a href=\"https:\/\/kross.pl\/lea-jr-1-0-szary-zielony-polysk\" rel=\"nofollow\">https:\/\/kross.pl\/lea-jr-1-0-szary-zielony-polysk<\/a><\/p>\n","protected":false},"excerpt":{"rendered":"<p>LEA JR 1.0 \u2013 Rekreacyjny rower g\u00f3rski dla dzieci KROSS LEA JR 1.0 to doskona\u0142y rower g\u00f3rski, stworzony z my\u015bl\u0105 o m\u0142odych mi\u0142o\u015bnikach dw\u00f3ch k\u00f3\u0142ek. Inspirowany doros\u0142ymi modelami firmy KROSS, ten rower \u0142\u0105czy w sobie nowoczesne rozwi\u0105zania techniczne i dostosowan\u0105 do dzieci\u0119cego wzrostu ram\u0119. Idealnie sprawdzi si\u0119 zar\u00f3wno na co dzie\u0144 \u2013 podczas dojazd\u00f3w do<\/p>\n","protected":false},"featured_media":333,"comment_status":"open","ping_status":"closed","template":"","meta":[],"product_brand":[16],"product_cat":[43,42],"product_tag":[],"class_list":{"0":"post-334","1":"product","2":"type-product","3":"status-publish","4":"has-post-thumbnail","6":"product_brand-kross","7":"product_cat-mlodziezowe","8":"product_cat-rowery","10":"first","11":"instock","12":"shipping-taxable","13":"product-type-simple"},"yoast_head":"<!-- This site is optimized with the Yoast SEO plugin v26.8 - https:\/\/yoast.com\/product\/yoast-seo-wordpress\/ -->\n<title>Rower KROSS LEA JR 1.0 - Strona rowerowa - ulubiona strona ka\u017cdego rowerzysty<\/title>\n<meta name=\"robots\" content=\"index, follow, max-snippet:-1, max-image-preview:large, max-video-preview:-1\" \/>\n<link rel=\"canonical\" href=\"https:\/\/stronarowerowa.pl\/?product=rower-kross-lea-jr-1-0\" \/>\n<meta property=\"og:locale\" content=\"pl_PL\" \/>\n<meta property=\"og:type\" content=\"article\" \/>\n<meta property=\"og:title\" content=\"Rower KROSS LEA JR 1.0 - Strona rowerowa - ulubiona strona ka\u017cdego rowerzysty\" \/>\n<meta property=\"og:description\" content=\"LEA JR 1.0 \u2013 Rekreacyjny rower g\u00f3rski dla dzieci KROSS LEA JR 1.0 to doskona\u0142y rower g\u00f3rski, stworzony z my\u015bl\u0105 o m\u0142odych mi\u0142o\u015bnikach dw\u00f3ch k\u00f3\u0142ek. Inspirowany doros\u0142ymi modelami firmy KROSS, ten rower \u0142\u0105czy w sobie nowoczesne rozwi\u0105zania techniczne i dostosowan\u0105 do dzieci\u0119cego wzrostu ram\u0119. Idealnie sprawdzi si\u0119 zar\u00f3wno na co dzie\u0144 \u2013 podczas dojazd\u00f3w do\" \/>\n<meta property=\"og:url\" content=\"https:\/\/stronarowerowa.pl\/?product=rower-kross-lea-jr-1-0\" \/>\n<meta property=\"og:site_name\" content=\"Strona rowerowa - ulubiona strona ka\u017cdego rowerzysty\" \/>\n<meta property=\"article:modified_time\" content=\"2026-01-21T13:20:43+00:00\" \/>\n<meta property=\"og:image\" content=\"https:\/\/stronarowerowa.pl\/wp-content\/uploads\/2026\/01\/lea-jr-10.jpg\" \/>\n\t<meta property=\"og:image:width\" content=\"950\" \/>\n\t<meta property=\"og:image:height\" content=\"720\" \/>\n\t<meta property=\"og:image:type\" content=\"image\/jpeg\" \/>\n<meta name=\"twitter:card\" content=\"summary_large_image\" \/>\n<meta name=\"twitter:label1\" content=\"Szacowany czas czytania\" \/>\n\t<meta name=\"twitter:data1\" content=\"3 minuty\" \/>\n<script type=\"application\/ld+json\" class=\"yoast-schema-graph\">{\"@context\":\"https:\/\/schema.org\",\"@graph\":[{\"@type\":\"WebPage\",\"@id\":\"https:\/\/stronarowerowa.pl\/?product=rower-kross-lea-jr-1-0\",\"url\":\"https:\/\/stronarowerowa.pl\/?product=rower-kross-lea-jr-1-0\",\"name\":\"Rower KROSS LEA JR 1.0 - Strona rowerowa - ulubiona strona ka\u017cdego rowerzysty\",\"isPartOf\":{\"@id\":\"https:\/\/stronarowerowa.pl\/#website\"},\"primaryImageOfPage\":{\"@id\":\"https:\/\/stronarowerowa.pl\/?product=rower-kross-lea-jr-1-0#primaryimage\"},\"image\":{\"@id\":\"https:\/\/stronarowerowa.pl\/?product=rower-kross-lea-jr-1-0#primaryimage\"},\"thumbnailUrl\":\"https:\/\/stronarowerowa.pl\/wp-content\/uploads\/2026\/01\/lea-jr-10.jpg\",\"datePublished\":\"2026-01-21T12:25:46+00:00\",\"dateModified\":\"2026-01-21T13:20:43+00:00\",\"breadcrumb\":{\"@id\":\"https:\/\/stronarowerowa.pl\/?product=rower-kross-lea-jr-1-0#breadcrumb\"},\"inLanguage\":\"pl-PL\",\"potentialAction\":[{\"@type\":\"ReadAction\",\"target\":[\"https:\/\/stronarowerowa.pl\/?product=rower-kross-lea-jr-1-0\"]}]},{\"@type\":\"ImageObject\",\"inLanguage\":\"pl-PL\",\"@id\":\"https:\/\/stronarowerowa.pl\/?product=rower-kross-lea-jr-1-0#primaryimage\",\"url\":\"https:\/\/stronarowerowa.pl\/wp-content\/uploads\/2026\/01\/lea-jr-10.jpg\",\"contentUrl\":\"https:\/\/stronarowerowa.pl\/wp-content\/uploads\/2026\/01\/lea-jr-10.jpg\",\"width\":950,\"height\":720},{\"@type\":\"BreadcrumbList\",\"@id\":\"https:\/\/stronarowerowa.pl\/?product=rower-kross-lea-jr-1-0#breadcrumb\",\"itemListElement\":[{\"@type\":\"ListItem\",\"position\":1,\"name\":\"Strona g\u0142\u00f3wna\",\"item\":\"https:\/\/stronarowerowa.pl\/\"},{\"@type\":\"ListItem\",\"position\":2,\"name\":\"Rower KROSS LEA JR 1.0\"}]},{\"@type\":\"WebSite\",\"@id\":\"https:\/\/stronarowerowa.pl\/#website\",\"url\":\"https:\/\/stronarowerowa.pl\/\",\"name\":\"Strona rowerowa - ulubiona strona ka\u017cdego rowerzysty\",\"description\":\"\",\"potentialAction\":[{\"@type\":\"SearchAction\",\"target\":{\"@type\":\"EntryPoint\",\"urlTemplate\":\"https:\/\/stronarowerowa.pl\/?s={search_term_string}\"},\"query-input\":{\"@type\":\"PropertyValueSpecification\",\"valueRequired\":true,\"valueName\":\"search_term_string\"}}],\"inLanguage\":\"pl-PL\"}]}<\/script>\n<!-- \/ Yoast SEO plugin. -->","yoast_head_json":{"title":"Rower KROSS LEA JR 1.0 - Strona rowerowa - ulubiona strona ka\u017cdego rowerzysty","robots":{"index":"index","follow":"follow","max-snippet":"max-snippet:-1","max-image-preview":"max-image-preview:large","max-video-preview":"max-video-preview:-1"},"canonical":"https:\/\/stronarowerowa.pl\/?product=rower-kross-lea-jr-1-0","og_locale":"pl_PL","og_type":"article","og_title":"Rower KROSS LEA JR 1.0 - Strona rowerowa - ulubiona strona ka\u017cdego rowerzysty","og_description":"LEA JR 1.0 \u2013 Rekreacyjny rower g\u00f3rski dla dzieci KROSS LEA JR 1.0 to doskona\u0142y rower g\u00f3rski, stworzony z my\u015bl\u0105 o m\u0142odych mi\u0142o\u015bnikach dw\u00f3ch k\u00f3\u0142ek. Inspirowany doros\u0142ymi modelami firmy KROSS, ten rower \u0142\u0105czy w sobie nowoczesne rozwi\u0105zania techniczne i dostosowan\u0105 do dzieci\u0119cego wzrostu ram\u0119. Idealnie sprawdzi si\u0119 zar\u00f3wno na co dzie\u0144 \u2013 podczas dojazd\u00f3w do","og_url":"https:\/\/stronarowerowa.pl\/?product=rower-kross-lea-jr-1-0","og_site_name":"Strona rowerowa - ulubiona strona ka\u017cdego rowerzysty","article_modified_time":"2026-01-21T13:20:43+00:00","og_image":[{"width":950,"height":720,"url":"https:\/\/stronarowerowa.pl\/wp-content\/uploads\/2026\/01\/lea-jr-10.jpg","type":"image\/jpeg"}],"twitter_card":"summary_large_image","twitter_misc":{"Szacowany czas czytania":"3 minuty"},"schema":{"@context":"https:\/\/schema.org","@graph":[{"@type":"WebPage","@id":"https:\/\/stronarowerowa.pl\/?product=rower-kross-lea-jr-1-0","url":"https:\/\/stronarowerowa.pl\/?product=rower-kross-lea-jr-1-0","name":"Rower KROSS LEA JR 1.0 - Strona rowerowa - ulubiona strona ka\u017cdego rowerzysty","isPartOf":{"@id":"https:\/\/stronarowerowa.pl\/#website"},"primaryImageOfPage":{"@id":"https:\/\/stronarowerowa.pl\/?product=rower-kross-lea-jr-1-0#primaryimage"},"image":{"@id":"https:\/\/stronarowerowa.pl\/?product=rower-kross-lea-jr-1-0#primaryimage"},"thumbnailUrl":"https:\/\/stronarowerowa.pl\/wp-content\/uploads\/2026\/01\/lea-jr-10.jpg","datePublished":"2026-01-21T12:25:46+00:00","dateModified":"2026-01-21T13:20:43+00:00","breadcrumb":{"@id":"https:\/\/stronarowerowa.pl\/?product=rower-kross-lea-jr-1-0#breadcrumb"},"inLanguage":"pl-PL","potentialAction":[{"@type":"ReadAction","target":["https:\/\/stronarowerowa.pl\/?product=rower-kross-lea-jr-1-0"]}]},{"@type":"ImageObject","inLanguage":"pl-PL","@id":"https:\/\/stronarowerowa.pl\/?product=rower-kross-lea-jr-1-0#primaryimage","url":"https:\/\/stronarowerowa.pl\/wp-content\/uploads\/2026\/01\/lea-jr-10.jpg","contentUrl":"https:\/\/stronarowerowa.pl\/wp-content\/uploads\/2026\/01\/lea-jr-10.jpg","width":950,"height":720},{"@type":"BreadcrumbList","@id":"https:\/\/stronarowerowa.pl\/?product=rower-kross-lea-jr-1-0#breadcrumb","itemListElement":[{"@type":"ListItem","position":1,"name":"Strona g\u0142\u00f3wna","item":"https:\/\/stronarowerowa.pl\/"},{"@type":"ListItem","position":2,"name":"Rower KROSS LEA JR 1.0"}]},{"@type":"WebSite","@id":"https:\/\/stronarowerowa.pl\/#website","url":"https:\/\/stronarowerowa.pl\/","name":"Strona rowerowa - ulubiona strona ka\u017cdego rowerzysty","description":"","potentialAction":[{"@type":"SearchAction","target":{"@type":"EntryPoint","urlTemplate":"https:\/\/stronarowerowa.pl\/?s={search_term_string}"},"query-input":{"@type":"PropertyValueSpecification","valueRequired":true,"valueName":"search_term_string"}}],"inLanguage":"pl-PL"}]}},"_links":{"self":[{"href":"https:\/\/stronarowerowa.pl\/index.php?rest_route=\/wp\/v2\/product\/334","targetHints":{"allow":["GET"]}}],"collection":[{"href":"https:\/\/stronarowerowa.pl\/index.php?rest_route=\/wp\/v2\/product"}],"about":[{"href":"https:\/\/stronarowerowa.pl\/index.php?rest_route=\/wp\/v2\/types\/product"}],"replies":[{"embeddable":true,"href":"https:\/\/stronarowerowa.pl\/index.php?rest_route=%2Fwp%2Fv2%2Fcomments&post=334"}],"wp:featuredmedia":[{"embeddable":true,"href":"https:\/\/stronarowerowa.pl\/index.php?rest_route=\/wp\/v2\/media\/333"}],"wp:attachment":[{"href":"https:\/\/stronarowerowa.pl\/index.php?rest_route=%2Fwp%2Fv2%2Fmedia&parent=334"}],"wp:term":[{"taxonomy":"product_brand","embeddable":true,"href":"https:\/\/stronarowerowa.pl\/index.php?rest_route=%2Fwp%2Fv2%2Fproduct_brand&post=334"},{"taxonomy":"product_cat","embeddable":true,"href":"https:\/\/stronarowerowa.pl\/index.php?rest_route=%2Fwp%2Fv2%2Fproduct_cat&post=334"},{"taxonomy":"product_tag","embeddable":true,"href":"https:\/\/stronarowerowa.pl\/index.php?rest_route=%2Fwp%2Fv2%2Fproduct_tag&post=334"}],"curies":[{"name":"wp","href":"https:\/\/api.w.org\/{rel}","templated":true}]}}