{"id":336,"date":"2026-01-21T13:25:57","date_gmt":"2026-01-21T12:25:57","guid":{"rendered":"http:\/\/drawsko.blinked.pl\/stronarowerowa.pl\/?product=rower-kross-lea-6-0"},"modified":"2026-01-21T14:20:40","modified_gmt":"2026-01-21T13:20:40","slug":"rower-kross-lea-6-0","status":"publish","type":"product","link":"https:\/\/stronarowerowa.pl\/?product=rower-kross-lea-6-0","title":{"rendered":"Rower KROSS LEA 6.0"},"content":{"rendered":"<h1>KROSS LEA 6.0 &#8211; idealny rower dla mi\u0142o\u015bniczek przyg\u00f3d<\/h1>\n<p>KROSS LEA 6.0 to rower stworzony z my\u015bl\u0105 o kobietach, kt\u00f3re pragn\u0105 odkrywa\u0107 zar\u00f3wno miejskie \u015bcie\u017cki, jak i dzikie szlaki w naturze. Jego solidna konstrukcja i zaawansowane technologie sprawiaj\u0105, \u017ce jest to doskona\u0142e narz\u0119dzie do ka\u017cdej podr\u00f3\u017cy, kt\u00f3ra dostarczy niezapomnianych wra\u017ce\u0144. Wysokiej jako\u015bci komponenty zapewniaj\u0105 trwa\u0142o\u015b\u0107, na kt\u00f3r\u0105 mo\u017cna liczy\u0107 w ka\u017cdych warunkach.<\/p>\n<h2>Osprz\u0119t przystosowany do wszelkich warunk\u00f3w<\/h2>\n<p>KROSS LEA 6.0 to uniwersalny rower, kt\u00f3rego osprz\u0119t z 24 prze\u0142o\u017ceniami umo\u017cliwia \u0142atw\u0105 i tani\u0105 eksploatacj\u0119. Zastosowana tylna przerzutka z grupy Acera gwarantuje nie tylko wysok\u0105 trwa\u0142o\u015b\u0107, ale i p\u0142ynne oraz responsywne zmiany prze\u0142o\u017ce\u0144, co jest nieocenione w trudniejszym terenie. Dzi\u0119ki temu, kolarze mog\u0105 cieszy\u0107 si\u0119 komfortem jazdy, niezale\u017cnie od trudno\u015bci napotkanej trasy.<\/p>\n<h3>Hydrauliczne hamulce tarczowe Shimano<\/h3>\n<p>Bezpiecze\u0144stwo jazdy to kluczowy element ka\u017cdej przeja\u017cd\u017cki. KROSS LEA 6.0 jest wyposa\u017cony w hydrauliczne hamulce tarczowe Shimano, kt\u00f3re oferuj\u0105 wi\u0119ksz\u0105 si\u0142\u0119 hamowania w por\u00f3wnaniu z tradycyjnymi hamulcami v-brake. To przek\u0142ada si\u0119 na precyzyjniejsz\u0105 modulacj\u0119 si\u0142y hamowania, co jest niezwykle istotne przy nag\u0142ym zatrzymywaniu si\u0119. Bez wzgl\u0119du na warunki pogodowe, rowerzystki mog\u0105 czu\u0107 si\u0119 pewnie i komfortowo, maj\u0105c ca\u0142kowit\u0105 kontrol\u0119 nad hamowaniem.<\/p>\n<h2>Technologie, kt\u00f3re wspieraj\u0105 rowerzystki<\/h2>\n<p>Rama roweru KROSS LEA 6.0 wykonana jest z najwy\u017cszej jako\u015bci aluminium 6061, co czyni j\u0105 sztywn\u0105 oraz odporn\u0105 na z\u0142amania. Dodatkowo, ten materia\u0142 jest stosunkowo lekki, co pozytywnie wp\u0142ywa na manewrowo\u015b\u0107 roweru. Proszkowe malowanie zwi\u0119ksza odporno\u015b\u0107 lakieru na uszkodzenia mechaniczne, co jest istotne w kontek\u015bcie intensywnego u\u017cytkowania w r\u00f3\u017cnych warunkach. D\u0142u\u017csza \u017cywotno\u015b\u0107 malowania sprawia, \u017ce KROSS LEA 6.0 zachowuje swoj\u0105 estetyk\u0119 przez d\u0142ugi czas.<\/p>\n<h3>Amortyzowany widelec SR Suntour<\/h3>\n<p>Aby zminimalizowa\u0107 wstrz\u0105sy i wibracje, przy zastosowaniu nier\u00f3wnej nawierzchni, KROSS LEA 6.0 zosta\u0142 wyposa\u017cony w amortyzowany widelec SR Suntour z skokiem 80 mm. Dzi\u0119ki temu, rowerzystki mog\u0105 cieszy\u0107 si\u0119 p\u0142ynno\u015bci\u0105 jazdy, nawet na trudnych trasach. Widelec ten doskonale t\u0142umi wibracje, co znacznie podnosi komfort jazdy.<\/p>\n<h2>Innowacyjne rozwi\u0105zania dla lepszej wydajno\u015bci<\/h2>\n<p>KROSS LEA 6.0 ma wiele innowacyjnych rozwi\u0105za\u0144, kt\u00f3re poprawiaj\u0105 wydajno\u015b\u0107 roweru. System Post Mount pozwala na bezb\u0142\u0119dne dopasowanie hamulc\u00f3w do ramy, eliminuj\u0105c zb\u0119dne przej\u015bci\u00f3wki i poprawiaj\u0105c sztywno\u015b\u0107 po\u0142\u0105czenia. Taki system nie tylko zwi\u0119ksza precyzj\u0119 hamowania, ale r\u00f3wnie\u017c poprawia odprowadzanie ciep\u0142a, co wyd\u0142u\u017ca \u017cywotno\u015b\u0107 hamulc\u00f3w. Dodatkowo, system wymiennych hak\u00f3w RHS zapewnia \u0142atwo\u015b\u0107 w naprawach, co jest istotne podczas d\u0142ugich wypraw rowerowych.<\/p>\n<h3>G\u0142adka powierzchnia malowania proszkowego<\/h3>\n<p>Malowanie proszkowe, polegaj\u0105ce na nak\u0142adaniu cz\u0105stek farby na aluminium, tworzy g\u0142adk\u0105 i odporn\u0105 na uszkodzenia powierzchni\u0119. Ten proces wymaga obr\u00f3bki termicznej, co dodatkowo zwi\u0119ksza wytrzyma\u0142o\u015b\u0107 lakieru. Rower jest zatem nie tylko pi\u0119kny, ale i doskonale chroniony przed wszelkimi uszkodzeniami mechanicznymi, co zapewnia d\u0142ugotrwa\u0142e u\u017cytkowanie.<\/p>\n<h2>Najwa\u017cniejsze cechy KROSS LEA 6.0<\/h2>\n<ul>\n<li>Rama wykonana z aluminium 6061 zapewniaj\u0105ca wytrzyma\u0142o\u015b\u0107 i lekko\u015b\u0107.<\/li>\n<li>24 prze\u0142o\u017cenia dla \u0142atwej i komfortowej jazdy w r\u00f3\u017cnych warunkach.<\/li>\n<li>Hydrauliczne hamulce tarczowe Shimano do precyzyjnego hamowania.<\/li>\n<li>Amortyzowany widelec SR Suntour z skokiem 80 mm dla lepszej kultury pracy.<\/li>\n<li>System Post Mount dla zwi\u0119kszonej precyzji hamowania.<\/li>\n<li>Innowacyjny system wymiennych hak\u00f3w RHS chroni\u0105cy ram\u0119.<\/li>\n<\/ul>\n<p>KROSS LEA 6.0 to idealny wyb\u00f3r dla wszystkich kobiet, kt\u00f3re pragn\u0105 \u0142\u0105czy\u0107 komfort z wydajno\u015bci\u0105. Z nim ka\u017cda przeja\u017cd\u017cka stanie si\u0119 niezapomnian\u0105 przygod\u0105, niezale\u017cnie od terenu, na kt\u00f3rym si\u0119 poruszaj\u0105.<\/p>\n<p><strong>Specyfikacja:<\/strong><a href=\"https:\/\/kross.pl\/lea-6-0-pomaranczowy-niebieski-matowy\" rel=\"nofollow\">https:\/\/kross.pl\/lea-6-0-pomaranczowy-niebieski-matowy<\/a><\/p>\n","protected":false},"excerpt":{"rendered":"<p>KROSS LEA 6.0 &#8211; idealny rower dla mi\u0142o\u015bniczek przyg\u00f3d KROSS LEA 6.0 to rower stworzony z my\u015bl\u0105 o kobietach, kt\u00f3re pragn\u0105 odkrywa\u0107 zar\u00f3wno miejskie \u015bcie\u017cki, jak i dzikie szlaki w naturze. Jego solidna konstrukcja i zaawansowane technologie sprawiaj\u0105, \u017ce jest to doskona\u0142e narz\u0119dzie do ka\u017cdej podr\u00f3\u017cy, kt\u00f3ra dostarczy niezapomnianych wra\u017ce\u0144. Wysokiej jako\u015bci komponenty zapewniaj\u0105 trwa\u0142o\u015b\u0107,<\/p>\n","protected":false},"featured_media":335,"comment_status":"open","ping_status":"closed","template":"","meta":[],"product_brand":[16],"product_cat":[28,42],"product_tag":[],"class_list":{"0":"post-336","1":"product","2":"type-product","3":"status-publish","4":"has-post-thumbnail","6":"product_brand-kross","7":"product_cat-mtb-damskie","8":"product_cat-rowery","10":"first","11":"instock","12":"sale","13":"shipping-taxable","14":"purchasable","15":"product-type-simple"},"yoast_head":"<!-- This site is optimized with the Yoast SEO plugin v26.8 - https:\/\/yoast.com\/product\/yoast-seo-wordpress\/ -->\n<title>Rower KROSS LEA 6.0 - Strona rowerowa - ulubiona strona ka\u017cdego rowerzysty<\/title>\n<meta name=\"robots\" content=\"index, follow, max-snippet:-1, max-image-preview:large, max-video-preview:-1\" \/>\n<link rel=\"canonical\" href=\"https:\/\/stronarowerowa.pl\/?product=rower-kross-lea-6-0\" \/>\n<meta property=\"og:locale\" content=\"pl_PL\" \/>\n<meta property=\"og:type\" content=\"article\" \/>\n<meta property=\"og:title\" content=\"Rower KROSS LEA 6.0 - Strona rowerowa - ulubiona strona ka\u017cdego rowerzysty\" \/>\n<meta property=\"og:description\" content=\"KROSS LEA 6.0 &#8211; idealny rower dla mi\u0142o\u015bniczek przyg\u00f3d KROSS LEA 6.0 to rower stworzony z my\u015bl\u0105 o kobietach, kt\u00f3re pragn\u0105 odkrywa\u0107 zar\u00f3wno miejskie \u015bcie\u017cki, jak i dzikie szlaki w naturze. Jego solidna konstrukcja i zaawansowane technologie sprawiaj\u0105, \u017ce jest to doskona\u0142e narz\u0119dzie do ka\u017cdej podr\u00f3\u017cy, kt\u00f3ra dostarczy niezapomnianych wra\u017ce\u0144. Wysokiej jako\u015bci komponenty zapewniaj\u0105 trwa\u0142o\u015b\u0107,\" \/>\n<meta property=\"og:url\" content=\"https:\/\/stronarowerowa.pl\/?product=rower-kross-lea-6-0\" \/>\n<meta property=\"og:site_name\" content=\"Strona rowerowa - ulubiona strona ka\u017cdego rowerzysty\" \/>\n<meta property=\"article:modified_time\" content=\"2026-01-21T13:20:40+00:00\" \/>\n<meta property=\"og:image\" content=\"https:\/\/stronarowerowa.pl\/wp-content\/uploads\/2026\/01\/lea-60.jpg\" \/>\n\t<meta property=\"og:image:width\" content=\"950\" \/>\n\t<meta property=\"og:image:height\" content=\"720\" \/>\n\t<meta property=\"og:image:type\" content=\"image\/jpeg\" \/>\n<meta name=\"twitter:card\" content=\"summary_large_image\" \/>\n<meta name=\"twitter:label1\" content=\"Szacowany czas czytania\" \/>\n\t<meta name=\"twitter:data1\" content=\"3 minuty\" \/>\n<script type=\"application\/ld+json\" class=\"yoast-schema-graph\">{\"@context\":\"https:\/\/schema.org\",\"@graph\":[{\"@type\":\"WebPage\",\"@id\":\"https:\/\/stronarowerowa.pl\/?product=rower-kross-lea-6-0\",\"url\":\"https:\/\/stronarowerowa.pl\/?product=rower-kross-lea-6-0\",\"name\":\"Rower KROSS LEA 6.0 - Strona rowerowa - ulubiona strona ka\u017cdego rowerzysty\",\"isPartOf\":{\"@id\":\"https:\/\/stronarowerowa.pl\/#website\"},\"primaryImageOfPage\":{\"@id\":\"https:\/\/stronarowerowa.pl\/?product=rower-kross-lea-6-0#primaryimage\"},\"image\":{\"@id\":\"https:\/\/stronarowerowa.pl\/?product=rower-kross-lea-6-0#primaryimage\"},\"thumbnailUrl\":\"https:\/\/stronarowerowa.pl\/wp-content\/uploads\/2026\/01\/lea-60.jpg\",\"datePublished\":\"2026-01-21T12:25:57+00:00\",\"dateModified\":\"2026-01-21T13:20:40+00:00\",\"breadcrumb\":{\"@id\":\"https:\/\/stronarowerowa.pl\/?product=rower-kross-lea-6-0#breadcrumb\"},\"inLanguage\":\"pl-PL\",\"potentialAction\":[{\"@type\":\"ReadAction\",\"target\":[\"https:\/\/stronarowerowa.pl\/?product=rower-kross-lea-6-0\"]}]},{\"@type\":\"ImageObject\",\"inLanguage\":\"pl-PL\",\"@id\":\"https:\/\/stronarowerowa.pl\/?product=rower-kross-lea-6-0#primaryimage\",\"url\":\"https:\/\/stronarowerowa.pl\/wp-content\/uploads\/2026\/01\/lea-60.jpg\",\"contentUrl\":\"https:\/\/stronarowerowa.pl\/wp-content\/uploads\/2026\/01\/lea-60.jpg\",\"width\":950,\"height\":720},{\"@type\":\"BreadcrumbList\",\"@id\":\"https:\/\/stronarowerowa.pl\/?product=rower-kross-lea-6-0#breadcrumb\",\"itemListElement\":[{\"@type\":\"ListItem\",\"position\":1,\"name\":\"Strona g\u0142\u00f3wna\",\"item\":\"https:\/\/stronarowerowa.pl\/\"},{\"@type\":\"ListItem\",\"position\":2,\"name\":\"Rower KROSS LEA 6.0\"}]},{\"@type\":\"WebSite\",\"@id\":\"https:\/\/stronarowerowa.pl\/#website\",\"url\":\"https:\/\/stronarowerowa.pl\/\",\"name\":\"Strona rowerowa - ulubiona strona ka\u017cdego rowerzysty\",\"description\":\"\",\"potentialAction\":[{\"@type\":\"SearchAction\",\"target\":{\"@type\":\"EntryPoint\",\"urlTemplate\":\"https:\/\/stronarowerowa.pl\/?s={search_term_string}\"},\"query-input\":{\"@type\":\"PropertyValueSpecification\",\"valueRequired\":true,\"valueName\":\"search_term_string\"}}],\"inLanguage\":\"pl-PL\"}]}<\/script>\n<!-- \/ Yoast SEO plugin. -->","yoast_head_json":{"title":"Rower KROSS LEA 6.0 - Strona rowerowa - ulubiona strona ka\u017cdego rowerzysty","robots":{"index":"index","follow":"follow","max-snippet":"max-snippet:-1","max-image-preview":"max-image-preview:large","max-video-preview":"max-video-preview:-1"},"canonical":"https:\/\/stronarowerowa.pl\/?product=rower-kross-lea-6-0","og_locale":"pl_PL","og_type":"article","og_title":"Rower KROSS LEA 6.0 - Strona rowerowa - ulubiona strona ka\u017cdego rowerzysty","og_description":"KROSS LEA 6.0 &#8211; idealny rower dla mi\u0142o\u015bniczek przyg\u00f3d KROSS LEA 6.0 to rower stworzony z my\u015bl\u0105 o kobietach, kt\u00f3re pragn\u0105 odkrywa\u0107 zar\u00f3wno miejskie \u015bcie\u017cki, jak i dzikie szlaki w naturze. Jego solidna konstrukcja i zaawansowane technologie sprawiaj\u0105, \u017ce jest to doskona\u0142e narz\u0119dzie do ka\u017cdej podr\u00f3\u017cy, kt\u00f3ra dostarczy niezapomnianych wra\u017ce\u0144. Wysokiej jako\u015bci komponenty zapewniaj\u0105 trwa\u0142o\u015b\u0107,","og_url":"https:\/\/stronarowerowa.pl\/?product=rower-kross-lea-6-0","og_site_name":"Strona rowerowa - ulubiona strona ka\u017cdego rowerzysty","article_modified_time":"2026-01-21T13:20:40+00:00","og_image":[{"width":950,"height":720,"url":"https:\/\/stronarowerowa.pl\/wp-content\/uploads\/2026\/01\/lea-60.jpg","type":"image\/jpeg"}],"twitter_card":"summary_large_image","twitter_misc":{"Szacowany czas czytania":"3 minuty"},"schema":{"@context":"https:\/\/schema.org","@graph":[{"@type":"WebPage","@id":"https:\/\/stronarowerowa.pl\/?product=rower-kross-lea-6-0","url":"https:\/\/stronarowerowa.pl\/?product=rower-kross-lea-6-0","name":"Rower KROSS LEA 6.0 - Strona rowerowa - ulubiona strona ka\u017cdego rowerzysty","isPartOf":{"@id":"https:\/\/stronarowerowa.pl\/#website"},"primaryImageOfPage":{"@id":"https:\/\/stronarowerowa.pl\/?product=rower-kross-lea-6-0#primaryimage"},"image":{"@id":"https:\/\/stronarowerowa.pl\/?product=rower-kross-lea-6-0#primaryimage"},"thumbnailUrl":"https:\/\/stronarowerowa.pl\/wp-content\/uploads\/2026\/01\/lea-60.jpg","datePublished":"2026-01-21T12:25:57+00:00","dateModified":"2026-01-21T13:20:40+00:00","breadcrumb":{"@id":"https:\/\/stronarowerowa.pl\/?product=rower-kross-lea-6-0#breadcrumb"},"inLanguage":"pl-PL","potentialAction":[{"@type":"ReadAction","target":["https:\/\/stronarowerowa.pl\/?product=rower-kross-lea-6-0"]}]},{"@type":"ImageObject","inLanguage":"pl-PL","@id":"https:\/\/stronarowerowa.pl\/?product=rower-kross-lea-6-0#primaryimage","url":"https:\/\/stronarowerowa.pl\/wp-content\/uploads\/2026\/01\/lea-60.jpg","contentUrl":"https:\/\/stronarowerowa.pl\/wp-content\/uploads\/2026\/01\/lea-60.jpg","width":950,"height":720},{"@type":"BreadcrumbList","@id":"https:\/\/stronarowerowa.pl\/?product=rower-kross-lea-6-0#breadcrumb","itemListElement":[{"@type":"ListItem","position":1,"name":"Strona g\u0142\u00f3wna","item":"https:\/\/stronarowerowa.pl\/"},{"@type":"ListItem","position":2,"name":"Rower KROSS LEA 6.0"}]},{"@type":"WebSite","@id":"https:\/\/stronarowerowa.pl\/#website","url":"https:\/\/stronarowerowa.pl\/","name":"Strona rowerowa - ulubiona strona ka\u017cdego rowerzysty","description":"","potentialAction":[{"@type":"SearchAction","target":{"@type":"EntryPoint","urlTemplate":"https:\/\/stronarowerowa.pl\/?s={search_term_string}"},"query-input":{"@type":"PropertyValueSpecification","valueRequired":true,"valueName":"search_term_string"}}],"inLanguage":"pl-PL"}]}},"_links":{"self":[{"href":"https:\/\/stronarowerowa.pl\/index.php?rest_route=\/wp\/v2\/product\/336","targetHints":{"allow":["GET"]}}],"collection":[{"href":"https:\/\/stronarowerowa.pl\/index.php?rest_route=\/wp\/v2\/product"}],"about":[{"href":"https:\/\/stronarowerowa.pl\/index.php?rest_route=\/wp\/v2\/types\/product"}],"replies":[{"embeddable":true,"href":"https:\/\/stronarowerowa.pl\/index.php?rest_route=%2Fwp%2Fv2%2Fcomments&post=336"}],"wp:featuredmedia":[{"embeddable":true,"href":"https:\/\/stronarowerowa.pl\/index.php?rest_route=\/wp\/v2\/media\/335"}],"wp:attachment":[{"href":"https:\/\/stronarowerowa.pl\/index.php?rest_route=%2Fwp%2Fv2%2Fmedia&parent=336"}],"wp:term":[{"taxonomy":"product_brand","embeddable":true,"href":"https:\/\/stronarowerowa.pl\/index.php?rest_route=%2Fwp%2Fv2%2Fproduct_brand&post=336"},{"taxonomy":"product_cat","embeddable":true,"href":"https:\/\/stronarowerowa.pl\/index.php?rest_route=%2Fwp%2Fv2%2Fproduct_cat&post=336"},{"taxonomy":"product_tag","embeddable":true,"href":"https:\/\/stronarowerowa.pl\/index.php?rest_route=%2Fwp%2Fv2%2Fproduct_tag&post=336"}],"curies":[{"name":"wp","href":"https:\/\/api.w.org\/{rel}","templated":true}]}}