{"id":350,"date":"2026-01-21T13:27:19","date_gmt":"2026-01-21T12:27:19","guid":{"rendered":"http:\/\/drawsko.blinked.pl\/stronarowerowa.pl\/?product=rower-kross-esker-rs-1-0"},"modified":"2026-01-21T14:20:12","modified_gmt":"2026-01-21T13:20:12","slug":"rower-kross-esker-rs-1-0","status":"publish","type":"product","link":"https:\/\/stronarowerowa.pl\/?product=rower-kross-esker-rs-1-0","title":{"rendered":"Rower KROSS ESKER RS 1.0"},"content":{"rendered":"<h1>ESKER RS 1.0 \u2013 Innowacyjny rower gravelowy od KROSS<\/h1>\n<p>Rower gravelowy ESKER RS 1.0 od KROSS to doskona\u0142e po\u0142\u0105czenie nowoczesnej technologii, innowacyjnego designu oraz funkcjonalno\u015bci. Stworzony z my\u015bl\u0105 o ambitnych rowerzystach, ESKER RS 1.0 zapewnia niezr\u00f3wnane doznania zar\u00f3wno na asfaltowych drogach, jak i trudniejszych nawierzchniach terenowych. Dzi\u0119ki temu model staje si\u0119 idealnym wyborem dla os\u00f3b, kt\u00f3re ceni\u0105 sobie wszechstronno\u015b\u0107 i komfort jazdy w r\u00f3\u017cnorodnych warunkach.<\/p>\n<h2>Aerodynamiczna konstrukcja ramy<\/h2>\n<p>Serce roweru ESKER RS 1.0 stanowi jego rama. Zastosowanie lekkiego i wytrzyma\u0142ego carbonu sprawia, \u017ce rower jest nie tylko szybki, ale r\u00f3wnie\u017c niezwykle komfortowy. Dzi\u0119ki zoptymalizowanej aerodynamice, rama skutecznie minimalizuje op\u00f3r powietrza, co przek\u0142ada si\u0119 na lepsze osi\u0105gi podczas jazdy. Wewn\u0119trzne prowadzenie pancerzy wed\u0142ug standardu ICR oraz zintegrowany kokpit to kolejne elementy, kt\u00f3re wp\u0142ywaj\u0105 na estetyk\u0119 i funkcjonalno\u015b\u0107 roweru.<\/p>\n<h3>Mo\u017cliwo\u015bci personalizacji<\/h3>\n<p>Ekstremaln\u0105 funkcjonalno\u015b\u0107 ESKER RS 1.0 zapewnia system flip-chip, umo\u017cliwiaj\u0105cy \u0142atw\u0105 regulacj\u0119 geometrii roweru. Dzi\u0119ki temu, u\u017cytkownicy mog\u0105 dostosowa\u0107 k\u0105t mocowania tylnego ko\u0142a, co wp\u0142ynie na parametry takie jak REACH, CS, BB, ST, HT oraz WB. W trybie steep\/high rower nabiera bardziej agresywnego charakteru, co przek\u0142ada si\u0119 na lepsz\u0105 responsywno\u015b\u0107 na g\u0142adkich trasach. W ustawieniu slack\/low mo\u017cna liczy\u0107 na wi\u0119ksz\u0105 stabilno\u015b\u0107, co jest szczeg\u00f3lnie wa\u017cne podczas technicznych zjazd\u00f3w.<\/p>\n<h2>Zaawansowany osprz\u0119t<\/h2>\n<p>KROSS ESKER RS 1.0 wyr\u00f3\u017cnia si\u0119 wysokiej klasy osprz\u0119tem, kt\u00f3ry jest niezb\u0119dny do osi\u0105gania maksymalnych osi\u0105g\u00f3w. Nap\u0119d Shimano GRX 1&#215;12 z tyln\u0105 przerzutk\u0105 oraz korb\u0105, oferuje doskona\u0142\u0105 precyzj\u0119 oraz szerok\u0105 gam\u0119 prze\u0142o\u017ce\u0144. To rozwi\u0105zanie przyci\u0105ga mi\u0142o\u015bnik\u00f3w gravelu, zapewniaj\u0105c pewno\u015b\u0107 i niezawodno\u015b\u0107 <\/p>\n<h3>Skr\u00f3cone hamowanie i bezpiecze\u0144stwo<\/h3>\n<p>Hydrauliczne hamulce tarczowe Shimano GRX, to gwarancja pe\u0142nej kontroli nad pr\u0119dko\u015bci\u0105. Charakteryzuj\u0105 si\u0119 one niezawodno\u015bci\u0105 i doskona\u0142\u0105 modulacj\u0105, co pozwala na efektywne hamowanie w ka\u017cdej sytuacji. Dodatkowy atut to mniejsze zu\u017cycie, co zwi\u0119ksza ich \u017cywotno\u015b\u0107 w por\u00f3wnaniu do tradycyjnych hamulc\u00f3w.<\/p>\n<h2>Osi\u0105gi w trudnych warunkach<\/h2>\n<p>Ko\u0142a TRIMAX I23 od Vision w po\u0142\u0105czeniu z oponami WTB Byway stanowi\u0105 doskona\u0142y zestaw, kt\u00f3ry \u0142\u0105czy lekko\u015b\u0107 oraz wytrzyma\u0142o\u015b\u0107. Dzi\u0119ki nim rower ESKER RS 1.0 radzi sobie w najci\u0119\u017cszych warunkach, co czyni go idealnym wyborem dla ka\u017cdego, kto planuje d\u0142u\u017csze wyprawy gravelowe czy wy\u015bcigi.<\/p>\n<h3>Innowacyjne rozwi\u0105zania technologiczne<\/h3>\n<p>W ramach wewn\u0119trznego prowadzenia linek ESKER RS 1.0, zastosowano technologie, kt\u00f3re chroni\u0105 je przed szkodliwymi warunkami atmosferycznymi, co przek\u0142ada si\u0119 na ich d\u0142u\u017csz\u0105 \u017cywotno\u015b\u0107. Dodatkowo, system wymiennych hak\u00f3w chroni ram\u0119 przed uszkodzeniami, a sto\u017ckowa g\u0142\u00f3wka ramy zwi\u0119ksza sztywno\u015b\u0107 i wytrzyma\u0142o\u015b\u0107 roweru, co sprzyja lepszej kontroli podczas jazdy.<\/p>\n<h2>Pod wzgl\u0119dem jako\u015bci i wydajno\u015bci<\/h2>\n<p>KROSS ESKER RS 1.0 to rower, kt\u00f3ry dzi\u0119ki swoim zaawansowanym technologiom, innowacyjnej konstrukcji oraz wysokiej klasie osprz\u0119tu zaspokoi potrzeby nawet najbardziej wymagaj\u0105cych rowerzyst\u00f3w. Zr\u00f3\u017cnicowane mo\u017cliwo\u015bci personalizacji oraz niezwyk\u0142a wszechstronno\u015b\u0107 sprawiaj\u0105, \u017ce jest to model dedykowany zar\u00f3wno do jazdy rekreacyjnej, jak i profesjonalnych wy\u015bcig\u00f3w gravelowych. To idealny wyb\u00f3r dla os\u00f3b pragn\u0105cych odkrywa\u0107 nowe trasy, maksymalizuj\u0105c przy tym wygod\u0119 i osi\u0105gi podczas ka\u017cdej przeja\u017cd\u017cki.<\/p>\n<p><strong>Specyfikacja:<\/strong><a href=\"https:\/\/kross.pl\/esker-rs-1-0-szary-brazowy-polysk\" rel=\"nofollow\">https:\/\/kross.pl\/esker-rs-1-0-szary-brazowy-polysk<\/a><\/p>\n","protected":false},"excerpt":{"rendered":"<p>ESKER RS 1.0 \u2013 Innowacyjny rower gravelowy od KROSS Rower gravelowy ESKER RS 1.0 od KROSS to doskona\u0142e po\u0142\u0105czenie nowoczesnej technologii, innowacyjnego designu oraz funkcjonalno\u015bci. Stworzony z my\u015bl\u0105 o ambitnych rowerzystach, ESKER RS 1.0 zapewnia niezr\u00f3wnane doznania zar\u00f3wno na asfaltowych drogach, jak i trudniejszych nawierzchniach terenowych. Dzi\u0119ki temu model staje si\u0119 idealnym wyborem dla os\u00f3b,<\/p>\n","protected":false},"featured_media":349,"comment_status":"open","ping_status":"closed","template":"","meta":[],"product_brand":[16],"product_cat":[35,42],"product_tag":[],"class_list":{"0":"post-350","1":"product","2":"type-product","3":"status-publish","4":"has-post-thumbnail","6":"product_brand-kross","7":"product_cat-gravel","8":"product_cat-rowery","10":"first","11":"instock","12":"shipping-taxable","13":"product-type-simple"},"yoast_head":"<!-- This site is optimized with the Yoast SEO plugin v26.8 - https:\/\/yoast.com\/product\/yoast-seo-wordpress\/ -->\n<title>Rower KROSS ESKER RS 1.0 - Strona rowerowa - ulubiona strona ka\u017cdego rowerzysty<\/title>\n<meta name=\"robots\" content=\"index, follow, max-snippet:-1, max-image-preview:large, max-video-preview:-1\" \/>\n<link rel=\"canonical\" href=\"https:\/\/stronarowerowa.pl\/?product=rower-kross-esker-rs-1-0\" \/>\n<meta property=\"og:locale\" content=\"pl_PL\" \/>\n<meta property=\"og:type\" content=\"article\" \/>\n<meta property=\"og:title\" content=\"Rower KROSS ESKER RS 1.0 - Strona rowerowa - ulubiona strona ka\u017cdego rowerzysty\" \/>\n<meta property=\"og:description\" content=\"ESKER RS 1.0 \u2013 Innowacyjny rower gravelowy od KROSS Rower gravelowy ESKER RS 1.0 od KROSS to doskona\u0142e po\u0142\u0105czenie nowoczesnej technologii, innowacyjnego designu oraz funkcjonalno\u015bci. Stworzony z my\u015bl\u0105 o ambitnych rowerzystach, ESKER RS 1.0 zapewnia niezr\u00f3wnane doznania zar\u00f3wno na asfaltowych drogach, jak i trudniejszych nawierzchniach terenowych. Dzi\u0119ki temu model staje si\u0119 idealnym wyborem dla os\u00f3b,\" \/>\n<meta property=\"og:url\" content=\"https:\/\/stronarowerowa.pl\/?product=rower-kross-esker-rs-1-0\" \/>\n<meta property=\"og:site_name\" content=\"Strona rowerowa - ulubiona strona ka\u017cdego rowerzysty\" \/>\n<meta property=\"article:modified_time\" content=\"2026-01-21T13:20:12+00:00\" \/>\n<meta property=\"og:image\" content=\"https:\/\/stronarowerowa.pl\/wp-content\/uploads\/2026\/01\/esker-rs-10.jpg\" \/>\n\t<meta property=\"og:image:width\" content=\"950\" \/>\n\t<meta property=\"og:image:height\" content=\"720\" \/>\n\t<meta property=\"og:image:type\" content=\"image\/jpeg\" \/>\n<meta name=\"twitter:card\" content=\"summary_large_image\" \/>\n<meta name=\"twitter:label1\" content=\"Szacowany czas czytania\" \/>\n\t<meta name=\"twitter:data1\" content=\"3 minuty\" \/>\n<script type=\"application\/ld+json\" class=\"yoast-schema-graph\">{\"@context\":\"https:\/\/schema.org\",\"@graph\":[{\"@type\":\"WebPage\",\"@id\":\"https:\/\/stronarowerowa.pl\/?product=rower-kross-esker-rs-1-0\",\"url\":\"https:\/\/stronarowerowa.pl\/?product=rower-kross-esker-rs-1-0\",\"name\":\"Rower KROSS ESKER RS 1.0 - Strona rowerowa - ulubiona strona ka\u017cdego rowerzysty\",\"isPartOf\":{\"@id\":\"https:\/\/stronarowerowa.pl\/#website\"},\"primaryImageOfPage\":{\"@id\":\"https:\/\/stronarowerowa.pl\/?product=rower-kross-esker-rs-1-0#primaryimage\"},\"image\":{\"@id\":\"https:\/\/stronarowerowa.pl\/?product=rower-kross-esker-rs-1-0#primaryimage\"},\"thumbnailUrl\":\"https:\/\/stronarowerowa.pl\/wp-content\/uploads\/2026\/01\/esker-rs-10.jpg\",\"datePublished\":\"2026-01-21T12:27:19+00:00\",\"dateModified\":\"2026-01-21T13:20:12+00:00\",\"breadcrumb\":{\"@id\":\"https:\/\/stronarowerowa.pl\/?product=rower-kross-esker-rs-1-0#breadcrumb\"},\"inLanguage\":\"pl-PL\",\"potentialAction\":[{\"@type\":\"ReadAction\",\"target\":[\"https:\/\/stronarowerowa.pl\/?product=rower-kross-esker-rs-1-0\"]}]},{\"@type\":\"ImageObject\",\"inLanguage\":\"pl-PL\",\"@id\":\"https:\/\/stronarowerowa.pl\/?product=rower-kross-esker-rs-1-0#primaryimage\",\"url\":\"https:\/\/stronarowerowa.pl\/wp-content\/uploads\/2026\/01\/esker-rs-10.jpg\",\"contentUrl\":\"https:\/\/stronarowerowa.pl\/wp-content\/uploads\/2026\/01\/esker-rs-10.jpg\",\"width\":950,\"height\":720},{\"@type\":\"BreadcrumbList\",\"@id\":\"https:\/\/stronarowerowa.pl\/?product=rower-kross-esker-rs-1-0#breadcrumb\",\"itemListElement\":[{\"@type\":\"ListItem\",\"position\":1,\"name\":\"Strona g\u0142\u00f3wna\",\"item\":\"https:\/\/stronarowerowa.pl\/\"},{\"@type\":\"ListItem\",\"position\":2,\"name\":\"Rower KROSS ESKER RS 1.0\"}]},{\"@type\":\"WebSite\",\"@id\":\"https:\/\/stronarowerowa.pl\/#website\",\"url\":\"https:\/\/stronarowerowa.pl\/\",\"name\":\"Strona rowerowa - ulubiona strona ka\u017cdego rowerzysty\",\"description\":\"\",\"potentialAction\":[{\"@type\":\"SearchAction\",\"target\":{\"@type\":\"EntryPoint\",\"urlTemplate\":\"https:\/\/stronarowerowa.pl\/?s={search_term_string}\"},\"query-input\":{\"@type\":\"PropertyValueSpecification\",\"valueRequired\":true,\"valueName\":\"search_term_string\"}}],\"inLanguage\":\"pl-PL\"}]}<\/script>\n<!-- \/ Yoast SEO plugin. -->","yoast_head_json":{"title":"Rower KROSS ESKER RS 1.0 - Strona rowerowa - ulubiona strona ka\u017cdego rowerzysty","robots":{"index":"index","follow":"follow","max-snippet":"max-snippet:-1","max-image-preview":"max-image-preview:large","max-video-preview":"max-video-preview:-1"},"canonical":"https:\/\/stronarowerowa.pl\/?product=rower-kross-esker-rs-1-0","og_locale":"pl_PL","og_type":"article","og_title":"Rower KROSS ESKER RS 1.0 - Strona rowerowa - ulubiona strona ka\u017cdego rowerzysty","og_description":"ESKER RS 1.0 \u2013 Innowacyjny rower gravelowy od KROSS Rower gravelowy ESKER RS 1.0 od KROSS to doskona\u0142e po\u0142\u0105czenie nowoczesnej technologii, innowacyjnego designu oraz funkcjonalno\u015bci. Stworzony z my\u015bl\u0105 o ambitnych rowerzystach, ESKER RS 1.0 zapewnia niezr\u00f3wnane doznania zar\u00f3wno na asfaltowych drogach, jak i trudniejszych nawierzchniach terenowych. Dzi\u0119ki temu model staje si\u0119 idealnym wyborem dla os\u00f3b,","og_url":"https:\/\/stronarowerowa.pl\/?product=rower-kross-esker-rs-1-0","og_site_name":"Strona rowerowa - ulubiona strona ka\u017cdego rowerzysty","article_modified_time":"2026-01-21T13:20:12+00:00","og_image":[{"width":950,"height":720,"url":"https:\/\/stronarowerowa.pl\/wp-content\/uploads\/2026\/01\/esker-rs-10.jpg","type":"image\/jpeg"}],"twitter_card":"summary_large_image","twitter_misc":{"Szacowany czas czytania":"3 minuty"},"schema":{"@context":"https:\/\/schema.org","@graph":[{"@type":"WebPage","@id":"https:\/\/stronarowerowa.pl\/?product=rower-kross-esker-rs-1-0","url":"https:\/\/stronarowerowa.pl\/?product=rower-kross-esker-rs-1-0","name":"Rower KROSS ESKER RS 1.0 - Strona rowerowa - ulubiona strona ka\u017cdego rowerzysty","isPartOf":{"@id":"https:\/\/stronarowerowa.pl\/#website"},"primaryImageOfPage":{"@id":"https:\/\/stronarowerowa.pl\/?product=rower-kross-esker-rs-1-0#primaryimage"},"image":{"@id":"https:\/\/stronarowerowa.pl\/?product=rower-kross-esker-rs-1-0#primaryimage"},"thumbnailUrl":"https:\/\/stronarowerowa.pl\/wp-content\/uploads\/2026\/01\/esker-rs-10.jpg","datePublished":"2026-01-21T12:27:19+00:00","dateModified":"2026-01-21T13:20:12+00:00","breadcrumb":{"@id":"https:\/\/stronarowerowa.pl\/?product=rower-kross-esker-rs-1-0#breadcrumb"},"inLanguage":"pl-PL","potentialAction":[{"@type":"ReadAction","target":["https:\/\/stronarowerowa.pl\/?product=rower-kross-esker-rs-1-0"]}]},{"@type":"ImageObject","inLanguage":"pl-PL","@id":"https:\/\/stronarowerowa.pl\/?product=rower-kross-esker-rs-1-0#primaryimage","url":"https:\/\/stronarowerowa.pl\/wp-content\/uploads\/2026\/01\/esker-rs-10.jpg","contentUrl":"https:\/\/stronarowerowa.pl\/wp-content\/uploads\/2026\/01\/esker-rs-10.jpg","width":950,"height":720},{"@type":"BreadcrumbList","@id":"https:\/\/stronarowerowa.pl\/?product=rower-kross-esker-rs-1-0#breadcrumb","itemListElement":[{"@type":"ListItem","position":1,"name":"Strona g\u0142\u00f3wna","item":"https:\/\/stronarowerowa.pl\/"},{"@type":"ListItem","position":2,"name":"Rower KROSS ESKER RS 1.0"}]},{"@type":"WebSite","@id":"https:\/\/stronarowerowa.pl\/#website","url":"https:\/\/stronarowerowa.pl\/","name":"Strona rowerowa - ulubiona strona ka\u017cdego rowerzysty","description":"","potentialAction":[{"@type":"SearchAction","target":{"@type":"EntryPoint","urlTemplate":"https:\/\/stronarowerowa.pl\/?s={search_term_string}"},"query-input":{"@type":"PropertyValueSpecification","valueRequired":true,"valueName":"search_term_string"}}],"inLanguage":"pl-PL"}]}},"_links":{"self":[{"href":"https:\/\/stronarowerowa.pl\/index.php?rest_route=\/wp\/v2\/product\/350","targetHints":{"allow":["GET"]}}],"collection":[{"href":"https:\/\/stronarowerowa.pl\/index.php?rest_route=\/wp\/v2\/product"}],"about":[{"href":"https:\/\/stronarowerowa.pl\/index.php?rest_route=\/wp\/v2\/types\/product"}],"replies":[{"embeddable":true,"href":"https:\/\/stronarowerowa.pl\/index.php?rest_route=%2Fwp%2Fv2%2Fcomments&post=350"}],"wp:featuredmedia":[{"embeddable":true,"href":"https:\/\/stronarowerowa.pl\/index.php?rest_route=\/wp\/v2\/media\/349"}],"wp:attachment":[{"href":"https:\/\/stronarowerowa.pl\/index.php?rest_route=%2Fwp%2Fv2%2Fmedia&parent=350"}],"wp:term":[{"taxonomy":"product_brand","embeddable":true,"href":"https:\/\/stronarowerowa.pl\/index.php?rest_route=%2Fwp%2Fv2%2Fproduct_brand&post=350"},{"taxonomy":"product_cat","embeddable":true,"href":"https:\/\/stronarowerowa.pl\/index.php?rest_route=%2Fwp%2Fv2%2Fproduct_cat&post=350"},{"taxonomy":"product_tag","embeddable":true,"href":"https:\/\/stronarowerowa.pl\/index.php?rest_route=%2Fwp%2Fv2%2Fproduct_tag&post=350"}],"curies":[{"name":"wp","href":"https:\/\/api.w.org\/{rel}","templated":true}]}}