{"id":360,"date":"2026-01-21T13:28:15","date_gmt":"2026-01-21T12:28:15","guid":{"rendered":"http:\/\/drawsko.blinked.pl\/stronarowerowa.pl\/?product=rower-kross-esker-4-0-krx"},"modified":"2026-01-21T14:19:54","modified_gmt":"2026-01-21T13:19:54","slug":"rower-kross-esker-4-0-krx","status":"publish","type":"product","link":"https:\/\/stronarowerowa.pl\/?product=rower-kross-esker-4-0-krx","title":{"rendered":"Rower KROSS ESKER 4.0 KRX"},"content":{"rendered":"<h1>ESKER 4.0 KRX &#8211; Doskona\u0142y rower gravelowy na d\u0142ugie wyprawy<\/h1>\n<h2>Wszechstronno\u015b\u0107 i komfort jazdy<\/h2>\n<p>Rowery gravelowe Kross, w tym model Esker 4.0 KRX, to po\u0142\u0105czenie funkcjonalno\u015bci i wygody, kt\u00f3re sprawiaj\u0105, \u017ce s\u0105 idealnym wyborem na r\u00f3\u017cnorodne trasy. Dzi\u0119ki specjalnie zaprojektowanej ramie, Esker 4.0 zapewnia komfort jazdy, co jest szczeg\u00f3lnie wa\u017cne podczas d\u0142u\u017cszych przeja\u017cd\u017cek. Rower \u015bwietnie radzi sobie zar\u00f3wno na g\u0142adkich asfaltowych drogach, jak i trudniejszych nawierzchniach terenowych, co czyni go wszechstronnym narz\u0119dziem do odkrywania nowych szlak\u00f3w.<\/p>\n<h2>Solidna konstrukcja ramy i wide\u0142<\/h2>\n<p>KROSS Esker 4.0 KRX wyposa\u017cony jest w ram\u0119 oraz widelec wykonane ze stali, co wp\u0142ywa na doskona\u0142e poch\u0142anianie wibracji. Stalowa konstrukcja, cho\u0107 nieco bardziej elastyczna ni\u017c aluminium, zapewnia wytrzyma\u0142o\u015b\u0107 i odporno\u015b\u0107 na uszkodzenia. Rower zosta\u0142 malowany proszkowo, co zwi\u0119ksza trwa\u0142o\u015b\u0107 lakieru i odporno\u015b\u0107 na r\u00f3\u017cnorodne uszkodzenia mechaniczne. Dodatkowo, liczne otwory monta\u017cowe na akcesoria umo\u017cliwiaj\u0105 \u0142atwe dostosowanie roweru do indywidualnych potrzeb u\u017cytkownika.<\/p>\n<h2>Wysokiej jako\u015bci osprz\u0119t KRX<\/h2>\n<p>Model Esker 4.0 KRX zosta\u0142 wyposa\u017cony w nowoczesny nap\u0119d KRX w systemie 2&#215;10, kt\u00f3ry oferuje komfortow\u0105 jazd\u0119 w ka\u017cdym terenie. Kaseta z zakresem 11-32 pozwala na p\u0142ynne przechodzenie przez r\u00f3\u017cne pr\u0119dko\u015bci, co sprawia, \u017ce rowerzysta z \u0142atwo\u015bci\u0105 poradzi sobie zar\u00f3wno na p\u0142askich odcinkach, jak i stromych wzniesieniach. Hamulce tarczowe zapewniaj\u0105 \u015bwietn\u0105 si\u0142\u0119 hamowania bez wzgl\u0119du na warunki atmosferyczne, a ich mechaniczne zaciski sprawiaj\u0105, \u017ce s\u0105 \u0142atwe w serwisie i bardzo niezawodne nawet w trakcie d\u0142u\u017cszych wycieczek rowerowych.<\/p>\n<h2>Komfort jazdy w ka\u017cdych warunkach<\/h2>\n<p>Rower KROSS Esker 4.0 KRX jest r\u00f3wnie\u017c dobrze przystosowany do r\u00f3\u017cnych warunk\u00f3w terenowych, dzi\u0119ki oponom o szeroko\u015bci 38 mm, kt\u00f3re doskonale sprawdzaj\u0105 si\u0119 na szutrowych drogach i w trudnym terenie. Siod\u0142o WTB oraz owijki Fizik gwarantuj\u0105 komfortow\u0105 jazd\u0119, co jest niezwykle wa\u017cne w trakcie d\u0142ugich tras. Hamulce tarczowe, kt\u00f3rych \u017cywotno\u015b\u0107 jest znacznie d\u0142u\u017csza od tradycyjnych hamulc\u00f3w, oferuj\u0105 du\u017cy stopie\u0144 modulacji si\u0142y hamowania.<\/p>\n<h3>Innowacyjne technologie dla lepszej jazdy<\/h3>\n<p>Nowy standard mocowania hamulc\u00f3w &#8211; Flat Mount &#8211; nie tylko zwi\u0119ksza sztywno\u015b\u0107, ale r\u00f3wnie\u017c obni\u017ca mas\u0119 roweru i poprawia jego aerodynamik\u0119, co przek\u0142ada si\u0119 na lepsz\u0105 dynamik\u0119 jazdy. Dodatkowo, system RHS zapewnia maksymaln\u0105 ochron\u0119 ramy przez mo\u017cliwo\u015b\u0107 szybkiej wymiany uszkodzonych hak\u00f3w, co jest istotne w trudnych warunkach terenowych. Takie rozwi\u0105zania sprawiaj\u0105, \u017ce Esker 4.0 KRX jest idealnym towarzyszem dla tych, kt\u00f3rzy pragn\u0105 odkrywa\u0107 nowe szlaki z du\u017c\u0105 pewno\u015bci\u0105 siebie i wygod\u0105.<\/p>\n<h2>Podsumowanie do\u015bwiadcze\u0144<\/h2>\n<p>KROSS Esker 4.0 KRX to nie tylko rower gravelowy, ale tak\u017ce narz\u0119dzie do odkrywania nowych miejsc i tras. Dzi\u0119ki solidnej konstrukcji, wysokiej jako\u015bci osprz\u0119towi oraz nowoczesnym technologiom, model ten zapewnia stabiln\u0105 i komfortow\u0105 jazd\u0119 zar\u00f3wno na asfalcie, jak i w trudnym terenie. To idealny wyb\u00f3r dla entuzjast\u00f3w d\u0142ugich wypraw, kt\u00f3rzy ceni\u0105 sobie zar\u00f3wno komfort, jak i funkcjonalno\u015b\u0107.\u201d<\/p>\n<p><strong>Specyfikacja:<\/strong><a href=\"https:\/\/kross.pl\/esker-4-0-krx-zielony-czarny-polysk\" rel=\"nofollow\">https:\/\/kross.pl\/esker-4-0-krx-zielony-czarny-polysk<\/a><\/p>\n","protected":false},"excerpt":{"rendered":"<p>ESKER 4.0 KRX &#8211; Doskona\u0142y rower gravelowy na d\u0142ugie wyprawy Wszechstronno\u015b\u0107 i komfort jazdy Rowery gravelowe Kross, w tym model Esker 4.0 KRX, to po\u0142\u0105czenie funkcjonalno\u015bci i wygody, kt\u00f3re sprawiaj\u0105, \u017ce s\u0105 idealnym wyborem na r\u00f3\u017cnorodne trasy. Dzi\u0119ki specjalnie zaprojektowanej ramie, Esker 4.0 zapewnia komfort jazdy, co jest szczeg\u00f3lnie wa\u017cne podczas d\u0142u\u017cszych przeja\u017cd\u017cek. Rower \u015bwietnie<\/p>\n","protected":false},"featured_media":359,"comment_status":"open","ping_status":"closed","template":"","meta":[],"product_brand":[16],"product_cat":[35,42],"product_tag":[],"class_list":{"0":"post-360","1":"product","2":"type-product","3":"status-publish","4":"has-post-thumbnail","6":"product_brand-kross","7":"product_cat-gravel","8":"product_cat-rowery","10":"first","11":"instock","12":"sale","13":"shipping-taxable","14":"purchasable","15":"product-type-simple"},"yoast_head":"<!-- This site is optimized with the Yoast SEO plugin v26.8 - https:\/\/yoast.com\/product\/yoast-seo-wordpress\/ -->\n<title>Rower KROSS ESKER 4.0 KRX - Strona rowerowa - ulubiona strona ka\u017cdego rowerzysty<\/title>\n<meta name=\"robots\" content=\"index, follow, max-snippet:-1, max-image-preview:large, max-video-preview:-1\" \/>\n<link rel=\"canonical\" href=\"https:\/\/stronarowerowa.pl\/?product=rower-kross-esker-4-0-krx\" \/>\n<meta property=\"og:locale\" content=\"pl_PL\" \/>\n<meta property=\"og:type\" content=\"article\" \/>\n<meta property=\"og:title\" content=\"Rower KROSS ESKER 4.0 KRX - Strona rowerowa - ulubiona strona ka\u017cdego rowerzysty\" \/>\n<meta property=\"og:description\" content=\"ESKER 4.0 KRX &#8211; Doskona\u0142y rower gravelowy na d\u0142ugie wyprawy Wszechstronno\u015b\u0107 i komfort jazdy Rowery gravelowe Kross, w tym model Esker 4.0 KRX, to po\u0142\u0105czenie funkcjonalno\u015bci i wygody, kt\u00f3re sprawiaj\u0105, \u017ce s\u0105 idealnym wyborem na r\u00f3\u017cnorodne trasy. Dzi\u0119ki specjalnie zaprojektowanej ramie, Esker 4.0 zapewnia komfort jazdy, co jest szczeg\u00f3lnie wa\u017cne podczas d\u0142u\u017cszych przeja\u017cd\u017cek. Rower \u015bwietnie\" \/>\n<meta property=\"og:url\" content=\"https:\/\/stronarowerowa.pl\/?product=rower-kross-esker-4-0-krx\" \/>\n<meta property=\"og:site_name\" content=\"Strona rowerowa - ulubiona strona ka\u017cdego rowerzysty\" \/>\n<meta property=\"article:modified_time\" content=\"2026-01-21T13:19:54+00:00\" \/>\n<meta property=\"og:image\" content=\"https:\/\/stronarowerowa.pl\/wp-content\/uploads\/2026\/01\/esker-40-krx.jpg\" \/>\n\t<meta property=\"og:image:width\" content=\"950\" \/>\n\t<meta property=\"og:image:height\" content=\"720\" \/>\n\t<meta property=\"og:image:type\" content=\"image\/jpeg\" \/>\n<meta name=\"twitter:card\" content=\"summary_large_image\" \/>\n<meta name=\"twitter:label1\" content=\"Szacowany czas czytania\" \/>\n\t<meta name=\"twitter:data1\" content=\"3 minuty\" \/>\n<script type=\"application\/ld+json\" class=\"yoast-schema-graph\">{\"@context\":\"https:\/\/schema.org\",\"@graph\":[{\"@type\":\"WebPage\",\"@id\":\"https:\/\/stronarowerowa.pl\/?product=rower-kross-esker-4-0-krx\",\"url\":\"https:\/\/stronarowerowa.pl\/?product=rower-kross-esker-4-0-krx\",\"name\":\"Rower KROSS ESKER 4.0 KRX - Strona rowerowa - ulubiona strona ka\u017cdego rowerzysty\",\"isPartOf\":{\"@id\":\"https:\/\/stronarowerowa.pl\/#website\"},\"primaryImageOfPage\":{\"@id\":\"https:\/\/stronarowerowa.pl\/?product=rower-kross-esker-4-0-krx#primaryimage\"},\"image\":{\"@id\":\"https:\/\/stronarowerowa.pl\/?product=rower-kross-esker-4-0-krx#primaryimage\"},\"thumbnailUrl\":\"https:\/\/stronarowerowa.pl\/wp-content\/uploads\/2026\/01\/esker-40-krx.jpg\",\"datePublished\":\"2026-01-21T12:28:15+00:00\",\"dateModified\":\"2026-01-21T13:19:54+00:00\",\"breadcrumb\":{\"@id\":\"https:\/\/stronarowerowa.pl\/?product=rower-kross-esker-4-0-krx#breadcrumb\"},\"inLanguage\":\"pl-PL\",\"potentialAction\":[{\"@type\":\"ReadAction\",\"target\":[\"https:\/\/stronarowerowa.pl\/?product=rower-kross-esker-4-0-krx\"]}]},{\"@type\":\"ImageObject\",\"inLanguage\":\"pl-PL\",\"@id\":\"https:\/\/stronarowerowa.pl\/?product=rower-kross-esker-4-0-krx#primaryimage\",\"url\":\"https:\/\/stronarowerowa.pl\/wp-content\/uploads\/2026\/01\/esker-40-krx.jpg\",\"contentUrl\":\"https:\/\/stronarowerowa.pl\/wp-content\/uploads\/2026\/01\/esker-40-krx.jpg\",\"width\":950,\"height\":720},{\"@type\":\"BreadcrumbList\",\"@id\":\"https:\/\/stronarowerowa.pl\/?product=rower-kross-esker-4-0-krx#breadcrumb\",\"itemListElement\":[{\"@type\":\"ListItem\",\"position\":1,\"name\":\"Strona g\u0142\u00f3wna\",\"item\":\"https:\/\/stronarowerowa.pl\/\"},{\"@type\":\"ListItem\",\"position\":2,\"name\":\"Rower KROSS ESKER 4.0 KRX\"}]},{\"@type\":\"WebSite\",\"@id\":\"https:\/\/stronarowerowa.pl\/#website\",\"url\":\"https:\/\/stronarowerowa.pl\/\",\"name\":\"Strona rowerowa - ulubiona strona ka\u017cdego rowerzysty\",\"description\":\"\",\"potentialAction\":[{\"@type\":\"SearchAction\",\"target\":{\"@type\":\"EntryPoint\",\"urlTemplate\":\"https:\/\/stronarowerowa.pl\/?s={search_term_string}\"},\"query-input\":{\"@type\":\"PropertyValueSpecification\",\"valueRequired\":true,\"valueName\":\"search_term_string\"}}],\"inLanguage\":\"pl-PL\"}]}<\/script>\n<!-- \/ Yoast SEO plugin. -->","yoast_head_json":{"title":"Rower KROSS ESKER 4.0 KRX - Strona rowerowa - ulubiona strona ka\u017cdego rowerzysty","robots":{"index":"index","follow":"follow","max-snippet":"max-snippet:-1","max-image-preview":"max-image-preview:large","max-video-preview":"max-video-preview:-1"},"canonical":"https:\/\/stronarowerowa.pl\/?product=rower-kross-esker-4-0-krx","og_locale":"pl_PL","og_type":"article","og_title":"Rower KROSS ESKER 4.0 KRX - Strona rowerowa - ulubiona strona ka\u017cdego rowerzysty","og_description":"ESKER 4.0 KRX &#8211; Doskona\u0142y rower gravelowy na d\u0142ugie wyprawy Wszechstronno\u015b\u0107 i komfort jazdy Rowery gravelowe Kross, w tym model Esker 4.0 KRX, to po\u0142\u0105czenie funkcjonalno\u015bci i wygody, kt\u00f3re sprawiaj\u0105, \u017ce s\u0105 idealnym wyborem na r\u00f3\u017cnorodne trasy. Dzi\u0119ki specjalnie zaprojektowanej ramie, Esker 4.0 zapewnia komfort jazdy, co jest szczeg\u00f3lnie wa\u017cne podczas d\u0142u\u017cszych przeja\u017cd\u017cek. Rower \u015bwietnie","og_url":"https:\/\/stronarowerowa.pl\/?product=rower-kross-esker-4-0-krx","og_site_name":"Strona rowerowa - ulubiona strona ka\u017cdego rowerzysty","article_modified_time":"2026-01-21T13:19:54+00:00","og_image":[{"width":950,"height":720,"url":"https:\/\/stronarowerowa.pl\/wp-content\/uploads\/2026\/01\/esker-40-krx.jpg","type":"image\/jpeg"}],"twitter_card":"summary_large_image","twitter_misc":{"Szacowany czas czytania":"3 minuty"},"schema":{"@context":"https:\/\/schema.org","@graph":[{"@type":"WebPage","@id":"https:\/\/stronarowerowa.pl\/?product=rower-kross-esker-4-0-krx","url":"https:\/\/stronarowerowa.pl\/?product=rower-kross-esker-4-0-krx","name":"Rower KROSS ESKER 4.0 KRX - Strona rowerowa - ulubiona strona ka\u017cdego rowerzysty","isPartOf":{"@id":"https:\/\/stronarowerowa.pl\/#website"},"primaryImageOfPage":{"@id":"https:\/\/stronarowerowa.pl\/?product=rower-kross-esker-4-0-krx#primaryimage"},"image":{"@id":"https:\/\/stronarowerowa.pl\/?product=rower-kross-esker-4-0-krx#primaryimage"},"thumbnailUrl":"https:\/\/stronarowerowa.pl\/wp-content\/uploads\/2026\/01\/esker-40-krx.jpg","datePublished":"2026-01-21T12:28:15+00:00","dateModified":"2026-01-21T13:19:54+00:00","breadcrumb":{"@id":"https:\/\/stronarowerowa.pl\/?product=rower-kross-esker-4-0-krx#breadcrumb"},"inLanguage":"pl-PL","potentialAction":[{"@type":"ReadAction","target":["https:\/\/stronarowerowa.pl\/?product=rower-kross-esker-4-0-krx"]}]},{"@type":"ImageObject","inLanguage":"pl-PL","@id":"https:\/\/stronarowerowa.pl\/?product=rower-kross-esker-4-0-krx#primaryimage","url":"https:\/\/stronarowerowa.pl\/wp-content\/uploads\/2026\/01\/esker-40-krx.jpg","contentUrl":"https:\/\/stronarowerowa.pl\/wp-content\/uploads\/2026\/01\/esker-40-krx.jpg","width":950,"height":720},{"@type":"BreadcrumbList","@id":"https:\/\/stronarowerowa.pl\/?product=rower-kross-esker-4-0-krx#breadcrumb","itemListElement":[{"@type":"ListItem","position":1,"name":"Strona g\u0142\u00f3wna","item":"https:\/\/stronarowerowa.pl\/"},{"@type":"ListItem","position":2,"name":"Rower KROSS ESKER 4.0 KRX"}]},{"@type":"WebSite","@id":"https:\/\/stronarowerowa.pl\/#website","url":"https:\/\/stronarowerowa.pl\/","name":"Strona rowerowa - ulubiona strona ka\u017cdego rowerzysty","description":"","potentialAction":[{"@type":"SearchAction","target":{"@type":"EntryPoint","urlTemplate":"https:\/\/stronarowerowa.pl\/?s={search_term_string}"},"query-input":{"@type":"PropertyValueSpecification","valueRequired":true,"valueName":"search_term_string"}}],"inLanguage":"pl-PL"}]}},"_links":{"self":[{"href":"https:\/\/stronarowerowa.pl\/index.php?rest_route=\/wp\/v2\/product\/360","targetHints":{"allow":["GET"]}}],"collection":[{"href":"https:\/\/stronarowerowa.pl\/index.php?rest_route=\/wp\/v2\/product"}],"about":[{"href":"https:\/\/stronarowerowa.pl\/index.php?rest_route=\/wp\/v2\/types\/product"}],"replies":[{"embeddable":true,"href":"https:\/\/stronarowerowa.pl\/index.php?rest_route=%2Fwp%2Fv2%2Fcomments&post=360"}],"wp:featuredmedia":[{"embeddable":true,"href":"https:\/\/stronarowerowa.pl\/index.php?rest_route=\/wp\/v2\/media\/359"}],"wp:attachment":[{"href":"https:\/\/stronarowerowa.pl\/index.php?rest_route=%2Fwp%2Fv2%2Fmedia&parent=360"}],"wp:term":[{"taxonomy":"product_brand","embeddable":true,"href":"https:\/\/stronarowerowa.pl\/index.php?rest_route=%2Fwp%2Fv2%2Fproduct_brand&post=360"},{"taxonomy":"product_cat","embeddable":true,"href":"https:\/\/stronarowerowa.pl\/index.php?rest_route=%2Fwp%2Fv2%2Fproduct_cat&post=360"},{"taxonomy":"product_tag","embeddable":true,"href":"https:\/\/stronarowerowa.pl\/index.php?rest_route=%2Fwp%2Fv2%2Fproduct_tag&post=360"}],"curies":[{"name":"wp","href":"https:\/\/api.w.org\/{rel}","templated":true}]}}