{"id":362,"date":"2026-01-21T13:28:25","date_gmt":"2026-01-21T12:28:25","guid":{"rendered":"http:\/\/drawsko.blinked.pl\/stronarowerowa.pl\/?product=rower-kross-esker-1-0"},"modified":"2026-01-21T14:19:51","modified_gmt":"2026-01-21T13:19:51","slug":"rower-kross-esker-1-0","status":"publish","type":"product","link":"https:\/\/stronarowerowa.pl\/?product=rower-kross-esker-1-0","title":{"rendered":"Rower KROSS ESKER 1.0"},"content":{"rendered":"<h1>ESKER 1.0 \u2013 wszechstronny gravelowy rower marki KROSS<\/h1>\n<p>KROSS Esker 1.0 to niezwykle wszechstronny rower, kt\u00f3ry \u0142\u0105czy w sobie cechy idealnego towarzysza nie tylko na d\u0142ugie wyprawy, ale tak\u017ce podczas codziennych przeja\u017cd\u017cek. Dzi\u0119ki swojemu starannie zaprojektowanemu osprz\u0119towi oraz solidnej konstrukcji, jest to model, kt\u00f3ry zaspokoi potrzeby ka\u017cdego entuzjasty jazdy po r\u00f3\u017cnorodnych nawierzchniach.<\/p>\n<h2>Komfort i wytrzyma\u0142o\u015b\u0107 ramy<\/h2>\n<p>Rama KROSS Esker 1.0 zosta\u0142a wykonana z aluminium 6061, co zapewnia znakomit\u0105 sztywno\u015b\u0107 oraz odporno\u015b\u0107 na uszkodzenia mechaniczne, a tak\u017ce skutecznie redukuje wag\u0119 roweru. Jej profil zosta\u0142 poddany malowaniu proszkowemu, co nie tylko podnosi trwa\u0142o\u015b\u0107 lakieru, ale r\u00f3wnie\u017c zapewnia estetyczny wygl\u0105d. Wewn\u0119trzne prowadzenie linek to kolejne warto\u015bciowe udogodnienie, kt\u00f3re chroni przed b\u0142otem oraz piachem, jednocze\u015bnie nadaj\u0105c ramie schludny i nowoczesny wygl\u0105d.<\/p>\n<h3>Ko\u0142a i opony \u2013 idealne do r\u00f3\u017cnych warunk\u00f3w<\/h3>\n<p>KROSS Esker 1.0 wyposa\u017cono w opony WTB o szeroko\u015bci 37 mm, kt\u00f3re zapewniaj\u0105 doskona\u0142\u0105 przyczepno\u015b\u0107 oraz komfort jazdy na r\u00f3\u017cnorodnych nawierzchniach. Niezale\u017cnie od tego, czy wybierzesz si\u0119 na asfaltowe drogi, czy wyruszysz w teren, te opony poradz\u0105 sobie w ka\u017cdej sytuacji. Zwi\u0119kszona szeroko\u015b\u0107 opon umo\u017cliwia te\u017c stabilne pokonywanie zakr\u0119t\u00f3w oraz lepsze przyleganie do pod\u0142o\u017ca, co wzmacnia poczucie bezpiecze\u0144stwa podczas jazdy.<\/p>\n<h2>Wysokiej jako\u015bci osprz\u0119t Shimano<\/h2>\n<p>W KROSS Esker 1.0 zastosowano nap\u0119d Shimano Claris w systemie 2&#215;8, kt\u00f3ry pozwala na p\u0142yn\u0105ce i komfortowe prze\u0142\u0105czanie bieg\u00f3w w ka\u017cdych warunkach. Kaseta o zakresie 11-32 zapewnia idealne prze\u0142o\u017cenia zar\u00f3wno na p\u0142askim terenie, jak i stromo wznosz\u0105cych si\u0119 odcinkach. Wszystko to przek\u0142ada si\u0119 na lepsze doznania z jazdy oraz wi\u0119ksz\u0105 kontrol\u0119 nad rowerem, co jest szczeg\u00f3lnie istotne, gdy zmienia si\u0119 rodzaj nawierzchni. Dzi\u0119ki zastosowanym rozwi\u0105zaniom, rowerzysta zyskuje pe\u0142en komfort i swobod\u0119 eksploracji.<\/p>\n<h3>Hamulce tarczowe \u2013 bezpiecze\u0144stwo na pierwszym miejscu<\/h3>\n<p>KROSS Esker 1.0 zosta\u0142 r\u00f3wnie\u017c wyposa\u017cony w mechaniczne hamulce tarczowe, kt\u00f3re oferuj\u0105 lepsz\u0105 si\u0142\u0119 hamowania ni\u017c tradycyjne hamulce v-brake. Dzi\u0119ki odpowiedniej konstrukcji, mechaniczne zaciski hamulc\u00f3w gwarantuj\u0105 wysok\u0105 trwa\u0142o\u015b\u0107 i niezawodno\u015b\u0107, co jest istotne szczeg\u00f3lnie w zmiennych warunkach atmosferycznych. Mechaniczne hamulce tarczowe to idealne rozwi\u0105zanie, kt\u00f3re zapewnia zar\u00f3wno skuteczno\u015b\u0107, jak i \u0142atwy serwis w przypadku ewentualnych usterek.<\/p>\n<h2>Technologie wspieraj\u0105ce ekstremalne wyprawy<\/h2>\n<p>Jednym z innowacyjnych rozwi\u0105za\u0144 zastosowanych w KROSS Esker 1.0 jest system Flat Mount, kt\u00f3ry poprawia aerodynamik\u0119 oraz sztywno\u015b\u0107 roweru. Dodatkowo, wewn\u0119trzne prowadzenie linek (Inner Cable Routing) nie tylko przed\u0142u\u017ca ich \u017cywotno\u015b\u0107, ale tak\u017ce nadaje rowerowi nowoczesny sportowy charakter. Rama jest r\u00f3wnie\u017c zabezpieczona systemem wymiennych hak\u00f3w (RHS System), co w razie uszkodzenia pozwala na \u0142atw\u0105 i szybk\u0105 wymian\u0119 bez konieczno\u015bci anga\u017cowania specjalisty. Dzi\u0119ki tym technologiom, rowerzy\u015bci mog\u0105 cieszy\u0107 si\u0119 komfortem jazdy na wymagaj\u0105cych trasach, nie martwi\u0105c si\u0119 o stan swojego sprz\u0119tu.<\/p>\n<h3>Precyzyjne sterowanie i wygoda<\/h3>\n<p>Sto\u017ckowa g\u0142\u00f3wka ramy o zmiennym przekroju (T-Head Tube) ma kluczowe znaczenie dla jako\u015bci jazdy. Wi\u0119ksza \u015brednica u do\u0142u zapewnia wi\u0119ksz\u0105 wytrzyma\u0142o\u015b\u0107 i sztywno\u015b\u0107, co przek\u0142ada si\u0119 na precyzyjniejsze sterowanie. Mimo \u017ce KROSS Esker 1.0 to gravelowy rower, odnajdzie si\u0119 on r\u00f3wnie\u017c w roli miejskiego jedno\u015bladu, oferuj\u0105c wygod\u0119 oraz niezawodno\u015b\u0107 w codziennym u\u017cytkowaniu.<\/p>\n<h2>Idealny wyb\u00f3r dla ka\u017cdego rowerzysty<\/h2>\n<p>KROSS Esker 1.0 to rower, kt\u00f3ry \u0142\u0105czy w sobie wysok\u0105 jako\u015b\u0107 wykonania oraz zaawansowane technologie, oferuj\u0105c jednocze\u015bnie niepowtarzalne wra\u017cenia z jazdy. Idealnie sprawdzi si\u0119 dla tych, kt\u00f3rzy ceni\u0105 sobie sporty, wyzwania i aktywne odkrywanie nowych szlak\u00f3w. Niezale\u017cnie od tego, czy rozpoczynasz swoj\u0105 przygod\u0119 z gravelami, czy jeste\u015b ju\u017c do\u015bwiadczonym rowerzyst\u0105, KROSS Esker 1.0 spe\u0142ni Twoje oczekiwania i zach\u0119ci do nowych eksploracji.<br \/><strong>Specyfikacja:<\/strong><a href=\"https:\/\/kross.pl\/esker-1-0-niebieski-zielony-polysk\" rel=\"nofollow\">https:\/\/kross.pl\/esker-1-0-niebieski-zielony-polysk<\/a><\/p>\n","protected":false},"excerpt":{"rendered":"<p>ESKER 1.0 \u2013 wszechstronny gravelowy rower marki KROSS KROSS Esker 1.0 to niezwykle wszechstronny rower, kt\u00f3ry \u0142\u0105czy w sobie cechy idealnego towarzysza nie tylko na d\u0142ugie wyprawy, ale tak\u017ce podczas codziennych przeja\u017cd\u017cek. Dzi\u0119ki swojemu starannie zaprojektowanemu osprz\u0119towi oraz solidnej konstrukcji, jest to model, kt\u00f3ry zaspokoi potrzeby ka\u017cdego entuzjasty jazdy po r\u00f3\u017cnorodnych nawierzchniach. Komfort i wytrzyma\u0142o\u015b\u0107<\/p>\n","protected":false},"featured_media":361,"comment_status":"open","ping_status":"closed","template":"","meta":[],"product_brand":[16],"product_cat":[35,42],"product_tag":[],"class_list":{"0":"post-362","1":"product","2":"type-product","3":"status-publish","4":"has-post-thumbnail","6":"product_brand-kross","7":"product_cat-gravel","8":"product_cat-rowery","10":"first","11":"instock","12":"sale","13":"shipping-taxable","14":"purchasable","15":"product-type-simple"},"yoast_head":"<!-- This site is optimized with the Yoast SEO plugin v26.8 - https:\/\/yoast.com\/product\/yoast-seo-wordpress\/ -->\n<title>Rower KROSS ESKER 1.0 - Strona rowerowa - ulubiona strona ka\u017cdego rowerzysty<\/title>\n<meta name=\"robots\" content=\"index, follow, max-snippet:-1, max-image-preview:large, max-video-preview:-1\" \/>\n<link rel=\"canonical\" href=\"https:\/\/stronarowerowa.pl\/?product=rower-kross-esker-1-0\" \/>\n<meta property=\"og:locale\" content=\"pl_PL\" \/>\n<meta property=\"og:type\" content=\"article\" \/>\n<meta property=\"og:title\" content=\"Rower KROSS ESKER 1.0 - Strona rowerowa - ulubiona strona ka\u017cdego rowerzysty\" \/>\n<meta property=\"og:description\" content=\"ESKER 1.0 \u2013 wszechstronny gravelowy rower marki KROSS KROSS Esker 1.0 to niezwykle wszechstronny rower, kt\u00f3ry \u0142\u0105czy w sobie cechy idealnego towarzysza nie tylko na d\u0142ugie wyprawy, ale tak\u017ce podczas codziennych przeja\u017cd\u017cek. Dzi\u0119ki swojemu starannie zaprojektowanemu osprz\u0119towi oraz solidnej konstrukcji, jest to model, kt\u00f3ry zaspokoi potrzeby ka\u017cdego entuzjasty jazdy po r\u00f3\u017cnorodnych nawierzchniach. Komfort i wytrzyma\u0142o\u015b\u0107\" \/>\n<meta property=\"og:url\" content=\"https:\/\/stronarowerowa.pl\/?product=rower-kross-esker-1-0\" \/>\n<meta property=\"og:site_name\" content=\"Strona rowerowa - ulubiona strona ka\u017cdego rowerzysty\" \/>\n<meta property=\"article:modified_time\" content=\"2026-01-21T13:19:51+00:00\" \/>\n<meta property=\"og:image\" content=\"https:\/\/stronarowerowa.pl\/wp-content\/uploads\/2026\/01\/esker-10.jpg\" \/>\n\t<meta property=\"og:image:width\" content=\"950\" \/>\n\t<meta property=\"og:image:height\" content=\"720\" \/>\n\t<meta property=\"og:image:type\" content=\"image\/jpeg\" \/>\n<meta name=\"twitter:card\" content=\"summary_large_image\" \/>\n<meta name=\"twitter:label1\" content=\"Szacowany czas czytania\" \/>\n\t<meta name=\"twitter:data1\" content=\"3 minuty\" \/>\n<script type=\"application\/ld+json\" class=\"yoast-schema-graph\">{\"@context\":\"https:\/\/schema.org\",\"@graph\":[{\"@type\":\"WebPage\",\"@id\":\"https:\/\/stronarowerowa.pl\/?product=rower-kross-esker-1-0\",\"url\":\"https:\/\/stronarowerowa.pl\/?product=rower-kross-esker-1-0\",\"name\":\"Rower KROSS ESKER 1.0 - Strona rowerowa - ulubiona strona ka\u017cdego rowerzysty\",\"isPartOf\":{\"@id\":\"https:\/\/stronarowerowa.pl\/#website\"},\"primaryImageOfPage\":{\"@id\":\"https:\/\/stronarowerowa.pl\/?product=rower-kross-esker-1-0#primaryimage\"},\"image\":{\"@id\":\"https:\/\/stronarowerowa.pl\/?product=rower-kross-esker-1-0#primaryimage\"},\"thumbnailUrl\":\"https:\/\/stronarowerowa.pl\/wp-content\/uploads\/2026\/01\/esker-10.jpg\",\"datePublished\":\"2026-01-21T12:28:25+00:00\",\"dateModified\":\"2026-01-21T13:19:51+00:00\",\"breadcrumb\":{\"@id\":\"https:\/\/stronarowerowa.pl\/?product=rower-kross-esker-1-0#breadcrumb\"},\"inLanguage\":\"pl-PL\",\"potentialAction\":[{\"@type\":\"ReadAction\",\"target\":[\"https:\/\/stronarowerowa.pl\/?product=rower-kross-esker-1-0\"]}]},{\"@type\":\"ImageObject\",\"inLanguage\":\"pl-PL\",\"@id\":\"https:\/\/stronarowerowa.pl\/?product=rower-kross-esker-1-0#primaryimage\",\"url\":\"https:\/\/stronarowerowa.pl\/wp-content\/uploads\/2026\/01\/esker-10.jpg\",\"contentUrl\":\"https:\/\/stronarowerowa.pl\/wp-content\/uploads\/2026\/01\/esker-10.jpg\",\"width\":950,\"height\":720},{\"@type\":\"BreadcrumbList\",\"@id\":\"https:\/\/stronarowerowa.pl\/?product=rower-kross-esker-1-0#breadcrumb\",\"itemListElement\":[{\"@type\":\"ListItem\",\"position\":1,\"name\":\"Strona g\u0142\u00f3wna\",\"item\":\"https:\/\/stronarowerowa.pl\/\"},{\"@type\":\"ListItem\",\"position\":2,\"name\":\"Rower KROSS ESKER 1.0\"}]},{\"@type\":\"WebSite\",\"@id\":\"https:\/\/stronarowerowa.pl\/#website\",\"url\":\"https:\/\/stronarowerowa.pl\/\",\"name\":\"Strona rowerowa - ulubiona strona ka\u017cdego rowerzysty\",\"description\":\"\",\"potentialAction\":[{\"@type\":\"SearchAction\",\"target\":{\"@type\":\"EntryPoint\",\"urlTemplate\":\"https:\/\/stronarowerowa.pl\/?s={search_term_string}\"},\"query-input\":{\"@type\":\"PropertyValueSpecification\",\"valueRequired\":true,\"valueName\":\"search_term_string\"}}],\"inLanguage\":\"pl-PL\"}]}<\/script>\n<!-- \/ Yoast SEO plugin. -->","yoast_head_json":{"title":"Rower KROSS ESKER 1.0 - Strona rowerowa - ulubiona strona ka\u017cdego rowerzysty","robots":{"index":"index","follow":"follow","max-snippet":"max-snippet:-1","max-image-preview":"max-image-preview:large","max-video-preview":"max-video-preview:-1"},"canonical":"https:\/\/stronarowerowa.pl\/?product=rower-kross-esker-1-0","og_locale":"pl_PL","og_type":"article","og_title":"Rower KROSS ESKER 1.0 - Strona rowerowa - ulubiona strona ka\u017cdego rowerzysty","og_description":"ESKER 1.0 \u2013 wszechstronny gravelowy rower marki KROSS KROSS Esker 1.0 to niezwykle wszechstronny rower, kt\u00f3ry \u0142\u0105czy w sobie cechy idealnego towarzysza nie tylko na d\u0142ugie wyprawy, ale tak\u017ce podczas codziennych przeja\u017cd\u017cek. Dzi\u0119ki swojemu starannie zaprojektowanemu osprz\u0119towi oraz solidnej konstrukcji, jest to model, kt\u00f3ry zaspokoi potrzeby ka\u017cdego entuzjasty jazdy po r\u00f3\u017cnorodnych nawierzchniach. Komfort i wytrzyma\u0142o\u015b\u0107","og_url":"https:\/\/stronarowerowa.pl\/?product=rower-kross-esker-1-0","og_site_name":"Strona rowerowa - ulubiona strona ka\u017cdego rowerzysty","article_modified_time":"2026-01-21T13:19:51+00:00","og_image":[{"width":950,"height":720,"url":"https:\/\/stronarowerowa.pl\/wp-content\/uploads\/2026\/01\/esker-10.jpg","type":"image\/jpeg"}],"twitter_card":"summary_large_image","twitter_misc":{"Szacowany czas czytania":"3 minuty"},"schema":{"@context":"https:\/\/schema.org","@graph":[{"@type":"WebPage","@id":"https:\/\/stronarowerowa.pl\/?product=rower-kross-esker-1-0","url":"https:\/\/stronarowerowa.pl\/?product=rower-kross-esker-1-0","name":"Rower KROSS ESKER 1.0 - Strona rowerowa - ulubiona strona ka\u017cdego rowerzysty","isPartOf":{"@id":"https:\/\/stronarowerowa.pl\/#website"},"primaryImageOfPage":{"@id":"https:\/\/stronarowerowa.pl\/?product=rower-kross-esker-1-0#primaryimage"},"image":{"@id":"https:\/\/stronarowerowa.pl\/?product=rower-kross-esker-1-0#primaryimage"},"thumbnailUrl":"https:\/\/stronarowerowa.pl\/wp-content\/uploads\/2026\/01\/esker-10.jpg","datePublished":"2026-01-21T12:28:25+00:00","dateModified":"2026-01-21T13:19:51+00:00","breadcrumb":{"@id":"https:\/\/stronarowerowa.pl\/?product=rower-kross-esker-1-0#breadcrumb"},"inLanguage":"pl-PL","potentialAction":[{"@type":"ReadAction","target":["https:\/\/stronarowerowa.pl\/?product=rower-kross-esker-1-0"]}]},{"@type":"ImageObject","inLanguage":"pl-PL","@id":"https:\/\/stronarowerowa.pl\/?product=rower-kross-esker-1-0#primaryimage","url":"https:\/\/stronarowerowa.pl\/wp-content\/uploads\/2026\/01\/esker-10.jpg","contentUrl":"https:\/\/stronarowerowa.pl\/wp-content\/uploads\/2026\/01\/esker-10.jpg","width":950,"height":720},{"@type":"BreadcrumbList","@id":"https:\/\/stronarowerowa.pl\/?product=rower-kross-esker-1-0#breadcrumb","itemListElement":[{"@type":"ListItem","position":1,"name":"Strona g\u0142\u00f3wna","item":"https:\/\/stronarowerowa.pl\/"},{"@type":"ListItem","position":2,"name":"Rower KROSS ESKER 1.0"}]},{"@type":"WebSite","@id":"https:\/\/stronarowerowa.pl\/#website","url":"https:\/\/stronarowerowa.pl\/","name":"Strona rowerowa - ulubiona strona ka\u017cdego rowerzysty","description":"","potentialAction":[{"@type":"SearchAction","target":{"@type":"EntryPoint","urlTemplate":"https:\/\/stronarowerowa.pl\/?s={search_term_string}"},"query-input":{"@type":"PropertyValueSpecification","valueRequired":true,"valueName":"search_term_string"}}],"inLanguage":"pl-PL"}]}},"_links":{"self":[{"href":"https:\/\/stronarowerowa.pl\/index.php?rest_route=\/wp\/v2\/product\/362","targetHints":{"allow":["GET"]}}],"collection":[{"href":"https:\/\/stronarowerowa.pl\/index.php?rest_route=\/wp\/v2\/product"}],"about":[{"href":"https:\/\/stronarowerowa.pl\/index.php?rest_route=\/wp\/v2\/types\/product"}],"replies":[{"embeddable":true,"href":"https:\/\/stronarowerowa.pl\/index.php?rest_route=%2Fwp%2Fv2%2Fcomments&post=362"}],"wp:featuredmedia":[{"embeddable":true,"href":"https:\/\/stronarowerowa.pl\/index.php?rest_route=\/wp\/v2\/media\/361"}],"wp:attachment":[{"href":"https:\/\/stronarowerowa.pl\/index.php?rest_route=%2Fwp%2Fv2%2Fmedia&parent=362"}],"wp:term":[{"taxonomy":"product_brand","embeddable":true,"href":"https:\/\/stronarowerowa.pl\/index.php?rest_route=%2Fwp%2Fv2%2Fproduct_brand&post=362"},{"taxonomy":"product_cat","embeddable":true,"href":"https:\/\/stronarowerowa.pl\/index.php?rest_route=%2Fwp%2Fv2%2Fproduct_cat&post=362"},{"taxonomy":"product_tag","embeddable":true,"href":"https:\/\/stronarowerowa.pl\/index.php?rest_route=%2Fwp%2Fv2%2Fproduct_tag&post=362"}],"curies":[{"name":"wp","href":"https:\/\/api.w.org\/{rel}","templated":true}]}}