{"id":364,"date":"2026-01-21T13:28:36","date_gmt":"2026-01-21T12:28:36","guid":{"rendered":"http:\/\/drawsko.blinked.pl\/stronarowerowa.pl\/?product=rower-kross-earth-3-0"},"modified":"2026-01-21T14:19:49","modified_gmt":"2026-01-21T13:19:49","slug":"rower-kross-earth-3-0","status":"publish","type":"product","link":"https:\/\/stronarowerowa.pl\/?product=rower-kross-earth-3-0","title":{"rendered":"Rower KROSS EARTH 3.0"},"content":{"rendered":"<h1>KROSS EARTH 3.0 \u2013 Rower g\u00f3rski z pe\u0142nym zawieszeniem dla wymagaj\u0105cych<\/h1>\n<p>KROSS EARTH 3.0 to rower g\u00f3rski, kt\u00f3ry nadrabia braki standardowych hardtaili, oferuj\u0105c pe\u0142ne zawieszenie. Z my\u015bl\u0105 o mi\u0142o\u015bnikach trudnych tras i wymagaj\u0105cych warunk\u00f3w, KROSS dostarcza narz\u0119dzie, kt\u00f3re zapewnia wyj\u0105tkowe doznania zar\u00f3wno podczas rekreacyjnych przeja\u017cd\u017cek, jak i intensywnych wy\u015bcig\u00f3w. Otw\u00f3rz drzwi do nowych przyg\u00f3d w terenie z tym niezwyk\u0142ym modelem roweru.<\/p>\n<h2>Wysokiej klasy osprz\u0119t<\/h2>\n<p>KROSS EARTH 3.0 zosta\u0142 zaprojektowany z my\u015bl\u0105 o najwy\u017cszej wydajno\u015bci. Jego nap\u0119d SRAM z systemem 1&#215;12 zapewnia p\u0142ynno\u015b\u0107 i precyzj\u0119 w najbardziej wymagaj\u0105cych warunkach. Tylna przerzutka GX Eagle to innowacyjne rozwi\u0105zanie, kt\u00f3re nie tylko umo\u017cliwia efektywn\u0105 zmian\u0119 prze\u0142o\u017ce\u0144, ale r\u00f3wnie\u017c zapobiega przypadkowemu spadaniu \u0142a\u0144cucha. Tego typu komponenty s\u0105 kluczowe dla ka\u017cdego kolarza, kt\u00f3ry stawia na jako\u015b\u0107 i niezawodno\u015b\u0107 swojego roweru.<\/p>\n<h3>Pe\u0142ne zawieszenie dla maksymalnego komfortu<\/h3>\n<p>Rower KROSS EARTH 3.0 jest wyposa\u017cony w system pe\u0142nego zawieszenia, co znacz\u0105co podnosi komfort jazdy. Wykorzystany w konstrukcji damper Rock Shox system Trunnion zapewnia doskona\u0142e t\u0142umienie wstrz\u0105s\u00f3w, co sprawia, \u017ce jazda po nier\u00f3wnych nawierzchniach staje si\u0119 prostsza i przyjemniejsza. Dzi\u0119ki temu rower potrafi sprosta\u0107 najwi\u0119kszym wyzwaniom i dostarczy\u0107 niezapomnianych wra\u017ce\u0144.<\/p>\n<h2>Innowacyjne technologie i materia\u0142y<\/h2>\n<p>Carbon to materia\u0142, kt\u00f3ry zachwyca swoim po\u0142\u0105czeniem lekko\u015bci i wytrzyma\u0142o\u015bci. Rama KROSS EARTH 3.0 skonstruowana z w\u0142\u00f3kna w\u0119glowego nie tylko wp\u0142ywa na wag\u0119 roweru, ale tak\u017ce na jego wytrzyma\u0142o\u015b\u0107. Dzi\u0119ki temu, rower charakteryzuje si\u0119 doskona\u0142ym poch\u0142anianiem drga\u0144 oraz wyj\u0105tkow\u0105 sztywno\u015bci\u0105, co zwi\u0119ksza komfort jazdy. Wewn\u0119trzne prowadzenie linek to kolejne inteligentne rozwi\u0105zanie, kt\u00f3re nie tylko poprawia estetyk\u0119 roweru, ale r\u00f3wnie\u017c zwi\u0119ksza jego funkcjonalno\u015b\u0107, minimalizuj\u0105c ryzyko uszkodze\u0144 komponent\u00f3w podczas jazdy.<\/p>\n<h3>Nowoczesne hamulce i uk\u0142ad amortyzacji<\/h3>\n<p>Rower KROSS EARTH 3.0 wyposa\u017cony jest w hamulce tarczowe, kt\u00f3re gwarantuj\u0105 niezawodn\u0105 si\u0142\u0119 hamowania oraz znacz\u0105c\u0105 modulacj\u0119 w trudnych warunkach. Dzi\u0119ki zastosowaniu du\u017cych \u015brednic si\u0142ownik\u00f3w i systemu Post Mount, uzyskano nie tylko lepsz\u0105 efektywno\u015b\u0107 hamowania, ale r\u00f3wnie\u017c d\u0142u\u017csz\u0105 \u017cywotno\u015b\u0107 hamulc\u00f3w. Dodatkowo, powietrzny amortyzator Rock Shox z 100 mm skoku to gwarancja komfortu na wyboistych trasach.<\/p>\n<h2>Bezpiecze\u0144stwo i funkcjonalno\u015b\u0107<\/h2>\n<p>RHYD System w KROSS EARTH 3.0 to rozwi\u0105zanie, kt\u00f3re chroni ram\u0119 przed uszkodzeniami, umo\u017cliwiaj\u0105c szybk\u0105 wymian\u0119 hak\u00f3w. W razie potrzeby, uszkodzone elementy mo\u017cna szybko i \u0142atwo zast\u0105pi\u0107. Sto\u017ckowa g\u0142\u00f3wka ramy T-Head Tube z r\u00f3\u017cnymi \u015brednicami zapewnia zwi\u0119kszon\u0105 wytrzyma\u0142o\u015b\u0107 i precyzj\u0119 w prowadzeniu, co jest niezwykle wa\u017cne w trudnym terenie. Te wszystkie elementy sprawiaj\u0105, \u017ce rower jest nie tylko nowoczesny, ale r\u00f3wnie\u017c niezwykle funkcjonalny.<\/p>\n<h3>Rower na ka\u017cd\u0105 przygod\u0119<\/h3>\n<p>KROSS EARTH 3.0 to wi\u0119cej ni\u017c tylko rower \u2013 to prawdziwy partner na Twojej drodze do odkrywania nieznanego. Wyposa\u017cony w najnowsze technologie, solidne komponenty oraz niezwyk\u0142\u0105 lekko\u015b\u0107, stanowi doskona\u0142\u0105 propozycj\u0119 dla entuzjast\u00f3w jazdy w terenie. Bez wzgl\u0119du na to, czy stawiasz pierwsze kroki w kolarstwie g\u00f3rskim, czy jeste\u015b do\u015bwiadczonym zawodnikiem, KROSS EARTH 3.0 z pewno\u015bci\u0105 spe\u0142ni Twoje oczekiwania i dostarczy niezapomnianych prze\u017cy\u0107.<\/p>\n<p><strong>Specyfikacja:<\/strong><a href=\"https:\/\/kross.pl\/earth-3-0-zielony-czarny-srebrny-polysk\" rel=\"nofollow\">https:\/\/kross.pl\/earth-3-0-zielony-czarny-srebrny-polysk<\/a><\/p>\n","protected":false},"excerpt":{"rendered":"<p>KROSS EARTH 3.0 \u2013 Rower g\u00f3rski z pe\u0142nym zawieszeniem dla wymagaj\u0105cych KROSS EARTH 3.0 to rower g\u00f3rski, kt\u00f3ry nadrabia braki standardowych hardtaili, oferuj\u0105c pe\u0142ne zawieszenie. Z my\u015bl\u0105 o mi\u0142o\u015bnikach trudnych tras i wymagaj\u0105cych warunk\u00f3w, KROSS dostarcza narz\u0119dzie, kt\u00f3re zapewnia wyj\u0105tkowe doznania zar\u00f3wno podczas rekreacyjnych przeja\u017cd\u017cek, jak i intensywnych wy\u015bcig\u00f3w. Otw\u00f3rz drzwi do nowych przyg\u00f3d w<\/p>\n","protected":false},"featured_media":363,"comment_status":"open","ping_status":"closed","template":"","meta":[],"product_brand":[16],"product_cat":[41,42],"product_tag":[],"class_list":{"0":"post-364","1":"product","2":"type-product","3":"status-publish","4":"has-post-thumbnail","6":"product_brand-kross","7":"product_cat-mtb-xc-full","8":"product_cat-rowery","10":"first","11":"instock","12":"sale","13":"shipping-taxable","14":"purchasable","15":"product-type-simple"},"yoast_head":"<!-- This site is optimized with the Yoast SEO plugin v26.8 - https:\/\/yoast.com\/product\/yoast-seo-wordpress\/ -->\n<title>Rower KROSS EARTH 3.0 - Strona rowerowa - ulubiona strona ka\u017cdego rowerzysty<\/title>\n<meta name=\"robots\" content=\"index, follow, max-snippet:-1, max-image-preview:large, max-video-preview:-1\" \/>\n<link rel=\"canonical\" href=\"https:\/\/stronarowerowa.pl\/?product=rower-kross-earth-3-0\" \/>\n<meta property=\"og:locale\" content=\"pl_PL\" \/>\n<meta property=\"og:type\" content=\"article\" \/>\n<meta property=\"og:title\" content=\"Rower KROSS EARTH 3.0 - Strona rowerowa - ulubiona strona ka\u017cdego rowerzysty\" \/>\n<meta property=\"og:description\" content=\"KROSS EARTH 3.0 \u2013 Rower g\u00f3rski z pe\u0142nym zawieszeniem dla wymagaj\u0105cych KROSS EARTH 3.0 to rower g\u00f3rski, kt\u00f3ry nadrabia braki standardowych hardtaili, oferuj\u0105c pe\u0142ne zawieszenie. Z my\u015bl\u0105 o mi\u0142o\u015bnikach trudnych tras i wymagaj\u0105cych warunk\u00f3w, KROSS dostarcza narz\u0119dzie, kt\u00f3re zapewnia wyj\u0105tkowe doznania zar\u00f3wno podczas rekreacyjnych przeja\u017cd\u017cek, jak i intensywnych wy\u015bcig\u00f3w. Otw\u00f3rz drzwi do nowych przyg\u00f3d w\" \/>\n<meta property=\"og:url\" content=\"https:\/\/stronarowerowa.pl\/?product=rower-kross-earth-3-0\" \/>\n<meta property=\"og:site_name\" content=\"Strona rowerowa - ulubiona strona ka\u017cdego rowerzysty\" \/>\n<meta property=\"article:modified_time\" content=\"2026-01-21T13:19:49+00:00\" \/>\n<meta property=\"og:image\" content=\"https:\/\/stronarowerowa.pl\/wp-content\/uploads\/2026\/01\/earth-30.jpg\" \/>\n\t<meta property=\"og:image:width\" content=\"950\" \/>\n\t<meta property=\"og:image:height\" content=\"720\" \/>\n\t<meta property=\"og:image:type\" content=\"image\/jpeg\" \/>\n<meta name=\"twitter:card\" content=\"summary_large_image\" \/>\n<meta name=\"twitter:label1\" content=\"Szacowany czas czytania\" \/>\n\t<meta name=\"twitter:data1\" content=\"3 minuty\" \/>\n<script type=\"application\/ld+json\" class=\"yoast-schema-graph\">{\"@context\":\"https:\/\/schema.org\",\"@graph\":[{\"@type\":\"WebPage\",\"@id\":\"https:\/\/stronarowerowa.pl\/?product=rower-kross-earth-3-0\",\"url\":\"https:\/\/stronarowerowa.pl\/?product=rower-kross-earth-3-0\",\"name\":\"Rower KROSS EARTH 3.0 - Strona rowerowa - ulubiona strona ka\u017cdego rowerzysty\",\"isPartOf\":{\"@id\":\"https:\/\/stronarowerowa.pl\/#website\"},\"primaryImageOfPage\":{\"@id\":\"https:\/\/stronarowerowa.pl\/?product=rower-kross-earth-3-0#primaryimage\"},\"image\":{\"@id\":\"https:\/\/stronarowerowa.pl\/?product=rower-kross-earth-3-0#primaryimage\"},\"thumbnailUrl\":\"https:\/\/stronarowerowa.pl\/wp-content\/uploads\/2026\/01\/earth-30.jpg\",\"datePublished\":\"2026-01-21T12:28:36+00:00\",\"dateModified\":\"2026-01-21T13:19:49+00:00\",\"breadcrumb\":{\"@id\":\"https:\/\/stronarowerowa.pl\/?product=rower-kross-earth-3-0#breadcrumb\"},\"inLanguage\":\"pl-PL\",\"potentialAction\":[{\"@type\":\"ReadAction\",\"target\":[\"https:\/\/stronarowerowa.pl\/?product=rower-kross-earth-3-0\"]}]},{\"@type\":\"ImageObject\",\"inLanguage\":\"pl-PL\",\"@id\":\"https:\/\/stronarowerowa.pl\/?product=rower-kross-earth-3-0#primaryimage\",\"url\":\"https:\/\/stronarowerowa.pl\/wp-content\/uploads\/2026\/01\/earth-30.jpg\",\"contentUrl\":\"https:\/\/stronarowerowa.pl\/wp-content\/uploads\/2026\/01\/earth-30.jpg\",\"width\":950,\"height\":720},{\"@type\":\"BreadcrumbList\",\"@id\":\"https:\/\/stronarowerowa.pl\/?product=rower-kross-earth-3-0#breadcrumb\",\"itemListElement\":[{\"@type\":\"ListItem\",\"position\":1,\"name\":\"Strona g\u0142\u00f3wna\",\"item\":\"https:\/\/stronarowerowa.pl\/\"},{\"@type\":\"ListItem\",\"position\":2,\"name\":\"Rower KROSS EARTH 3.0\"}]},{\"@type\":\"WebSite\",\"@id\":\"https:\/\/stronarowerowa.pl\/#website\",\"url\":\"https:\/\/stronarowerowa.pl\/\",\"name\":\"Strona rowerowa - ulubiona strona ka\u017cdego rowerzysty\",\"description\":\"\",\"potentialAction\":[{\"@type\":\"SearchAction\",\"target\":{\"@type\":\"EntryPoint\",\"urlTemplate\":\"https:\/\/stronarowerowa.pl\/?s={search_term_string}\"},\"query-input\":{\"@type\":\"PropertyValueSpecification\",\"valueRequired\":true,\"valueName\":\"search_term_string\"}}],\"inLanguage\":\"pl-PL\"}]}<\/script>\n<!-- \/ Yoast SEO plugin. -->","yoast_head_json":{"title":"Rower KROSS EARTH 3.0 - Strona rowerowa - ulubiona strona ka\u017cdego rowerzysty","robots":{"index":"index","follow":"follow","max-snippet":"max-snippet:-1","max-image-preview":"max-image-preview:large","max-video-preview":"max-video-preview:-1"},"canonical":"https:\/\/stronarowerowa.pl\/?product=rower-kross-earth-3-0","og_locale":"pl_PL","og_type":"article","og_title":"Rower KROSS EARTH 3.0 - Strona rowerowa - ulubiona strona ka\u017cdego rowerzysty","og_description":"KROSS EARTH 3.0 \u2013 Rower g\u00f3rski z pe\u0142nym zawieszeniem dla wymagaj\u0105cych KROSS EARTH 3.0 to rower g\u00f3rski, kt\u00f3ry nadrabia braki standardowych hardtaili, oferuj\u0105c pe\u0142ne zawieszenie. Z my\u015bl\u0105 o mi\u0142o\u015bnikach trudnych tras i wymagaj\u0105cych warunk\u00f3w, KROSS dostarcza narz\u0119dzie, kt\u00f3re zapewnia wyj\u0105tkowe doznania zar\u00f3wno podczas rekreacyjnych przeja\u017cd\u017cek, jak i intensywnych wy\u015bcig\u00f3w. Otw\u00f3rz drzwi do nowych przyg\u00f3d w","og_url":"https:\/\/stronarowerowa.pl\/?product=rower-kross-earth-3-0","og_site_name":"Strona rowerowa - ulubiona strona ka\u017cdego rowerzysty","article_modified_time":"2026-01-21T13:19:49+00:00","og_image":[{"width":950,"height":720,"url":"https:\/\/stronarowerowa.pl\/wp-content\/uploads\/2026\/01\/earth-30.jpg","type":"image\/jpeg"}],"twitter_card":"summary_large_image","twitter_misc":{"Szacowany czas czytania":"3 minuty"},"schema":{"@context":"https:\/\/schema.org","@graph":[{"@type":"WebPage","@id":"https:\/\/stronarowerowa.pl\/?product=rower-kross-earth-3-0","url":"https:\/\/stronarowerowa.pl\/?product=rower-kross-earth-3-0","name":"Rower KROSS EARTH 3.0 - Strona rowerowa - ulubiona strona ka\u017cdego rowerzysty","isPartOf":{"@id":"https:\/\/stronarowerowa.pl\/#website"},"primaryImageOfPage":{"@id":"https:\/\/stronarowerowa.pl\/?product=rower-kross-earth-3-0#primaryimage"},"image":{"@id":"https:\/\/stronarowerowa.pl\/?product=rower-kross-earth-3-0#primaryimage"},"thumbnailUrl":"https:\/\/stronarowerowa.pl\/wp-content\/uploads\/2026\/01\/earth-30.jpg","datePublished":"2026-01-21T12:28:36+00:00","dateModified":"2026-01-21T13:19:49+00:00","breadcrumb":{"@id":"https:\/\/stronarowerowa.pl\/?product=rower-kross-earth-3-0#breadcrumb"},"inLanguage":"pl-PL","potentialAction":[{"@type":"ReadAction","target":["https:\/\/stronarowerowa.pl\/?product=rower-kross-earth-3-0"]}]},{"@type":"ImageObject","inLanguage":"pl-PL","@id":"https:\/\/stronarowerowa.pl\/?product=rower-kross-earth-3-0#primaryimage","url":"https:\/\/stronarowerowa.pl\/wp-content\/uploads\/2026\/01\/earth-30.jpg","contentUrl":"https:\/\/stronarowerowa.pl\/wp-content\/uploads\/2026\/01\/earth-30.jpg","width":950,"height":720},{"@type":"BreadcrumbList","@id":"https:\/\/stronarowerowa.pl\/?product=rower-kross-earth-3-0#breadcrumb","itemListElement":[{"@type":"ListItem","position":1,"name":"Strona g\u0142\u00f3wna","item":"https:\/\/stronarowerowa.pl\/"},{"@type":"ListItem","position":2,"name":"Rower KROSS EARTH 3.0"}]},{"@type":"WebSite","@id":"https:\/\/stronarowerowa.pl\/#website","url":"https:\/\/stronarowerowa.pl\/","name":"Strona rowerowa - ulubiona strona ka\u017cdego rowerzysty","description":"","potentialAction":[{"@type":"SearchAction","target":{"@type":"EntryPoint","urlTemplate":"https:\/\/stronarowerowa.pl\/?s={search_term_string}"},"query-input":{"@type":"PropertyValueSpecification","valueRequired":true,"valueName":"search_term_string"}}],"inLanguage":"pl-PL"}]}},"_links":{"self":[{"href":"https:\/\/stronarowerowa.pl\/index.php?rest_route=\/wp\/v2\/product\/364","targetHints":{"allow":["GET"]}}],"collection":[{"href":"https:\/\/stronarowerowa.pl\/index.php?rest_route=\/wp\/v2\/product"}],"about":[{"href":"https:\/\/stronarowerowa.pl\/index.php?rest_route=\/wp\/v2\/types\/product"}],"replies":[{"embeddable":true,"href":"https:\/\/stronarowerowa.pl\/index.php?rest_route=%2Fwp%2Fv2%2Fcomments&post=364"}],"wp:featuredmedia":[{"embeddable":true,"href":"https:\/\/stronarowerowa.pl\/index.php?rest_route=\/wp\/v2\/media\/363"}],"wp:attachment":[{"href":"https:\/\/stronarowerowa.pl\/index.php?rest_route=%2Fwp%2Fv2%2Fmedia&parent=364"}],"wp:term":[{"taxonomy":"product_brand","embeddable":true,"href":"https:\/\/stronarowerowa.pl\/index.php?rest_route=%2Fwp%2Fv2%2Fproduct_brand&post=364"},{"taxonomy":"product_cat","embeddable":true,"href":"https:\/\/stronarowerowa.pl\/index.php?rest_route=%2Fwp%2Fv2%2Fproduct_cat&post=364"},{"taxonomy":"product_tag","embeddable":true,"href":"https:\/\/stronarowerowa.pl\/index.php?rest_route=%2Fwp%2Fv2%2Fproduct_tag&post=364"}],"curies":[{"name":"wp","href":"https:\/\/api.w.org\/{rel}","templated":true}]}}