{"id":370,"date":"2026-01-21T13:29:08","date_gmt":"2026-01-21T12:29:08","guid":{"rendered":"http:\/\/drawsko.blinked.pl\/stronarowerowa.pl\/?product=rower-kross-esker-2-0"},"modified":"2026-01-21T14:19:41","modified_gmt":"2026-01-21T13:19:41","slug":"rower-kross-esker-2-0","status":"publish","type":"product","link":"https:\/\/stronarowerowa.pl\/?product=rower-kross-esker-2-0","title":{"rendered":"Rower KROSS ESKER 2.0"},"content":{"rendered":"<h1>KROSS Esker 2.0 &#8211; wszechstronny rower gravelowy dla ka\u017cdej trasy<\/h1>\n<p>KROSS Esker 2.0 to nowoczesny rower gravelowy, kt\u00f3ry \u0142\u0105czy w sobie wszechstronno\u015b\u0107, komfort oraz wysok\u0105 jako\u015b\u0107 wykonania. Idealnie nadaje si\u0119 zar\u00f3wno do codziennych przeja\u017cd\u017cek po miejskich trasach, jak i do d\u0142ugich wypraw po mniej ucz\u0119szczanych, szutrowych \u015bcie\u017ckach. Dzi\u0119ki innowacyjnym rozwi\u0105zaniom oraz starannie dobranym komponentom, Esker 2.0 zapewnia rowerzystom wyj\u0105tkowe odczucia z jazdy w ka\u017cdych warunkach.<\/p>\n<h2>Nowoczesna konstrukcja ramy GEN2<\/h2>\n<p>Rama KROSS Esker 2.0 zosta\u0142a wykonana z aluminium 6061, co zapewnia lekko\u015b\u0107 oraz wyj\u0105tkow\u0105 wytrzyma\u0142o\u015b\u0107. Ten materia\u0142 charakteryzuje si\u0119 odporno\u015bci\u0105 na z\u0142amania, a jego niska waga sprawia, \u017ce rower \u0142atwo prowadzi si\u0119 na d\u0142ugich trasach. Dodatkowo, nowa konstrukcja GEN2 zosta\u0142a wyposa\u017cona w szereg otwor\u00f3w monta\u017cowych, co maksymalizuje mo\u017cliwo\u015bci personalizacji &#8211; mo\u017cna zamontowa\u0107 torby, b\u0142otniki czy baga\u017cnik. Zmniejszenie przekroku ramy pozytywnie wp\u0142ywa na komfort u\u017cytkowania, szczeg\u00f3lnie dla os\u00f3b o r\u00f3\u017cnych wzrostach.<\/p>\n<h3>Carbonowy widelec dla lepszego komfortu<\/h3>\n<p>Jedn\u0105 z kluczowych cech Esker 2.0 jest lekki carbonowy widelec, kt\u00f3ry nie tylko zwi\u0119ksza komfort jazdy, ale r\u00f3wnie\u017c poprawia prowadzenie roweru. Dzi\u0119ki wewn\u0119trznemu prowadzeniu przewodu hamulcowego, widelec wygl\u0105da niezwykle estetycznie i zachowuje sw\u00f3j sportowy charakter. Co wi\u0119cej, widelec mo\u017ce by\u0107 stosowany z amortyzatorami gravelowymi o skoku 30 mm, co umo\u017cliwia jeszcze lepsze dopasowanie do preferencji rowerzysty.<\/p>\n<h2>Wysokiej jako\u015bci osprz\u0119t Microshift<\/h2>\n<p>KROSS Esker 2.0 zosta\u0142 wyposa\u017cony w niezawodny nap\u0119d w systemie 1&#215;10 od Microshift, kt\u00f3ry doskonale sprawdzi si\u0119 w ka\u017cdych warunkach &#8211; na asfalcie, jak i w terenie. Kaseta o zakresie prze\u0142o\u017ce\u0144 11-48 zapewnia p\u0142ynne i szybkie przejazdy przez wszelkie wzniesienia oraz umo\u017cliwia dynamiczn\u0105 jazd\u0119 po p\u0142askim terenie. Dodatkowo, zamontowane mechaniczne hamulce tarczowe gwarantuj\u0105 wy\u017csze si\u0142y hamowania, co przek\u0142ada si\u0119 na wi\u0119ksze poczucie bezpiecze\u0144stwa i kontrol\u0119, zw\u0142aszcza podczas trudniejszej jazdy.<\/p>\n<h3>Technologie, kt\u00f3re zwi\u0119kszaj\u0105 komfort jazdy<\/h3>\n<p>Rama KROSS Esker 2.0 jest malowana proszkowo, co zapewnia wysok\u0105 trwa\u0142o\u015b\u0107 lakieru oraz odporno\u015b\u0107 na wszelkiego rodzaju uszkodzenia mechaniczne. Wyposa\u017cony w wewn\u0119trzne prowadzenie linek, nie tylko poprawia estetyk\u0119, ale tak\u017ce zmniejsza ryzyko ich zerwania w trudnym terenie. Opony WTB o szeroko\u015bci 42 mm doskonale radz\u0105 sobie w ka\u017cdych warunkach atmosferycznych, co czyni rower idealnym towarzyszem zar\u00f3wno w trakcie terenowych eskapad, jak i codziennych dojazd\u00f3w.<\/p>\n<h2>Solidne rozwi\u0105zania na trudne warunki<\/h2>\n<p>KROSS Esker 2.0 wyr\u00f3\u017cnia si\u0119 zastosowaniem innowacyjnych rozwi\u0105za\u0144 technologicznych, kt\u00f3re poprawiaj\u0105 jego wydajno\u015b\u0107. Zastosowany Flat Mount w hamulcach zwi\u0119ksza sztywno\u015b\u0107 oraz obni\u017ca mas\u0119, co wp\u0142ywa na lepsz\u0105 dynamik\u0119 jazdy. System wewn\u0119trznego prowadzenia linek zabezpiecza je przed dzia\u0142aniem niekorzystnych warunk\u00f3w atmosferycznych, co przek\u0142ada si\u0119 na d\u0142u\u017csz\u0105 \u017cywotno\u015b\u0107 komponent\u00f3w. Mechanizm wymiennych hak\u00f3w RHS zapewnia \u0142atw\u0105 konserwacj\u0119 ramy i jej maksymaln\u0105 ochron\u0119 przed uszkodzeniami.<\/p>\n<h3>Podsumowanie wyj\u0105tkowego roweru gravelowego<\/h3>\n<p>KROSS Esker 2.0 to doskona\u0142y wyb\u00f3r dla wszystkich mi\u0142o\u015bnik\u00f3w jazdy gravelowej, kt\u00f3rzy pragn\u0105 cieszy\u0107 si\u0119 pe\u0142nym potencja\u0142em swojego roweru. Dzi\u0119ki nowoczesnym technologiom oraz wysokiej jako\u015bci materia\u0142om, ten rower zapewnia nie tylko wyj\u0105tkowy komfort jazdy, ale tak\u017ce niezawodno\u015b\u0107 na r\u00f3\u017cnorodnych trasach. Niezale\u017cnie od tego, czy szukasz roweru do codziennych dojazd\u00f3w, czy do weekendowych przyg\u00f3d, KROSS Esker 2.0 sprosta Twoim oczekiwaniom i stanie si\u0119 Twoim niezawodnym towarzyszem na drodze.<\/p>\n<p><strong>Specyfikacja:<\/strong><a href=\"https:\/\/kross.pl\/esker-2-0-brazowy-bezowy-polysk\" rel=\"nofollow\">https:\/\/kross.pl\/esker-2-0-brazowy-bezowy-polysk<\/a><\/p>\n","protected":false},"excerpt":{"rendered":"<p>KROSS Esker 2.0 &#8211; wszechstronny rower gravelowy dla ka\u017cdej trasy KROSS Esker 2.0 to nowoczesny rower gravelowy, kt\u00f3ry \u0142\u0105czy w sobie wszechstronno\u015b\u0107, komfort oraz wysok\u0105 jako\u015b\u0107 wykonania. Idealnie nadaje si\u0119 zar\u00f3wno do codziennych przeja\u017cd\u017cek po miejskich trasach, jak i do d\u0142ugich wypraw po mniej ucz\u0119szczanych, szutrowych \u015bcie\u017ckach. Dzi\u0119ki innowacyjnym rozwi\u0105zaniom oraz starannie dobranym komponentom, Esker<\/p>\n","protected":false},"featured_media":369,"comment_status":"open","ping_status":"closed","template":"","meta":[],"product_brand":[16],"product_cat":[35,42],"product_tag":[],"class_list":{"0":"post-370","1":"product","2":"type-product","3":"status-publish","4":"has-post-thumbnail","6":"product_brand-kross","7":"product_cat-gravel","8":"product_cat-rowery","10":"first","11":"instock","12":"sale","13":"shipping-taxable","14":"purchasable","15":"product-type-simple"},"yoast_head":"<!-- This site is optimized with the Yoast SEO plugin v26.8 - https:\/\/yoast.com\/product\/yoast-seo-wordpress\/ -->\n<title>Rower KROSS ESKER 2.0 - Strona rowerowa - ulubiona strona ka\u017cdego rowerzysty<\/title>\n<meta name=\"robots\" content=\"index, follow, max-snippet:-1, max-image-preview:large, max-video-preview:-1\" \/>\n<link rel=\"canonical\" href=\"https:\/\/stronarowerowa.pl\/?product=rower-kross-esker-2-0\" \/>\n<meta property=\"og:locale\" content=\"pl_PL\" \/>\n<meta property=\"og:type\" content=\"article\" \/>\n<meta property=\"og:title\" content=\"Rower KROSS ESKER 2.0 - Strona rowerowa - ulubiona strona ka\u017cdego rowerzysty\" \/>\n<meta property=\"og:description\" content=\"KROSS Esker 2.0 &#8211; wszechstronny rower gravelowy dla ka\u017cdej trasy KROSS Esker 2.0 to nowoczesny rower gravelowy, kt\u00f3ry \u0142\u0105czy w sobie wszechstronno\u015b\u0107, komfort oraz wysok\u0105 jako\u015b\u0107 wykonania. Idealnie nadaje si\u0119 zar\u00f3wno do codziennych przeja\u017cd\u017cek po miejskich trasach, jak i do d\u0142ugich wypraw po mniej ucz\u0119szczanych, szutrowych \u015bcie\u017ckach. Dzi\u0119ki innowacyjnym rozwi\u0105zaniom oraz starannie dobranym komponentom, Esker\" \/>\n<meta property=\"og:url\" content=\"https:\/\/stronarowerowa.pl\/?product=rower-kross-esker-2-0\" \/>\n<meta property=\"og:site_name\" content=\"Strona rowerowa - ulubiona strona ka\u017cdego rowerzysty\" \/>\n<meta property=\"article:modified_time\" content=\"2026-01-21T13:19:41+00:00\" \/>\n<meta property=\"og:image\" content=\"https:\/\/stronarowerowa.pl\/wp-content\/uploads\/2026\/01\/esker-20.jpg\" \/>\n\t<meta property=\"og:image:width\" content=\"950\" \/>\n\t<meta property=\"og:image:height\" content=\"720\" \/>\n\t<meta property=\"og:image:type\" content=\"image\/jpeg\" \/>\n<meta name=\"twitter:card\" content=\"summary_large_image\" \/>\n<meta name=\"twitter:label1\" content=\"Szacowany czas czytania\" \/>\n\t<meta name=\"twitter:data1\" content=\"3 minuty\" \/>\n<script type=\"application\/ld+json\" class=\"yoast-schema-graph\">{\"@context\":\"https:\/\/schema.org\",\"@graph\":[{\"@type\":\"WebPage\",\"@id\":\"https:\/\/stronarowerowa.pl\/?product=rower-kross-esker-2-0\",\"url\":\"https:\/\/stronarowerowa.pl\/?product=rower-kross-esker-2-0\",\"name\":\"Rower KROSS ESKER 2.0 - Strona rowerowa - ulubiona strona ka\u017cdego rowerzysty\",\"isPartOf\":{\"@id\":\"https:\/\/stronarowerowa.pl\/#website\"},\"primaryImageOfPage\":{\"@id\":\"https:\/\/stronarowerowa.pl\/?product=rower-kross-esker-2-0#primaryimage\"},\"image\":{\"@id\":\"https:\/\/stronarowerowa.pl\/?product=rower-kross-esker-2-0#primaryimage\"},\"thumbnailUrl\":\"https:\/\/stronarowerowa.pl\/wp-content\/uploads\/2026\/01\/esker-20.jpg\",\"datePublished\":\"2026-01-21T12:29:08+00:00\",\"dateModified\":\"2026-01-21T13:19:41+00:00\",\"breadcrumb\":{\"@id\":\"https:\/\/stronarowerowa.pl\/?product=rower-kross-esker-2-0#breadcrumb\"},\"inLanguage\":\"pl-PL\",\"potentialAction\":[{\"@type\":\"ReadAction\",\"target\":[\"https:\/\/stronarowerowa.pl\/?product=rower-kross-esker-2-0\"]}]},{\"@type\":\"ImageObject\",\"inLanguage\":\"pl-PL\",\"@id\":\"https:\/\/stronarowerowa.pl\/?product=rower-kross-esker-2-0#primaryimage\",\"url\":\"https:\/\/stronarowerowa.pl\/wp-content\/uploads\/2026\/01\/esker-20.jpg\",\"contentUrl\":\"https:\/\/stronarowerowa.pl\/wp-content\/uploads\/2026\/01\/esker-20.jpg\",\"width\":950,\"height\":720},{\"@type\":\"BreadcrumbList\",\"@id\":\"https:\/\/stronarowerowa.pl\/?product=rower-kross-esker-2-0#breadcrumb\",\"itemListElement\":[{\"@type\":\"ListItem\",\"position\":1,\"name\":\"Strona g\u0142\u00f3wna\",\"item\":\"https:\/\/stronarowerowa.pl\/\"},{\"@type\":\"ListItem\",\"position\":2,\"name\":\"Rower KROSS ESKER 2.0\"}]},{\"@type\":\"WebSite\",\"@id\":\"https:\/\/stronarowerowa.pl\/#website\",\"url\":\"https:\/\/stronarowerowa.pl\/\",\"name\":\"Strona rowerowa - ulubiona strona ka\u017cdego rowerzysty\",\"description\":\"\",\"potentialAction\":[{\"@type\":\"SearchAction\",\"target\":{\"@type\":\"EntryPoint\",\"urlTemplate\":\"https:\/\/stronarowerowa.pl\/?s={search_term_string}\"},\"query-input\":{\"@type\":\"PropertyValueSpecification\",\"valueRequired\":true,\"valueName\":\"search_term_string\"}}],\"inLanguage\":\"pl-PL\"}]}<\/script>\n<!-- \/ Yoast SEO plugin. -->","yoast_head_json":{"title":"Rower KROSS ESKER 2.0 - Strona rowerowa - ulubiona strona ka\u017cdego rowerzysty","robots":{"index":"index","follow":"follow","max-snippet":"max-snippet:-1","max-image-preview":"max-image-preview:large","max-video-preview":"max-video-preview:-1"},"canonical":"https:\/\/stronarowerowa.pl\/?product=rower-kross-esker-2-0","og_locale":"pl_PL","og_type":"article","og_title":"Rower KROSS ESKER 2.0 - Strona rowerowa - ulubiona strona ka\u017cdego rowerzysty","og_description":"KROSS Esker 2.0 &#8211; wszechstronny rower gravelowy dla ka\u017cdej trasy KROSS Esker 2.0 to nowoczesny rower gravelowy, kt\u00f3ry \u0142\u0105czy w sobie wszechstronno\u015b\u0107, komfort oraz wysok\u0105 jako\u015b\u0107 wykonania. Idealnie nadaje si\u0119 zar\u00f3wno do codziennych przeja\u017cd\u017cek po miejskich trasach, jak i do d\u0142ugich wypraw po mniej ucz\u0119szczanych, szutrowych \u015bcie\u017ckach. Dzi\u0119ki innowacyjnym rozwi\u0105zaniom oraz starannie dobranym komponentom, Esker","og_url":"https:\/\/stronarowerowa.pl\/?product=rower-kross-esker-2-0","og_site_name":"Strona rowerowa - ulubiona strona ka\u017cdego rowerzysty","article_modified_time":"2026-01-21T13:19:41+00:00","og_image":[{"width":950,"height":720,"url":"https:\/\/stronarowerowa.pl\/wp-content\/uploads\/2026\/01\/esker-20.jpg","type":"image\/jpeg"}],"twitter_card":"summary_large_image","twitter_misc":{"Szacowany czas czytania":"3 minuty"},"schema":{"@context":"https:\/\/schema.org","@graph":[{"@type":"WebPage","@id":"https:\/\/stronarowerowa.pl\/?product=rower-kross-esker-2-0","url":"https:\/\/stronarowerowa.pl\/?product=rower-kross-esker-2-0","name":"Rower KROSS ESKER 2.0 - Strona rowerowa - ulubiona strona ka\u017cdego rowerzysty","isPartOf":{"@id":"https:\/\/stronarowerowa.pl\/#website"},"primaryImageOfPage":{"@id":"https:\/\/stronarowerowa.pl\/?product=rower-kross-esker-2-0#primaryimage"},"image":{"@id":"https:\/\/stronarowerowa.pl\/?product=rower-kross-esker-2-0#primaryimage"},"thumbnailUrl":"https:\/\/stronarowerowa.pl\/wp-content\/uploads\/2026\/01\/esker-20.jpg","datePublished":"2026-01-21T12:29:08+00:00","dateModified":"2026-01-21T13:19:41+00:00","breadcrumb":{"@id":"https:\/\/stronarowerowa.pl\/?product=rower-kross-esker-2-0#breadcrumb"},"inLanguage":"pl-PL","potentialAction":[{"@type":"ReadAction","target":["https:\/\/stronarowerowa.pl\/?product=rower-kross-esker-2-0"]}]},{"@type":"ImageObject","inLanguage":"pl-PL","@id":"https:\/\/stronarowerowa.pl\/?product=rower-kross-esker-2-0#primaryimage","url":"https:\/\/stronarowerowa.pl\/wp-content\/uploads\/2026\/01\/esker-20.jpg","contentUrl":"https:\/\/stronarowerowa.pl\/wp-content\/uploads\/2026\/01\/esker-20.jpg","width":950,"height":720},{"@type":"BreadcrumbList","@id":"https:\/\/stronarowerowa.pl\/?product=rower-kross-esker-2-0#breadcrumb","itemListElement":[{"@type":"ListItem","position":1,"name":"Strona g\u0142\u00f3wna","item":"https:\/\/stronarowerowa.pl\/"},{"@type":"ListItem","position":2,"name":"Rower KROSS ESKER 2.0"}]},{"@type":"WebSite","@id":"https:\/\/stronarowerowa.pl\/#website","url":"https:\/\/stronarowerowa.pl\/","name":"Strona rowerowa - ulubiona strona ka\u017cdego rowerzysty","description":"","potentialAction":[{"@type":"SearchAction","target":{"@type":"EntryPoint","urlTemplate":"https:\/\/stronarowerowa.pl\/?s={search_term_string}"},"query-input":{"@type":"PropertyValueSpecification","valueRequired":true,"valueName":"search_term_string"}}],"inLanguage":"pl-PL"}]}},"_links":{"self":[{"href":"https:\/\/stronarowerowa.pl\/index.php?rest_route=\/wp\/v2\/product\/370","targetHints":{"allow":["GET"]}}],"collection":[{"href":"https:\/\/stronarowerowa.pl\/index.php?rest_route=\/wp\/v2\/product"}],"about":[{"href":"https:\/\/stronarowerowa.pl\/index.php?rest_route=\/wp\/v2\/types\/product"}],"replies":[{"embeddable":true,"href":"https:\/\/stronarowerowa.pl\/index.php?rest_route=%2Fwp%2Fv2%2Fcomments&post=370"}],"wp:featuredmedia":[{"embeddable":true,"href":"https:\/\/stronarowerowa.pl\/index.php?rest_route=\/wp\/v2\/media\/369"}],"wp:attachment":[{"href":"https:\/\/stronarowerowa.pl\/index.php?rest_route=%2Fwp%2Fv2%2Fmedia&parent=370"}],"wp:term":[{"taxonomy":"product_brand","embeddable":true,"href":"https:\/\/stronarowerowa.pl\/index.php?rest_route=%2Fwp%2Fv2%2Fproduct_brand&post=370"},{"taxonomy":"product_cat","embeddable":true,"href":"https:\/\/stronarowerowa.pl\/index.php?rest_route=%2Fwp%2Fv2%2Fproduct_cat&post=370"},{"taxonomy":"product_tag","embeddable":true,"href":"https:\/\/stronarowerowa.pl\/index.php?rest_route=%2Fwp%2Fv2%2Fproduct_tag&post=370"}],"curies":[{"name":"wp","href":"https:\/\/api.w.org\/{rel}","templated":true}]}}