{"id":374,"date":"2026-01-21T13:29:30","date_gmt":"2026-01-21T12:29:30","guid":{"rendered":"http:\/\/drawsko.blinked.pl\/stronarowerowa.pl\/?product=rower-kross-hexagon-5-0-ult-ra"},"modified":"2026-01-21T14:19:36","modified_gmt":"2026-01-21T13:19:36","slug":"rower-kross-hexagon-5-0-ult-ra","status":"publish","type":"product","link":"https:\/\/stronarowerowa.pl\/?product=rower-kross-hexagon-5-0-ult-ra","title":{"rendered":"Rower KROSS HEXAGON 5.0 ULT.RA"},"content":{"rendered":"<h1>KROSS HEXAGON 5.0 ULT.RA \u2013 Idealny Rowery G\u00f3rski dla Pasjonat\u00f3w<\/h1>\n<p>KROSS HEXAGON 5.0 ULT.RA to nowoczesny rower g\u00f3rski, kt\u00f3ry zachwyca zar\u00f3wno mi\u0142o\u015bnik\u00f3w jazdy w terenie, jak i tych, kt\u00f3rzy preferuj\u0105 miejskie \u015bcie\u017cki. \u0141\u0105czy w sobie zaawansowane technologie, wytrzyma\u0142e materia\u0142y i nowoczesny design, co sprawia, \u017ce jazda na nim to prawdziwa przyjemno\u015b\u0107. Dzi\u0119ki solidnej konstrukcji oraz innowacyjnym rozwi\u0105zaniom, HEXAGON 5.0 ULT.RA zapewnia komfort i bezpiecze\u0144stwo na ka\u017cdym szlaku.<\/p>\n<h2>Wydajna Konstrukcja i Komponenty<\/h2>\n<p>Rama tego modelu zosta\u0142a wykonana z wysokiej jako\u015bci aluminium 6061, co gwarantuje nie tylko lekko\u015b\u0107, ale i du\u017c\u0105 odporno\u015b\u0107 na uszkodzenia. Proszkowe malowanie, kt\u00f3rym pokryta jest rama, zapewnia d\u0142ugotrwa\u0142\u0105 ochron\u0119 przed zarysowaniami i innymi uszkodzeniami mechanicznymi. Amortyzowany widelec SR Suntour, ze skokiem 100 mm, znacz\u0105co poprawia komfort jazdy, niweluj\u0105c wibracje i uderzenia, co czyni go doskona\u0142ym wyborem na nier\u00f3wne nawierzchnie.<\/p>\n<h2>Zaawansowany System Nap\u0119dowy<\/h2>\n<p>HEXAGON 5.0 ULT.RA wyposa\u017cony jest w nap\u0119d Shimano Cues w systemie 2&#215;9, co pozwala na p\u0142ynn\u0105 i precyzyjn\u0105 zmian\u0119 bieg\u00f3w. Taki system zapewnia doskona\u0142\u0105 wydajno\u015b\u0107 zar\u00f3wno w terenie, jak i na utwardzonych drogach miejskich. Tylna przerzutka z grupy Cues wyr\u00f3\u017cnia si\u0119 trwa\u0142o\u015bci\u0105 i responsywno\u015bci\u0105, co jest szczeg\u00f3lnie istotne podczas jazdy w trudnym terenie.<\/p>\n<h3>Hamulce Tarczowe dla Bezpiecze\u0144stwa<\/h3>\n<p>Jednym z kluczowych atut\u00f3w roweru jest zastosowanie hydraulicznych hamulc\u00f3w tarczowych Shimano. Dzi\u0119ki nim, KROSS HEXAGON 5.0 ULT.RA zapewnia znakomit\u0105 si\u0142\u0119 hamowania oraz precyzyjn\u0105 modulacj\u0119. Umo\u017cliwiaj\u0105 one nie tylko bezpieczne zatrzymywanie si\u0119 w ka\u017cdych warunkach, ale r\u00f3wnie\u017c poprawiaj\u0105 ergonomi\u0119 jazdy, co jest niezwykle wa\u017cne przy dynamicznym pokonywaniu szlak\u00f3w.<\/p>\n<h2>Stylowy Design i Funkcjonalno\u015b\u0107<\/h2>\n<p>Seria ULT.RA cechuje si\u0119 unikalnym, nowoczesnym designem oraz holograficznym malowaniem, dzi\u0119ki czemu rower wyr\u00f3\u017cnia si\u0119 na tle konkurencji. Dba\u0142o\u015b\u0107 o detale sprawia, \u017ce rower nie tylko dobrze wygl\u0105da, ale r\u00f3wnie\u017c jest praktyczny. Wewn\u0119trzne prowadzenie linek zwi\u0119ksza estetyk\u0119 i zmniejsza ryzyko ich uszkodzenia, co jest istotne podczas jazdy w trudnych warunkach.<\/p>\n<h3>Opony i Dostosowanie do Terenu<\/h3>\n<p>KROSS HEXAGON 5.0 ULT.RA jest dostosowany do jazdy w ka\u017cdych warunkach dzi\u0119ki starannie dobranym oponom. Gwarantuj\u0105 one doskona\u0142\u0105 przyczepno\u015b\u0107 oraz komfort jazdy zar\u00f3wno na asfalcie, jak i na piaszczystych lub le\u015bnych szlakach. Dodatkowo, manetka blokady amortyzatora umieszczona na kierownicy umo\u017cliwia \u0142atwe dostosowanie si\u0119 do warunk\u00f3w jazdy, zwi\u0119kszaj\u0105c efektywno\u015b\u0107 peda\u0142owania na p\u0142askich odcinkach.<\/p>\n<h2>Technologie Wyd\u0142u\u017caj\u0105ce \u017bywotno\u015b\u0107<\/h2>\n<p>Rama roweru charakteryzuje si\u0119 wieloma inteligentnymi rozwi\u0105zaniami, kt\u00f3re wp\u0142ywaj\u0105 na trwa\u0142o\u015b\u0107. System wymiennych hak\u00f3w pozwala na szybkie naprawy w przypadku uszkodzenia, co znacz\u0105co wp\u0142ywa na bezpiecze\u0144stwo u\u017cytkowania. Dodatkowo zastosowanie technologii Post Mount przyczynia si\u0119 do lepszego odprowadzania ciep\u0142a, co wyd\u0142u\u017ca \u017cywotno\u015b\u0107 hamulc\u00f3w i poprawia ich efektywno\u015b\u0107.<\/p>\n<h3>Podsumowanie Funkcjonalno\u015bci HEXAGON 5.0 ULT.RA<\/h3>\n<p>KROSS HEXAGON 5.0 ULT.RA to rower g\u00f3rski, kt\u00f3ry \u0142\u0105czy w sobie zaawansowane technologie, estetyczny design oraz funkcjonalno\u015b\u0107. Jest to doskona\u0142y wyb\u00f3r dla pasjonat\u00f3w jazdy w terenie, kt\u00f3rzy ceni\u0105 sobie komfort i bezpiecze\u0144stwo. Z pewno\u015bci\u0105 pozwoli odkrywa\u0107 nowe trasy i dostarczy\u0107 niezapomnianych wra\u017ce\u0144 podczas ka\u017cdej przeja\u017cd\u017cki, zar\u00f3wno na wymagaj\u0105cych szlakach, jak i miejskich \u015bcie\u017ckach.<\/p>\n<p><strong>Specyfikacja:<\/strong><a href=\"https:\/\/kross.pl\/hexagon-5-0-ult-ra-zielony-holo-polysk\" rel=\"nofollow\">https:\/\/kross.pl\/hexagon-5-0-ult-ra-zielony-holo-polysk<\/a><\/p>\n","protected":false},"excerpt":{"rendered":"<p>KROSS HEXAGON 5.0 ULT.RA \u2013 Idealny Rowery G\u00f3rski dla Pasjonat\u00f3w KROSS HEXAGON 5.0 ULT.RA to nowoczesny rower g\u00f3rski, kt\u00f3ry zachwyca zar\u00f3wno mi\u0142o\u015bnik\u00f3w jazdy w terenie, jak i tych, kt\u00f3rzy preferuj\u0105 miejskie \u015bcie\u017cki. \u0141\u0105czy w sobie zaawansowane technologie, wytrzyma\u0142e materia\u0142y i nowoczesny design, co sprawia, \u017ce jazda na nim to prawdziwa przyjemno\u015b\u0107. Dzi\u0119ki solidnej konstrukcji oraz<\/p>\n","protected":false},"featured_media":373,"comment_status":"open","ping_status":"closed","template":"","meta":[],"product_brand":[16],"product_cat":[27,31,42],"product_tag":[],"class_list":{"0":"post-374","1":"product","2":"type-product","3":"status-publish","4":"has-post-thumbnail","6":"product_brand-kross","7":"product_cat-gorskie-2","8":"product_cat-mtb","9":"product_cat-rowery","11":"first","12":"instock","13":"shipping-taxable","14":"product-type-simple"},"yoast_head":"<!-- This site is optimized with the Yoast SEO plugin v26.8 - https:\/\/yoast.com\/product\/yoast-seo-wordpress\/ -->\n<title>Rower KROSS HEXAGON 5.0 ULT.RA - Strona rowerowa - ulubiona strona ka\u017cdego rowerzysty<\/title>\n<meta name=\"robots\" content=\"index, follow, max-snippet:-1, max-image-preview:large, max-video-preview:-1\" \/>\n<link rel=\"canonical\" href=\"https:\/\/stronarowerowa.pl\/?product=rower-kross-hexagon-5-0-ult-ra\" \/>\n<meta property=\"og:locale\" content=\"pl_PL\" \/>\n<meta property=\"og:type\" content=\"article\" \/>\n<meta property=\"og:title\" content=\"Rower KROSS HEXAGON 5.0 ULT.RA - Strona rowerowa - ulubiona strona ka\u017cdego rowerzysty\" \/>\n<meta property=\"og:description\" content=\"KROSS HEXAGON 5.0 ULT.RA \u2013 Idealny Rowery G\u00f3rski dla Pasjonat\u00f3w KROSS HEXAGON 5.0 ULT.RA to nowoczesny rower g\u00f3rski, kt\u00f3ry zachwyca zar\u00f3wno mi\u0142o\u015bnik\u00f3w jazdy w terenie, jak i tych, kt\u00f3rzy preferuj\u0105 miejskie \u015bcie\u017cki. \u0141\u0105czy w sobie zaawansowane technologie, wytrzyma\u0142e materia\u0142y i nowoczesny design, co sprawia, \u017ce jazda na nim to prawdziwa przyjemno\u015b\u0107. Dzi\u0119ki solidnej konstrukcji oraz\" \/>\n<meta property=\"og:url\" content=\"https:\/\/stronarowerowa.pl\/?product=rower-kross-hexagon-5-0-ult-ra\" \/>\n<meta property=\"og:site_name\" content=\"Strona rowerowa - ulubiona strona ka\u017cdego rowerzysty\" \/>\n<meta property=\"article:modified_time\" content=\"2026-01-21T13:19:36+00:00\" \/>\n<meta property=\"og:image\" content=\"https:\/\/stronarowerowa.pl\/wp-content\/uploads\/2026\/01\/hexagon-50-ultra.jpg\" \/>\n\t<meta property=\"og:image:width\" content=\"950\" \/>\n\t<meta property=\"og:image:height\" content=\"720\" \/>\n\t<meta property=\"og:image:type\" content=\"image\/jpeg\" \/>\n<meta name=\"twitter:card\" content=\"summary_large_image\" \/>\n<meta name=\"twitter:label1\" content=\"Szacowany czas czytania\" \/>\n\t<meta name=\"twitter:data1\" content=\"3 minuty\" \/>\n<script type=\"application\/ld+json\" class=\"yoast-schema-graph\">{\"@context\":\"https:\/\/schema.org\",\"@graph\":[{\"@type\":\"WebPage\",\"@id\":\"https:\/\/stronarowerowa.pl\/?product=rower-kross-hexagon-5-0-ult-ra\",\"url\":\"https:\/\/stronarowerowa.pl\/?product=rower-kross-hexagon-5-0-ult-ra\",\"name\":\"Rower KROSS HEXAGON 5.0 ULT.RA - Strona rowerowa - ulubiona strona ka\u017cdego rowerzysty\",\"isPartOf\":{\"@id\":\"https:\/\/stronarowerowa.pl\/#website\"},\"primaryImageOfPage\":{\"@id\":\"https:\/\/stronarowerowa.pl\/?product=rower-kross-hexagon-5-0-ult-ra#primaryimage\"},\"image\":{\"@id\":\"https:\/\/stronarowerowa.pl\/?product=rower-kross-hexagon-5-0-ult-ra#primaryimage\"},\"thumbnailUrl\":\"https:\/\/stronarowerowa.pl\/wp-content\/uploads\/2026\/01\/hexagon-50-ultra.jpg\",\"datePublished\":\"2026-01-21T12:29:30+00:00\",\"dateModified\":\"2026-01-21T13:19:36+00:00\",\"breadcrumb\":{\"@id\":\"https:\/\/stronarowerowa.pl\/?product=rower-kross-hexagon-5-0-ult-ra#breadcrumb\"},\"inLanguage\":\"pl-PL\",\"potentialAction\":[{\"@type\":\"ReadAction\",\"target\":[\"https:\/\/stronarowerowa.pl\/?product=rower-kross-hexagon-5-0-ult-ra\"]}]},{\"@type\":\"ImageObject\",\"inLanguage\":\"pl-PL\",\"@id\":\"https:\/\/stronarowerowa.pl\/?product=rower-kross-hexagon-5-0-ult-ra#primaryimage\",\"url\":\"https:\/\/stronarowerowa.pl\/wp-content\/uploads\/2026\/01\/hexagon-50-ultra.jpg\",\"contentUrl\":\"https:\/\/stronarowerowa.pl\/wp-content\/uploads\/2026\/01\/hexagon-50-ultra.jpg\",\"width\":950,\"height\":720},{\"@type\":\"BreadcrumbList\",\"@id\":\"https:\/\/stronarowerowa.pl\/?product=rower-kross-hexagon-5-0-ult-ra#breadcrumb\",\"itemListElement\":[{\"@type\":\"ListItem\",\"position\":1,\"name\":\"Strona g\u0142\u00f3wna\",\"item\":\"https:\/\/stronarowerowa.pl\/\"},{\"@type\":\"ListItem\",\"position\":2,\"name\":\"Rower KROSS HEXAGON 5.0 ULT.RA\"}]},{\"@type\":\"WebSite\",\"@id\":\"https:\/\/stronarowerowa.pl\/#website\",\"url\":\"https:\/\/stronarowerowa.pl\/\",\"name\":\"Strona rowerowa - ulubiona strona ka\u017cdego rowerzysty\",\"description\":\"\",\"potentialAction\":[{\"@type\":\"SearchAction\",\"target\":{\"@type\":\"EntryPoint\",\"urlTemplate\":\"https:\/\/stronarowerowa.pl\/?s={search_term_string}\"},\"query-input\":{\"@type\":\"PropertyValueSpecification\",\"valueRequired\":true,\"valueName\":\"search_term_string\"}}],\"inLanguage\":\"pl-PL\"}]}<\/script>\n<!-- \/ Yoast SEO plugin. -->","yoast_head_json":{"title":"Rower KROSS HEXAGON 5.0 ULT.RA - Strona rowerowa - ulubiona strona ka\u017cdego rowerzysty","robots":{"index":"index","follow":"follow","max-snippet":"max-snippet:-1","max-image-preview":"max-image-preview:large","max-video-preview":"max-video-preview:-1"},"canonical":"https:\/\/stronarowerowa.pl\/?product=rower-kross-hexagon-5-0-ult-ra","og_locale":"pl_PL","og_type":"article","og_title":"Rower KROSS HEXAGON 5.0 ULT.RA - Strona rowerowa - ulubiona strona ka\u017cdego rowerzysty","og_description":"KROSS HEXAGON 5.0 ULT.RA \u2013 Idealny Rowery G\u00f3rski dla Pasjonat\u00f3w KROSS HEXAGON 5.0 ULT.RA to nowoczesny rower g\u00f3rski, kt\u00f3ry zachwyca zar\u00f3wno mi\u0142o\u015bnik\u00f3w jazdy w terenie, jak i tych, kt\u00f3rzy preferuj\u0105 miejskie \u015bcie\u017cki. \u0141\u0105czy w sobie zaawansowane technologie, wytrzyma\u0142e materia\u0142y i nowoczesny design, co sprawia, \u017ce jazda na nim to prawdziwa przyjemno\u015b\u0107. Dzi\u0119ki solidnej konstrukcji oraz","og_url":"https:\/\/stronarowerowa.pl\/?product=rower-kross-hexagon-5-0-ult-ra","og_site_name":"Strona rowerowa - ulubiona strona ka\u017cdego rowerzysty","article_modified_time":"2026-01-21T13:19:36+00:00","og_image":[{"width":950,"height":720,"url":"https:\/\/stronarowerowa.pl\/wp-content\/uploads\/2026\/01\/hexagon-50-ultra.jpg","type":"image\/jpeg"}],"twitter_card":"summary_large_image","twitter_misc":{"Szacowany czas czytania":"3 minuty"},"schema":{"@context":"https:\/\/schema.org","@graph":[{"@type":"WebPage","@id":"https:\/\/stronarowerowa.pl\/?product=rower-kross-hexagon-5-0-ult-ra","url":"https:\/\/stronarowerowa.pl\/?product=rower-kross-hexagon-5-0-ult-ra","name":"Rower KROSS HEXAGON 5.0 ULT.RA - Strona rowerowa - ulubiona strona ka\u017cdego rowerzysty","isPartOf":{"@id":"https:\/\/stronarowerowa.pl\/#website"},"primaryImageOfPage":{"@id":"https:\/\/stronarowerowa.pl\/?product=rower-kross-hexagon-5-0-ult-ra#primaryimage"},"image":{"@id":"https:\/\/stronarowerowa.pl\/?product=rower-kross-hexagon-5-0-ult-ra#primaryimage"},"thumbnailUrl":"https:\/\/stronarowerowa.pl\/wp-content\/uploads\/2026\/01\/hexagon-50-ultra.jpg","datePublished":"2026-01-21T12:29:30+00:00","dateModified":"2026-01-21T13:19:36+00:00","breadcrumb":{"@id":"https:\/\/stronarowerowa.pl\/?product=rower-kross-hexagon-5-0-ult-ra#breadcrumb"},"inLanguage":"pl-PL","potentialAction":[{"@type":"ReadAction","target":["https:\/\/stronarowerowa.pl\/?product=rower-kross-hexagon-5-0-ult-ra"]}]},{"@type":"ImageObject","inLanguage":"pl-PL","@id":"https:\/\/stronarowerowa.pl\/?product=rower-kross-hexagon-5-0-ult-ra#primaryimage","url":"https:\/\/stronarowerowa.pl\/wp-content\/uploads\/2026\/01\/hexagon-50-ultra.jpg","contentUrl":"https:\/\/stronarowerowa.pl\/wp-content\/uploads\/2026\/01\/hexagon-50-ultra.jpg","width":950,"height":720},{"@type":"BreadcrumbList","@id":"https:\/\/stronarowerowa.pl\/?product=rower-kross-hexagon-5-0-ult-ra#breadcrumb","itemListElement":[{"@type":"ListItem","position":1,"name":"Strona g\u0142\u00f3wna","item":"https:\/\/stronarowerowa.pl\/"},{"@type":"ListItem","position":2,"name":"Rower KROSS HEXAGON 5.0 ULT.RA"}]},{"@type":"WebSite","@id":"https:\/\/stronarowerowa.pl\/#website","url":"https:\/\/stronarowerowa.pl\/","name":"Strona rowerowa - ulubiona strona ka\u017cdego rowerzysty","description":"","potentialAction":[{"@type":"SearchAction","target":{"@type":"EntryPoint","urlTemplate":"https:\/\/stronarowerowa.pl\/?s={search_term_string}"},"query-input":{"@type":"PropertyValueSpecification","valueRequired":true,"valueName":"search_term_string"}}],"inLanguage":"pl-PL"}]}},"_links":{"self":[{"href":"https:\/\/stronarowerowa.pl\/index.php?rest_route=\/wp\/v2\/product\/374","targetHints":{"allow":["GET"]}}],"collection":[{"href":"https:\/\/stronarowerowa.pl\/index.php?rest_route=\/wp\/v2\/product"}],"about":[{"href":"https:\/\/stronarowerowa.pl\/index.php?rest_route=\/wp\/v2\/types\/product"}],"replies":[{"embeddable":true,"href":"https:\/\/stronarowerowa.pl\/index.php?rest_route=%2Fwp%2Fv2%2Fcomments&post=374"}],"wp:featuredmedia":[{"embeddable":true,"href":"https:\/\/stronarowerowa.pl\/index.php?rest_route=\/wp\/v2\/media\/373"}],"wp:attachment":[{"href":"https:\/\/stronarowerowa.pl\/index.php?rest_route=%2Fwp%2Fv2%2Fmedia&parent=374"}],"wp:term":[{"taxonomy":"product_brand","embeddable":true,"href":"https:\/\/stronarowerowa.pl\/index.php?rest_route=%2Fwp%2Fv2%2Fproduct_brand&post=374"},{"taxonomy":"product_cat","embeddable":true,"href":"https:\/\/stronarowerowa.pl\/index.php?rest_route=%2Fwp%2Fv2%2Fproduct_cat&post=374"},{"taxonomy":"product_tag","embeddable":true,"href":"https:\/\/stronarowerowa.pl\/index.php?rest_route=%2Fwp%2Fv2%2Fproduct_tag&post=374"}],"curies":[{"name":"wp","href":"https:\/\/api.w.org\/{rel}","templated":true}]}}