{"id":380,"date":"2026-01-21T13:30:03","date_gmt":"2026-01-21T12:30:03","guid":{"rendered":"http:\/\/drawsko.blinked.pl\/stronarowerowa.pl\/?product=rower-kross-level-4-0-ult-ra"},"modified":"2026-01-21T14:19:28","modified_gmt":"2026-01-21T13:19:28","slug":"rower-kross-level-4-0-ult-ra","status":"publish","type":"product","link":"https:\/\/stronarowerowa.pl\/?product=rower-kross-level-4-0-ult-ra","title":{"rendered":"Rower KROSS LEVEL 4.0 ULT.RA"},"content":{"rendered":"<h1>LEVEL 4.0 ULT.RA &#8211; Rowery g\u00f3rskie KROSS<\/h1>\n<p>KROSS Level 4.0 ULT.RA to rower g\u00f3rski, kt\u00f3ry \u0142\u0105czy w sobie nowoczesne technologie z klasycznym designem, stworzony z my\u015bl\u0105 o pasjonatach jazdy terenowej. Dzi\u0119ki solidnej konstrukcji, wytrzyma\u0142ym materia\u0142om oraz innowacyjnym rozwi\u0105zaniom, ten model dostarcza niezapomnianych wra\u017ce\u0144 podczas ka\u017cdej wyprawy po wymagaj\u0105cych szlakach.<\/p>\n<h2>Wytrzyma\u0142a konstrukcja i komfortowa jazda<\/h2>\n<p>KROSS Level 4.0 ULT.RA posiada lekk\u0105 ram\u0119 z aluminium 6061, co sprawia, \u017ce jest zar\u00f3wno sztywny, jak i odporny na uszkodzenia. Ta innowacyjna konstrukcja zapewnia nie tylko doskona\u0142\u0105 wytrzyma\u0142o\u015b\u0107, ale tak\u017ce niespotykan\u0105 lekko\u015b\u0107, co jest kluczowe dla rowerzyst\u00f3w pokonuj\u0105cych d\u0142ugie dystanse w zr\u00f3\u017cnicowanym terenie. Malowanie proszkowe ramy gwarantuje wysok\u0105 odporno\u015b\u0107 na uszkodzenia mechaniczne oraz warunki atmosferyczne, co zapewnia d\u0142u\u017csz\u0105 \u017cywotno\u015b\u0107 roweru.<\/p>\n<p>Amortyzowany widelec SR Suntour ze skokiem 100 mm to kolejny wa\u017cny element, kt\u00f3ry wp\u0142ywa na komfort jazdy. Doskona\u0142e t\u0142umienie wibracji sprawia, \u017ce nawet na najbardziej nier\u00f3wnych nawierzchniach, rowerzysta mo\u017ce cieszy\u0107 si\u0119 g\u0142adk\u0105 i komfortow\u0105 jazd\u0105. Co wi\u0119cej, manetka blokady amortyzatora, umieszczona na kierownicy, zwi\u0119ksza efektywno\u015b\u0107 peda\u0142owania na p\u0142askich odcinkach drogi, co sprawia, \u017ce rower jest uniwersalnym rozwi\u0105zaniem w ka\u017cdych warunkach.<\/p>\n<h2>Innowacyjne technologie w KROSS Level 4.0 ULT.RA<\/h2>\n<p>Rowery serii ULT.RA wyr\u00f3\u017cniaj\u0105 si\u0119 zastosowaniem innowacyjnych technologii, kt\u00f3re wspieraj\u0105 rowerzyst\u00f3w w ich przygodach. Wyposa\u017cony w nap\u0119d Shimano Cues w systemie 1&#215;10, KROSS Level 4.0 ULT.RA oferuje p\u0142ynn\u0105 i szybk\u0105 zmian\u0119 bieg\u00f3w. To sprawdzone rozwi\u0105zanie nie tylko u\u0142atwia \u017cycie podczas jazdy w terenie, ale r\u00f3wnie\u017c obni\u017ca koszty eksploatacji, co jest istotnym atutem dla ka\u017cdego rowerzysty.<\/p>\n<p>Hamulce tarczowe Shimano, kt\u00f3re stanowi\u0105 cz\u0119\u015b\u0107 wyposa\u017cenia roweru, zapewniaj\u0105 znaczn\u0105 si\u0142\u0119 hamowania oraz lepsz\u0105 modulacj\u0119 ni\u017c tradycyjne hamulce v-brake. Ich wysoka skuteczno\u015b\u0107 w ka\u017cdych warunkach atmosferycznych to kolejny pow\u00f3d, dla kt\u00f3rego KROSS Level 4.0 ULT.RA to doskona\u0142y wyb\u00f3r dla mi\u0142o\u015bnik\u00f3w MTB.<\/p>\n<h3>Ergonomia i estetyka<\/h3>\n<p>Nie tylko wydajno\u015b\u0107, ale tak\u017ce estetyka, gra kluczow\u0105 rol\u0119 w projektowaniu KROSS Level 4.0 ULT.RA. Wewn\u0119trzne prowadzenie linek to innowacyjne rozwi\u0105zanie, kt\u00f3re nie tylko poprawia wygl\u0105d roweru, ale r\u00f3wnie\u017c chroni linki przed uszkodzeniami, co zwi\u0119ksza ich trwa\u0142o\u015b\u0107. Dzi\u0119ki temu, rower zyskuje sportowy charakter, a jednocze\u015bnie jest \u0142atwiejszy w obs\u0142udze na co dzie\u0144.<\/p>\n<p>Dodatkowo, system wymiennych hak\u00f3w RHS stanowi gwarancj\u0119 minimalizacji ryzyka uszkodze\u0144 ramy. W razie potrzeby, rowerzy\u015bci mog\u0105 \u0142atwo wymieni\u0107 uszkodzony hak, co przed\u0142u\u017ca \u017cywotno\u015b\u0107 ca\u0142ej konstrukcji. W ten spos\u00f3b, KROSS Level 4.0 ULT.RA staje si\u0119 u\u017cytkowym i praktycznym rozwi\u0105zaniem dla wszystkich mi\u0142o\u015bnik\u00f3w aktywnego sp\u0119dzania czasu na \u015bwie\u017cym powietrzu.<\/p>\n<h2>Idealny towarzysz przyg\u00f3d<\/h2>\n<p>KROSS Level 4.0 ULT.RA to rower, kt\u00f3ry \u0142\u0105czy w sobie najlepsze cechy, jakie mo\u017cna oczekiwa\u0107 od g\u00f3rskiego jedno\u015bladu. Jego zastosowanie sprawdzonych rozwi\u0105za\u0144 oraz nowoczesnych technologii sprawia, \u017ce jest on niezawodny w ka\u017cdych warunkach. Niezale\u017cnie od tego, czy preferujesz szybk\u0105 jazd\u0119 po le\u015bnych \u015bcie\u017ckach, czy spokojne w\u0119dr\u00f3wki g\u00f3rskimi szlakami, ten rower z pewno\u015bci\u0105 sprosta Twoim oczekiwaniom.<\/p>\n<p>Dzi\u0119ki unikalnemu designowi i nowoczesnym rozwi\u0105zaniom, KROSS Level 4.0 ULT.RA przyci\u0105ga wzrok i zapewnia wygod\u0119 oraz bezpiecze\u0144stwo podczas jazdy. To idealny wyb\u00f3r dla ka\u017cdego, kto ceni wysok\u0105 jako\u015b\u0107 sprz\u0119tu oraz komfort jazdy w wymagaj\u0105cych warunkach.<\/p>\n<h2>Postaw na jako\u015b\u0107 z KROSS Level 4.0 ULT.RA<\/h2>\n<p>Wybieraj\u0105c KROSS Level 4.0 ULT.RA, inwestujesz w rower, kt\u00f3ry nie tylko spe\u0142ni Twoje oczekiwania, ale tak\u017ce da Ci mo\u017cliwo\u015b\u0107 odkrywania nowych tras i prze\u017cywania niezapomnianych przyg\u00f3d na ka\u017cdym kilometrze. Dzi\u0119ki solidnej konstrukcji, przeszkodom stawianym przez natur\u0119 mo\u017cna stawi\u0107 czo\u0142a z wi\u0119ksz\u0105 pewno\u015bci\u0105 i rado\u015bci\u0105. Wybierz KROSS Level 4.0 ULT.RA i ciesz si\u0119 ka\u017cd\u0105 chwil\u0105 sp\u0119dzon\u0105 na rowerze!<\/p>\n<p><strong>Specyfikacja:<\/strong><a href=\"https:\/\/kross.pl\/level-4-0-ult-ra-granatowy-holo-matowy\" rel=\"nofollow\">https:\/\/kross.pl\/level-4-0-ult-ra-granatowy-holo-matowy<\/a><\/p>\n","protected":false},"excerpt":{"rendered":"<p>LEVEL 4.0 ULT.RA &#8211; Rowery g\u00f3rskie KROSS KROSS Level 4.0 ULT.RA to rower g\u00f3rski, kt\u00f3ry \u0142\u0105czy w sobie nowoczesne technologie z klasycznym designem, stworzony z my\u015bl\u0105 o pasjonatach jazdy terenowej. Dzi\u0119ki solidnej konstrukcji, wytrzyma\u0142ym materia\u0142om oraz innowacyjnym rozwi\u0105zaniom, ten model dostarcza niezapomnianych wra\u017ce\u0144 podczas ka\u017cdej wyprawy po wymagaj\u0105cych szlakach. Wytrzyma\u0142a konstrukcja i komfortowa jazda KROSS<\/p>\n","protected":false},"featured_media":379,"comment_status":"open","ping_status":"closed","template":"","meta":[],"product_brand":[16],"product_cat":[34,42],"product_tag":[],"class_list":{"0":"post-380","1":"product","2":"type-product","3":"status-publish","4":"has-post-thumbnail","6":"product_brand-kross","7":"product_cat-mtb-xc","8":"product_cat-rowery","10":"first","11":"instock","12":"shipping-taxable","13":"product-type-simple"},"yoast_head":"<!-- This site is optimized with the Yoast SEO plugin v26.8 - https:\/\/yoast.com\/product\/yoast-seo-wordpress\/ -->\n<title>Rower KROSS LEVEL 4.0 ULT.RA - Strona rowerowa - ulubiona strona ka\u017cdego rowerzysty<\/title>\n<meta name=\"robots\" content=\"index, follow, max-snippet:-1, max-image-preview:large, max-video-preview:-1\" \/>\n<link rel=\"canonical\" href=\"https:\/\/stronarowerowa.pl\/?product=rower-kross-level-4-0-ult-ra\" \/>\n<meta property=\"og:locale\" content=\"pl_PL\" \/>\n<meta property=\"og:type\" content=\"article\" \/>\n<meta property=\"og:title\" content=\"Rower KROSS LEVEL 4.0 ULT.RA - Strona rowerowa - ulubiona strona ka\u017cdego rowerzysty\" \/>\n<meta property=\"og:description\" content=\"LEVEL 4.0 ULT.RA &#8211; Rowery g\u00f3rskie KROSS KROSS Level 4.0 ULT.RA to rower g\u00f3rski, kt\u00f3ry \u0142\u0105czy w sobie nowoczesne technologie z klasycznym designem, stworzony z my\u015bl\u0105 o pasjonatach jazdy terenowej. Dzi\u0119ki solidnej konstrukcji, wytrzyma\u0142ym materia\u0142om oraz innowacyjnym rozwi\u0105zaniom, ten model dostarcza niezapomnianych wra\u017ce\u0144 podczas ka\u017cdej wyprawy po wymagaj\u0105cych szlakach. Wytrzyma\u0142a konstrukcja i komfortowa jazda KROSS\" \/>\n<meta property=\"og:url\" content=\"https:\/\/stronarowerowa.pl\/?product=rower-kross-level-4-0-ult-ra\" \/>\n<meta property=\"og:site_name\" content=\"Strona rowerowa - ulubiona strona ka\u017cdego rowerzysty\" \/>\n<meta property=\"article:modified_time\" content=\"2026-01-21T13:19:28+00:00\" \/>\n<meta property=\"og:image\" content=\"https:\/\/stronarowerowa.pl\/wp-content\/uploads\/2026\/01\/level-40-ultra.jpg\" \/>\n\t<meta property=\"og:image:width\" content=\"950\" \/>\n\t<meta property=\"og:image:height\" content=\"720\" \/>\n\t<meta property=\"og:image:type\" content=\"image\/jpeg\" \/>\n<meta name=\"twitter:card\" content=\"summary_large_image\" \/>\n<meta name=\"twitter:label1\" content=\"Szacowany czas czytania\" \/>\n\t<meta name=\"twitter:data1\" content=\"3 minuty\" \/>\n<script type=\"application\/ld+json\" class=\"yoast-schema-graph\">{\"@context\":\"https:\/\/schema.org\",\"@graph\":[{\"@type\":\"WebPage\",\"@id\":\"https:\/\/stronarowerowa.pl\/?product=rower-kross-level-4-0-ult-ra\",\"url\":\"https:\/\/stronarowerowa.pl\/?product=rower-kross-level-4-0-ult-ra\",\"name\":\"Rower KROSS LEVEL 4.0 ULT.RA - Strona rowerowa - ulubiona strona ka\u017cdego rowerzysty\",\"isPartOf\":{\"@id\":\"https:\/\/stronarowerowa.pl\/#website\"},\"primaryImageOfPage\":{\"@id\":\"https:\/\/stronarowerowa.pl\/?product=rower-kross-level-4-0-ult-ra#primaryimage\"},\"image\":{\"@id\":\"https:\/\/stronarowerowa.pl\/?product=rower-kross-level-4-0-ult-ra#primaryimage\"},\"thumbnailUrl\":\"https:\/\/stronarowerowa.pl\/wp-content\/uploads\/2026\/01\/level-40-ultra.jpg\",\"datePublished\":\"2026-01-21T12:30:03+00:00\",\"dateModified\":\"2026-01-21T13:19:28+00:00\",\"breadcrumb\":{\"@id\":\"https:\/\/stronarowerowa.pl\/?product=rower-kross-level-4-0-ult-ra#breadcrumb\"},\"inLanguage\":\"pl-PL\",\"potentialAction\":[{\"@type\":\"ReadAction\",\"target\":[\"https:\/\/stronarowerowa.pl\/?product=rower-kross-level-4-0-ult-ra\"]}]},{\"@type\":\"ImageObject\",\"inLanguage\":\"pl-PL\",\"@id\":\"https:\/\/stronarowerowa.pl\/?product=rower-kross-level-4-0-ult-ra#primaryimage\",\"url\":\"https:\/\/stronarowerowa.pl\/wp-content\/uploads\/2026\/01\/level-40-ultra.jpg\",\"contentUrl\":\"https:\/\/stronarowerowa.pl\/wp-content\/uploads\/2026\/01\/level-40-ultra.jpg\",\"width\":950,\"height\":720},{\"@type\":\"BreadcrumbList\",\"@id\":\"https:\/\/stronarowerowa.pl\/?product=rower-kross-level-4-0-ult-ra#breadcrumb\",\"itemListElement\":[{\"@type\":\"ListItem\",\"position\":1,\"name\":\"Strona g\u0142\u00f3wna\",\"item\":\"https:\/\/stronarowerowa.pl\/\"},{\"@type\":\"ListItem\",\"position\":2,\"name\":\"Rower KROSS LEVEL 4.0 ULT.RA\"}]},{\"@type\":\"WebSite\",\"@id\":\"https:\/\/stronarowerowa.pl\/#website\",\"url\":\"https:\/\/stronarowerowa.pl\/\",\"name\":\"Strona rowerowa - ulubiona strona ka\u017cdego rowerzysty\",\"description\":\"\",\"potentialAction\":[{\"@type\":\"SearchAction\",\"target\":{\"@type\":\"EntryPoint\",\"urlTemplate\":\"https:\/\/stronarowerowa.pl\/?s={search_term_string}\"},\"query-input\":{\"@type\":\"PropertyValueSpecification\",\"valueRequired\":true,\"valueName\":\"search_term_string\"}}],\"inLanguage\":\"pl-PL\"}]}<\/script>\n<!-- \/ Yoast SEO plugin. -->","yoast_head_json":{"title":"Rower KROSS LEVEL 4.0 ULT.RA - Strona rowerowa - ulubiona strona ka\u017cdego rowerzysty","robots":{"index":"index","follow":"follow","max-snippet":"max-snippet:-1","max-image-preview":"max-image-preview:large","max-video-preview":"max-video-preview:-1"},"canonical":"https:\/\/stronarowerowa.pl\/?product=rower-kross-level-4-0-ult-ra","og_locale":"pl_PL","og_type":"article","og_title":"Rower KROSS LEVEL 4.0 ULT.RA - Strona rowerowa - ulubiona strona ka\u017cdego rowerzysty","og_description":"LEVEL 4.0 ULT.RA &#8211; Rowery g\u00f3rskie KROSS KROSS Level 4.0 ULT.RA to rower g\u00f3rski, kt\u00f3ry \u0142\u0105czy w sobie nowoczesne technologie z klasycznym designem, stworzony z my\u015bl\u0105 o pasjonatach jazdy terenowej. Dzi\u0119ki solidnej konstrukcji, wytrzyma\u0142ym materia\u0142om oraz innowacyjnym rozwi\u0105zaniom, ten model dostarcza niezapomnianych wra\u017ce\u0144 podczas ka\u017cdej wyprawy po wymagaj\u0105cych szlakach. Wytrzyma\u0142a konstrukcja i komfortowa jazda KROSS","og_url":"https:\/\/stronarowerowa.pl\/?product=rower-kross-level-4-0-ult-ra","og_site_name":"Strona rowerowa - ulubiona strona ka\u017cdego rowerzysty","article_modified_time":"2026-01-21T13:19:28+00:00","og_image":[{"width":950,"height":720,"url":"https:\/\/stronarowerowa.pl\/wp-content\/uploads\/2026\/01\/level-40-ultra.jpg","type":"image\/jpeg"}],"twitter_card":"summary_large_image","twitter_misc":{"Szacowany czas czytania":"3 minuty"},"schema":{"@context":"https:\/\/schema.org","@graph":[{"@type":"WebPage","@id":"https:\/\/stronarowerowa.pl\/?product=rower-kross-level-4-0-ult-ra","url":"https:\/\/stronarowerowa.pl\/?product=rower-kross-level-4-0-ult-ra","name":"Rower KROSS LEVEL 4.0 ULT.RA - Strona rowerowa - ulubiona strona ka\u017cdego rowerzysty","isPartOf":{"@id":"https:\/\/stronarowerowa.pl\/#website"},"primaryImageOfPage":{"@id":"https:\/\/stronarowerowa.pl\/?product=rower-kross-level-4-0-ult-ra#primaryimage"},"image":{"@id":"https:\/\/stronarowerowa.pl\/?product=rower-kross-level-4-0-ult-ra#primaryimage"},"thumbnailUrl":"https:\/\/stronarowerowa.pl\/wp-content\/uploads\/2026\/01\/level-40-ultra.jpg","datePublished":"2026-01-21T12:30:03+00:00","dateModified":"2026-01-21T13:19:28+00:00","breadcrumb":{"@id":"https:\/\/stronarowerowa.pl\/?product=rower-kross-level-4-0-ult-ra#breadcrumb"},"inLanguage":"pl-PL","potentialAction":[{"@type":"ReadAction","target":["https:\/\/stronarowerowa.pl\/?product=rower-kross-level-4-0-ult-ra"]}]},{"@type":"ImageObject","inLanguage":"pl-PL","@id":"https:\/\/stronarowerowa.pl\/?product=rower-kross-level-4-0-ult-ra#primaryimage","url":"https:\/\/stronarowerowa.pl\/wp-content\/uploads\/2026\/01\/level-40-ultra.jpg","contentUrl":"https:\/\/stronarowerowa.pl\/wp-content\/uploads\/2026\/01\/level-40-ultra.jpg","width":950,"height":720},{"@type":"BreadcrumbList","@id":"https:\/\/stronarowerowa.pl\/?product=rower-kross-level-4-0-ult-ra#breadcrumb","itemListElement":[{"@type":"ListItem","position":1,"name":"Strona g\u0142\u00f3wna","item":"https:\/\/stronarowerowa.pl\/"},{"@type":"ListItem","position":2,"name":"Rower KROSS LEVEL 4.0 ULT.RA"}]},{"@type":"WebSite","@id":"https:\/\/stronarowerowa.pl\/#website","url":"https:\/\/stronarowerowa.pl\/","name":"Strona rowerowa - ulubiona strona ka\u017cdego rowerzysty","description":"","potentialAction":[{"@type":"SearchAction","target":{"@type":"EntryPoint","urlTemplate":"https:\/\/stronarowerowa.pl\/?s={search_term_string}"},"query-input":{"@type":"PropertyValueSpecification","valueRequired":true,"valueName":"search_term_string"}}],"inLanguage":"pl-PL"}]}},"_links":{"self":[{"href":"https:\/\/stronarowerowa.pl\/index.php?rest_route=\/wp\/v2\/product\/380","targetHints":{"allow":["GET"]}}],"collection":[{"href":"https:\/\/stronarowerowa.pl\/index.php?rest_route=\/wp\/v2\/product"}],"about":[{"href":"https:\/\/stronarowerowa.pl\/index.php?rest_route=\/wp\/v2\/types\/product"}],"replies":[{"embeddable":true,"href":"https:\/\/stronarowerowa.pl\/index.php?rest_route=%2Fwp%2Fv2%2Fcomments&post=380"}],"wp:featuredmedia":[{"embeddable":true,"href":"https:\/\/stronarowerowa.pl\/index.php?rest_route=\/wp\/v2\/media\/379"}],"wp:attachment":[{"href":"https:\/\/stronarowerowa.pl\/index.php?rest_route=%2Fwp%2Fv2%2Fmedia&parent=380"}],"wp:term":[{"taxonomy":"product_brand","embeddable":true,"href":"https:\/\/stronarowerowa.pl\/index.php?rest_route=%2Fwp%2Fv2%2Fproduct_brand&post=380"},{"taxonomy":"product_cat","embeddable":true,"href":"https:\/\/stronarowerowa.pl\/index.php?rest_route=%2Fwp%2Fv2%2Fproduct_cat&post=380"},{"taxonomy":"product_tag","embeddable":true,"href":"https:\/\/stronarowerowa.pl\/index.php?rest_route=%2Fwp%2Fv2%2Fproduct_tag&post=380"}],"curies":[{"name":"wp","href":"https:\/\/api.w.org\/{rel}","templated":true}]}}