{"id":541,"date":"2026-01-22T10:14:44","date_gmt":"2026-01-22T09:14:44","guid":{"rendered":"http:\/\/drawsko.blinked.pl\/stronarowerowa.pl\/?product=spodenki-rowerowe-damskie-flow-lady"},"modified":"2026-01-22T10:21:25","modified_gmt":"2026-01-22T09:21:25","slug":"spodenki-rowerowe-damskie-flow-lady","status":"publish","type":"product","link":"https:\/\/stronarowerowa.pl\/?product=spodenki-rowerowe-damskie-flow-lady","title":{"rendered":"Spodenki rowerowe damskie FLOW LADY"},"content":{"rendered":"<h1>Spodenki rowerowe damskie FLOW LADY &#8211; komfort i styl na ka\u017cdej trasie<\/h1>\n<p>Spodenki rowerowe damskie FLOW LADY to doskona\u0142y wyb\u00f3r dla aktywnych kobiet, kt\u00f3re poszukuj\u0105 odzie\u017cy \u0142\u0105cz\u0105cej wygod\u0119, funkcjonalno\u015b\u0107 oraz modny design. Dzi\u0119ki przemy\u015blanej konstrukcji oraz zastosowaniu wysokiej jako\u015bci materia\u0142\u00f3w, spodenki te sprawdz\u0105 si\u0119 doskonale w ka\u017cdych warunkach. Zar\u00f3wno te, kt\u00f3re regularnie pokonuj\u0105 d\u0142ugie trasy, jak i te, kt\u00f3re ceni\u0105 sobie komfort podczas kr\u00f3tkich wycieczek, z pewno\u015bci\u0105 doceni\u0105 ich zalety.<\/p>\n<h2>Doskona\u0142a konstrukcja dla aktywnych kobiet<\/h2>\n<p>Model FLOW LADY zosta\u0142 zaprojektowany z my\u015bl\u0105 o potrzebach kobiet. Oferuj\u0105 one kobiecy kr\u00f3j, kt\u00f3ry elegancko dopasowuje si\u0119 do sylwetki, podkre\u015blaj\u0105c atuty figury. Szelki utrzymuj\u0105ce spodenki na miejscu s\u0105 zar\u00f3wno funkcjonalne, jak i estetyczne, zapewniaj\u0105c komfort podczas jazdy. Niezale\u017cnie od d\u0142ugo\u015bci trasy, mo\u017cesz by\u0107 pewna, \u017ce spodenki te nie b\u0119d\u0105 si\u0119 zsuwa\u0107 ani kr\u0119powa\u0107 ruch\u00f3w.<\/p>\n<h2>Wysokiej jako\u015bci materia\u0142y dla maksymalnego komfortu<\/h2>\n<p>W produkcie zastosowano Lycra, materia\u0142 znany ze swoich w\u0142a\u015bciwo\u015bci, takich jak doskona\u0142a elastyczno\u015b\u0107 i oddychalno\u015b\u0107. Dzi\u0119ki temu, spodenki FLOW LADY skutecznie odprowadzaj\u0105 pot, co jest szczeg\u00f3lnie istotne podczas intensywnego wysi\u0142ku. Ich wentylacja skutecznie minimalizuje ryzyko przegrzania, co przek\u0142ada si\u0119 na wi\u0119kszy komfort podczas d\u0142ugich przeja\u017cd\u017cek rowerowych.<\/p>\n<h3>Laserowe wyko\u0144czenie dla lepszej aerodynamiki<\/h3>\n<p>Specjalistyczne, laserowe wyko\u0144czenie nogawek to kolejny atut tych spodenek. Dzi\u0119ki tej innowacyjnej technologii zyskujesz nie tylko nowoczesny wygl\u0105d, ale tak\u017ce poprawion\u0105 aerodynamik\u0119. To oznacza, \u017ce powietrze swobodniej przep\u0142ywa wok\u00f3\u0142 n\u00f3g, co umo\u017cliwia szybsz\u0105 i bardziej efektywn\u0105 jazd\u0119. Dodatkowo, takie wyko\u0144czenie sprawia, \u017ce nogawki s\u0105 bardziej odporne na urazy i przetarcia, co znacz\u0105co zwi\u0119ksza ich trwa\u0142o\u015b\u0107.<\/p>\n<h2>Wk\u0142adka gwarantuj\u0105ca komfort nawet podczas d\u0142ugich tras<\/h2>\n<p>Nie mo\u017cna zapomina\u0107 o wk\u0142adce, kt\u00f3ra stanowi serce spodenek rowerowych FLOW LADY. Odpowiednio zaprojektowana, wychwytuje wstrz\u0105sy i dyskomfort zwi\u0105zany z d\u0142ugotrwa\u0142ym siedzeniem na siodle. Nie tylko zapewnia wygod\u0119, ale tak\u017ce pozwala na wi\u0119ksz\u0105 swobod\u0119 ruch\u00f3w. Dzi\u0119ki temu, nawet d\u0142ugie trasy nie b\u0119d\u0105 stanowi\u0142y dla Ciebie wyzwania, a ka\u017cda chwila sp\u0119dzona w siodle stanie si\u0119 czyst\u0105 przyjemno\u015bci\u0105.<\/p>\n<h3>Idealne rozwi\u0105zanie na ka\u017cd\u0105 okazj\u0119<\/h3>\n<p>Spodenki FLOW LADY to uniwersalne rozwi\u0105zanie, kt\u00f3re \u015bwietnie sprawdzi si\u0119 nie tylko podczas d\u0142ugich tras rowerowych, ale r\u00f3wnie\u017c na codziennych przeja\u017cd\u017ckach. Ich estetyczny wygl\u0105d i nowoczesny kr\u00f3j sprawiaj\u0105, \u017ce nadaj\u0105 si\u0119 tak\u017ce do noszenia na co dzie\u0144. W po\u0142\u0105czeniu z odpowiednim topem stworzysz modn\u0105 i funkcjonaln\u0105 stylizacj\u0119, kt\u00f3ra z pewno\u015bci\u0105 przyci\u0105gnie wzrok.<\/p>\n<h2>Ostateczna decyzja: wybierz FLOW LADY<\/h2>\n<p>Decyduj\u0105c si\u0119 na spodenki rowerowe damskie FLOW LADY, inwestujesz w wysokiej jako\u015bci produkt, kt\u00f3ry z pewno\u015bci\u0105 spe\u0142ni Twoje oczekiwania. Dzi\u0119ki doskona\u0142emu po\u0142\u0105czeniu komfortu, stylu i funkcjonalno\u015bci, spodenki te to idealny wyb\u00f3r dla ka\u017cdej kobiety, kt\u00f3ra cenna sobie aktywne sp\u0119dzanie czasu. Wypr\u00f3buj je ju\u017c dzi\u015b i przekonaj si\u0119, jak wiele mo\u017cna zyska\u0107 dzi\u0119ki odpowiedniemu wsparciu podczas jazdy na rowerze!<\/p>\n<p><strong>Specyfikacja: <\/strong><a href=\"https:\/\/kross.pl\/spodenki-rowerowe-damskie-flow-lady-shorts\" rel=\"nofollow\">https:\/\/kross.pl\/spodenki-rowerowe-damskie-flow-lady-shorts<\/a><\/p>\n","protected":false},"excerpt":{"rendered":"<p>Spodenki rowerowe damskie FLOW LADY &#8211; komfort i styl na ka\u017cdej trasie Spodenki rowerowe damskie FLOW LADY to doskona\u0142y wyb\u00f3r dla aktywnych kobiet, kt\u00f3re poszukuj\u0105 odzie\u017cy \u0142\u0105cz\u0105cej wygod\u0119, funkcjonalno\u015b\u0107 oraz modny design. Dzi\u0119ki przemy\u015blanej konstrukcji oraz zastosowaniu wysokiej jako\u015bci materia\u0142\u00f3w, spodenki te sprawdz\u0105 si\u0119 doskonale w ka\u017cdych warunkach. Zar\u00f3wno te, kt\u00f3re regularnie pokonuj\u0105 d\u0142ugie trasy,<\/p>\n","protected":false},"featured_media":540,"comment_status":"open","ping_status":"closed","template":"","meta":[],"product_brand":[],"product_cat":[57,54],"product_tag":[],"class_list":{"0":"post-541","1":"product","2":"type-product","3":"status-publish","4":"has-post-thumbnail","6":"product_cat-odziez-rowerowa","7":"product_cat-spodnie-rowerowe","9":"first","10":"instock","11":"sale","12":"shipping-taxable","13":"purchasable","14":"product-type-simple"},"yoast_head":"<!-- This site is optimized with the Yoast SEO plugin v26.8 - https:\/\/yoast.com\/product\/yoast-seo-wordpress\/ -->\n<title>Spodenki rowerowe damskie FLOW LADY - Strona rowerowa - ulubiona strona ka\u017cdego rowerzysty<\/title>\n<meta name=\"robots\" content=\"index, follow, max-snippet:-1, max-image-preview:large, max-video-preview:-1\" \/>\n<link rel=\"canonical\" href=\"https:\/\/stronarowerowa.pl\/?product=spodenki-rowerowe-damskie-flow-lady\" \/>\n<meta property=\"og:locale\" content=\"pl_PL\" \/>\n<meta property=\"og:type\" content=\"article\" \/>\n<meta property=\"og:title\" content=\"Spodenki rowerowe damskie FLOW LADY - Strona rowerowa - ulubiona strona ka\u017cdego rowerzysty\" \/>\n<meta property=\"og:description\" content=\"Spodenki rowerowe damskie FLOW LADY &#8211; komfort i styl na ka\u017cdej trasie Spodenki rowerowe damskie FLOW LADY to doskona\u0142y wyb\u00f3r dla aktywnych kobiet, kt\u00f3re poszukuj\u0105 odzie\u017cy \u0142\u0105cz\u0105cej wygod\u0119, funkcjonalno\u015b\u0107 oraz modny design. Dzi\u0119ki przemy\u015blanej konstrukcji oraz zastosowaniu wysokiej jako\u015bci materia\u0142\u00f3w, spodenki te sprawdz\u0105 si\u0119 doskonale w ka\u017cdych warunkach. Zar\u00f3wno te, kt\u00f3re regularnie pokonuj\u0105 d\u0142ugie trasy,\" \/>\n<meta property=\"og:url\" content=\"https:\/\/stronarowerowa.pl\/?product=spodenki-rowerowe-damskie-flow-lady\" \/>\n<meta property=\"og:site_name\" content=\"Strona rowerowa - ulubiona strona ka\u017cdego rowerzysty\" \/>\n<meta property=\"article:modified_time\" content=\"2026-01-22T09:21:25+00:00\" \/>\n<meta property=\"og:image\" content=\"https:\/\/stronarowerowa.pl\/wp-content\/uploads\/2026\/01\/spodenki-rowerowe-damskie-flow-lady.jpg\" \/>\n\t<meta property=\"og:image:width\" content=\"950\" \/>\n\t<meta property=\"og:image:height\" content=\"720\" \/>\n\t<meta property=\"og:image:type\" content=\"image\/jpeg\" \/>\n<meta name=\"twitter:card\" content=\"summary_large_image\" \/>\n<meta name=\"twitter:label1\" content=\"Szacowany czas czytania\" \/>\n\t<meta name=\"twitter:data1\" content=\"3 minuty\" \/>\n<script type=\"application\/ld+json\" class=\"yoast-schema-graph\">{\"@context\":\"https:\/\/schema.org\",\"@graph\":[{\"@type\":\"WebPage\",\"@id\":\"https:\/\/stronarowerowa.pl\/?product=spodenki-rowerowe-damskie-flow-lady\",\"url\":\"https:\/\/stronarowerowa.pl\/?product=spodenki-rowerowe-damskie-flow-lady\",\"name\":\"Spodenki rowerowe damskie FLOW LADY - Strona rowerowa - ulubiona strona ka\u017cdego rowerzysty\",\"isPartOf\":{\"@id\":\"https:\/\/stronarowerowa.pl\/#website\"},\"primaryImageOfPage\":{\"@id\":\"https:\/\/stronarowerowa.pl\/?product=spodenki-rowerowe-damskie-flow-lady#primaryimage\"},\"image\":{\"@id\":\"https:\/\/stronarowerowa.pl\/?product=spodenki-rowerowe-damskie-flow-lady#primaryimage\"},\"thumbnailUrl\":\"https:\/\/stronarowerowa.pl\/wp-content\/uploads\/2026\/01\/spodenki-rowerowe-damskie-flow-lady.jpg\",\"datePublished\":\"2026-01-22T09:14:44+00:00\",\"dateModified\":\"2026-01-22T09:21:25+00:00\",\"breadcrumb\":{\"@id\":\"https:\/\/stronarowerowa.pl\/?product=spodenki-rowerowe-damskie-flow-lady#breadcrumb\"},\"inLanguage\":\"pl-PL\",\"potentialAction\":[{\"@type\":\"ReadAction\",\"target\":[\"https:\/\/stronarowerowa.pl\/?product=spodenki-rowerowe-damskie-flow-lady\"]}]},{\"@type\":\"ImageObject\",\"inLanguage\":\"pl-PL\",\"@id\":\"https:\/\/stronarowerowa.pl\/?product=spodenki-rowerowe-damskie-flow-lady#primaryimage\",\"url\":\"https:\/\/stronarowerowa.pl\/wp-content\/uploads\/2026\/01\/spodenki-rowerowe-damskie-flow-lady.jpg\",\"contentUrl\":\"https:\/\/stronarowerowa.pl\/wp-content\/uploads\/2026\/01\/spodenki-rowerowe-damskie-flow-lady.jpg\",\"width\":950,\"height\":720},{\"@type\":\"BreadcrumbList\",\"@id\":\"https:\/\/stronarowerowa.pl\/?product=spodenki-rowerowe-damskie-flow-lady#breadcrumb\",\"itemListElement\":[{\"@type\":\"ListItem\",\"position\":1,\"name\":\"Strona g\u0142\u00f3wna\",\"item\":\"https:\/\/stronarowerowa.pl\/\"},{\"@type\":\"ListItem\",\"position\":2,\"name\":\"Spodenki rowerowe damskie FLOW LADY\"}]},{\"@type\":\"WebSite\",\"@id\":\"https:\/\/stronarowerowa.pl\/#website\",\"url\":\"https:\/\/stronarowerowa.pl\/\",\"name\":\"Strona rowerowa - ulubiona strona ka\u017cdego rowerzysty\",\"description\":\"\",\"potentialAction\":[{\"@type\":\"SearchAction\",\"target\":{\"@type\":\"EntryPoint\",\"urlTemplate\":\"https:\/\/stronarowerowa.pl\/?s={search_term_string}\"},\"query-input\":{\"@type\":\"PropertyValueSpecification\",\"valueRequired\":true,\"valueName\":\"search_term_string\"}}],\"inLanguage\":\"pl-PL\"}]}<\/script>\n<!-- \/ Yoast SEO plugin. -->","yoast_head_json":{"title":"Spodenki rowerowe damskie FLOW LADY - Strona rowerowa - ulubiona strona ka\u017cdego rowerzysty","robots":{"index":"index","follow":"follow","max-snippet":"max-snippet:-1","max-image-preview":"max-image-preview:large","max-video-preview":"max-video-preview:-1"},"canonical":"https:\/\/stronarowerowa.pl\/?product=spodenki-rowerowe-damskie-flow-lady","og_locale":"pl_PL","og_type":"article","og_title":"Spodenki rowerowe damskie FLOW LADY - Strona rowerowa - ulubiona strona ka\u017cdego rowerzysty","og_description":"Spodenki rowerowe damskie FLOW LADY &#8211; komfort i styl na ka\u017cdej trasie Spodenki rowerowe damskie FLOW LADY to doskona\u0142y wyb\u00f3r dla aktywnych kobiet, kt\u00f3re poszukuj\u0105 odzie\u017cy \u0142\u0105cz\u0105cej wygod\u0119, funkcjonalno\u015b\u0107 oraz modny design. Dzi\u0119ki przemy\u015blanej konstrukcji oraz zastosowaniu wysokiej jako\u015bci materia\u0142\u00f3w, spodenki te sprawdz\u0105 si\u0119 doskonale w ka\u017cdych warunkach. Zar\u00f3wno te, kt\u00f3re regularnie pokonuj\u0105 d\u0142ugie trasy,","og_url":"https:\/\/stronarowerowa.pl\/?product=spodenki-rowerowe-damskie-flow-lady","og_site_name":"Strona rowerowa - ulubiona strona ka\u017cdego rowerzysty","article_modified_time":"2026-01-22T09:21:25+00:00","og_image":[{"width":950,"height":720,"url":"https:\/\/stronarowerowa.pl\/wp-content\/uploads\/2026\/01\/spodenki-rowerowe-damskie-flow-lady.jpg","type":"image\/jpeg"}],"twitter_card":"summary_large_image","twitter_misc":{"Szacowany czas czytania":"3 minuty"},"schema":{"@context":"https:\/\/schema.org","@graph":[{"@type":"WebPage","@id":"https:\/\/stronarowerowa.pl\/?product=spodenki-rowerowe-damskie-flow-lady","url":"https:\/\/stronarowerowa.pl\/?product=spodenki-rowerowe-damskie-flow-lady","name":"Spodenki rowerowe damskie FLOW LADY - Strona rowerowa - ulubiona strona ka\u017cdego rowerzysty","isPartOf":{"@id":"https:\/\/stronarowerowa.pl\/#website"},"primaryImageOfPage":{"@id":"https:\/\/stronarowerowa.pl\/?product=spodenki-rowerowe-damskie-flow-lady#primaryimage"},"image":{"@id":"https:\/\/stronarowerowa.pl\/?product=spodenki-rowerowe-damskie-flow-lady#primaryimage"},"thumbnailUrl":"https:\/\/stronarowerowa.pl\/wp-content\/uploads\/2026\/01\/spodenki-rowerowe-damskie-flow-lady.jpg","datePublished":"2026-01-22T09:14:44+00:00","dateModified":"2026-01-22T09:21:25+00:00","breadcrumb":{"@id":"https:\/\/stronarowerowa.pl\/?product=spodenki-rowerowe-damskie-flow-lady#breadcrumb"},"inLanguage":"pl-PL","potentialAction":[{"@type":"ReadAction","target":["https:\/\/stronarowerowa.pl\/?product=spodenki-rowerowe-damskie-flow-lady"]}]},{"@type":"ImageObject","inLanguage":"pl-PL","@id":"https:\/\/stronarowerowa.pl\/?product=spodenki-rowerowe-damskie-flow-lady#primaryimage","url":"https:\/\/stronarowerowa.pl\/wp-content\/uploads\/2026\/01\/spodenki-rowerowe-damskie-flow-lady.jpg","contentUrl":"https:\/\/stronarowerowa.pl\/wp-content\/uploads\/2026\/01\/spodenki-rowerowe-damskie-flow-lady.jpg","width":950,"height":720},{"@type":"BreadcrumbList","@id":"https:\/\/stronarowerowa.pl\/?product=spodenki-rowerowe-damskie-flow-lady#breadcrumb","itemListElement":[{"@type":"ListItem","position":1,"name":"Strona g\u0142\u00f3wna","item":"https:\/\/stronarowerowa.pl\/"},{"@type":"ListItem","position":2,"name":"Spodenki rowerowe damskie FLOW LADY"}]},{"@type":"WebSite","@id":"https:\/\/stronarowerowa.pl\/#website","url":"https:\/\/stronarowerowa.pl\/","name":"Strona rowerowa - ulubiona strona ka\u017cdego rowerzysty","description":"","potentialAction":[{"@type":"SearchAction","target":{"@type":"EntryPoint","urlTemplate":"https:\/\/stronarowerowa.pl\/?s={search_term_string}"},"query-input":{"@type":"PropertyValueSpecification","valueRequired":true,"valueName":"search_term_string"}}],"inLanguage":"pl-PL"}]}},"_links":{"self":[{"href":"https:\/\/stronarowerowa.pl\/index.php?rest_route=\/wp\/v2\/product\/541","targetHints":{"allow":["GET"]}}],"collection":[{"href":"https:\/\/stronarowerowa.pl\/index.php?rest_route=\/wp\/v2\/product"}],"about":[{"href":"https:\/\/stronarowerowa.pl\/index.php?rest_route=\/wp\/v2\/types\/product"}],"replies":[{"embeddable":true,"href":"https:\/\/stronarowerowa.pl\/index.php?rest_route=%2Fwp%2Fv2%2Fcomments&post=541"}],"wp:featuredmedia":[{"embeddable":true,"href":"https:\/\/stronarowerowa.pl\/index.php?rest_route=\/wp\/v2\/media\/540"}],"wp:attachment":[{"href":"https:\/\/stronarowerowa.pl\/index.php?rest_route=%2Fwp%2Fv2%2Fmedia&parent=541"}],"wp:term":[{"taxonomy":"product_brand","embeddable":true,"href":"https:\/\/stronarowerowa.pl\/index.php?rest_route=%2Fwp%2Fv2%2Fproduct_brand&post=541"},{"taxonomy":"product_cat","embeddable":true,"href":"https:\/\/stronarowerowa.pl\/index.php?rest_route=%2Fwp%2Fv2%2Fproduct_cat&post=541"},{"taxonomy":"product_tag","embeddable":true,"href":"https:\/\/stronarowerowa.pl\/index.php?rest_route=%2Fwp%2Fv2%2Fproduct_tag&post=541"}],"curies":[{"name":"wp","href":"https:\/\/api.w.org\/{rel}","templated":true}]}}