{"id":91,"date":"2026-01-14T11:49:49","date_gmt":"2026-01-14T10:49:49","guid":{"rendered":"http:\/\/drawsko.blinked.pl\/stronarowerowa.pl\/?product=kross-trans-hybrid-522"},"modified":"2026-01-21T14:29:15","modified_gmt":"2026-01-21T13:29:15","slug":"kross-trans-hybrid-522","status":"publish","type":"product","link":"https:\/\/stronarowerowa.pl\/?product=kross-trans-hybrid-522","title":{"rendered":"KROSS TRANS HYBRID 522"},"content":{"rendered":"<h1>TRANS HYBRID 522 \u2013 Elektryczny Rower Turystyczny dla Ka\u017cdego<\/h1>\n<p>Kross Trans Hybrid 522 to idealna propozycja dla wszystkich mi\u0142o\u015bnik\u00f3w jazdy na rowerze, kt\u00f3rzy poszukuj\u0105 wszechstronnego i niezawodnego \u015brodka transportu. Przeznaczony do d\u0142ugich wypraw, jak i codziennych dojazd\u00f3w do pracy, ten model \u0142\u0105czy w sobie zalety elektrycznego wspomagania z komfortem i funkcjonalno\u015bci\u0105. Wybieraj\u0105c Kross Trans Hybrid, mo\u017cesz cieszy\u0107 si\u0119 jazd\u0105 zar\u00f3wno po g\u0142adkich asfaltowych \u015bcie\u017ckach, jak i w trudniejszych, wymagaj\u0105cych warunkach terenowych.<\/p>\n<h2>Wydajny Nap\u0119d i Osprz\u0119t<\/h2>\n<p>Podstaw\u0105 komfortowej jazdy w modelu Kross Trans Hybrid 522 jest elektryczny nap\u0119d Bafang, zamontowany w tylnej pia\u015bcie. Dzi\u0119ki niemu poradzisz sobie z ka\u017cdym podjazdem, a wydajna bateria o pojemno\u015bci 522 Wh zapewnia d\u0142ugotrwa\u0142e wsparcie, pozwalaj\u0105c pokona\u0107 wiele kilometr\u00f3w bez \u0142adowania. Rower zosta\u0142 wyposa\u017cony w czytelny wy\u015bwietlacz, kt\u00f3ry dostarcza wa\u017cnych informacji, m.in. o aktualnym trybie wspomagania oraz poziomie na\u0142adowania akumulatora.<\/p>\n<h3>P\u0142ynno\u015b\u0107 i Kontrola<\/h3>\n<p>Kross Trans Hybrid 522 zosta\u0142 stworzony z my\u015bl\u0105 o maksymalnej przyjemno\u015bci z jazdy. Wyposa\u017cony w nap\u0119d Shimano 3&#215;8 z 24 prze\u0142o\u017ceniami, umo\u017cliwia \u0142atwe dostosowanie trybu jazdy do panuj\u0105cych warunk\u00f3w. Tylna przerzutka z grupy Deore, znana z niezawodno\u015bci, gwarantuje p\u0142ynno\u015b\u0107 zmiany bieg\u00f3w niezale\u017cnie od ukszta\u0142towania terenu. Dope\u0142nieniem skuteczno\u015bci uk\u0142adu nap\u0119dowego s\u0105 hydrauliczne hamulce tarczowe, kt\u00f3re oferuj\u0105 wi\u0119ksz\u0105 si\u0142\u0119 hamowania i precyzj\u0119 w por\u00f3wnaniu do tradycyjnych uk\u0142ad\u00f3w. Dzi\u0119ki temu masz pe\u0142n\u0105 kontrol\u0119 nad rowerem, nawet w trudnych warunkach atmosferycznych.<\/p>\n<h2>Konstrukcja i Komfort<\/h2>\n<p>Rama Kross Trans Hybrid 522 wykonana jest z trwa\u0142ego i lekkiego aluminium 6061, co sprawia, \u017ce rower jest lekki, a jednocze\u015bnie sztywny i odporny na uszkodzenia. Proces malowania proszkowego nadaje jej dodatkow\u0105 trwa\u0142o\u015b\u0107, a estetyczne wyko\u0144czenie sprawia, \u017ce rower prezentuje si\u0119 nowocze\u015bnie. Specjalne wewn\u0119trzne prowadzenie linek wp\u0142ywa nie tylko na estetyk\u0119, ale tak\u017ce na ochron\u0119 przed uszkodzeniami podczas jazdy w trudnym terenie.<\/p>\n<h3>Amortyzacja dla Maksymalnego Komfortu<\/h3>\n<p>Amortyzowany widelec SR Suntour o skoku 63 mm zapewnia wygodn\u0105 jazd\u0119 po nier\u00f3wno\u015bciach terenu, eliminuj\u0105c wstrz\u0105sy i poprawiaj\u0105c komfort, nawet na trudnych trasach, takich jak le\u015bne \u015bcie\u017cki czy kocie \u0142by. W przypadku miejskiego u\u017cytkowania amortyzacja sprawia, \u017ce kraw\u0119\u017cniki i inne przeszkody nie stanowi\u0105 problemu, co czyni Kross Trans Hybrid idealnym wyborem dla os\u00f3b preferuj\u0105cych r\u00f3\u017cne style jazdy.<\/p>\n<h2>Funkcjonalno\u015b\u0107 i Dodatki<\/h2>\n<p>Kross Trans Hybrid 522 to rower, kt\u00f3ry \u0142\u0105czy w sobie przyjemno\u015b\u0107 z jazdy z praktycznymi rozwi\u0105zaniami. Zintegrowane o\u015bwietlenie sprawia, \u017ce jazda po zmroku jest bezpieczniejsza, a wysokiej jako\u015bci siode\u0142ko zapewnia komfort nawet podczas d\u0142ugich tras. Dodatkowo, rower jest wyposa\u017cony w solidny baga\u017cnik, kt\u00f3ry umo\u017cliwia przewo\u017cenie ekwipunku oraz monta\u017c sakw. Pe\u0142ne b\u0142otniki z kolei chroni\u0105 przed zabrudzeniem w trudnych warunkach pogodowych, co zwi\u0119ksza funkcjonalno\u015b\u0107 roweru.<\/p>\n<h3>Technologie w S\u0142u\u017cbie Komfortu<\/h3>\n<p>Rower Kross Trans Hybrid 522 to przyk\u0142ad nowoczesnych technologii w bran\u017cy rowerowej. Wspomniane ju\u017c wytrzyma\u0142e aluminium i proszkowe malowanie to tylko cz\u0119\u015b\u0107 innowacji. System wymiennych hak\u00f3w RHS oraz unikalne prowadzenie linek wyd\u0142u\u017caj\u0105 ich \u017cywotno\u015b\u0107, a zastosowanie nowoczesnych materia\u0142\u00f3w sprawia, \u017ce rower jest odporny na uszkodzenia mechaniczne. Ka\u017cdy detal zosta\u0142 przemy\u015blany, aby maksymalnie zwi\u0119kszy\u0107 jako\u015b\u0107 i komfort korzystania z roweru.<\/p>\n<h2>Przysz\u0142o\u015b\u0107 Jazdy na Rowerze<\/h2>\n<p>Kross Trans Hybrid 522 to nie tylko rower, to zobowi\u0105zanie do jako\u015bci i komfortu na ka\u017cdym kilometrze. Dzi\u0119ki zaawansowanym technologiom i materia\u0142om, jest to idealny wyb\u00f3r dla os\u00f3b ceni\u0105cych sobie niezawodno\u015b\u0107, wygod\u0119 i nowoczesny design. Bez w\u0105tpienia sprosta wymaganiom zar\u00f3wno casualowych rowerzyst\u00f3w, jak i tych, kt\u00f3rzy planuj\u0105 bardziej ambitne wyprawy.<\/p>\n<p>Zobacz na stronie: <a href=\"https:\/\/kross.pl\/trans-hybrid-522-uni-grafitowy-srebrny-matowy\" rel=\"nofollow\">https:\/\/kross.pl\/trans-hybrid-522-uni-grafitowy-srebrny-matowy<\/a><\/p>\n","protected":false},"excerpt":{"rendered":"<p>TRANS HYBRID 522 \u2013 Elektryczny Rower Turystyczny dla Ka\u017cdego Kross Trans Hybrid 522 to idealna propozycja dla wszystkich mi\u0142o\u015bnik\u00f3w jazdy na rowerze, kt\u00f3rzy poszukuj\u0105 wszechstronnego i niezawodnego \u015brodka transportu. Przeznaczony do d\u0142ugich wypraw, jak i codziennych dojazd\u00f3w do pracy, ten model \u0142\u0105czy w sobie zalety elektrycznego wspomagania z komfortem i funkcjonalno\u015bci\u0105. Wybieraj\u0105c Kross Trans Hybrid,<\/p>\n","protected":false},"featured_media":90,"comment_status":"open","ping_status":"closed","template":"","meta":[],"product_brand":[16],"product_cat":[42,17,23],"product_tag":[],"class_list":{"0":"post-91","1":"product","2":"type-product","3":"status-publish","4":"has-post-thumbnail","6":"product_brand-kross","7":"product_cat-rowery","8":"product_cat-rowery-elektryczne","9":"product_cat-trekking","11":"first","12":"instock","13":"sale","14":"shipping-taxable","15":"purchasable","16":"product-type-simple"},"yoast_head":"<!-- This site is optimized with the Yoast SEO plugin v26.8 - https:\/\/yoast.com\/product\/yoast-seo-wordpress\/ -->\n<title>KROSS TRANS HYBRID 522 - Strona rowerowa - ulubiona strona ka\u017cdego rowerzysty<\/title>\n<meta name=\"robots\" content=\"index, follow, max-snippet:-1, max-image-preview:large, max-video-preview:-1\" \/>\n<link rel=\"canonical\" href=\"https:\/\/stronarowerowa.pl\/?product=kross-trans-hybrid-522\" \/>\n<meta property=\"og:locale\" content=\"pl_PL\" \/>\n<meta property=\"og:type\" content=\"article\" \/>\n<meta property=\"og:title\" content=\"KROSS TRANS HYBRID 522 - Strona rowerowa - ulubiona strona ka\u017cdego rowerzysty\" \/>\n<meta property=\"og:description\" content=\"TRANS HYBRID 522 \u2013 Elektryczny Rower Turystyczny dla Ka\u017cdego Kross Trans Hybrid 522 to idealna propozycja dla wszystkich mi\u0142o\u015bnik\u00f3w jazdy na rowerze, kt\u00f3rzy poszukuj\u0105 wszechstronnego i niezawodnego \u015brodka transportu. Przeznaczony do d\u0142ugich wypraw, jak i codziennych dojazd\u00f3w do pracy, ten model \u0142\u0105czy w sobie zalety elektrycznego wspomagania z komfortem i funkcjonalno\u015bci\u0105. Wybieraj\u0105c Kross Trans Hybrid,\" \/>\n<meta property=\"og:url\" content=\"https:\/\/stronarowerowa.pl\/?product=kross-trans-hybrid-522\" \/>\n<meta property=\"og:site_name\" content=\"Strona rowerowa - ulubiona strona ka\u017cdego rowerzysty\" \/>\n<meta property=\"article:modified_time\" content=\"2026-01-21T13:29:15+00:00\" \/>\n<meta property=\"og:image\" content=\"https:\/\/stronarowerowa.pl\/wp-content\/uploads\/2026\/01\/trans-hybrid-522.jpg\" \/>\n\t<meta property=\"og:image:width\" content=\"950\" \/>\n\t<meta property=\"og:image:height\" content=\"720\" \/>\n\t<meta property=\"og:image:type\" content=\"image\/jpeg\" \/>\n<meta name=\"twitter:card\" content=\"summary_large_image\" \/>\n<meta name=\"twitter:label1\" content=\"Szacowany czas czytania\" \/>\n\t<meta name=\"twitter:data1\" content=\"3 minuty\" \/>\n<script type=\"application\/ld+json\" class=\"yoast-schema-graph\">{\"@context\":\"https:\/\/schema.org\",\"@graph\":[{\"@type\":\"WebPage\",\"@id\":\"https:\/\/stronarowerowa.pl\/?product=kross-trans-hybrid-522\",\"url\":\"https:\/\/stronarowerowa.pl\/?product=kross-trans-hybrid-522\",\"name\":\"KROSS TRANS HYBRID 522 - Strona rowerowa - ulubiona strona ka\u017cdego rowerzysty\",\"isPartOf\":{\"@id\":\"https:\/\/stronarowerowa.pl\/#website\"},\"primaryImageOfPage\":{\"@id\":\"https:\/\/stronarowerowa.pl\/?product=kross-trans-hybrid-522#primaryimage\"},\"image\":{\"@id\":\"https:\/\/stronarowerowa.pl\/?product=kross-trans-hybrid-522#primaryimage\"},\"thumbnailUrl\":\"https:\/\/stronarowerowa.pl\/wp-content\/uploads\/2026\/01\/trans-hybrid-522.jpg\",\"datePublished\":\"2026-01-14T10:49:49+00:00\",\"dateModified\":\"2026-01-21T13:29:15+00:00\",\"breadcrumb\":{\"@id\":\"https:\/\/stronarowerowa.pl\/?product=kross-trans-hybrid-522#breadcrumb\"},\"inLanguage\":\"pl-PL\",\"potentialAction\":[{\"@type\":\"ReadAction\",\"target\":[\"https:\/\/stronarowerowa.pl\/?product=kross-trans-hybrid-522\"]}]},{\"@type\":\"ImageObject\",\"inLanguage\":\"pl-PL\",\"@id\":\"https:\/\/stronarowerowa.pl\/?product=kross-trans-hybrid-522#primaryimage\",\"url\":\"https:\/\/stronarowerowa.pl\/wp-content\/uploads\/2026\/01\/trans-hybrid-522.jpg\",\"contentUrl\":\"https:\/\/stronarowerowa.pl\/wp-content\/uploads\/2026\/01\/trans-hybrid-522.jpg\",\"width\":950,\"height\":720},{\"@type\":\"BreadcrumbList\",\"@id\":\"https:\/\/stronarowerowa.pl\/?product=kross-trans-hybrid-522#breadcrumb\",\"itemListElement\":[{\"@type\":\"ListItem\",\"position\":1,\"name\":\"Strona g\u0142\u00f3wna\",\"item\":\"https:\/\/stronarowerowa.pl\/\"},{\"@type\":\"ListItem\",\"position\":2,\"name\":\"KROSS TRANS HYBRID 522\"}]},{\"@type\":\"WebSite\",\"@id\":\"https:\/\/stronarowerowa.pl\/#website\",\"url\":\"https:\/\/stronarowerowa.pl\/\",\"name\":\"Strona rowerowa - ulubiona strona ka\u017cdego rowerzysty\",\"description\":\"\",\"potentialAction\":[{\"@type\":\"SearchAction\",\"target\":{\"@type\":\"EntryPoint\",\"urlTemplate\":\"https:\/\/stronarowerowa.pl\/?s={search_term_string}\"},\"query-input\":{\"@type\":\"PropertyValueSpecification\",\"valueRequired\":true,\"valueName\":\"search_term_string\"}}],\"inLanguage\":\"pl-PL\"}]}<\/script>\n<!-- \/ Yoast SEO plugin. -->","yoast_head_json":{"title":"KROSS TRANS HYBRID 522 - Strona rowerowa - ulubiona strona ka\u017cdego rowerzysty","robots":{"index":"index","follow":"follow","max-snippet":"max-snippet:-1","max-image-preview":"max-image-preview:large","max-video-preview":"max-video-preview:-1"},"canonical":"https:\/\/stronarowerowa.pl\/?product=kross-trans-hybrid-522","og_locale":"pl_PL","og_type":"article","og_title":"KROSS TRANS HYBRID 522 - Strona rowerowa - ulubiona strona ka\u017cdego rowerzysty","og_description":"TRANS HYBRID 522 \u2013 Elektryczny Rower Turystyczny dla Ka\u017cdego Kross Trans Hybrid 522 to idealna propozycja dla wszystkich mi\u0142o\u015bnik\u00f3w jazdy na rowerze, kt\u00f3rzy poszukuj\u0105 wszechstronnego i niezawodnego \u015brodka transportu. Przeznaczony do d\u0142ugich wypraw, jak i codziennych dojazd\u00f3w do pracy, ten model \u0142\u0105czy w sobie zalety elektrycznego wspomagania z komfortem i funkcjonalno\u015bci\u0105. Wybieraj\u0105c Kross Trans Hybrid,","og_url":"https:\/\/stronarowerowa.pl\/?product=kross-trans-hybrid-522","og_site_name":"Strona rowerowa - ulubiona strona ka\u017cdego rowerzysty","article_modified_time":"2026-01-21T13:29:15+00:00","og_image":[{"width":950,"height":720,"url":"https:\/\/stronarowerowa.pl\/wp-content\/uploads\/2026\/01\/trans-hybrid-522.jpg","type":"image\/jpeg"}],"twitter_card":"summary_large_image","twitter_misc":{"Szacowany czas czytania":"3 minuty"},"schema":{"@context":"https:\/\/schema.org","@graph":[{"@type":"WebPage","@id":"https:\/\/stronarowerowa.pl\/?product=kross-trans-hybrid-522","url":"https:\/\/stronarowerowa.pl\/?product=kross-trans-hybrid-522","name":"KROSS TRANS HYBRID 522 - Strona rowerowa - ulubiona strona ka\u017cdego rowerzysty","isPartOf":{"@id":"https:\/\/stronarowerowa.pl\/#website"},"primaryImageOfPage":{"@id":"https:\/\/stronarowerowa.pl\/?product=kross-trans-hybrid-522#primaryimage"},"image":{"@id":"https:\/\/stronarowerowa.pl\/?product=kross-trans-hybrid-522#primaryimage"},"thumbnailUrl":"https:\/\/stronarowerowa.pl\/wp-content\/uploads\/2026\/01\/trans-hybrid-522.jpg","datePublished":"2026-01-14T10:49:49+00:00","dateModified":"2026-01-21T13:29:15+00:00","breadcrumb":{"@id":"https:\/\/stronarowerowa.pl\/?product=kross-trans-hybrid-522#breadcrumb"},"inLanguage":"pl-PL","potentialAction":[{"@type":"ReadAction","target":["https:\/\/stronarowerowa.pl\/?product=kross-trans-hybrid-522"]}]},{"@type":"ImageObject","inLanguage":"pl-PL","@id":"https:\/\/stronarowerowa.pl\/?product=kross-trans-hybrid-522#primaryimage","url":"https:\/\/stronarowerowa.pl\/wp-content\/uploads\/2026\/01\/trans-hybrid-522.jpg","contentUrl":"https:\/\/stronarowerowa.pl\/wp-content\/uploads\/2026\/01\/trans-hybrid-522.jpg","width":950,"height":720},{"@type":"BreadcrumbList","@id":"https:\/\/stronarowerowa.pl\/?product=kross-trans-hybrid-522#breadcrumb","itemListElement":[{"@type":"ListItem","position":1,"name":"Strona g\u0142\u00f3wna","item":"https:\/\/stronarowerowa.pl\/"},{"@type":"ListItem","position":2,"name":"KROSS TRANS HYBRID 522"}]},{"@type":"WebSite","@id":"https:\/\/stronarowerowa.pl\/#website","url":"https:\/\/stronarowerowa.pl\/","name":"Strona rowerowa - ulubiona strona ka\u017cdego rowerzysty","description":"","potentialAction":[{"@type":"SearchAction","target":{"@type":"EntryPoint","urlTemplate":"https:\/\/stronarowerowa.pl\/?s={search_term_string}"},"query-input":{"@type":"PropertyValueSpecification","valueRequired":true,"valueName":"search_term_string"}}],"inLanguage":"pl-PL"}]}},"_links":{"self":[{"href":"https:\/\/stronarowerowa.pl\/index.php?rest_route=\/wp\/v2\/product\/91","targetHints":{"allow":["GET"]}}],"collection":[{"href":"https:\/\/stronarowerowa.pl\/index.php?rest_route=\/wp\/v2\/product"}],"about":[{"href":"https:\/\/stronarowerowa.pl\/index.php?rest_route=\/wp\/v2\/types\/product"}],"replies":[{"embeddable":true,"href":"https:\/\/stronarowerowa.pl\/index.php?rest_route=%2Fwp%2Fv2%2Fcomments&post=91"}],"wp:featuredmedia":[{"embeddable":true,"href":"https:\/\/stronarowerowa.pl\/index.php?rest_route=\/wp\/v2\/media\/90"}],"wp:attachment":[{"href":"https:\/\/stronarowerowa.pl\/index.php?rest_route=%2Fwp%2Fv2%2Fmedia&parent=91"}],"wp:term":[{"taxonomy":"product_brand","embeddable":true,"href":"https:\/\/stronarowerowa.pl\/index.php?rest_route=%2Fwp%2Fv2%2Fproduct_brand&post=91"},{"taxonomy":"product_cat","embeddable":true,"href":"https:\/\/stronarowerowa.pl\/index.php?rest_route=%2Fwp%2Fv2%2Fproduct_cat&post=91"},{"taxonomy":"product_tag","embeddable":true,"href":"https:\/\/stronarowerowa.pl\/index.php?rest_route=%2Fwp%2Fv2%2Fproduct_tag&post=91"}],"curies":[{"name":"wp","href":"https:\/\/api.w.org\/{rel}","templated":true}]}}